{"id":6663,"date":"2022-05-31T11:51:21","date_gmt":"2022-05-31T09:51:21","guid":{"rendered":"https:\/\/semmelweis.hu\/konzervalo-fogaszat\/?page_id=6663"},"modified":"2025-09-11T19:10:28","modified_gmt":"2025-09-11T17:10:28","slug":"kurrikulum","status":"publish","type":"page","link":"https:\/\/semmelweis.hu\/konzervalo-fogaszat\/oktatas\/kurrikulum\/","title":{"rendered":"Kurrikulum"},"content":{"rendered":"<p><span style=\"font-size: 18pt\"><strong>A kurrikulum a <em>2021-2022-es tan\u00e9v 2. f\u00e9l\u00e9v\u00e9t\u0151l<\/em> van \u00e9rv\u00e9nyben felmen\u0151 rendszerben.<\/strong><\/span><\/p>\n<p><span style=\"font-size: 14pt\"><em>Az el\u0151ad\u00e1sok, a gyakorlatok\/szemin\u00e1riumok beoszt\u00e1sa \u00e9s tananyaga a Moodle fel\u00fclet\u00e9n tal\u00e1lhat\u00f3ak meg.<\/em><\/span><\/p>\n<p><span style=\"font-size: 14pt\"><em><strong>K\u00f6vetelm\u00e9nyrendszer:<\/strong><\/em><\/span><\/p>\n<ul style=\"list-style-type: square\">\n<li><span style=\"font-size: 14pt\"><a href=\"https:\/\/semmelweis.hu\/konzervalo-fogaszat\/files\/2025\/09\/Restaurativ-fogaszati-propedeutika-I_MI-kieg_20250822.pdf\">Restaurat\u00edv fog\u00e1szati propedeutika I<\/a><\/span><\/li>\n<li><span style=\"font-size: 14pt\"><a href=\"https:\/\/semmelweis.hu\/konzervalo-fogaszat\/files\/2025\/09\/Restaurativ-fogaszati-propedeutika-II_MI-kieg_20250822.pdf\">Restaurat\u00edv fog\u00e1szati propedeutika II<\/a><br \/>\n<\/span><\/li>\n<li><span style=\"font-size: 14pt\"><a href=\"https:\/\/semmelweis.hu\/konzervalo-fogaszat\/files\/2025\/09\/Endodonciai-propedeutika_MI-kieg_20250821.pdf\">Endodontiai propedeutika<\/a><\/span><\/li>\n<li><span style=\"font-size: 14pt\"><a href=\"https:\/\/semmelweis.hu\/konzervalo-fogaszat\/files\/2025\/09\/Tantargyi-program_Preventiv-fogaszat_2025-26_M.pdf\">Prevent\u00edv fog\u00e1szat<\/a><br \/>\n\u00a0<\/span><\/li>\n<li><span style=\"font-size: 14pt\"><a href=\"https:\/\/semmelweis.hu\/konzervalo-fogaszat\/files\/2025\/09\/Restaurativ-fogaszat-es-end.-I-20250820.pdf\">Restaurat\u00edv fog\u00e1szat \u00e9s endodontia I<\/a><\/span><\/li>\n<li><span style=\"font-size: 14pt\"><a href=\"https:\/\/semmelweis.hu\/konzervalo-fogaszat\/files\/2025\/09\/Restaurativ-fogaszat-es-end.-II-20250820.pdf\">Restaurat\u00edv fog\u00e1szat \u00e9s endodontia II<\/a><\/span><\/li>\n<li><span style=\"font-size: 14pt\"><a href=\"https:\/\/semmelweis.hu\/konzervalo-fogaszat\/files\/2025\/09\/Restaurativ-fogaszat-es-end.-III-20250820-1.pdf\">Restaurat\u00edv fog\u00e1szat \u00e9s endodontia III<\/a><\/span><\/li>\n<li><span style=\"font-size: 14pt\"><a href=\"https:\/\/semmelweis.hu\/konzervalo-fogaszat\/files\/2025\/09\/Restaurativ-fogaszat-es-end.-IV-20250820.pdf\">Restaurat\u00edv fog\u00e1szat \u00e9s endodontia IV<\/a><\/span><\/li>\n<li>\n<p><span style=\"font-size: 14pt\"><a href=\"https:\/\/semmelweis.hu\/konzervalo-fogaszat\/files\/2025\/09\/Restaurativ-fogaszat-es-end.-V-20250820.pdf\">Restaurat\u00edv fog\u00e1szat \u00e9s endodontia V<\/a><br \/>\n<\/span><\/p>\n<\/li>\n<li><span style=\"font-size: 14pt\"><a href=\"https:\/\/semmelweis.hu\/konzervalo-fogaszat\/files\/2025\/09\/Klinikai-fogaszat-I-20250820.pdf\">Klinikai fog\u00e1szat I<\/a><\/span><\/li>\n<li><span style=\"font-size: 14pt\"><a href=\"https:\/\/semmelweis.hu\/konzervalo-fogaszat\/files\/2025\/09\/Klinikai-fogaszat-II-20250820.pdf\">Klinikai fog\u00e1szat II<\/a><\/span><\/li>\n<\/ul>\n<p>&nbsp;<\/p>\n<ul style=\"list-style-type: square\">\n<li><span style=\"font-size: 14pt\"><a href=\"https:\/\/semmelweis.hu\/konzervalo-fogaszat\/files\/2025\/09\/Esztetikus-tomeskeszitesi-technikak_I_2025_26_MI-kieg.pdf\">Eszt\u00e9tikus t\u00f6m\u00e9sk\u00e9sz\u00edt\u00e9si technik\u00e1k I<\/a><\/span><\/li>\n<li><span style=\"font-size: 14pt\"><a href=\"https:\/\/semmelweis.hu\/konzervalo-fogaszat\/files\/2025\/09\/Esztetikus-tomeskeszitesi-technikak_II_2025_26_MI-kieg.pdf\">Eszt\u00e9tikus t\u00f6m\u00e9sk\u00e9sz\u00edt\u00e9si technik\u00e1k II<\/a><\/span><\/li>\n<li><span style=\"font-size: 14pt\"><a href=\"https:\/\/semmelweis.hu\/konzervalo-fogaszat\/files\/2025\/09\/Biomimetikus-Fogorvoslas-Alapjai_MI-kieg_20250825.pdf\">Biomimetikus fogorvosl\u00e1s alapjai<\/a><\/span><\/li>\n<li><span style=\"font-size: 14pt\"><a href=\"https:\/\/semmelweis.hu\/konzervalo-fogaszat\/files\/2025\/09\/Konvencionalis-tomeskeszitesi-technikak_MI-kieg_20250823.pdf\">Konvencion\u00e1lis t\u00f6m\u00e9sk\u00e9sz\u00edt\u00e9si technik\u00e1k<\/a><\/span><\/li>\n<li><span style=\"font-size: 14pt\"><a href=\"https:\/\/semmelweis.hu\/konzervalo-fogaszat\/files\/2025\/09\/Lezerek-a-fogaszatban-kurzus-tantargyleiras.pdf\">L\u00e9zerek a fog\u00e1szatban<\/a><\/span><\/li>\n<\/ul>\n<p><span style=\"font-size: 14pt\"><em><strong>Tanulm\u00e1nyi felel\u0151s:<\/strong><\/em><\/span><\/p>\n<p><span style=\"font-size: 14pt\">dr. Herczegh Anna egyetemi docens<\/span><br \/>\n<span style=\"font-size: 14pt\">Email: <\/span><a href=\"mailto:herczeg.anna@semmelweis.hu\"><span style=\"font-size: 14pt\">herczeg.anna@semmelweis.hu<\/span><\/a><\/p>\n<p><em><strong>Digit\u00e1lis Fog\u00e1szati Tervez\u00e9s Alapk\u00e9pz\u00e9si Szak:<\/strong><\/em><\/p>\n<ul>\n<li><a href=\"https:\/\/semmelweis.hu\/konzervalo-fogaszat\/files\/2025\/09\/CADCAM-fogorvosi-oldal-2026tavasz-tantargy-leiras.pdf\"><em>CAD\/CAM fogorvosi oldal, digit\u00e1lis lenyomatok<\/em><\/a><\/li>\n<\/ul>\n","protected":false},"excerpt":{"rendered":"<p>A kurrikulum a 2021-2022-es tan\u00e9v 2. f\u00e9l\u00e9v\u00e9t\u0151l van \u00e9rv\u00e9nyben felmen\u0151 rendszerben. Az el\u0151ad\u00e1sok, a gyakorlatok\/szemin\u00e1riumok beoszt\u00e1sa \u00e9s tananyaga a Moodle fel\u00fclet\u00e9n tal\u00e1lhat\u00f3ak meg. K\u00f6vetelm\u00e9nyrendszer: <a href=\"https:\/\/semmelweis.hu\/konzervalo-fogaszat\/files\/2025\/09\/Restaurativ-fogaszati-propedeutika-I_MI-kieg_20250822.pdf\">Restaurat\u00edv fog\u00e1szati propedeutika I<\/a> <a href=\"https:\/\/semmelweis.hu\/konzervalo-fogaszat\/files\/2025\/09\/Restaurativ-fogaszati-propedeutika-II_MI-kieg_20250822.pdf\">Restaurat\u00edv fog\u00e1szati propedeutika II<\/a> <a href=\"https:\/\/semmelweis.hu\/konzervalo-fogaszat\/files\/2025\/09\/Endodonciai-propedeutika_MI-kieg_20250821.pdf\">Endodontiai propedeutika<\/a> <a href=\"https:\/\/semmelweis.hu\/konzervalo-fogaszat\/files\/2025\/09\/Tantargyi-program_Preventiv-fogaszat_2025-26_M.pdf\">Prevent\u00edv fog\u00e1szat<\/a> \u00a0 <a href=\"https:\/\/semmelweis.hu\/konzervalo-fogaszat\/files\/2025\/09\/Restaurativ-fogaszat-es-end.-I-20250820.pdf\">Restaurat\u00edv fog\u00e1szat \u00e9s endodontia I<\/a> <a href=\"https:\/\/semmelweis.hu\/konzervalo-fogaszat\/files\/2025\/09\/Restaurativ-fogaszat-es-end.-II-20250820.pdf\">Restaurat\u00edv fog\u00e1szat \u00e9s endodontia II<\/a> <a href=\"https:\/\/semmelweis.hu\/konzervalo-fogaszat\/files\/2025\/09\/Restaurativ-fogaszat-es-end.-III-20250820-1.pdf\">Restaurat\u00edv fog\u00e1szat \u00e9s endodontia III<\/a> <a href=\"https:\/\/semmelweis.hu\/konzervalo-fogaszat\/files\/2025\/09\/Restaurativ-fogaszat-es-end.-IV-20250820.pdf\">Restaurat\u00edv fog\u00e1szat \u00e9s endodontia IV<\/a> <a href=\"https:\/\/semmelweis.hu\/konzervalo-fogaszat\/files\/2025\/09\/Restaurativ-fogaszat-es-end.-V-20250820.pdf\">Restaurat\u00edv fog\u00e1szat \u00e9s endodontia V<\/a> <a href=\"https:\/\/semmelweis.hu\/konzervalo-fogaszat\/files\/2025\/09\/Klinikai-fogaszat-I-20250820.pdf\">Klinikai fog\u00e1szat I<\/a> <a href=\"https:\/\/semmelweis.hu\/konzervalo-fogaszat\/files\/2025\/09\/Klinikai-fogaszat-II-20250820.pdf\">Klinikai fog\u00e1szat II<\/a> &nbsp; <a href=\"https:\/\/semmelweis.hu\/konzervalo-fogaszat\/files\/2025\/09\/Esztetikus-tomeskeszitesi-technikak_I_2025_26_MI-kieg.pdf\">Eszt\u00e9tikus t\u00f6m\u00e9sk\u00e9sz\u00edt\u00e9si technik\u00e1k I<\/a> <a href=\"https:\/\/semmelweis.hu\/konzervalo-fogaszat\/files\/2025\/09\/Esztetikus-tomeskeszitesi-technikak_II_2025_26_MI-kieg.pdf\">Eszt\u00e9tikus t\u00f6m\u00e9sk\u00e9sz\u00edt\u00e9si technik\u00e1k II<\/a> <a href=\"https:\/\/semmelweis.hu\/konzervalo-fogaszat\/files\/2025\/09\/Biomimetikus-Fogorvoslas-Alapjai_MI-kieg_20250825.pdf\">Biomimetikus fogorvosl\u00e1s alapjai<\/a> <a href=\"https:\/\/semmelweis.hu\/konzervalo-fogaszat\/files\/2025\/09\/Konvencionalis-tomeskeszitesi-technikak_MI-kieg_20250823.pdf\">Konvencion\u00e1lis t\u00f6m\u00e9sk\u00e9sz\u00edt\u00e9si technik\u00e1k<\/a> <a href=\"https:\/\/semmelweis.hu\/konzervalo-fogaszat\/files\/2025\/09\/Lezerek-a-fogaszatban-kurzus-tantargyleiras.pdf\">L\u00e9zerek a fog\u00e1szatban<\/a> Tanulm\u00e1nyi felel\u0151s: dr. Herczegh Anna egyetemi docens Email: <a href=\"mailto:herczeg.anna@semmelweis.hu\">herczeg.anna@semmelweis.hu<\/a> Digit\u00e1lis Fog\u00e1szati Tervez\u00e9s Alapk\u00e9pz\u00e9si Szak: &hellip;<\/p>\n","protected":false},"author":122,"featured_media":0,"parent":112,"menu_order":1,"comment_status":"closed","ping_status":"closed","template":"","meta":{"_acf_changed":false,"footnotes":""},"categories":[],"tags":[],"class_list":["post-6663","page","type-page","status-publish","hentry"],"acf":[],"_links":{"self":[{"href":"https:\/\/semmelweis.hu\/konzervalo-fogaszat\/wp-json\/wp\/v2\/pages\/6663","targetHints":{"allow":["GET"]}}],"collection":[{"href":"https:\/\/semmelweis.hu\/konzervalo-fogaszat\/wp-json\/wp\/v2\/pages"}],"about":[{"href":"https:\/\/semmelweis.hu\/konzervalo-fogaszat\/wp-json\/wp\/v2\/types\/page"}],"author":[{"embeddable":true,"href":"https:\/\/semmelweis.hu\/konzervalo-fogaszat\/wp-json\/wp\/v2\/users\/122"}],"replies":[{"embeddable":true,"href":"https:\/\/semmelweis.hu\/konzervalo-fogaszat\/wp-json\/wp\/v2\/comments?post=6663"}],"version-history":[{"count":12,"href":"https:\/\/semmelweis.hu\/konzervalo-fogaszat\/wp-json\/wp\/v2\/pages\/6663\/revisions"}],"predecessor-version":[{"id":7570,"href":"https:\/\/semmelweis.hu\/konzervalo-fogaszat\/wp-json\/wp\/v2\/pages\/6663\/revisions\/7570"}],"up":[{"embeddable":true,"href":"https:\/\/semmelweis.hu\/konzervalo-fogaszat\/wp-json\/wp\/v2\/pages\/112"}],"wp:attachment":[{"href":"https:\/\/semmelweis.hu\/konzervalo-fogaszat\/wp-json\/wp\/v2\/media?parent=6663"}],"wp:term":[{"taxonomy":"category","embeddable":true,"href":"https:\/\/semmelweis.hu\/konzervalo-fogaszat\/wp-json\/wp\/v2\/categories?post=6663"},{"taxonomy":"post_tag","embeddable":true,"href":"https:\/\/semmelweis.hu\/konzervalo-fogaszat\/wp-json\/wp\/v2\/tags?post=6663"}],"curies":[{"name":"wp","href":"https:\/\/api.w.org\/{rel}","templated":true}]}}