{"id":6527,"date":"2022-05-19T11:38:54","date_gmt":"2022-05-19T09:38:54","guid":{"rendered":"https:\/\/semmelweis.hu\/konzervalo-fogaszat\/?page_id=6527"},"modified":"2025-09-11T18:40:35","modified_gmt":"2025-09-11T16:40:35","slug":"curriculum","status":"publish","type":"page","link":"https:\/\/semmelweis.hu\/konzervalo-fogaszat\/en\/english\/curriculum\/","title":{"rendered":"Curriculum"},"content":{"rendered":"<p style=\"text-align: justify\"><span style=\"font-size: 18pt\"><strong>This program is valid from the 2nd semester of the academic year 2021-2022 in an ascending system.<\/strong><\/span><\/p>\n<p>&nbsp;<\/p>\n<p><strong>Subject Requirements:<\/strong><\/p>\n<ul style=\"list-style-type: square\">\n<li><a href=\"https:\/\/semmelweis.hu\/konzervalo-fogaszat\/files\/2025\/09\/Restorative-Dentistry-Pre-Clinical-I_AI-suppl_20250822.pdf\"><span style=\"font-size: 1rem\">Restorative Dentistry, Pre -Clinical I.<\/span><\/a><\/li>\n<li><a href=\"https:\/\/semmelweis.hu\/konzervalo-fogaszat\/files\/2025\/09\/Restorative-Dentistry-Pre-Clinical-II_AI-suppl_20250822.pdf\"><span style=\"font-size: 1rem\">Restorative Dentistry, Pre-Clinical II.<\/span><\/a><\/li>\n<li><a href=\"https:\/\/semmelweis.hu\/konzervalo-fogaszat\/files\/2025\/09\/Endodontics-pre-clinical_AI-suppl_20250822.pdf\">Endodontics, Pre-Clinical<\/a><\/li>\n<li><a href=\"https:\/\/semmelweis.hu\/konzervalo-fogaszat\/files\/2025\/09\/Tantargyi-program_Preventiv-fogaszat_2025-26_A.pdf\">Preventive Dentistry<\/a><\/li>\n<\/ul>\n<p>&nbsp;<\/p>\n<ul style=\"list-style-type: square\">\n<li><a href=\"https:\/\/semmelweis.hu\/konzervalo-fogaszat\/files\/2025\/09\/Restorative-Dentistry-and-Endodontics-I.-2025_26.pdf\">Restorative Dentistry and Endodontics I.<\/a><\/li>\n<li><a href=\"https:\/\/semmelweis.hu\/konzervalo-fogaszat\/files\/2025\/09\/Restorative-Dentistry-and-Endodontics-II.-2025_26.pdf\">Restorative Dentistry and Endodontics II.<\/a><\/li>\n<li><a href=\"https:\/\/semmelweis.hu\/konzervalo-fogaszat\/files\/2025\/09\/Restorative-Dentistry-and-Endodontics-III.-2025_26.pdf\">Restorative Dentistry and Endodontics III.<\/a><\/li>\n<li><a href=\"https:\/\/semmelweis.hu\/konzervalo-fogaszat\/files\/2025\/09\/Restorative-Dentistry-and-Endodontics-IV.-2025_26.pdf\">Restorative Dentistry and Endodontics IV.<\/a><\/li>\n<li><a href=\"https:\/\/semmelweis.hu\/konzervalo-fogaszat\/files\/2025\/09\/Restorative-Dentistry-and-Endodontics-V.-2025_26.pdf\">Restorative Dentistry and Endodontics V.<\/a><\/li>\n<\/ul>\n<p>&nbsp;<\/p>\n<ul style=\"list-style-type: square\">\n<li><a href=\"https:\/\/semmelweis.hu\/konzervalo-fogaszat\/files\/2025\/09\/Clinical-Dentistry_I_2025-26.pdf\">Clinical Dentistry I.<\/a><\/li>\n<li><a href=\"https:\/\/semmelweis.hu\/konzervalo-fogaszat\/files\/2025\/09\/Clinical-Dentistry_II_2025-26.pdf\">Clinical Dentistry II.<\/a><\/li>\n<\/ul>\n<p>&nbsp;<\/p>\n<ul style=\"list-style-type: square\">\n<li><a href=\"https:\/\/semmelweis.hu\/konzervalo-fogaszat\/files\/2025\/09\/Aesthetic-Elective-Course-I_25_26_AI-suppl.pdf\">Aesthetic Elective Course I<\/a><\/li>\n<li><a href=\"https:\/\/semmelweis.hu\/konzervalo-fogaszat\/files\/2025\/09\/Aesthetic-Elective-Course-II_25_26_AI-suppl.pdf\">Aesthetic Elective Course II<\/a><\/li>\n<li><a href=\"https:\/\/semmelweis.hu\/konzervalo-fogaszat\/files\/2025\/09\/Basics-of-biomimetic-dentistry_AI-suppl_20250825.pdf\">Basics of Biomimetic Dentistry<\/a><\/li>\n<li><a href=\"https:\/\/semmelweis.hu\/konzervalo-fogaszat\/files\/2025\/09\/Conventional-filling-techniques_AI-suppl_20250823.pdf\">Conventional Filling Techniques<\/a><\/li>\n<\/ul>\n<p>&nbsp;<\/p>\n<p><strong>Informations for the Students:<\/strong><\/p>\n<ul style=\"list-style-type: square\">\n<li>\n<p><a href=\"https:\/\/semmelweis.hu\/konzervalo-fogaszat\/files\/2021\/09\/SE-250-Hallgat\u00f3i-t\u00e1j\u00e9koztat\u00f3_2021_22_1_A_prop.pdf\"><b>D<\/b><b>epartment of Restorative Dentistry \u00a0and Endodontics (<\/b><b>PROPEDEUTICS)<\/b><\/a><\/p>\n<\/li>\n<li>\n<p><a href=\"https:\/\/semmelweis.hu\/konzervalo-fogaszat\/files\/2022\/09\/student-Information-Restorative-dep..pdf\"><b>D<\/b><b>epartment of Restorative Dentistry and Endodontics<\/b><\/a><\/p>\n<\/li>\n<\/ul>\n<p>&nbsp;<\/p>\n<p><strong>Contact person<\/strong> for students of the English program: Dr. Zsolt Lohinai\u00a0<br \/>\n<span style=\"font-size: 14pt\">Email: <a href=\"mailto:lohinai.zsolt@semmelweis.hu\">lohinai.zsolt@semmelweis.hu<\/a><\/span><\/p>\n","protected":false},"excerpt":{"rendered":"<p>This program is valid from the 2nd semester of the academic year 2021-2022 in an ascending system. &nbsp; Subject Requirements: <a href=\"https:\/\/semmelweis.hu\/konzervalo-fogaszat\/files\/2025\/09\/Restorative-Dentistry-Pre-Clinical-I_AI-suppl_20250822.pdf\">Restorative Dentistry, Pre -Clinical I.<\/a> <a href=\"https:\/\/semmelweis.hu\/konzervalo-fogaszat\/files\/2025\/09\/Restorative-Dentistry-Pre-Clinical-II_AI-suppl_20250822.pdf\">Restorative Dentistry, Pre-Clinical II.<\/a> <a href=\"https:\/\/semmelweis.hu\/konzervalo-fogaszat\/files\/2025\/09\/Endodontics-pre-clinical_AI-suppl_20250822.pdf\">Endodontics, Pre-Clinical<\/a> <a href=\"https:\/\/semmelweis.hu\/konzervalo-fogaszat\/files\/2025\/09\/Tantargyi-program_Preventiv-fogaszat_2025-26_A.pdf\">Preventive Dentistry<\/a> &nbsp; <a href=\"https:\/\/semmelweis.hu\/konzervalo-fogaszat\/files\/2025\/09\/Restorative-Dentistry-and-Endodontics-I.-2025_26.pdf\">Restorative Dentistry and Endodontics I.<\/a> <a href=\"https:\/\/semmelweis.hu\/konzervalo-fogaszat\/files\/2025\/09\/Restorative-Dentistry-and-Endodontics-II.-2025_26.pdf\">Restorative Dentistry and Endodontics II.<\/a> <a href=\"https:\/\/semmelweis.hu\/konzervalo-fogaszat\/files\/2025\/09\/Restorative-Dentistry-and-Endodontics-III.-2025_26.pdf\">Restorative Dentistry and Endodontics III.<\/a> <a href=\"https:\/\/semmelweis.hu\/konzervalo-fogaszat\/files\/2025\/09\/Restorative-Dentistry-and-Endodontics-IV.-2025_26.pdf\">Restorative Dentistry and Endodontics IV.<\/a> <a href=\"https:\/\/semmelweis.hu\/konzervalo-fogaszat\/files\/2025\/09\/Restorative-Dentistry-and-Endodontics-V.-2025_26.pdf\">Restorative Dentistry and Endodontics V.<\/a> &nbsp; <a href=\"https:\/\/semmelweis.hu\/konzervalo-fogaszat\/files\/2025\/09\/Clinical-Dentistry_I_2025-26.pdf\">Clinical Dentistry I.<\/a> <a href=\"https:\/\/semmelweis.hu\/konzervalo-fogaszat\/files\/2025\/09\/Clinical-Dentistry_II_2025-26.pdf\">Clinical Dentistry II.<\/a> &nbsp; <a href=\"https:\/\/semmelweis.hu\/konzervalo-fogaszat\/files\/2025\/09\/Aesthetic-Elective-Course-I_25_26_AI-suppl.pdf\">Aesthetic Elective Course I<\/a> <a href=\"https:\/\/semmelweis.hu\/konzervalo-fogaszat\/files\/2025\/09\/Aesthetic-Elective-Course-II_25_26_AI-suppl.pdf\">Aesthetic Elective Course II<\/a> <a href=\"https:\/\/semmelweis.hu\/konzervalo-fogaszat\/files\/2025\/09\/Basics-of-biomimetic-dentistry_AI-suppl_20250825.pdf\">Basics of Biomimetic Dentistry<\/a> <a href=\"https:\/\/semmelweis.hu\/konzervalo-fogaszat\/files\/2025\/09\/Conventional-filling-techniques_AI-suppl_20250823.pdf\">Conventional Filling Techniques<\/a> &nbsp; Informations for the Students: <a href=\"https:\/\/semmelweis.hu\/konzervalo-fogaszat\/files\/2021\/09\/SE-250-Hallgat\u00f3i-t\u00e1j\u00e9koztat\u00f3_2021_22_1_A_prop.pdf\">Department of Restorative Dentistry \u00a0and Endodontics (PROPEDEUTICS)<\/a> <a href=\"https:\/\/semmelweis.hu\/konzervalo-fogaszat\/files\/2022\/09\/student-Information-Restorative-dep..pdf\">Department of Restorative Dentistry and Endodontics<\/a> &nbsp; Contact person for students of the English program: Dr. Zsolt Lohinai\u00a0 Email: &hellip;<\/p>\n","protected":false},"author":122,"featured_media":0,"parent":46,"menu_order":1,"comment_status":"closed","ping_status":"closed","template":"","meta":{"_acf_changed":false,"footnotes":""},"categories":[],"tags":[],"class_list":["post-6527","page","type-page","status-publish","hentry"],"acf":[],"_links":{"self":[{"href":"https:\/\/semmelweis.hu\/konzervalo-fogaszat\/wp-json\/wp\/v2\/pages\/6527","targetHints":{"allow":["GET"]}}],"collection":[{"href":"https:\/\/semmelweis.hu\/konzervalo-fogaszat\/wp-json\/wp\/v2\/pages"}],"about":[{"href":"https:\/\/semmelweis.hu\/konzervalo-fogaszat\/wp-json\/wp\/v2\/types\/page"}],"author":[{"embeddable":true,"href":"https:\/\/semmelweis.hu\/konzervalo-fogaszat\/wp-json\/wp\/v2\/users\/122"}],"replies":[{"embeddable":true,"href":"https:\/\/semmelweis.hu\/konzervalo-fogaszat\/wp-json\/wp\/v2\/comments?post=6527"}],"version-history":[{"count":12,"href":"https:\/\/semmelweis.hu\/konzervalo-fogaszat\/wp-json\/wp\/v2\/pages\/6527\/revisions"}],"predecessor-version":[{"id":7560,"href":"https:\/\/semmelweis.hu\/konzervalo-fogaszat\/wp-json\/wp\/v2\/pages\/6527\/revisions\/7560"}],"up":[{"embeddable":true,"href":"https:\/\/semmelweis.hu\/konzervalo-fogaszat\/wp-json\/wp\/v2\/pages\/46"}],"wp:attachment":[{"href":"https:\/\/semmelweis.hu\/konzervalo-fogaszat\/wp-json\/wp\/v2\/media?parent=6527"}],"wp:term":[{"taxonomy":"category","embeddable":true,"href":"https:\/\/semmelweis.hu\/konzervalo-fogaszat\/wp-json\/wp\/v2\/categories?post=6527"},{"taxonomy":"post_tag","embeddable":true,"href":"https:\/\/semmelweis.hu\/konzervalo-fogaszat\/wp-json\/wp\/v2\/tags?post=6527"}],"curies":[{"name":"wp","href":"https:\/\/api.w.org\/{rel}","templated":true}]}}