{"id":5815,"date":"2022-01-04T11:35:35","date_gmt":"2022-01-04T10:35:35","guid":{"rendered":"https:\/\/semmelweis.hu\/konzervalo-fogaszat\/?page_id=5815"},"modified":"2024-06-20T14:46:02","modified_gmt":"2024-06-20T12:46:02","slug":"ueber-die-klinik","status":"publish","type":"page","link":"https:\/\/semmelweis.hu\/konzervalo-fogaszat\/de\/ueber-die-klinik\/","title":{"rendered":"\u00dcber die Klinik"},"content":{"rendered":"<p><img loading=\"lazy\" decoding=\"async\" class=\"alignleft\" src=\"https:\/\/semmelweis.hu\/konzervalo-fogaszat\/files\/2024\/06\/IMG_3459-scaled.jpg\" width=\"742\" height=\"346\" \/>Die Klinik f\u00fcr Konservierende Zahnheilkunde (fr\u00fcherer Name) der Semmelweis Universit\u00e4t begann im Jahr 1959 mit der Lehrt\u00e4tigkeit. Die restaurative Zahnheilkunde und die Endodontie sind Zweige der Zahnheilkunde, die sich mit der Diagnose von Erkrankungen der Zahnhartsubstanz und Zahnpulpa, den empfohlenen Behandlungen und der Prognose von Behandlungen befassen. Die aufgrund dieser Fachkenntnisse durchgef\u00fchrte Behandlung stellt die urspr\u00fcngliche Form, Funktion und \u00c4sthetik des Zahns wieder her, sichert die physiologische Integrit\u00e4t der Z\u00e4hne und ihre harmonische Einheit mit den umgebenden Hart- und Weichgeweben.<\/p>\n<p>Die von der Klinik in drei Sprachen unterrichtete Disziplin der restaurativen Zahnheilkunde umfasst folgende Bereiche: Klinische Endodontie, klinische restaurative Zahnheilkunde, restaurative zahn\u00e4rztliche Prop\u00e4deutik, endodontische Prop\u00e4deutik und pr\u00e4ventive Zahnheilkunde.<\/p>\n<p>Insgesamt neun Semester lang erwerben die Studierenden Kenntnisse in den genannten Bereichen durch Pr\u00e4senzvorlesungen und klinische Praxisveranstaltungen. Die Klinik beteiligt sich aktiv sowohl an der theoretischen als auch an der praktischen Facharztausbildung sowie an der lebenslangen zahn\u00e4rztlichen Weiterbildung.<\/p>\n<p>Die Klinik bietet modernste Versorgung in allen Bereichen der restaurativen und pr\u00e4ventiven Zahnheilkunde. Die Patienten werden in Behandlungseinheiten und Behandlungsr\u00e4umen empfangen, die modernen Behandlungsprinzipien entsprechen.<\/p>\n<p>Die Arbeitsgruppe der Klinik besch\u00e4ftigt sich mit der Durchblutung der Gewebe im Mundraum bzw. den Fragen der Durchblutungsregulation, der Wirkung verschiedener zahnmedizinischer Materialien auf die Durchblutung von Pulpa und Gingiva, der Einf\u00fchrung neuer Behandlungsmethoden (z.B. endodontische Mikrochirurgie, maschinelle Wurzelkanalerweiterung), der Rolle von Fluoriden bei der Kariespr\u00e4vention, der dentalen Erosion usw. Humanuntersuchungen werden in der Klinik durchgef\u00fchrt, experimentelle Arbeiten werden an anderen Universit\u00e4tsinstituten durchgef\u00fchrt, die mit der Klinik f\u00fcr Restaurative Zahnheilkunde und Endodontologie kooperieren (z.B. dem Institut f\u00fcr Pathophysiologie oder der Abteilung f\u00fcr Oralbiologie).<\/p>\n","protected":false},"excerpt":{"rendered":"<p>Die Klinik f\u00fcr Konservierende Zahnheilkunde (fr\u00fcherer Name) der Semmelweis Universit\u00e4t begann im Jahr 1959 mit der Lehrt\u00e4tigkeit. Die restaurative Zahnheilkunde und die Endodontie sind Zweige der Zahnheilkunde, die sich mit der Diagnose von Erkrankungen der Zahnhartsubstanz und Zahnpulpa, den empfohlenen Behandlungen und der Prognose von Behandlungen befassen. Die aufgrund dieser Fachkenntnisse durchgef\u00fchrte Behandlung stellt die &hellip;<\/p>\n","protected":false},"author":122,"featured_media":5597,"parent":0,"menu_order":0,"comment_status":"closed","ping_status":"closed","template":"","meta":{"_acf_changed":false,"footnotes":""},"categories":[],"tags":[],"class_list":["post-5815","page","type-page","status-publish","has-post-thumbnail","hentry"],"acf":[],"_links":{"self":[{"href":"https:\/\/semmelweis.hu\/konzervalo-fogaszat\/wp-json\/wp\/v2\/pages\/5815","targetHints":{"allow":["GET"]}}],"collection":[{"href":"https:\/\/semmelweis.hu\/konzervalo-fogaszat\/wp-json\/wp\/v2\/pages"}],"about":[{"href":"https:\/\/semmelweis.hu\/konzervalo-fogaszat\/wp-json\/wp\/v2\/types\/page"}],"author":[{"embeddable":true,"href":"https:\/\/semmelweis.hu\/konzervalo-fogaszat\/wp-json\/wp\/v2\/users\/122"}],"replies":[{"embeddable":true,"href":"https:\/\/semmelweis.hu\/konzervalo-fogaszat\/wp-json\/wp\/v2\/comments?post=5815"}],"version-history":[{"count":10,"href":"https:\/\/semmelweis.hu\/konzervalo-fogaszat\/wp-json\/wp\/v2\/pages\/5815\/revisions"}],"predecessor-version":[{"id":7298,"href":"https:\/\/semmelweis.hu\/konzervalo-fogaszat\/wp-json\/wp\/v2\/pages\/5815\/revisions\/7298"}],"wp:featuredmedia":[{"embeddable":true,"href":"https:\/\/semmelweis.hu\/konzervalo-fogaszat\/wp-json\/wp\/v2\/media\/5597"}],"wp:attachment":[{"href":"https:\/\/semmelweis.hu\/konzervalo-fogaszat\/wp-json\/wp\/v2\/media?parent=5815"}],"wp:term":[{"taxonomy":"category","embeddable":true,"href":"https:\/\/semmelweis.hu\/konzervalo-fogaszat\/wp-json\/wp\/v2\/categories?post=5815"},{"taxonomy":"post_tag","embeddable":true,"href":"https:\/\/semmelweis.hu\/konzervalo-fogaszat\/wp-json\/wp\/v2\/tags?post=5815"}],"curies":[{"name":"wp","href":"https:\/\/api.w.org\/{rel}","templated":true}]}}