{"id":5813,"date":"2022-01-04T11:27:09","date_gmt":"2022-01-04T10:27:09","guid":{"rendered":"https:\/\/semmelweis.hu\/konzervalo-fogaszat\/?page_id=5813"},"modified":"2024-03-22T13:47:51","modified_gmt":"2024-03-22T12:47:51","slug":"fuer-patienten","status":"publish","type":"page","link":"https:\/\/semmelweis.hu\/konzervalo-fogaszat\/de\/fuer-patienten\/","title":{"rendered":"F\u00fcr Patienten"},"content":{"rendered":"<p>Unsere Klinik besch\u00e4ftigt sich mit der restaurativen Zahnheilkunde sowie Endodontie.<\/p>\n<p>Diese beiden Bereiche der Zahnmedizin diagnostizieren Erkrankungen der Zahnhartsubstanz und Zahnpulpa, empfehlen geeignete Behandlungen und prognostizieren den Erfolg derselben.<\/p>\n<p>Das angewandte Verfahren stellt die urspr\u00fcngliche Form, Funktion und \u00c4sthetik des Zahnes wieder her, sichert die physiologische Integrit\u00e4t der Z\u00e4hne sowie ihre harmonische Einheit mit den umgebenden Hart- und Weichgeweben.<\/p>\n<p>In unserer Klinik als Ausbildungsst\u00e4tte erfolgt die zahn\u00e4rztliche Behandlung durch Studierende der Zahnmedizin im Rahmen des klinischen Praktikums unter \u00e4rztlicher Aufsicht.<\/p>\n<p><b>Anmeldung:<\/b> H-1088 Budapest, Szentkir\u00e1lyi utca 47. Erdgeschoss, Patientenaufnahme<\/p>\n<p><b>\u00d6ffnungszeiten:<\/b> Montag bis Freitag, 08.00 Uhr bis 15.30 Uhr.<\/p>\n<p><b>Keine \u00dcberweisung ist erforderlich. Die bei uns angemeldeten Patienten werden im Lehrstuhl f\u00fcr Orale Diagnostik vorab untersucht und bei Bedarf an die Klinik f\u00fcr Restaurative Zahnheilkunde und Endodontologie \u00fcberwiesen.<\/b><\/p>\n<p><b>In unserer Klinik erfolgt die Behandlung gem\u00e4\u00df den nachfolgenden Bedingungen:<\/b><\/p>\n<ul>\n<li>Die zahn\u00e4rztliche Behandlung wird von Universit\u00e4tsstudenten unter \u00e4rztlicher Aufsicht durchgef\u00fchrt.<\/li>\n<li>Die Behandlung unserer Patienten erfolgt im Rahmen von klinischen Praktika. Eine vollst\u00e4ndige Behandlung kann mehrere Praktika in Anspruch nehmen.<\/li>\n<\/ul>\n","protected":false},"excerpt":{"rendered":"<p>Unsere Klinik besch\u00e4ftigt sich mit der restaurativen Zahnheilkunde sowie Endodontie. Diese beiden Bereiche der Zahnmedizin diagnostizieren Erkrankungen der Zahnhartsubstanz und Zahnpulpa, empfehlen geeignete Behandlungen und prognostizieren den Erfolg derselben. Das angewandte Verfahren stellt die urspr\u00fcngliche Form, Funktion und \u00c4sthetik des Zahnes wieder her, sichert die physiologische Integrit\u00e4t der Z\u00e4hne sowie ihre harmonische Einheit mit den &hellip;<\/p>\n","protected":false},"author":122,"featured_media":5597,"parent":0,"menu_order":1,"comment_status":"closed","ping_status":"closed","template":"","meta":{"_acf_changed":false,"footnotes":""},"categories":[],"tags":[],"class_list":["post-5813","page","type-page","status-publish","has-post-thumbnail","hentry"],"acf":[],"_links":{"self":[{"href":"https:\/\/semmelweis.hu\/konzervalo-fogaszat\/wp-json\/wp\/v2\/pages\/5813","targetHints":{"allow":["GET"]}}],"collection":[{"href":"https:\/\/semmelweis.hu\/konzervalo-fogaszat\/wp-json\/wp\/v2\/pages"}],"about":[{"href":"https:\/\/semmelweis.hu\/konzervalo-fogaszat\/wp-json\/wp\/v2\/types\/page"}],"author":[{"embeddable":true,"href":"https:\/\/semmelweis.hu\/konzervalo-fogaszat\/wp-json\/wp\/v2\/users\/122"}],"replies":[{"embeddable":true,"href":"https:\/\/semmelweis.hu\/konzervalo-fogaszat\/wp-json\/wp\/v2\/comments?post=5813"}],"version-history":[{"count":5,"href":"https:\/\/semmelweis.hu\/konzervalo-fogaszat\/wp-json\/wp\/v2\/pages\/5813\/revisions"}],"predecessor-version":[{"id":7216,"href":"https:\/\/semmelweis.hu\/konzervalo-fogaszat\/wp-json\/wp\/v2\/pages\/5813\/revisions\/7216"}],"wp:featuredmedia":[{"embeddable":true,"href":"https:\/\/semmelweis.hu\/konzervalo-fogaszat\/wp-json\/wp\/v2\/media\/5597"}],"wp:attachment":[{"href":"https:\/\/semmelweis.hu\/konzervalo-fogaszat\/wp-json\/wp\/v2\/media?parent=5813"}],"wp:term":[{"taxonomy":"category","embeddable":true,"href":"https:\/\/semmelweis.hu\/konzervalo-fogaszat\/wp-json\/wp\/v2\/categories?post=5813"},{"taxonomy":"post_tag","embeddable":true,"href":"https:\/\/semmelweis.hu\/konzervalo-fogaszat\/wp-json\/wp\/v2\/tags?post=5813"}],"curies":[{"name":"wp","href":"https:\/\/api.w.org\/{rel}","templated":true}]}}