{"id":5761,"date":"2022-01-04T11:03:37","date_gmt":"2022-01-04T10:03:37","guid":{"rendered":"https:\/\/semmelweis.hu\/konzervalo-fogaszat\/?page_id=5761"},"modified":"2024-03-22T16:04:01","modified_gmt":"2024-03-22T15:04:01","slug":"kontakt","status":"publish","type":"page","link":"https:\/\/semmelweis.hu\/konzervalo-fogaszat\/de\/kontakt\/","title":{"rendered":"Kontakt"},"content":{"rendered":"<p><b>Direktor:<\/b> Prof. Dr. J\u00e1nos V\u00e1g, Universit\u00e4tsprofessor<br \/>\n<b>Adresse:<\/b> Szentkir\u00e1lyi Stra\u00dfe 47. 1088 Budapest, VIII.<br \/>\n<b>Telefon: <\/b>+36-1-459-1500<\/p>\n<p>&nbsp;<\/p>\n<p>\n<!-- iframe plugin v.4.9 wordpress.org\/plugins\/iframe\/ -->\n<iframe loading=\"lazy\" src=\"https:\/\/maps.google.hu\/maps?q=Szentkir%C3%A1lyi+u.+47.&#038;hl=hu&#038;ie=UTF8&#038;sll=47.161138,19.505837&#038;sspn=3.951592,9.854736&#038;hnear=1088+Budapest,+VIII.+ker%C3%BClet,+Szentkir%C3%A1lyi+utca+47&#038;t=m&#038;hq=&#038;z=14&#038;iwloc=A&#038;ll=47.48863,19.066504&#038;output=embed\" width=\"100%\" height=\"350\" scrolling=\"yes\" class=\"iframe-class\" frameborder=\"0\"><\/iframe>\n<br \/>\n<small><a href=\"https:\/\/maps.google.hu\/maps?q=Szentkir%C3%A1lyi+u.+47.&amp;hl=hu&amp;ie=UTF8&amp;sll=47.161138,19.505837&amp;sspn=3.951592,9.854736&amp;hnear=1088+Budapest,+VIII.+ker%C3%BClet,+Szentkir%C3%A1lyi+utca+47&amp;t=m&amp;hq=&amp;z=14&amp;iwloc=A&amp;ll=47.48863,19.066504&amp;source=embed\">Nagyobb t\u00e9rk\u00e9pre v\u00e1lt\u00e1s<\/a><\/small><\/p>\n","protected":false},"excerpt":{"rendered":"<p>Direktor: Prof. Dr. J\u00e1nos V\u00e1g, Universit\u00e4tsprofessor<br \/>\nAdresse: Szentkir\u00e1lyi Stra\u00dfe 47. 1088 Budapest, VIII.<br \/>\nTelefon: +36-1-459-1500<br \/>\n&nbsp;<\/p>\n<p><a href=\"https:\/\/maps.google.hu\/maps?q=Szentkir%C3%A1lyi+u.+47.&amp;hl=hu&amp;ie=UTF8&amp;sll=47.161138,19.505837&amp;sspn=3.951592,9.854736&amp;hnear=1088+Budapest,+VIII.+ker%C3%BClet,+Szentkir%C3%A1lyi+utca+47&amp;t=m&amp;hq=&amp;z=14&amp;iwloc=A&amp;ll=47.48863,19.066504&amp;source=embed\">Nagyobb t\u00e9rk\u00e9pre v\u00e1lt\u00e1s<\/a><\/p>\n","protected":false},"author":122,"featured_media":0,"parent":0,"menu_order":8,"comment_status":"closed","ping_status":"closed","template":"","meta":{"_acf_changed":false,"footnotes":""},"categories":[],"tags":[],"class_list":["post-5761","page","type-page","status-publish","hentry"],"acf":[],"_links":{"self":[{"href":"https:\/\/semmelweis.hu\/konzervalo-fogaszat\/wp-json\/wp\/v2\/pages\/5761","targetHints":{"allow":["GET"]}}],"collection":[{"href":"https:\/\/semmelweis.hu\/konzervalo-fogaszat\/wp-json\/wp\/v2\/pages"}],"about":[{"href":"https:\/\/semmelweis.hu\/konzervalo-fogaszat\/wp-json\/wp\/v2\/types\/page"}],"author":[{"embeddable":true,"href":"https:\/\/semmelweis.hu\/konzervalo-fogaszat\/wp-json\/wp\/v2\/users\/122"}],"replies":[{"embeddable":true,"href":"https:\/\/semmelweis.hu\/konzervalo-fogaszat\/wp-json\/wp\/v2\/comments?post=5761"}],"version-history":[{"count":4,"href":"https:\/\/semmelweis.hu\/konzervalo-fogaszat\/wp-json\/wp\/v2\/pages\/5761\/revisions"}],"predecessor-version":[{"id":7256,"href":"https:\/\/semmelweis.hu\/konzervalo-fogaszat\/wp-json\/wp\/v2\/pages\/5761\/revisions\/7256"}],"wp:attachment":[{"href":"https:\/\/semmelweis.hu\/konzervalo-fogaszat\/wp-json\/wp\/v2\/media?parent=5761"}],"wp:term":[{"taxonomy":"category","embeddable":true,"href":"https:\/\/semmelweis.hu\/konzervalo-fogaszat\/wp-json\/wp\/v2\/categories?post=5761"},{"taxonomy":"post_tag","embeddable":true,"href":"https:\/\/semmelweis.hu\/konzervalo-fogaszat\/wp-json\/wp\/v2\/tags?post=5761"}],"curies":[{"name":"wp","href":"https:\/\/api.w.org\/{rel}","templated":true}]}}