{"id":5691,"date":"2021-11-24T10:53:10","date_gmt":"2021-11-24T09:53:10","guid":{"rendered":"https:\/\/semmelweis.hu\/konzervalo-fogaszat\/?page_id=5691"},"modified":"2024-03-22T14:32:56","modified_gmt":"2024-03-22T13:32:56","slug":"minosegiranyitas","status":"publish","type":"page","link":"https:\/\/semmelweis.hu\/konzervalo-fogaszat\/altalanos-informaciok\/minosegiranyitas\/","title":{"rendered":"Min\u0151s\u00e9gir\u00e1ny\u00edt\u00e1s"},"content":{"rendered":"<blockquote class=\"wp-embedded-content\" data-secret=\"eWApKjG1qX\"><p><a href=\"https:\/\/semmelweis.hu\/minoseg\/mir-dokumentacio\/fok\/konzervalo-fogaszati-klinika\/\">Helyre\u00e1ll\u00edt\u00f3 Fog\u00e1szati \u00e9s Endodonciai Klinika<\/a><\/p><\/blockquote>\n<p><iframe loading=\"lazy\" class=\"wp-embedded-content\" sandbox=\"allow-scripts\" security=\"restricted\" style=\"position: absolute; clip: rect(1px, 1px, 1px, 1px);\" title=\"&#8220;Helyre\u00e1ll\u00edt\u00f3 Fog\u00e1szati \u00e9s Endodonciai Klinika&#8221; &#8212; Min\u0151s\u00e9gir\u00e1ny\u00edt\u00e1si Rendszer\" src=\"https:\/\/semmelweis.hu\/minoseg\/mir-dokumentacio\/fok\/konzervalo-fogaszati-klinika\/embed\/#?secret=aSRZFOX1dK#?secret=eWApKjG1qX\" data-secret=\"eWApKjG1qX\" width=\"600\" height=\"338\" frameborder=\"0\" marginwidth=\"0\" marginheight=\"0\" scrolling=\"no\"><\/iframe><\/p>\n","protected":false},"excerpt":{"rendered":"<p><a href=\"https:\/\/semmelweis.hu\/minoseg\/mir-dokumentacio\/fok\/konzervalo-fogaszati-klinika\/\">Helyre\u00e1ll\u00edt\u00f3 Fog\u00e1szati \u00e9s Endodonciai Klinika<\/a><\/p>\n","protected":false},"author":122,"featured_media":0,"parent":5,"menu_order":2,"comment_status":"closed","ping_status":"closed","template":"","meta":{"_acf_changed":false,"footnotes":""},"categories":[],"tags":[],"class_list":["post-5691","page","type-page","status-publish","hentry"],"acf":[],"_links":{"self":[{"href":"https:\/\/semmelweis.hu\/konzervalo-fogaszat\/wp-json\/wp\/v2\/pages\/5691","targetHints":{"allow":["GET"]}}],"collection":[{"href":"https:\/\/semmelweis.hu\/konzervalo-fogaszat\/wp-json\/wp\/v2\/pages"}],"about":[{"href":"https:\/\/semmelweis.hu\/konzervalo-fogaszat\/wp-json\/wp\/v2\/types\/page"}],"author":[{"embeddable":true,"href":"https:\/\/semmelweis.hu\/konzervalo-fogaszat\/wp-json\/wp\/v2\/users\/122"}],"replies":[{"embeddable":true,"href":"https:\/\/semmelweis.hu\/konzervalo-fogaszat\/wp-json\/wp\/v2\/comments?post=5691"}],"version-history":[{"count":3,"href":"https:\/\/semmelweis.hu\/konzervalo-fogaszat\/wp-json\/wp\/v2\/pages\/5691\/revisions"}],"predecessor-version":[{"id":7226,"href":"https:\/\/semmelweis.hu\/konzervalo-fogaszat\/wp-json\/wp\/v2\/pages\/5691\/revisions\/7226"}],"up":[{"embeddable":true,"href":"https:\/\/semmelweis.hu\/konzervalo-fogaszat\/wp-json\/wp\/v2\/pages\/5"}],"wp:attachment":[{"href":"https:\/\/semmelweis.hu\/konzervalo-fogaszat\/wp-json\/wp\/v2\/media?parent=5691"}],"wp:term":[{"taxonomy":"category","embeddable":true,"href":"https:\/\/semmelweis.hu\/konzervalo-fogaszat\/wp-json\/wp\/v2\/categories?post=5691"},{"taxonomy":"post_tag","embeddable":true,"href":"https:\/\/semmelweis.hu\/konzervalo-fogaszat\/wp-json\/wp\/v2\/tags?post=5691"}],"curies":[{"name":"wp","href":"https:\/\/api.w.org\/{rel}","templated":true}]}}