{"id":539,"date":"2014-09-10T10:19:33","date_gmt":"2014-09-10T08:19:33","guid":{"rendered":"http:\/\/semmelweis.hu\/konzervalo-fogaszat\/?page_id=539"},"modified":"2026-02-20T12:45:10","modified_gmt":"2026-02-20T11:45:10","slug":"tdk","status":"publish","type":"page","link":"https:\/\/semmelweis.hu\/konzervalo-fogaszat\/oktatas\/tdk\/","title":{"rendered":"TDK"},"content":{"rendered":"<div class=\"x_elementToProof\"><strong><span class=\"x_elementToProof\" data-olk-copy-source=\"MessageBody\">TDK-t\u00e9m\u00e1k<\/span><span class=\"x_elementToProof\">:<\/span><\/strong><span class=\"x_elementToProof\"><a id=\"OWAfe156300-4c2c-3925-bce3-950feb2879fb\" class=\"x_OWAAutoLink\" href=\"http:\/\/tdk.semmelweis.hu\/altalanos-informaciok\/a-fogorvostudomanyi-kar-valaszthato-temai\" target=\"_blank\" rel=\"noopener noreferrer\">\u00a0www.semmelweis.hu\/tdk<\/a><\/span><br \/>\n<strong><span class=\"x_elementToProof\">TDK munk\u00e1ra <\/span><\/strong><span class=\"x_elementToProof\">val\u00f3 jelentkez\u00e9s: <\/span><strong><span class=\"x_elementToProof\">Dr. Moln\u00e1r Eszter<\/span><\/strong><span class=\"x_elementToProof\">\u00a0(<i>molnar.eszter@semmelweis.hu<\/i>)<\/span><br \/>\n<strong><span class=\"x_elementToProof\">E-mailben<\/span><\/strong><span class=\"x_elementToProof\">\u00a0k\u00e9rj\u00fck az<\/span><span class=\"x_elementToProof\">\u00a0<strong>\u00f6n\u00e9letrajz<\/strong><\/span><span class=\"x_elementToProof\">\u00a0elk\u00fcld\u00e9s\u00e9t, felt\u00fcntetve az eddigi<\/span><span class=\"x_elementToProof\">\u00a0<strong>szigorlati eredm\u00e9nyeket<\/strong>,<\/span><span class=\"x_elementToProof\">\u00a0illetve, hogy mely<\/span><span class=\"x_elementToProof\">\u00a0<strong>t\u00e9m\u00e1k ir\u00e1nt \u00e9rdekl\u0151dik.<\/strong><\/span><\/div>\n<div>\u00a0<\/div>\n<div class=\"x_elementToProof\"><span class=\"x_elementToProof\">A jelentkez\u00e9s ut\u00e1n visszajelz\u00fcnk, a kutat\u00f3csoporthoz val\u00f3 csatlakoz\u00e1s lehet\u0151s\u00e9g\u00e9r\u0151l.<\/span><\/div>\n<div>\u00a0<\/div>\n<div class=\"x_elementToProof\"><span class=\"x_elementToProof\">Neptun regisztr\u00e1ci\u00f3 csak a j\u00f3v\u00e1hagyott TDK csatlakoz\u00e1s ut\u00e1n sz\u00fcks\u00e9ges.<\/span><\/div>\n<div>\u00a0<\/div>\n<p><span style=\"font-size: 14pt\"><strong>TDK-t\u00e9m\u00e1k:<\/strong><\/span><\/p>\n<table style=\"width: 56.1439%;height: 1894px\" width=\"523\">\n<tbody>\n<tr>\n<td style=\"width: 35.6842%\" width=\"187\"><strong>T\u00e9mavezet\u0151k<\/strong><\/td>\n<td style=\"width: 64.2105%\" width=\"336\">\n<p><strong>Aktu\u00e1lis TDK t\u00e9ma <\/strong><\/p>\n<p><strong>2025-2026 I. szemeszter<\/strong><\/p>\n<\/td>\n<\/tr>\n<tr>\n<td style=\"width: 35.6842%\" width=\"187\">\n<p>Dr. Fazekas R\u00e9ka<\/p>\n<\/td>\n<td style=\"width: 64.2105%\" width=\"336\">\n<p>Az \u00edny v\u00e9rkering\u00e9s\u00e9nek vizsg\u00e1lata k\u00fcl\u00f6nb\u00f6z\u0151 \u00e9lettani \u00e9s k\u00f3ros k\u00f6r\u00fclm\u00e9nyek k\u00f6z\u00f6tt<\/p>\n<p>Study of gingival blood flow under various physiological and pathological conditions<\/p>\n<\/td>\n<\/tr>\n<tr>\n<td style=\"width: 35.6842%\">\n<p>Dr. Fazekas R\u00e9ka<\/p>\n<\/td>\n<td style=\"width: 64.2105%\">\n<p>Fogorvostanhallgat\u00f3k \u00e1ltal v\u00e9gzett gy\u00f6k\u00e9rkezel\u00e9sek kimenetel\u00e9nek vizsg\u00e1lata<\/p>\n<p>The outcome of root canal treatment performed by dental students<\/p>\n<\/td>\n<\/tr>\n<tr>\n<td style=\"width: 35.6842%\" width=\"187\">\n<p>Dr. Simon Botond, Dr. V\u00e1g J\u00e1nos<\/p>\n<\/td>\n<td style=\"width: 64.2105%\" width=\"336\">\n<p>Az emberi fogazat geometriai param\u00e9tereink meghat\u00e1roz\u00e1sa harap\u00e1snyom elemz\u00e9shez\u00a0<\/p>\n<\/td>\n<\/tr>\n<tr>\n<td style=\"width: 35.6842%\" width=\"187\">\n<p>Dr. V\u00e1g J\u00e1nos, Dr. Mikolicz \u00c1kos, Dr. Simon Botond<\/p>\n<\/td>\n<td style=\"width: 64.2105%\" width=\"336\">\n<p>Popul\u00e1ci\u00f3s affinit\u00e1s vizsg\u00e1lat 3D fogmint\u00e1kon emberi azonos\u00edt\u00e1shoz<\/p>\n<\/td>\n<\/tr>\n<tr>\n<td style=\"width: 35.6842%\" width=\"187\">\n<p>Dr. Simon Botond, Dr. V\u00e1g J\u00e1nos<\/p>\n<\/td>\n<td style=\"width: 64.2105%\" width=\"336\">\n<p>Mint\u00e1zat felismer\u00e9s a ruga alapj\u00e1n \u00e1llatk\u00eds\u00e9rletes digit\u00e1lis modellen<\/p>\n<\/td>\n<\/tr>\n<tr>\n<td style=\"width: 35.6842%\" width=\"187\">\n<p>Dr. Borbola D\u00e1niel, Dr. V\u00e1g J\u00e1nos<\/p>\n<\/td>\n<td style=\"width: 64.2105%\" width=\"336\">\n<p>Chairside CAD-CAM rendszerrel gy\u00e1rtott r\u00f6gz\u00edtett restaur\u00e1tumok illeszked\u00e9s\u00e9nek vizsg\u00e1lata<\/p>\n<p>Exploring the fit of CAD-CAM-designed fixed prostheses<\/p>\n<\/td>\n<\/tr>\n<tr>\n<td style=\"width: 35.6842%\" width=\"187\">\n<p>Dr. Fekete \u00c1d\u00e1m, Dr. Nagy Tam\u00e1s, Dr. Ker\u00e9mi Be\u00e1ta, Dr. V\u00e1g J\u00e1nos<\/p>\n<\/td>\n<td style=\"width: 64.2105%\" width=\"336\">\n<p>Meleg\u00edt\u00e9s \u00e1ltal kiv\u00e1ltott gingivalis hyperaemia vizsg\u00e1lata f\u00e9rfiakban \u00e9s n\u0151kben<\/p>\n<\/td>\n<\/tr>\n<tr>\n<td style=\"width: 35.6842%\" width=\"187\">\n<p>Dr. V\u00e1g J\u00e1nos, Dr. Szalai Eszter<\/p>\n<\/td>\n<td style=\"width: 64.2105%\" width=\"336\">\n<p>CAD\/CAM technol\u00f3gi\u00e1val k\u00e9sz\u00fcl\u0151 kompozit onlay-ek \u00f6sszehasonl\u00edt\u00e1sa<\/p>\n<p>Comparing the clinical sucesss of two different CAD\/CAM restorations<\/p>\n<\/td>\n<\/tr>\n<tr>\n<td style=\"width: 35.6842%\" width=\"187\">\n<p>Dr. V\u00e1g J\u00e1nos, Dr. Szalai Eszter, Dr. Bal\u00e1zs M\u00f3nika<\/p>\n<p>&nbsp;<\/p>\n<\/td>\n<td style=\"width: 64.2105%\" width=\"336\">\n<p>Cementvastags\u00e1g hat\u00e1s\u00e1nak vizsg\u00e1lata a restaur\u00e1ci\u00f3 illeszked\u00e9s\u00e9re<\/p>\n<p>Investigating the Effect of Cement Spacing on Restoration Fit<\/p>\n<\/td>\n<\/tr>\n<tr>\n<td style=\"width: 35.6842%\" width=\"187\">\n<p>Dr. Ker\u00e9mi Be\u00e1ta, Dr. Komora P\u00e9ter, Dr. V\u00e1g J\u00e1nos<\/p>\n<\/td>\n<td style=\"width: 64.2105%\" width=\"336\">\n<p>Transzl\u00e1ci\u00f3s medicina, Gy\u00f6k\u00e9rt\u00f6m\u0151 anyagokkal v\u00e9gzett vizsg\u00e1latok<\/p>\n<\/td>\n<\/tr>\n<tr>\n<td style=\"width: 35.6842%\" width=\"187\">\n<p>Dr. Szalai Eszter, Dr. Ker\u00e9mi Be\u00e1ta<\/p>\n<\/td>\n<td style=\"width: 64.2105%\" width=\"336\">\n<p>Diagnosztikai \u00e9s ter\u00e1pi\u00e1s vizsg\u00e1latok halit\u00f3zisban<\/p>\n<p>Diagnosis and thereapy in bad breath<\/p>\n<\/td>\n<\/tr>\n<tr>\n<td style=\"width: 35.6842%\" width=\"187\">\n<p>Dr. Szab\u00f3 Enik\u0151, Dr. Lohinai Zsolt<\/p>\n<\/td>\n<td style=\"width: 64.2105%\" width=\"336\">\n<p>A Porphyromonas gingivalis szerepe a kardiovaszkul\u00e1ris betegs\u00e9gekben \u00e9s a fert\u0151z\u00e9s lehets\u00e9ges \u00fatjai<\/p>\n<p>Porphyromonas gingivalis its role in cardiovascular disease and possible ways of infection<\/p>\n<\/td>\n<\/tr>\n<tr>\n<td style=\"width: 35.6842%\" width=\"187\">\n<p>Dr. Szab\u00f3 Enik\u0151, Dr. Lohinai Zsolt<\/p>\n<\/td>\n<td style=\"width: 64.2105%\" width=\"336\">\n<p>Endodontiai\u2013parodont\u00e1lis \u00f6sszef\u00fcgg\u00e9sek<\/p>\n<p>Endoparo correlation<\/p>\n<\/td>\n<\/tr>\n<tr>\n<td style=\"width: 35.6842%\">\n<p>Dr. Szab\u00f3 Enik\u0151, Dr. Lohinai Zsolt, Dr. Szentp\u00e9teri Sz\u00f3fia<\/p>\n<\/td>\n<td style=\"width: 64.2105%\">\n<p>MRONJ betegek periapik\u00e1lis gyullad\u00e1saink gy\u00f3gyul\u00e1sa gy\u00f6k\u00e9rkezel\u00e9st k\u00f6vet\u0151en. Prospekt\u00edv klinikai vizsg\u00e1lat<\/p>\n<p>The healing of periapical lesions in MRONJ patients. Prospective cohort study<\/p>\n<\/td>\n<\/tr>\n<tr>\n<td style=\"width: 35.6842%\" width=\"187\">\n<p>Dr. Herczegh Anna, Dr. N\u00e1z\u00e1r Vivien<\/p>\n<\/td>\n<td style=\"width: 64.2105%\" width=\"336\">\n<p>G\u00e9l \u00e1llag\u00fa kl\u00f3r-doxid endodonciai vizsg\u00e1lata<\/p>\n<\/td>\n<\/tr>\n<tr>\n<td style=\"width: 35.6842%\">\n<p>Dr. Poly\u00e1k Melinda, Dr. V\u00e1g J\u00e1nos<\/p>\n<\/td>\n<td style=\"width: 64.2105%\">\n<p>A vit\u00e1lis pulpa ter\u00e1pi\u00e1k sikeress\u00e9g\u00e9t befoly\u00e1sol\u00f3 rizik\u00f3faktorok vizsg\u00e1lata<\/p>\n<\/td>\n<\/tr>\n<tr>\n<td style=\"width: 35.6842%\">\n<p>Dr. Moln\u00e1r Eszter, Dr. Kesj\u00e1r Katinka, Dr. V\u00e1g J\u00e1nos<\/p>\n<\/td>\n<td style=\"width: 64.2105%\">\n<p>Transzl\u00e1ci\u00f3s medicina: Probiotikumok alkalmaz\u00e1sa a kariol\u00f3gi\u00e1ban<\/p>\n<p>Translational medicine: Application of Probiotics in Cariology<\/p>\n<\/td>\n<\/tr>\n<\/tbody>\n<\/table>\n","protected":false},"excerpt":{"rendered":"<p>TDK-t\u00e9m\u00e1k: <a id=\"OWAfe156300-4c2c-3925-bce3-950feb2879fb\" class=\"x_OWAAutoLink\" href=\"http:\/\/tdk.semmelweis.hu\/altalanos-informaciok\/a-fogorvostudomanyi-kar-valaszthato-temai\" target=\"_blank\" rel=\"noopener noreferrer\">\u00a0www.semmelweis.hu\/tdk<\/a> TDK munk\u00e1ra val\u00f3 jelentkez\u00e9s: Dr. Moln\u00e1r Eszter\u00a0(molnar.eszter@semmelweis.hu) E-mailben\u00a0k\u00e9rj\u00fck az\u00a0\u00f6n\u00e9letrajz\u00a0elk\u00fcld\u00e9s\u00e9t, felt\u00fcntetve az eddigi\u00a0szigorlati eredm\u00e9nyeket,\u00a0illetve, hogy mely\u00a0t\u00e9m\u00e1k ir\u00e1nt \u00e9rdekl\u0151dik. \u00a0 A jelentkez\u00e9s ut\u00e1n visszajelz\u00fcnk, a kutat\u00f3csoporthoz val\u00f3 csatlakoz\u00e1s lehet\u0151s\u00e9g\u00e9r\u0151l. \u00a0 Neptun regisztr\u00e1ci\u00f3 csak a j\u00f3v\u00e1hagyott TDK csatlakoz\u00e1s ut\u00e1n sz\u00fcks\u00e9ges. \u00a0 TDK-t\u00e9m\u00e1k: T\u00e9mavezet\u0151k Aktu\u00e1lis TDK t\u00e9ma 2025-2026 I. szemeszter Dr. Fazekas R\u00e9ka Az \u00edny v\u00e9rkering\u00e9s\u00e9nek vizsg\u00e1lata k\u00fcl\u00f6nb\u00f6z\u0151 &hellip;<\/p>\n","protected":false},"author":122,"featured_media":0,"parent":112,"menu_order":4,"comment_status":"closed","ping_status":"closed","template":"","meta":{"_acf_changed":false,"footnotes":""},"categories":[],"tags":[],"class_list":["post-539","page","type-page","status-publish","hentry"],"acf":[],"_links":{"self":[{"href":"https:\/\/semmelweis.hu\/konzervalo-fogaszat\/wp-json\/wp\/v2\/pages\/539","targetHints":{"allow":["GET"]}}],"collection":[{"href":"https:\/\/semmelweis.hu\/konzervalo-fogaszat\/wp-json\/wp\/v2\/pages"}],"about":[{"href":"https:\/\/semmelweis.hu\/konzervalo-fogaszat\/wp-json\/wp\/v2\/types\/page"}],"author":[{"embeddable":true,"href":"https:\/\/semmelweis.hu\/konzervalo-fogaszat\/wp-json\/wp\/v2\/users\/122"}],"replies":[{"embeddable":true,"href":"https:\/\/semmelweis.hu\/konzervalo-fogaszat\/wp-json\/wp\/v2\/comments?post=539"}],"version-history":[{"count":13,"href":"https:\/\/semmelweis.hu\/konzervalo-fogaszat\/wp-json\/wp\/v2\/pages\/539\/revisions"}],"predecessor-version":[{"id":7588,"href":"https:\/\/semmelweis.hu\/konzervalo-fogaszat\/wp-json\/wp\/v2\/pages\/539\/revisions\/7588"}],"up":[{"embeddable":true,"href":"https:\/\/semmelweis.hu\/konzervalo-fogaszat\/wp-json\/wp\/v2\/pages\/112"}],"wp:attachment":[{"href":"https:\/\/semmelweis.hu\/konzervalo-fogaszat\/wp-json\/wp\/v2\/media?parent=539"}],"wp:term":[{"taxonomy":"category","embeddable":true,"href":"https:\/\/semmelweis.hu\/konzervalo-fogaszat\/wp-json\/wp\/v2\/categories?post=539"},{"taxonomy":"post_tag","embeddable":true,"href":"https:\/\/semmelweis.hu\/konzervalo-fogaszat\/wp-json\/wp\/v2\/tags?post=539"}],"curies":[{"name":"wp","href":"https:\/\/api.w.org\/{rel}","templated":true}]}}