{"id":5,"date":"2012-02-03T14:41:30","date_gmt":"2012-02-03T14:41:30","guid":{"rendered":"http:\/\/semmelweis-egyetem.hu\/konzervalo-fogaszat\/?page_id=5"},"modified":"2024-06-20T14:48:58","modified_gmt":"2024-06-20T12:48:58","slug":"altalanos-informaciok","status":"publish","type":"page","link":"https:\/\/semmelweis.hu\/konzervalo-fogaszat\/altalanos-informaciok\/","title":{"rendered":"A Helyre\u00e1ll\u00edt\u00f3 Fog\u00e1szati \u00e9s Endodonciai Klinik\u00e1r\u00f3l"},"content":{"rendered":"<p>&nbsp;<\/p>\n<p><img loading=\"lazy\" decoding=\"async\" class=\"alignleft\" src=\"https:\/\/semmelweis.hu\/konzervalo-fogaszat\/files\/2024\/06\/IMG_3459-scaled.jpg\" width=\"751\" height=\"350\" \/><\/p>\n<p>A Semmelweis Egyetem Helyre\u00e1ll\u00edt\u00f3 Fog\u00e1szati \u00e9s Endodonciai Klinik\u00e1j\u00e1t, kor\u00e1bban ismert nev\u00e9n (Konzerv\u00e1l\u00f3 Fog\u00e1szati Klinika), 1959-ben alap\u00edtott\u00e1k \u00e9s ebben az \u00e9vben kezdte meg oktat\u00f3 tev\u00e9kenys\u00e9g\u00e9t.<\/p>\n<p>A restaurat\u00edv fog\u00e1szat \u00e9s az endodontia olyan fogorvosi \u00e1gak, amelyek mind a fogak kem\u00e9ny sz\u00f6veteinek, mind pedig a fogb\u00e9l megbeteged\u00e9seinek diagnosztiz\u00e1l\u00e1s\u00e1val, az aj\u00e1nlott kezel\u00e9sekkel \u00e9s azok progn\u00f3zis\u00e1val foglalkoznak.<\/p>\n<p>Ezek az ismeretek alapj\u00e1n v\u00e9gzett kezel\u00e9sek vissza\u00e1ll\u00edtj\u00e1k a fog eredeti form\u00e1j\u00e1t, funkci\u00f3j\u00e1t \u00e9s eszt\u00e9tikai megjelen\u00e9s\u00e9t, valamint biztos\u00edtj\u00e1k a fogak \u00e9lettani integrit\u00e1s\u00e1t, harmonikus kapcsolat\u00e1t a k\u00f6rnyez\u0151 kem\u00e9ny- \u00e9s l\u00e1gysz\u00f6vetekkel.<\/p>\n<p>A klinik\u00e1nkon, mint oktat\u00e1si int\u00e9zm\u00e9nyben, a fogorvostanhallgat\u00f3k a klinikai gyakorlat r\u00e9szek\u00e9nt v\u00e9gzik el a kezel\u00e9seket, orvosi fel\u00fcgyelet mellett. A klinik\u00e1n h\u00e1rom nyelven oktatott t\u00e1rgyak a k\u00f6vetkez\u0151k: klinikai endodontia, klinikai restaurat\u00edv fog\u00e1szat, restaurat\u00edv fog\u00e1szati propedeutika, endodonciai propedeutika \u00e9s prevent\u00edv fog\u00e1szat.<\/p>\n<p>A fent eml\u00edtett t\u00e9mak\u00f6r\u00f6kkel kapcsolatos ismereteket a hallgat\u00f3k kilenc f\u00e9l\u00e9ven kereszt\u00fcl szerezik meg tantermi el\u0151ad\u00e1sok \u00e9s klinikai gyakorlatok seg\u00edts\u00e9g\u00e9vel.<\/p>\n<p>A klinika akt\u00edv szerepet v\u00e1llal mind az elm\u00e9leti, mind pedig a gyakorlati szakorvosk\u00e9pz\u00e9sben, valamint az \u00e9lethosszig tart\u00f3 fogorvos-tov\u00e1bbk\u00e9pz\u00e9sben.<\/p>\n<p>A klinika modern kezel\u00e9si elveknek megfelel\u0151 ell\u00e1t\u00e1st biztos\u00edt az endodoncia, a restaurat\u00edv \u00e9s a prevent\u00edv fog\u00e1szat valamennyi ter\u00fclet\u00e9n. Ezek modern kezel\u0151egys\u00e9geken \u00e9s kezel\u0151termekben t\u00f6rt\u00e9nnek.<\/p>\n<p>A klinik\u00e1n sz\u00e1mos tudom\u00e1nyos munka folyik, melyekr\u0151l b\u0151vebb t\u00e1j\u00e9koztat\u00e1st kaphatnak a honlapunk Kutat\u00e1s men\u00fcpontja alatt.<\/p>\n<p><span data-ccp-props=\"{&quot;335559738&quot;:240,&quot;335559739&quot;:240}\">\u00a0<\/span><\/p>\n<p style=\"text-align: justify\">Fot\u00f3k: Kov\u00e1cs Attila &#8211; Semmelweis Egyetem<\/p>\n","protected":false},"excerpt":{"rendered":"<p>&nbsp; A Semmelweis Egyetem Helyre\u00e1ll\u00edt\u00f3 Fog\u00e1szati \u00e9s Endodonciai Klinik\u00e1j\u00e1t, kor\u00e1bban ismert nev\u00e9n (Konzerv\u00e1l\u00f3 Fog\u00e1szati Klinika), 1959-ben alap\u00edtott\u00e1k \u00e9s ebben az \u00e9vben kezdte meg oktat\u00f3 tev\u00e9kenys\u00e9g\u00e9t. A restaurat\u00edv fog\u00e1szat \u00e9s az endodontia olyan fogorvosi \u00e1gak, amelyek mind a fogak kem\u00e9ny sz\u00f6veteinek, mind pedig a fogb\u00e9l megbeteged\u00e9seinek diagnosztiz\u00e1l\u00e1s\u00e1val, az aj\u00e1nlott kezel\u00e9sekkel \u00e9s azok progn\u00f3zis\u00e1val foglalkoznak. Ezek az &hellip;<\/p>\n","protected":false},"author":331,"featured_media":0,"parent":0,"menu_order":1,"comment_status":"closed","ping_status":"closed","template":"","meta":{"_acf_changed":false,"footnotes":""},"categories":[],"tags":[],"class_list":["post-5","page","type-page","status-publish","hentry"],"acf":[],"_links":{"self":[{"href":"https:\/\/semmelweis.hu\/konzervalo-fogaszat\/wp-json\/wp\/v2\/pages\/5","targetHints":{"allow":["GET"]}}],"collection":[{"href":"https:\/\/semmelweis.hu\/konzervalo-fogaszat\/wp-json\/wp\/v2\/pages"}],"about":[{"href":"https:\/\/semmelweis.hu\/konzervalo-fogaszat\/wp-json\/wp\/v2\/types\/page"}],"author":[{"embeddable":true,"href":"https:\/\/semmelweis.hu\/konzervalo-fogaszat\/wp-json\/wp\/v2\/users\/331"}],"replies":[{"embeddable":true,"href":"https:\/\/semmelweis.hu\/konzervalo-fogaszat\/wp-json\/wp\/v2\/comments?post=5"}],"version-history":[{"count":11,"href":"https:\/\/semmelweis.hu\/konzervalo-fogaszat\/wp-json\/wp\/v2\/pages\/5\/revisions"}],"predecessor-version":[{"id":7300,"href":"https:\/\/semmelweis.hu\/konzervalo-fogaszat\/wp-json\/wp\/v2\/pages\/5\/revisions\/7300"}],"wp:attachment":[{"href":"https:\/\/semmelweis.hu\/konzervalo-fogaszat\/wp-json\/wp\/v2\/media?parent=5"}],"wp:term":[{"taxonomy":"category","embeddable":true,"href":"https:\/\/semmelweis.hu\/konzervalo-fogaszat\/wp-json\/wp\/v2\/categories?post=5"},{"taxonomy":"post_tag","embeddable":true,"href":"https:\/\/semmelweis.hu\/konzervalo-fogaszat\/wp-json\/wp\/v2\/tags?post=5"}],"curies":[{"name":"wp","href":"https:\/\/api.w.org\/{rel}","templated":true}]}}