{"id":4051,"date":"2019-09-17T11:08:32","date_gmt":"2019-09-17T09:08:32","guid":{"rendered":"http:\/\/semmelweis.hu\/konzervalo-fogaszat\/?page_id=4051"},"modified":"2025-08-27T22:23:02","modified_gmt":"2025-08-27T20:23:02","slug":"diplom-work-2021","status":"publish","type":"page","link":"https:\/\/semmelweis.hu\/konzervalo-fogaszat\/en\/diplom-work-2021\/","title":{"rendered":"Diploma Work"},"content":{"rendered":"<div class=\"page\" title=\"Page 1\">\n<div class=\"section\">\n<div class=\"layoutArea\">\n<div class=\"column\">\n<p style=\"text-align: justify\"><strong style=\"font-size: 1rem;text-align: left\"><em>Dr. Petra Papp<\/em> is responsible for diploma work; the students must apply to her. <br \/>\n<\/strong><strong style=\"font-size: 1rem;text-align: left\">email: <a href=\"mailto:papp.petra.iren@semmelweis.hu\">papp.petra.iren@semmelweis.hu<\/a><\/strong><\/p>\n<\/div>\n<\/div>\n<\/div>\n<\/div>\n<blockquote class=\"wp-embedded-content\" data-secret=\"yy8ZN4cUYC\"><p><a href=\"https:\/\/semmelweis.hu\/registrar\/dentistry\/thesis-related-dentistry\/\">Thesis related<\/a><\/p><\/blockquote>\n<p><iframe loading=\"lazy\" class=\"wp-embedded-content\" sandbox=\"allow-scripts\" security=\"restricted\" style=\"position: absolute; visibility: hidden;\" title=\"&#8220;Thesis related&#8221; &#8212; Registrar\u2019s Office\" src=\"https:\/\/semmelweis.hu\/registrar\/dentistry\/thesis-related-dentistry\/embed\/#?secret=N5PBCOlYU9#?secret=yy8ZN4cUYC\" data-secret=\"yy8ZN4cUYC\" width=\"600\" height=\"338\" frameborder=\"0\" marginwidth=\"0\" marginheight=\"0\" scrolling=\"no\"><\/iframe><\/p>\n<p>Deadline for submitting the thesis: February 15 of the given academic year.<\/p>\n<ul style=\"list-style-type: square\">\n<li><a href=\"https:\/\/semmelweis.hu\/konzervalo-fogaszat\/files\/2021\/11\/Szakdolgozat-Konzerv\u00e1l\u00f3-Fog\u00e1szati-Klinika-2021-angol.pdf\">Diploma Work 2021<\/a><\/li>\n<li><a href=\"https:\/\/semmelweis.hu\/konzervalo-fogaszat\/files\/2021\/11\/Szakdolgozat-Konzerv\u00e1l\u00f3-Fog\u00e1szati-Klinika-2022-angol.pdf\">Diploma Work \u00a02022<\/a><\/li>\n<li><a href=\"https:\/\/semmelweis.hu\/konzervalo-fogaszat\/files\/2022\/05\/2023-E-szakdolg.pdf\">Diploma Work 2023<\/a><\/li>\n<li><a href=\"https:\/\/semmelweis.hu\/konzervalo-fogaszat\/files\/2024\/03\/2024-ENG.pdf\">Diploma Work 2024<\/a><\/li>\n<li><a href=\"https:\/\/semmelweis.hu\/konzervalo-fogaszat\/files\/2024\/12\/2025-ENG.pdf\">Diploma Work 2025<\/a><\/li>\n<li><a href=\"https:\/\/semmelweis.hu\/konzervalo-fogaszat\/files\/2025\/07\/2026-ENG.pdf\">Diploma Work 2026<\/a><\/li>\n<\/ul>\n","protected":false},"excerpt":{"rendered":"<p>Dr. Petra Papp is responsible for diploma work; the students must apply to her.<br \/>\nemail: <a href=\"mailto:papp.petra.iren@semmelweis.hu\">papp.petra.iren@semmelweis.hu<\/a><\/p>\n<p><a href=\"https:\/\/semmelweis.hu\/registrar\/dentistry\/thesis-related-dentistry\/\">Thesis related<\/a><\/p>\n<p>Deadline for submitting the thesis: February 15 of the given academic year.<\/p>\n<p><a href=\"https:\/\/semmelweis.hu\/konzervalo-fogaszat\/files\/2021\/11\/Szakdolgozat-Konzerv\u00e1l\u00f3-Fog\u00e1szati-Klinika-2021-angol.pdf\">Diploma Work 2021<\/a><br \/>\n<a href=\"https:\/\/semmelweis.hu\/konzervalo-fogaszat\/files\/2021\/11\/Szakdolgozat-Konzerv\u00e1l\u00f3-Fog\u00e1szati-Klinika-2022-angol.pdf\">Diploma Work \u00a02022<\/a><br \/>\n<a href=\"https:\/\/semmelweis.hu\/konzervalo-fogaszat\/files\/2022\/05\/2023-E-szakdolg.pdf\">Diploma Work 2023<\/a><br \/>\n<a href=\"https:\/\/semmelweis.hu\/konzervalo-fogaszat\/files\/2024\/03\/2024-ENG.pdf\">Diploma Work 2024<\/a><br \/>\n<a href=\"https:\/\/semmelweis.hu\/konzervalo-fogaszat\/files\/2024\/12\/2025-ENG.pdf\">Diploma Work 2025<\/a><br \/>\n<a href=\"https:\/\/semmelweis.hu\/konzervalo-fogaszat\/files\/2025\/07\/2026-ENG.pdf\">Diploma Work 2026<\/a><\/p>\n","protected":false},"author":122,"featured_media":0,"parent":0,"menu_order":0,"comment_status":"closed","ping_status":"closed","template":"","meta":{"_acf_changed":false,"footnotes":""},"categories":[],"tags":[],"class_list":["post-4051","page","type-page","status-publish","hentry"],"acf":[],"_links":{"self":[{"href":"https:\/\/semmelweis.hu\/konzervalo-fogaszat\/wp-json\/wp\/v2\/pages\/4051","targetHints":{"allow":["GET"]}}],"collection":[{"href":"https:\/\/semmelweis.hu\/konzervalo-fogaszat\/wp-json\/wp\/v2\/pages"}],"about":[{"href":"https:\/\/semmelweis.hu\/konzervalo-fogaszat\/wp-json\/wp\/v2\/types\/page"}],"author":[{"embeddable":true,"href":"https:\/\/semmelweis.hu\/konzervalo-fogaszat\/wp-json\/wp\/v2\/users\/122"}],"replies":[{"embeddable":true,"href":"https:\/\/semmelweis.hu\/konzervalo-fogaszat\/wp-json\/wp\/v2\/comments?post=4051"}],"version-history":[{"count":11,"href":"https:\/\/semmelweis.hu\/konzervalo-fogaszat\/wp-json\/wp\/v2\/pages\/4051\/revisions"}],"predecessor-version":[{"id":7473,"href":"https:\/\/semmelweis.hu\/konzervalo-fogaszat\/wp-json\/wp\/v2\/pages\/4051\/revisions\/7473"}],"wp:attachment":[{"href":"https:\/\/semmelweis.hu\/konzervalo-fogaszat\/wp-json\/wp\/v2\/media?parent=4051"}],"wp:term":[{"taxonomy":"category","embeddable":true,"href":"https:\/\/semmelweis.hu\/konzervalo-fogaszat\/wp-json\/wp\/v2\/categories?post=4051"},{"taxonomy":"post_tag","embeddable":true,"href":"https:\/\/semmelweis.hu\/konzervalo-fogaszat\/wp-json\/wp\/v2\/tags?post=4051"}],"curies":[{"name":"wp","href":"https:\/\/api.w.org\/{rel}","templated":true}]}}