{"id":4,"date":"2012-02-03T14:35:59","date_gmt":"2012-02-03T13:35:59","guid":{"rendered":"http:\/\/semmelweis-egyetem.hu\/konzervalo-fogaszat\/?page_id=4"},"modified":"2024-03-22T13:38:54","modified_gmt":"2024-03-22T12:38:54","slug":"elerhetoseg","status":"publish","type":"page","link":"https:\/\/semmelweis.hu\/konzervalo-fogaszat\/elerhetoseg\/","title":{"rendered":"El\u00e9rhet\u0151s\u00e9g"},"content":{"rendered":"<p>1088 Budapest, Szentkir\u00e1lyi u. 47.<br \/>\nTel: 459-1500<\/p>\n<p>A Klinika postai c\u00edme: 1085, Budapest \u00dcll\u0151i \u00fat 26. <br \/>\nA bizalmas illetve szem\u00e9lyes adatokat tartalmaz\u00f3 leveleket &#8222;bizalmas&#8221; illeve &#8222;sk&#8221; jel\u00f6l\u00e9ssel kell ell\u00e1tni, k\u00fcl\u00f6nben a K\u00f6zponti Post\u00e1z\u00f3ban a k\u00fcldem\u00e9ny felbont\u00e1sra ker\u00fcl!<\/p>\n<p>\n<!-- iframe plugin v.4.9 wordpress.org\/plugins\/iframe\/ -->\n<iframe loading=\"lazy\" src=\"https:\/\/maps.google.hu\/maps?q=Szentkir%C3%A1lyi+u.+47.&#038;hl=hu&#038;ie=UTF8&#038;sll=47.161138,19.505837&#038;sspn=3.951592,9.854736&#038;hnear=1088+Budapest,+VIII.+ker%C3%BClet,+Szentkir%C3%A1lyi+utca+47&#038;t=m&#038;hq=&#038;z=14&#038;iwloc=A&#038;ll=47.48863,19.066504&#038;output=embed\" width=\"100%\" height=\"350\" scrolling=\"yes\" class=\"iframe-class\" frameborder=\"0\"><\/iframe>\n<br \/>\n<small><a href=\"https:\/\/maps.google.hu\/maps?q=Szentkir%C3%A1lyi+u.+47.&amp;hl=hu&amp;ie=UTF8&amp;sll=47.161138,19.505837&amp;sspn=3.951592,9.854736&amp;hnear=1088+Budapest,+VIII.+ker%C3%BClet,+Szentkir%C3%A1lyi+utca+47&amp;t=m&amp;hq=&amp;z=14&amp;iwloc=A&amp;ll=47.48863,19.066504&amp;source=embed\">Nagyobb t\u00e9rk\u00e9pre v\u00e1lt\u00e1s<\/a><\/small><\/p>\n","protected":false},"excerpt":{"rendered":"<p>1088 Budapest, Szentkir\u00e1lyi u. 47.<br \/>\nTel: 459-1500<br \/>\nA Klinika postai c\u00edme: 1085, Budapest \u00dcll\u0151i \u00fat 26.<br \/>\nA bizalmas illetve szem\u00e9lyes adatokat tartalmaz\u00f3 leveleket &#8222;bizalmas&#8221; illeve &#8222;sk&#8221; jel\u00f6l\u00e9ssel kell ell\u00e1tni, k\u00fcl\u00f6nben a K\u00f6zponti Post\u00e1z\u00f3ban a k\u00fcldem\u00e9ny felbont\u00e1sra ker\u00fcl!<\/p>\n<p><a href=\"https:\/\/maps.google.hu\/maps?q=Szentkir%C3%A1lyi+u.+47.&amp;hl=hu&amp;ie=UTF8&amp;sll=47.161138,19.505837&amp;sspn=3.951592,9.854736&amp;hnear=1088+Budapest,+VIII.+ker%C3%BClet,+Szentkir%C3%A1lyi+utca+47&amp;t=m&amp;hq=&amp;z=14&amp;iwloc=A&amp;ll=47.48863,19.066504&amp;source=embed\">Nagyobb t\u00e9rk\u00e9pre v\u00e1lt\u00e1s<\/a><\/p>\n","protected":false},"author":331,"featured_media":0,"parent":0,"menu_order":8,"comment_status":"closed","ping_status":"closed","template":"","meta":{"_acf_changed":false,"footnotes":""},"categories":[],"tags":[],"class_list":["post-4","page","type-page","status-publish","hentry"],"acf":[],"_links":{"self":[{"href":"https:\/\/semmelweis.hu\/konzervalo-fogaszat\/wp-json\/wp\/v2\/pages\/4","targetHints":{"allow":["GET"]}}],"collection":[{"href":"https:\/\/semmelweis.hu\/konzervalo-fogaszat\/wp-json\/wp\/v2\/pages"}],"about":[{"href":"https:\/\/semmelweis.hu\/konzervalo-fogaszat\/wp-json\/wp\/v2\/types\/page"}],"author":[{"embeddable":true,"href":"https:\/\/semmelweis.hu\/konzervalo-fogaszat\/wp-json\/wp\/v2\/users\/331"}],"replies":[{"embeddable":true,"href":"https:\/\/semmelweis.hu\/konzervalo-fogaszat\/wp-json\/wp\/v2\/comments?post=4"}],"version-history":[{"count":9,"href":"https:\/\/semmelweis.hu\/konzervalo-fogaszat\/wp-json\/wp\/v2\/pages\/4\/revisions"}],"predecessor-version":[{"id":7214,"href":"https:\/\/semmelweis.hu\/konzervalo-fogaszat\/wp-json\/wp\/v2\/pages\/4\/revisions\/7214"}],"wp:attachment":[{"href":"https:\/\/semmelweis.hu\/konzervalo-fogaszat\/wp-json\/wp\/v2\/media?parent=4"}],"wp:term":[{"taxonomy":"category","embeddable":true,"href":"https:\/\/semmelweis.hu\/konzervalo-fogaszat\/wp-json\/wp\/v2\/categories?post=4"},{"taxonomy":"post_tag","embeddable":true,"href":"https:\/\/semmelweis.hu\/konzervalo-fogaszat\/wp-json\/wp\/v2\/tags?post=4"}],"curies":[{"name":"wp","href":"https:\/\/api.w.org\/{rel}","templated":true}]}}