{"id":1907,"date":"2015-11-19T09:56:40","date_gmt":"2015-11-19T08:56:40","guid":{"rendered":"http:\/\/semmelweis.hu\/konzervalo-fogaszat\/?page_id=1907"},"modified":"2025-10-21T10:11:22","modified_gmt":"2025-10-21T08:11:22","slug":"pacienseinknek","status":"publish","type":"page","link":"https:\/\/semmelweis.hu\/konzervalo-fogaszat\/pacienseinknek\/","title":{"rendered":"\u00c1ltal\u00e1nos inform\u00e1ci\u00f3k"},"content":{"rendered":"<h4><a href=\"https:\/\/semmelweis.hu\/konzervalo-fogaszat\/files\/2020\/06\/110655scr_8f2abebabb05dd0.jpg\"><img loading=\"lazy\" decoding=\"async\" class=\"size-medium wp-image-4601 alignright\" src=\"https:\/\/semmelweis.hu\/konzervalo-fogaszat\/files\/2020\/06\/110655scr_8f2abebabb05dd0-200x300.jpg\" alt=\"\" width=\"200\" height=\"300\" srcset=\"https:\/\/semmelweis.hu\/konzervalo-fogaszat\/files\/2020\/06\/110655scr_8f2abebabb05dd0-200x300.jpg 200w, https:\/\/semmelweis.hu\/konzervalo-fogaszat\/files\/2020\/06\/110655scr_8f2abebabb05dd0.jpg 600w\" sizes=\"auto, (max-width: 200px) 100vw, 200px\" \/><\/a>Bejelentkez\u00e9s:<\/h4>\n<p>Budapest, Szentkir\u00e1lyi utca 47. f\u00f6ldszint, Betegfelv\u00e9tel<\/p>\n<h4>Rendel\u00e9s id\u0151pontja:<\/h4>\n<p>h\u00e9tf\u0151-p\u00e9ntek, 08.00 \u2013 15.30<\/p>\n<p><strong>Beutal\u00f3 nem sz\u00fcks\u00e9ges. A hozz\u00e1nk jelentkez\u0151ket el\u0151zetesen az Or\u00e1lis Diagnosztikai Tansz\u00e9ken vizsg\u00e1lj\u00e1k meg \u00e9s sz\u00fcks\u00e9g eset\u00e9n utalj\u00e1k a Helyre\u00e1ll\u00edt\u00f3 Fog\u00e1szati \u00e9s Endodonciai Klinik\u00e1ra.<\/strong><\/p>\n<div class=\"keretes w-100\">\n<h4>BEJELENTKEZ\u00c9SHEZ k\u00e9rj\u00fck, hozza mag\u00e1val:<\/h4>\n<ul style=\"list-style-type: square\">\n<li>\u00e9rv\u00e9nyes TAJ k\u00e1rty\u00e1j\u00e1t<\/li>\n<li>szem\u00e9lyi igazolv\u00e1ny\u00e1t<\/li>\n<li>lakc\u00edm k\u00e1rty\u00e1j\u00e1t.<\/li>\n<\/ul>\n<\/div>\n<hr \/>\n<h4>Klinik\u00e1nkon az al\u00e1bbi felt\u00e9telekkel t\u00f6rt\u00e9nik a kezel\u00e9s:<\/h4>\n<ul style=\"list-style-type: square\">\n<li>Klinik\u00e1nkon a fog\u00e1szati kezel\u00e9st<strong> egyetemi hallgat\u00f3k<\/strong> v\u00e9gzik, orvosi fel\u00fcgyelet mellett.<\/li>\n<li><strong>P\u00e1cienseink kezel\u00e9se gyakorlatok keret\u00e9ben t\u00f6rt\u00e9nik<\/strong>, egy teljes kezel\u00e9s t\u00f6bb gyakorlatot is ig\u00e9nybe vehet.<\/li>\n<li>A kezel\u00e9sek sor\u00e1n k\u00e9sz\u00fclt felv\u00e9telek (pl. fot\u00f3k, hang-, \u00e9s vide\u00f3felv\u00e9telek, melyeken a p\u00e1ciens nem felismerhet\u0151) \u00e9s diagnosztikus seg\u00e9deszk\u00f6z\u00f6k (pl. r\u00f6ntgenfelv\u00e9telek)\u00a0a Klinika tulajdon\u00e1t k\u00e9pezik \u00e9s oktat\u00e1si c\u00e9lokra, valamint tudom\u00e1nyos publik\u00e1ci\u00f3khoz n\u00e9v n\u00e9lk\u00fcl felhaszn\u00e1lhat\u00f3k.<\/li>\n<li data-wp-editing=\"1\">A hallgat\u00f3k \u00e1ltal v\u00e9gzett kezel\u00e9sek t\u00e9r\u00edt\u00e9smentesek, de a k\u00f6zben k\u00e9sz\u00fclt technikai munk\u00e1k d\u00edjk\u00f6telesek (korona, bet\u00e9t, csap), illetve meghat\u00e1rozott esetekben a fogtechnikai d\u00edj mellett \u00fa.n. &#8222;klinikai hozz\u00e1j\u00e1rul\u00e1s&#8221; is fizetend\u0151.<\/li>\n<li>Telefonon nem \u00e1ll m\u00f3dunkban id\u0151pontot adni, a hallgat\u00f3i gyakorlatokra beker\u00fcl\u00e9s felt\u00e9tele egy el\u0151zetes fog\u00e1szati felm\u00e9r\u00e9s, amit klinik\u00e1nkon a felv\u00e9teles orvos v\u00e9gez el.<\/li>\n<li><strong>A berendel\u00e9si list\u00e1ra t\u00f6rt\u00e9n\u0151 felv\u00e9tel azt jelenti, hogy neve felker\u00fclt a hallgat\u00f3k \u00e1ltal kezelend\u0151 betegek k\u00f6z\u00e9. A list\u00e1n l\u00e9v\u0151 betegek visszah\u00edv\u00e1sa nem csak a jelentkez\u00e9s idej\u00e9nek, hanem az oktat\u00e1si szempontok figyelembev\u00e9tel\u00e9vel is t\u00f6rt\u00e9nik, alapvet\u0151en a hallgat\u00f3k\u00a0kapacit\u00e1s\u00e1nak megfelel\u0151en. A berendel\u00e9si list\u00e1ra val\u00f3 felv\u00e9tel nem garant\u00e1lja a gyakorlatokra val\u00f3 t\u00e9nyleges beker\u00fcl\u00e9st. <\/strong><\/li>\n<li><strong>A Klinik\u00e1nak nincsen ter\u00fcleti ell\u00e1t\u00e1si k\u00f6telezetts\u00e9ge.\u00a0<\/strong>A speci\u00e1lis ell\u00e1t\u00e1sra \u00e9rkez\u0151 betegekt\u0151l beutal\u00f3t k\u00e9r\u00fcnk.<\/li>\n<li>A kezel\u00e9sek megkezd\u00e9se el\u0151tt minden esetben <em>Anamn\u00e9zis lapot<\/em> \u00e9s <em>Beleegyez\u0151 nyilatkozatot<\/em> sz\u00fcks\u00e9ges kit\u00f6lteni. (A mintap\u00e9ld\u00e1nyok al\u00e1bb olvashat\u00f3k.)<\/li>\n<\/ul>\n<h4>ENDODONCIAI SZAKELL\u00c1T\u00c1S &#8211; MAGAS TECHNIKAI NEH\u00c9ZS\u00c9G\u0170 ESETEK ELL\u00c1T\u00c1SA<span data-ccp-props=\"{&quot;134233117&quot;:false,&quot;134233118&quot;:false,&quot;134245418&quot;:true,&quot;134245529&quot;:true,&quot;335559738&quot;:319,&quot;335559739&quot;:319}\">\u00a0<\/span><\/h4>\n<ul style=\"list-style-type: square\">\n<li><span data-contrast=\"auto\">Az olyan esetek, amelyek kivitelez\u00e9se <\/span><b><span data-contrast=\"auto\">magas technikai neh\u00e9zs\u00e9g\u0171nek<\/span><\/b><span data-contrast=\"auto\"> sz\u00e1m\u00edtanak (a <\/span><b><i><span data-contrast=\"auto\">40\/2023. (IX. 21.) BM rendeletben<\/span><\/i><\/b><span data-contrast=\"auto\"> meghat\u00e1rozottak szerint) nagyobb gyakorlati felk\u00e9sz\u00fclts\u00e9get, k\u00fcl\u00f6nleges eszk\u00f6zfelszerelts\u00e9get \u00e9s mikroszk\u00f3pot ig\u00e9nyelnek<\/span><span data-ccp-props=\"{&quot;134233117&quot;:false,&quot;134233118&quot;:false,&quot;335559738&quot;:0,&quot;335559739&quot;:0}\">\u00a0<\/span><\/li>\n<li><span data-contrast=\"auto\">Ezek azok az esetek, amelyek:\u00a0<\/span><span data-ccp-props=\"{&quot;134233117&quot;:false,&quot;134233118&quot;:false,&quot;335559738&quot;:0,&quot;335559739&quot;:0}\">\u00a0<\/span>\n<ul style=\"list-style-type: square\">\n<li><span data-contrast=\"auto\">komplex t\u00fcnetegy\u00fcttest mutatnak, neh\u00e9z a differenci\u00e1l diagn\u00f3zis fel\u00e1ll\u00edt\u00e1sa<\/span><span data-ccp-props=\"{&quot;134233117&quot;:false,&quot;134233118&quot;:false,&quot;335559738&quot;:0,&quot;335559739&quot;:0}\">\u00a0<\/span><\/li>\n<li><span data-contrast=\"auto\">azok a fogak, amelyek anat\u00f3mi\u00e1ja jelent\u0151s elt\u00e9r\u00e9st mutat a norm\u00e1list\u00f3l, extr\u00e9m m\u00e9rt\u00e9k\u0171 a gy\u00f6k\u00e9rg\u00f6rb\u00fclete, az \u00e1tlagt\u00f3l elt\u00e9r\u0151 magasabb sz\u00e1m\u00fa gy\u00f6k\u00e9rrel\/gy\u00f6k\u00e9rcsatorn\u00e1val rendelkeznek, a gy\u00f6k\u00e9rcsatorna eloszlik, vagy besz\u0171k\u00fclt<\/span><span data-ccp-props=\"{&quot;134233117&quot;:false,&quot;134233118&quot;:false,&quot;335559738&quot;:0,&quot;335559739&quot;:0}\">\u00a0<\/span><\/li>\n<li><span data-contrast=\"auto\">bizonyos megbeteged\u00e9sek (nyitott gy\u00f6k\u00e9rcs\u00facs, kiterjedt gy\u00f6k\u00e9rcs\u00facsi felsz\u00edv\u00f3d\u00e1s, k\u00fcls\u0151\/bels\u0151 felsz\u00edv\u00f3d\u00e1s (resorptio))<\/span><span data-ccp-props=\"{&quot;134233117&quot;:false,&quot;134233118&quot;:false,&quot;335559738&quot;:0,&quot;335559739&quot;:0}\">\u00a0<\/span><\/li>\n<li><span data-contrast=\"auto\">kor\u00e1bban megkezdett gy\u00f6k\u00e9rkezel\u00e9sek sor\u00e1n kialakult komplik\u00e1ci\u00f3k (\u00e1l\u00fat k\u00e9pz\u0151d\u00e9s, perfor\u00e1ci\u00f3, bet\u00f6rt m\u0171szer)<\/span><span data-ccp-props=\"{&quot;134233117&quot;:false,&quot;134233118&quot;:false,&quot;335559738&quot;:0,&quot;335559739&quot;:0}\">\u00a0<\/span><\/li>\n<li><span data-contrast=\"auto\">koronai restaur\u00e1tum alatti jelent\u0151s tengelyelt\u00e9r\u00e9s szint\u00e9n a magas technikai neh\u00e9zs\u00e9g\u0171 eseteknek sz\u00e1m\u00edtanak.\u00a0<\/span><span data-ccp-props=\"{&quot;335551550&quot;:6,&quot;335551620&quot;:6,&quot;335559731&quot;:360}\">\u00a0<\/span><\/li>\n<\/ul>\n<\/li>\n<li><span data-contrast=\"auto\">A magas technikai neh\u00e9zs\u00e9g\u0171 gy\u00f6k\u00e9rkezel\u00e9s <\/span><b><span data-contrast=\"auto\">a NEAK \u00e1ltal nem t\u00e1mogatott beavatkoz\u00e1s<\/span><\/b><span data-contrast=\"auto\">.\u00a0<\/span><span data-ccp-props=\"{&quot;134233117&quot;:false,&quot;134233118&quot;:false,&quot;335559738&quot;:0,&quot;335559739&quot;:0}\">\u00a0<\/span><\/li>\n<li><span data-contrast=\"auto\">A kezel\u00e9s a Semmelweis Eg\u00e9szs\u00e9g\u00fcgyi Szolg\u00e1ltat\u00f3 Kft. <a href=\"https:\/\/semmelweispremium.hu\/szakteruleteink\/fogaszati-ellatas\/fogaszati-ellatas-endodonciai-klinika\">Semmelweis Premium szolg\u00e1ltat\u00e1s<\/a>\u00e1n kereszt\u00fcl <\/span><b><span data-contrast=\"auto\">t\u00e9r\u00edt\u00e9s ellen\u00e9ben <\/span><\/b><span data-contrast=\"auto\">vehet\u0151 ig\u00e9nybe.\u00a0<\/span><span data-ccp-props=\"{&quot;134233117&quot;:false,&quot;134233118&quot;:false,&quot;335559738&quot;:0,&quot;335559739&quot;:0}\">\u00a0<\/span><\/li>\n<li><strong>Az ell\u00e1t\u00e1sra jelentkezni \u00e9s id\u0151pontot foglal\u00e1s:<\/strong>\n<ul style=\"list-style-type: square\">\n<li><span data-olk-copy-source=\"MessageBody\">Semmelweis Premium \u00dcgyf\u00e9lszolg\u00e1lat: +36 1 550 7007<\/span><\/li>\n<li><a href=\"https:\/\/medicall.cc\/idopontfoglalas\/semmelweispremium-fogaszat\/index\">Online id\u0151pontfoglal\u00e1s<\/a><\/li>\n<\/ul>\n<\/li>\n<li><span data-contrast=\"auto\">A tervezett beavatkoz\u00e1s v\u00e1rhat\u00f3 k\u00f6lts\u00e9gkalkul\u00e1ci\u00f3ja a Betegt\u00e1j\u00e9koztat\u00f3 \u00e9s Beleegyez\u0151 nyilatkozat szerves r\u00e9sz\u00e9t k\u00e9pezi, melyet a p\u00e1ciens klinik\u00e1nk betegfelv\u00e9tel\u00e9n egy el\u0151zetes vizsg\u00e1lat ut\u00e1n kap meg<\/span><span data-ccp-props=\"{&quot;134233117&quot;:false,&quot;134233118&quot;:false,&quot;335559738&quot;:0,&quot;335559739&quot;:0}\">\u00a0<\/span><\/li>\n<li><span data-contrast=\"auto\">A nyilatkozatok \u00e9s az \u00e1rlista mintap\u00e9ld\u00e1nyai al\u00e1bb tekinthet\u0151k meg<\/span><\/li>\n<\/ul>\n<div class=\"keretes w-100\">\n<h4>Anamn\u00e9zis lap\u00a0\u00e9s Beleegyez\u0151 nyilatkozat<\/h4>\n<ul style=\"list-style-type: square\">\n<li><a href=\"https:\/\/semmelweis.hu\/konzervalo-fogaszat\/files\/2024\/03\/Kerdoiv-az-altalanos-egeszsegi-allapot-felmeresehez.pdf\">K\u00e9rd\u0151\u00edv az \u00e1ltal\u00e1nos eg\u00e9szs\u00e9gi \u00e1llapot felm\u00e9r\u00e9s\u00e9hez<\/a><\/li>\n<li><a href=\"https:\/\/semmelweis.hu\/konzervalo-fogaszat\/files\/2024\/03\/Beleegyezo-nyilatkozat.pdf\">Beleegyez\u0151 nyilatkozat fogorvosi kezel\u00e9shez<\/a><\/li>\n<li><a href=\"https:\/\/semmelweis.hu\/konzervalo-fogaszat\/files\/2024\/03\/Gyokerkezelo-beleegyezes.pdf\">Betegt\u00e1j\u00e9koztat\u00f3 \u00e9s beleegyez\u0151 nyilatkozat gy\u00f6k\u00e9rkezel\u00e9s elv\u00e9gz\u00e9s\u00e9hez<\/a><\/li>\n<li><a href=\"https:\/\/semmelweis.hu\/konzervalo-fogaszat\/files\/2025\/03\/Betegtajekoztato-belegyezo-gyokerkezeleshez_Semmelweis-Premium-2025.02.07.pdf\">Betegt\u00e1j\u00e9koztat\u00f3 \u00e9s beleegyez\u0151 nyilatkozat magas technikai neh\u00e9zs\u00e9g\u0171 gy\u00f6k\u00e9rkezel\u00e9s elv\u00e9gz\u00e9s\u00e9hez<\/a><\/li>\n<li><a href=\"https:\/\/semmelweispremium.hu\/araink\/fogaszati-ellatas\">Semmelweis Premium \u00e1rlista<\/a><\/li>\n<\/ul>\n<\/div>\n<div>\u00a0<\/div>\n<div>\u00a0<\/div>\n<div>\n<p><a href=\"https:\/\/semmelweis.hu\/konzervalo-fogaszat\/files\/2021\/11\/HAZIREND.pdf\"><b>J\u00c1R\u00d3BETEG T\u00c1J\u00c9KOZTAT\u00d3 &#8211; H\u00c1ZIREND<\/b><\/a><\/p>\n<div><strong>A\u00a0Helyre\u00e1ll\u00edt\u00f3 Fog\u00e1szati \u00e9s Endodonciai Klinika betegjogi k\u00e9pvisel\u0151je:<\/strong><\/div>\n<div>Dr. Lengyel Ingrid <br \/>\nbetegjogi k\u00e9pvisel\u0151<br \/>\nTelefon: +36\/20\/4899-609<br \/>\ne-mail c\u00edm: <a href=\"mailto:ingrid.lengyel@ijb.emmi.gov.hu\">ingrid.lengyel@ijsz.bm.gov.hu<\/a><\/div>\n<div>\u00a0<\/div>\n<div><em>A betegjogi k\u00e9pvisel\u0151 az eg\u00e9szs\u00e9g\u00fcgyi int\u00e9zm\u00e9nyt\u0151l f\u00fcggetlen szem\u00e9ly, az Integr\u00e1lt Jogv\u00e9delmi Szolg\u00e1lat munkat\u00e1rsa.<\/em><\/div>\n<\/div>\n<div>\u00a0<\/div>\n<div>Fot\u00f3: Kov\u00e1cs Attila &#8211; Semmelweis Egyetem<\/div>\n","protected":false},"excerpt":{"rendered":"<p><a href=\"https:\/\/semmelweis.hu\/konzervalo-fogaszat\/files\/2020\/06\/110655scr_8f2abebabb05dd0.jpg\"><\/a> Bejelentkez\u00e9s: Budapest, Szentkir\u00e1lyi utca 47. f\u00f6ldszint, Betegfelv\u00e9tel Rendel\u00e9s id\u0151pontja: h\u00e9tf\u0151-p\u00e9ntek, 08.00 \u2013 15.30 Beutal\u00f3 nem sz\u00fcks\u00e9ges. A hozz\u00e1nk jelentkez\u0151ket el\u0151zetesen az Or\u00e1lis Diagnosztikai Tansz\u00e9ken vizsg\u00e1lj\u00e1k meg \u00e9s sz\u00fcks\u00e9g eset\u00e9n utalj\u00e1k a Helyre\u00e1ll\u00edt\u00f3 Fog\u00e1szati \u00e9s Endodonciai Klinik\u00e1ra. BEJELENTKEZ\u00c9SHEZ k\u00e9rj\u00fck, hozza mag\u00e1val: \u00e9rv\u00e9nyes TAJ k\u00e1rty\u00e1j\u00e1t szem\u00e9lyi igazolv\u00e1ny\u00e1t lakc\u00edm k\u00e1rty\u00e1j\u00e1t. Klinik\u00e1nkon az al\u00e1bbi felt\u00e9telekkel t\u00f6rt\u00e9nik a kezel\u00e9s: Klinik\u00e1nkon &hellip;<\/p>\n","protected":false},"author":122,"featured_media":5597,"parent":0,"menu_order":0,"comment_status":"closed","ping_status":"closed","template":"","meta":{"_acf_changed":false,"footnotes":""},"categories":[],"tags":[],"class_list":["post-1907","page","type-page","status-publish","has-post-thumbnail","hentry"],"acf":[],"_links":{"self":[{"href":"https:\/\/semmelweis.hu\/konzervalo-fogaszat\/wp-json\/wp\/v2\/pages\/1907","targetHints":{"allow":["GET"]}}],"collection":[{"href":"https:\/\/semmelweis.hu\/konzervalo-fogaszat\/wp-json\/wp\/v2\/pages"}],"about":[{"href":"https:\/\/semmelweis.hu\/konzervalo-fogaszat\/wp-json\/wp\/v2\/types\/page"}],"author":[{"embeddable":true,"href":"https:\/\/semmelweis.hu\/konzervalo-fogaszat\/wp-json\/wp\/v2\/users\/122"}],"replies":[{"embeddable":true,"href":"https:\/\/semmelweis.hu\/konzervalo-fogaszat\/wp-json\/wp\/v2\/comments?post=1907"}],"version-history":[{"count":13,"href":"https:\/\/semmelweis.hu\/konzervalo-fogaszat\/wp-json\/wp\/v2\/pages\/1907\/revisions"}],"predecessor-version":[{"id":7573,"href":"https:\/\/semmelweis.hu\/konzervalo-fogaszat\/wp-json\/wp\/v2\/pages\/1907\/revisions\/7573"}],"wp:featuredmedia":[{"embeddable":true,"href":"https:\/\/semmelweis.hu\/konzervalo-fogaszat\/wp-json\/wp\/v2\/media\/5597"}],"wp:attachment":[{"href":"https:\/\/semmelweis.hu\/konzervalo-fogaszat\/wp-json\/wp\/v2\/media?parent=1907"}],"wp:term":[{"taxonomy":"category","embeddable":true,"href":"https:\/\/semmelweis.hu\/konzervalo-fogaszat\/wp-json\/wp\/v2\/categories?post=1907"},{"taxonomy":"post_tag","embeddable":true,"href":"https:\/\/semmelweis.hu\/konzervalo-fogaszat\/wp-json\/wp\/v2\/tags?post=1907"}],"curies":[{"name":"wp","href":"https:\/\/api.w.org\/{rel}","templated":true}]}}