{"id":190,"date":"2013-02-04T18:15:19","date_gmt":"2013-02-04T17:15:19","guid":{"rendered":"http:\/\/semmelweis-egyetem.hu\/konzervalo-fogaszat\/?page_id=190"},"modified":"2025-09-02T13:53:43","modified_gmt":"2025-09-02T11:53:43","slug":"hausordnung","status":"publish","type":"page","link":"https:\/\/semmelweis.hu\/konzervalo-fogaszat\/de\/deutsch\/hausordnung\/","title":{"rendered":"Hausordnung f\u00fcr Studenten"},"content":{"rendered":"<p><strong>Hausordnung f\u00fcr Studenten an der Klinik f\u00fcr Restaurative Zahnheilkunde und Endodontologie der Semmelweis Universit\u00e4t<\/strong><\/p>\n<p>Die wichtigste Zielstellung der Semmelweis Universit\u00e4t und der Klinik f\u00fcr Restaurative Zahnheilkunde und Endodontologie als medizinisches Lehrinstitut ist es allen B\u00fcrgern, die eine Behandlung in Anspruch nehmen, eine entsprechende Qualit\u00e4t, konstante Erreichbarkeit und eine gleichwertige Behandlung, bzw. Unterricht anzubieten.\u00a0 Am Institut f\u00fcr Zahnheilkunde erfolgt die Aneignung der F\u00e4cher in kleinen Gruppen im Rahmen des praktischen Unterrichts, in denen die Studenten selbst\u00e4ndig zahn\u00e4rztliche Arbeiten anfertigen.\u00a0 Dabei werden die Studenten von den Zahn\u00e4rzten der Klinik betreut und tatkr\u00e4ftig Unterst\u00fctzt. Diese speziellen Umst\u00e4nde bed\u00fcrfen der Regelung der Patientenbehandlung durch die Studenten.<br \/>\nDie folgenden, in der Hausordnung formulierten Ziele und Grundlagen dienen als Hilfestellung f\u00fcr die im Gesundheitswesen arbeitenden Studenten. Diese sollen ihnen beim Lernen und Behandeln helfen, sie geben Ratschl\u00e4ge f\u00fcr den Umgang mit den Patienten, bzw. f\u00fcr ein partnerschaftliches Zusammenarbeiten mit dem Klinikpersonal. Die Einhaltung und Befolgung der Hausordnung spiegelt sich in der praktischen Note wider, die am Ende des Semesters vom Praktikumsleiter erteilt wird.<\/p>\n<p><strong>Einstellung<\/strong><\/p>\n<p>\u2022 Die Studenten sollen p\u00fcnktlich, mit einem gepflegten, von einem Arzt zu erwartenden, ordentlichen \u00c4u\u00dferes und in zugekn\u00f6pftem wei\u00dfen Kittel erscheinen. Die Teilnahme am Praktikum ist ausschlie\u00dflich im Studentenkittel m\u00f6glich. Lange Haare sollten zusammengebunden werden. Ma\u00dfnahmen zur Infektionskontrolle sind von gr\u00f6\u00dfter Bedeutung (Schmuck unter den Gummihandschuhen, auff\u00e4lliger Nagellack!).<br \/>\n\u2022 W\u00e4hrend der Behandlungen sind Essen, Kaugummis,\u00a0 Benutzung eines Mobiltelefons und laute Privatgespr\u00e4che untersagt.<br \/>\n\u2022 Das Semester wird anerkannt, wenn der Praktikumsleiter die Leistung mit einer zwei oder einer besseren praktischen Note bewertet.\u00a0 Diese Note muss w\u00e4hrend der Vorlesungszeit erreicht werden.\u00a0 Zum Nachholen vers\u00e4umte Praktika besteht keine M\u00f6glichkeit.<br \/>\n\u2022 W\u00e4hrend des Semesters sind maximal 3 Fehlstunden erlaubt, bei mehr Fehlstunden wird das Halbjahr nicht anerkannt.<\/p>\n<p>Der Student soll motiviert und flei\u00dfig sein. In dem Bewusstsein, dass er sich w\u00e4hrend des klinischen Praktikums auf seine Berufung vorbereitet, soll er jede M\u00f6glichkeit nutzen, bereits erworbenes Fachwissen zu vertiefen.<\/p>\n<p><strong>Vorbereitung<\/strong><\/p>\n<p>\u2022 Der Student soll \u00fcber eine aktuelle Dokumentation und einen gut \u00fcberlegten Behandlungsplan bez\u00fcglich des Patienten verf\u00fcgen.<br \/>\nDie erste Behandlung umfasst jeweils die Aufnahme der allgemeinen und zahn\u00e4rztlichen Anamnese, eine Munduntersuchung, eine Mundhygiene optimierende Beratung und die Aufstellung des Behandlungsplanes. Mit Aussnahme der Schmerzpatienten wird im Folgenden der Zahnstein entfernt und anschlie\u00dfend eine professionelle Zahnreinigung\u00a0 durchgef\u00fchrt.<br \/>\nDa die Sanierung h\u00e4ufig an mehreren Kliniken gleichzeitig stattfindet, muss sich der Student mithilfe seines Praktikumsleiters darum k\u00fcmmern, diese mit seiner eigenen Arbeit abzustimmen.<\/p>\n<p>\u2022 Es ist erw\u00fcnscht, den theoretischen Hintergrund des geplanten Eingriffes zu kennen. Des Weiteren soll sich der Student \u00fcber jeden Behandlungsschritt im Klaren sein; ist dies nicht der Fall, ist die Behandlung untersagt!<br \/>\n\u2022 Der Stoff der begleitenden Vorlesungen ist stets aufzuarbeiten und kann jederzeit sowohl schriftlich als auch m\u00fcndlich abgefragt werden.<\/p>\n<p><strong>Kommunikation mit den Patienten<\/strong><\/p>\n<p>\u2022 Der Student ist selbst f\u00fcr seine Patiententermine zust\u00e4ndig.<\/p>\n<p>\u2022 Um das Patientenmanagement zu optimieren, sollen dem Patienten die Namen und Handynummern des ihn behandelnden Studenten und des Praktikumsleiters bekannt sein.<br \/>\nEs zweckm\u00e4\u00dfig, diese f\u00fcr den Patienten aufzuschreiben, zusammen mit dem Datum des n\u00e4chsten Termins, einschl. der Uhrzeit, bzw. die Nummer des Behandlungszimmers.<br \/>\nWir sollen den Patienten auch darauf aufmerksam machen, dass er sich bei der Registrierung in die zust\u00e4ndige Klinik zuweisen, bzw. am Computer anmelden lassen soll.\u00a0 Zur gleichen Zeit soll sich der Student die Erreichbarkeit seines Patienten geben lassen, um ihn im Falle einer \u00c4nderung rechtzeitig benachrichtigen zu k\u00f6nnen.<br \/>\nEine Behandlung darf nur bei Patienten erfolgen, die sich an der Rezeption am Computer registrieren lie\u00dfen. Der Student soll sich davon vor dem Beginn der Behandlung \u00fcberzeugen.<\/p>\n<p>Dem Patienten muss nahegelegt werden, dass das Einhalten der vereinbarten Termine grundlegend ist.\u00a0 Dies ist sowohl im Interesse des Patienten als auch des Studenten, da Versp\u00e4tungen oder Fernbleiben ohne Abmeldung die Arbeit des Studenten hindern. In solchen F\u00e4llen bem\u00fcht man sich, einen anderen Patienten zu verst\u00e4ndigen.<\/p>\n<p>Die Unterweisung und Motivierung der Patienten ist von gro\u00dfer Bedeutung.<\/p>\n<p>\u2022 F\u00fcr eine gr\u00fcndliche Aufkl\u00e4rung, f\u00fcr die Erl\u00e4uterung der Eingriffe und des Behandlungsablaufes sowie die Schilderung eventueller Komplikationen soll gen\u00fcgend Zeit investiert werden.<br \/>\n\u2022 Der Student ist verpflichtet sich am Ende des Semesters um die noch notwendige Weiterbehandlung seines Patienten zu k\u00fcmmern. (Weiterbehandlung durch sich selbst im n\u00e4chsten Semester, Behandlung im Sommerpraktikum oder \u2013 nach Absprache mit dem Patienten\u00a0 \u2013 \u00dcbergabe an einen Kollegen).<\/p>\n<p><strong>Infektionskontrolle<br \/>\n<\/strong><br \/>\n\u2022 Das Tragen von Mundmasken und Handschuhen ist w\u00e4hrend der Behandlung verpflichtend. Diese werden von der Klinik zur Verf\u00fcgung gestellt.\u00a0 Da die Anzahl der Brillen und Gesichtsschutzschilde an der Klinik begrenzt ist, empfiehlt es sich, eigene zu besorgen. Turbinen und Depuratoren d\u00fcrfen nicht ohne Augenschutz gehandhabt werden!<br \/>\nZur Behandlung erh\u00e4lt der Student ein steril verpacktes Instrumentenset.\u00a0 Die Papierverpackung ist in den M\u00fclleimer mit der schwarzen M\u00fcllt\u00fcte und Beschriftung \u201eKommun\u00e1lis szem\u00e9t\u201c zu entsorgen.<\/p>\n<p>Zur Behandlung soll der Student alles dem Behandlungsplan entsprechend vorbereiten.\u00a0 Die ben\u00f6tigten Verbrauchsmaterialien und Instrumente m\u00fcssen ggf. von den Assistentinnen verlangt werden.\u00a0 Wegen hygienischen Vorschriften darf keiner, au\u00dfer den Assistentinnen, den Schrank und die Schubladen \u00f6ffnen.<\/p>\n<p>\u2022 Die Oberfl\u00e4che des Rollcontainers neben der Behandlungseinheit soll als Ablage f\u00fcr Verbrauchsmaterialien verwendet werden (z.B. f\u00fcr Nadeln oder Nierenschalen bei der Abdrucknahme.)\u00a0 Das darunterliegende Regal dient zur Aufbewahrung von pers\u00f6nlichen Gegenst\u00e4nden des Studenten, bzw. der Patientenakte, w\u00e4hrend das Unterste vom Patienten in Anspruch genommen werden kann.\u00a0 (Es soll darauf hingewiesen werden, dass Jacken, Regenschirme und gr\u00f6\u00dfere Taschen der Patienten\u00a0 in der Garderobe abzugeben sind.)<br \/>\n\u2022 Mobiltelefone, Computer und Patientenakten d\u00fcrfen nicht mit Gummihandschuhen, sondern nur ohne Handschuhe und mit sauberen H\u00e4nden\u00a0 angefasst werden.<br \/>\n\u2022 Watterollen, Kofferdam Gummis und sonstige mit Blut und Speichel kontaminierte Materialien (Masken, Handschuhe) m\u00fcssen als Sonderm\u00fcll behandelt und im daf\u00fcr vorgesehenen und mit Beschriftung \u201eVesz\u00e9lyes hullad\u00e9k\u201c gekennzeichneten M\u00fclleimer entsorgt werden.<\/p>\n<p>Zur Nadelmessaufnahme w\u00e4hrend einer endodontischen Behandlung soll der Patient vom Student und dem Praktikumsleiter begleitet werden.\u00a0 Die ben\u00f6tigten Instrumente werden auf einem abgedeckten Tablett mitgenommen.\u00a0\u00a0 Aus hygienischen Gr\u00fcnden darf die T\u00fcrklinke entweder ohne Handschuhe oder nur mit einem Papiertuch angefasst werden.\u00a0 Die R\u00f6ntgenaufnahme f\u00e4llt in den T\u00e4tigkeitsbereich des Praktikumsleiters.\u00a0 Der Student soll sich jedoch \u00fcber die Methode der Nadelkontrollaufnahme und deren Ziel bewusst sein. Bei der Vorbereitung der R\u00f6ntgenaufnahme hat er dem Praktikumsleiter Hilfe zu leisten.<\/p>\n<p>\u2022 Der Arbeitsplatz ist vom Studenten stets ordentlich und sauber zu halten. Die Vorschriften der Infektionskontrolle f\u00fcr das Gesundheitspersonal (Infektionsprotokoll) sind einzuhalten!<br \/>\n\u2022 Um Verletzungen vorzubeugen m\u00fcssen die Aufs\u00e4tze nach der Verwendung aus den Handst\u00fccken entfernt und auf den Instrumententisch gelegt werden.<br \/>\nZu entsorgende scharfe, spitze Gegenst\u00e4nde (Nadeln, Spritzen) d\u00fcrfen nur in eine als Sonderabfall beschriftete Hartschalenbox\u00a0 kommen, um bei M\u00fcllabfuhr, Reinigung sp\u00e4tere Verletzungen\u00a0 zu vermeiden.<\/p>\n<p><strong>Praktische Ausf\u00fchrung<\/strong><\/p>\n<p>\u2022 In unserer Klinik wird die liegende, vierh\u00e4ndige Behandlungsweise gelehrt. Um dies zu gew\u00e4hrleisten arbeiten die Studenten in Paaren.<br \/>\nDa sowohl die \u00c4rzte- als auch die Assistentent\u00e4tigkeiten angeeignet werden sollen, m\u00fcssen die Studenten f\u00fcr eine korrekte Zeiteinteilung unter sich sorgen.<br \/>\n\u2022 Grundvoraussetzung sind die Kenntnisse der Instrumente\u00a0 und der Materialien, der Indikationen deren Anwendung, deren Vorbereitung und richtiger Handhabung.<br \/>\n\u2022 Die Studenten m\u00fcssen die Materialnamen, deren Zusammensetzung und die Gebrauchsanweisung f\u00fcr eine korrekte Anwendung kennen.<br \/>\n\u2022 Eine wirtschaftliche Verwendung der Materialien ist erw\u00fcnscht.<br \/>\nEbenso wichtig ist der r\u00fccksichtsvolle Umgang mit den zahn\u00e4rztlichen Instrumenten. Ihre Besch\u00e4digung ist zu vermeiden.\u00a0 Ist etwas heruntergefallen, zerbrochen, oder verbogen, soll der Student nicht davor zur\u00fcckschrecken, es den Assistentinnen zu melden.<br \/>\n\u2022 Der Student ist verpflichtet vor Behandlungsbeginn, am Ende bestimmter Arbeitsphasen (wie z.B.: Pr\u00e4paration, Isolation, Applikation von Matrizen, usw.) und am Ende der Behandlung mit seinem Praktikumsleiter zu konsultieren und ihm die Arbeit zu zeigen.<\/p>\n<p>\u2022 Der Patient darf nicht ohne die Erlaubnis des Praktikumsleiters entlassen werden!<br \/>\n\u2022 Der Student soll sich bem\u00fchen, die Behandlung nach seinem besten medizinischen Wissensstand durchzuf\u00fchren.<br \/>\nDer Student soll sich bem\u00fchen, die zur Behandlung notwendige Zeit einzusch\u00e4tzen und die zeitlichen Grenzen einzuhalten.\u00a0\u00a0 Die Arbeit ist 10-15 Min. vor Praktikumsschluss zu beenden.<br \/>\n\u2022 Die Entwicklung des Studenten w\u00e4hrend des Semester, deren Richtung und Rate sind f\u00fcr die Praktikumsnote entscheidend.<\/p>\n<p><strong>Administration<\/strong><\/p>\n<p>\u2022 Bei der Erstanmeldung f\u00fcllt der Patient einen Anamnesebogen und eine Einwilligungserkl\u00e4rung aus, die er mit seiner Unterschrift best\u00e4tigt.<br \/>\n\u2022 Die zur Patientenbehandlung n\u00f6tigen Daten und die Eingriffe sind<br \/>\nstets in der Patientenkartei zu vermerken, und m\u00fcssen vom Praktikumsleiter attestiert werden.<br \/>\n\u2022 Eine Einweisung zur R\u00f6ntgenaufnahme soll nicht nur\u00a0digital sondern auch in Papierformat ausgestellt werden. Die R\u00f6ntgenabteilung befindet sich im\u00a0 Stock 3.<\/p>\n<p>\n<strong> Einhaltung der Praktikumszeit<\/strong><\/p>\n<p>\n\u2022 Der Behandlungsablauf in der Patientenkartei wird vom Praktikumsleiter chronologisch und l\u00fcckenlos \u00fcberpr\u00fcft.\u00a0 Der Mitarbeiter, dessen Aufgabe ist, nach den Praktiken die Schl\u00fcssel\u00a0 am Computer ins System einzupflegen, arbeitet aufgrund Daten der Patientenkarteien. Die Administration, die einwandfrei, l\u00fcckenlos und wahrheitsgem\u00e4\u00df<br \/>\nsein muss, ist die Grundlage f\u00fcr die Abrechnung zwischen der Klinik und der Staatlichen Gesundheitskasse OEP. Diese Administration muss in die Praktikumszeit einkalkuliert werden; dies ist der Grund warum der Student die Arbeit ca. 5-10 Minuten vorher beenden soll.<br \/>\n\u2022 Nur durch ein p\u00fcnktliches Beenden wird gew\u00e4hrleistet, dass die Helferinnen noch vor Eintreffen der n\u00e4chsten Gruppe reinigen, desinfizieren und l\u00fcften k\u00f6nnen.<\/p>\n<p>Auf dem ganzen Gebiet der Klinik f\u00fcr Zahnerhaltungskunde, also auch in den Praktikumss\u00e4len vom Stock 1. (111, 113, 114) ist es Pflicht, zu der Patientenbehandlung pers\u00f6nliche Schutzausr\u00fcstungen (Einmal-Handschuhe und Mundschutz) zu benutzen (zu tragen). Die erw\u00e4hnten Schutzausr\u00fcstungen werden von der Klinik f\u00fcr alle beteiligte Personen zur Verf\u00fcgung gestellt.<\/p>\n<p>Es ist VERBOTEN ohne pers\u00f6nliche Schutzausr\u00fcstungen Patienten zu behandeln bzw. zu assistieren.<\/p>\n<p>Wer die Regelungen der pers\u00f6nlichen Schutzausr\u00fcstungen nicht einhaltet, darf nicht an dem praktischen Unterricht bzw. Patientenbehandlung teilnehmen.<\/p>\n<p>&nbsp;<\/p>\n<p>Ich bitte Sie um die Einhaltung der Obigen und w\u00fcnsche Ihnen ein angenehmes und inhaltsreiches Praktikum an der Klinik f\u00fcr Restauratrive Zahnheilkunde und Endodontologie.<\/p>\n<p style=\"text-align: right\">\nDr. V\u00e1g J\u00e1nos<\/p>\n<p style=\"text-align: right\">Klinikdirektor<\/p>\n","protected":false},"excerpt":{"rendered":"<p>Hausordnung f\u00fcr Studenten an der Klinik f\u00fcr Restaurative Zahnheilkunde und Endodontologie der Semmelweis Universit\u00e4t Die wichtigste Zielstellung der Semmelweis Universit\u00e4t und der Klinik f\u00fcr Restaurative Zahnheilkunde und Endodontologie als medizinisches Lehrinstitut ist es allen B\u00fcrgern, die eine Behandlung in Anspruch nehmen, eine entsprechende Qualit\u00e4t, konstante Erreichbarkeit und eine gleichwertige Behandlung, bzw. Unterricht anzubieten.\u00a0 Am Institut &hellip;<\/p>\n","protected":false},"author":122,"featured_media":0,"parent":48,"menu_order":3,"comment_status":"closed","ping_status":"closed","template":"","meta":{"_acf_changed":false,"footnotes":""},"categories":[],"tags":[],"class_list":["post-190","page","type-page","status-publish","hentry"],"acf":[],"_links":{"self":[{"href":"https:\/\/semmelweis.hu\/konzervalo-fogaszat\/wp-json\/wp\/v2\/pages\/190","targetHints":{"allow":["GET"]}}],"collection":[{"href":"https:\/\/semmelweis.hu\/konzervalo-fogaszat\/wp-json\/wp\/v2\/pages"}],"about":[{"href":"https:\/\/semmelweis.hu\/konzervalo-fogaszat\/wp-json\/wp\/v2\/types\/page"}],"author":[{"embeddable":true,"href":"https:\/\/semmelweis.hu\/konzervalo-fogaszat\/wp-json\/wp\/v2\/users\/122"}],"replies":[{"embeddable":true,"href":"https:\/\/semmelweis.hu\/konzervalo-fogaszat\/wp-json\/wp\/v2\/comments?post=190"}],"version-history":[{"count":11,"href":"https:\/\/semmelweis.hu\/konzervalo-fogaszat\/wp-json\/wp\/v2\/pages\/190\/revisions"}],"predecessor-version":[{"id":6805,"href":"https:\/\/semmelweis.hu\/konzervalo-fogaszat\/wp-json\/wp\/v2\/pages\/190\/revisions\/6805"}],"up":[{"embeddable":true,"href":"https:\/\/semmelweis.hu\/konzervalo-fogaszat\/wp-json\/wp\/v2\/pages\/48"}],"wp:attachment":[{"href":"https:\/\/semmelweis.hu\/konzervalo-fogaszat\/wp-json\/wp\/v2\/media?parent=190"}],"wp:term":[{"taxonomy":"category","embeddable":true,"href":"https:\/\/semmelweis.hu\/konzervalo-fogaszat\/wp-json\/wp\/v2\/categories?post=190"},{"taxonomy":"post_tag","embeddable":true,"href":"https:\/\/semmelweis.hu\/konzervalo-fogaszat\/wp-json\/wp\/v2\/tags?post=190"}],"curies":[{"name":"wp","href":"https:\/\/api.w.org\/{rel}","templated":true}]}}