{"id":123,"date":"2012-09-11T10:48:15","date_gmt":"2012-09-11T08:48:15","guid":{"rendered":"http:\/\/semmelweis-egyetem.hu\/konzervalo-fogaszat\/?page_id=123"},"modified":"2022-05-31T10:55:54","modified_gmt":"2022-05-31T08:55:54","slug":"met","status":"publish","type":"page","link":"https:\/\/semmelweis.hu\/konzervalo-fogaszat\/met\/","title":{"rendered":"MET"},"content":{"rendered":"<p><span style=\"font-size: 18pt\"><em><span style=\"color: #000000\"><strong>Magyar Endodontiai T\u00e1rsas\u00e1g<\/strong><\/span><\/em><\/span><\/p>\n<p><a href=\"https:\/\/semmelweis.hu\/konzervalo-fogaszat\/files\/2015\/06\/MET_fejleces_jellap.docx\">Jelentkez\u00e9si lap let\u00f6lt\u00e9se<\/a><\/p>\n<p><span style=\"font-size: 14pt\"><b><i>A Magyar Endodontiai T\u00e1rsas\u00e1g\u00a0<\/i><\/b><b><i>alapszab\u00e1lya<\/i><\/b><\/span><\/p>\n<ol>\n<li><span style=\"font-size: 12pt\"><b><i>A T\u00e1rsas\u00e1g neve:<\/i><\/b><i> Magyar Fogorvosok Egyes\u00fclet\u00e9nek Endodontiai T\u00e1rsas\u00e1ga<\/i><\/span><\/li>\n<li><span style=\"font-size: 12pt\"><b><i>A T\u00e1rsas\u00e1g neve r\u00f6viden: <\/i><\/b><i>Magyar Endodontiai T\u00e1rsas\u00e1g (MET)<\/i><\/span><\/li>\n<li><span style=\"font-size: 12pt\"><b><i>A T\u00e1rsas\u00e1g neve angolul:<\/i><\/b><i> Hungarian Society of Endodontology<\/i><\/span><\/li>\n<li><span style=\"font-size: 12pt\"><b><i>A T\u00e1rsas\u00e1g neve n\u00e9met\u00fcl: <\/i><\/b><i>Ungarische Gesellschaft f\u00fcr Endodontologie<\/i><\/span><\/li>\n<li><span style=\"font-size: 12pt\"><b><i>A T\u00e1rsas\u00e1g neve franci\u00e1ul: <\/i><\/b><i>Soci\u00e9t\u00e9 Hongroise d\u2019Endodontie<\/i><\/span><\/li>\n<li><span style=\"font-size: 12pt\"><b><i>A MET m\u0171k\u00f6d\u00e9si ter\u00fclete: <\/i><\/b><i>Magyarorsz\u00e1g<\/i><b><i><br \/>\n<span class=\"Apple-converted-space\">\u00a0 \u00a0 \u00a0 <\/span>sz\u00e9khelye: <\/i><\/b><i>1088 Budapest, Szentkir\u00e1lyi u. 47.<\/i><\/span><\/li>\n<\/ol>\n<p><span style=\"font-size: 12pt\"><b><i>levelez\u00e9si c\u00edme:<\/i><\/b><i> a MET mindenkori eln\u00f6k\u00e9nek, illetve titk\u00e1r\u00e1nak levelez\u00e9si c\u00edme<\/i><\/span><\/p>\n<ol start=\"7\">\n<li><span style=\"font-size: 12pt\"><b><i>A MET A Magyar Fogorvosok Egyes\u00fclet\u00e9nek (MFE) alapszab\u00e1ly\u00e1ban megfogalmazott c\u00e9lkit\u0171z\u00e9sekkel \u00e9s szakmai alapelvekkel \u00f6sszhangban, mint endodontiai szakir\u00e1ny\u00fa szervez\u0151d\u00e9s, \u00f6n\u00e1ll\u00f3 jogi szem\u00e9lyis\u00e9ggel \u00e9s gazd\u00e1lkod\u00e1ssal rendelkez\u0151, saj\u00e1t alapszab\u00e1lya alapj\u00e1n az egyes\u00fcl\u00e9si jogr\u00f3l sz\u00f3l\u00f3 1989. \u00e9vi II. t\u00f6rv\u00e9ny rendelkez\u00e9sei szerint m\u0171k\u00f6dik.<\/i><\/b><\/span><\/li>\n<\/ol>\n<p><span style=\"font-size: 12pt\"><b><i>A MET c\u00e9lja \u00e9s tev\u00e9kenys\u00e9ge:<\/i><\/b><\/span><\/p>\n<ol>\n<li><span style=\"font-size: 12pt\"><i>C\u00e9lja:<br \/>\n<span class=\"Apple-converted-space\">\u00a0\u00a0 <\/span>Az endodontia hazai tev\u00e9kenys\u00e9g\u00e9nek t\u00e1mogat\u00e1sa.<br \/>\n<\/i><\/span><\/li>\n<li><span style=\"font-size: 12pt\"><i>C\u00e9lj\u00e1nak megval\u00f3s\u00edt\u00e1sa \u00e9rdek\u00e9ben az al\u00e1bbi tev\u00e9kenys\u00e9get folytatja:<br \/>\n<\/i><\/span><\/p>\n<ul>\n<li><span style=\"font-size: 12pt\"><i>t\u00e1mogatja az endodonti\u00e1val kapcsolatos kutat\u00e1st, oktat\u00e1st, tov\u00e1bbk\u00e9pz\u00e9st, szakell\u00e1t\u00e1st<\/i><\/span><\/li>\n<li><span style=\"font-size: 12pt\"><i>seg\u00edti a kezel\u00e9si elj\u00e1r\u00e1sok fejleszt\u00e9s\u00e9t, \u00faj elj\u00e1r\u00e1sok kidolgoz\u00e1s\u00e1t \u00e9s ezek elterjeszt\u00e9s\u00e9t a hazai fogbetegell\u00e1t\u00e1sban<\/i><\/span><\/li>\n<li><span style=\"font-size: 12pt\"><i>szakmai m\u00f3dszertani levelet, ismertet\u0151 anyagokat ad ki \u00e9s terjeszt<\/i><\/span><\/li>\n<li><span style=\"font-size: 12pt\"><i>tagjainak t\u00e1j\u00e9koztat\u00e1st \u00e9s aj\u00e1nl\u00e1st ad az endodonti\u00e1ban haszn\u00e1latos m\u00f3dszerekr\u0151l \u00e9s anyagokr\u00f3l<\/i><\/span><\/li>\n<li><span style=\"font-size: 12pt\"><i>kidolgozza az endodontia etikai k\u00f3dex\u00e9t<\/i><\/span><\/li>\n<li><span style=\"font-size: 12pt\"><i>feladat\u00e1nak tekinti az endodonti\u00e1val foglalkoz\u00f3k k\u00f6z\u00f6tti kapcsolattart\u00e1s megteremt\u00e9s\u00e9t \u00e9s fenntart\u00e1s\u00e1t<\/i><\/span><\/li>\n<li><span style=\"font-size: 12pt\"><i>kapcsolatot teremt a kutat\u00e1sban \u00e9s a gyakorlatban dolgoz\u00f3k k\u00f6z\u00f6tt<\/i><\/span><\/li>\n<li><span style=\"font-size: 12pt\"><i>egy\u00fcttm\u0171k\u00f6d\u00e9st alak\u00edt ki hazai, k\u00fclf\u00f6ldi \u00e9s nemzetk\u00f6zi t\u00e1rsas\u00e1gokkal<\/i><\/span><\/li>\n<li><span style=\"font-size: 12pt\"><i>v\u00e9lem\u00e9nyezi k\u00fclf\u00f6ldi gy\u00e1rtm\u00e1ny\u00fa anyagok, eszk\u00f6z\u00f6k hazai bevezet\u00e9s\u00e9t<\/i><\/span><\/li>\n<li><span style=\"font-size: 12pt\"><i>az endodonti\u00e1t \u00e9rint\u0151 vit\u00e1s k\u00e9rd\u00e9sekben szakmai tan\u00e1csad\u00f3 szerepet t\u00f6lt be<\/i><\/span><\/li>\n<li><span style=\"font-size: 12pt\"><i>szakmai rendezv\u00e9nyeket szervez.<\/i><\/span><\/li>\n<\/ul>\n<\/li>\n<\/ol>\n<p><span style=\"font-size: 12pt\"><i><\/i><b><i>A MET tagjai:<\/i><\/b><\/span><\/p>\n<ol>\n<li><span style=\"font-size: 12pt\"><i>A MET tagja lehet:<br \/>\na.) akt\u00edv tag<br \/>\nb.) tiszteletbeli tag<br \/>\nc.) p\u00e1rtol\u00f3 tag<\/i><\/span><\/li>\n<\/ol>\n<ol>\n<li style=\"list-style-type: none\">\n<ul>\n<li style=\"list-style-type: none\">\n<ol>\n<li><span style=\"font-size: 12pt\"><i>Akt\u00edv tag lehet az a k\u00f6zrem\u0171k\u00f6d\u0151 tag, aki fogszakorvosi k\u00e9pes\u00edt\u00e9ssel rendelkezik, az endodonti\u00e1t a gradu\u00e1lis fogorvosk\u00e9pz\u00e9s keret\u00e9ben oktatja, endodontiai t\u00e1rgy\u00fa kutat\u00e1st v\u00e9gez, vagy endodontiai betegs\u00e9gek kezel\u00e9s\u00e9vel foglalkozik. Az Akt\u00edv tags\u00e1g\u00e9rt a vezet\u0151s\u00e9ghez beny\u00fajtott \u00edr\u00e1sbeli k\u00e9relemmel kell folyamodni, az akt\u00edv tagg\u00e1 fogad\u00e1st a m\u00e1r akt\u00edv tagok sz\u00f3t\u00f6bbs\u00e9gi szavaz\u00e1sa d\u00f6nti el. A MET akt\u00edv tagjai minden tiszts\u00e9gre v\u00e1laszthat\u00f3k.<\/i><\/span><\/li>\n<\/ol>\n<\/li>\n<\/ul>\n<\/li>\n<\/ol>\n<ol>\n<li style=\"list-style-type: none\">\n<ul>\n<li style=\"list-style-type: none\">\n<ol start=\"2\">\n<li><span style=\"font-size: 12pt\"><i>Tiszteletbeli tag lehet az a magyar, vagy k\u00fclf\u00f6ldi \u00e1llampolg\u00e1r, aki kiemelked\u0151 szakmai tapasztalat\u00e1val, nemzetk\u00f6zi tekint\u00e9ly\u00e9vel a MET munk\u00e1j\u00e1t jelent\u0151sen seg\u00edti. Tags\u00e1g\u00e1t a k\u00f6zgy\u0171l\u00e9s hagyja j\u00f3v\u00e1, a vezet\u0151s\u00e9g javaslata alapj\u00e1n.<\/i><\/span><\/li>\n<\/ol>\n<\/li>\n<\/ul>\n<\/li>\n<\/ol>\n<ol>\n<li style=\"list-style-type: none\">\n<ul>\n<li style=\"list-style-type: none\">\n<ol start=\"3\">\n<li><span style=\"font-size: 12pt\"><i>P\u00e1rtol\u00f3 tag lehet az a magyar, vagy k\u00fclf\u00f6ldi term\u00e9szetes, vagy jogi szem\u00e9ly, aki a MET m\u0171k\u00f6d\u00e9s\u00e9hez anyagi, elvi, erk\u00f6lcsi t\u00e1mogat\u00e1st ny\u00fajt. A p\u00e1rtol\u00f3 tags\u00e1got a vezet\u0151s\u00e9g hagyja j\u00f3v\u00e1.<\/i><\/span><\/li>\n<\/ol>\n<\/li>\n<\/ul>\n<\/li>\n<\/ol>\n<p><span style=\"font-size: 12pt\"><i>2.) Az akt\u00edv tag jogai:<\/i><\/span><\/p>\n<p><span style=\"font-size: 12pt\"><i>a.) joga van a MET tev\u00e9kenys\u00e9g\u00e9ben \u00e9s rendezv\u00e9nyein r\u00e9sztvenni,<\/i><\/span><\/p>\n<p><span style=\"font-size: 12pt\"><i>b.) joga van a k\u00f6zgy\u0171l\u00e9sen tan\u00e1cskozni \u00e9s szavazni.<\/i><\/span><\/p>\n<p><span style=\"font-size: 12pt\"><i>3.) Az akt\u00edv tag k\u00f6telezetts\u00e9gei:<\/i><\/span><\/p>\n<p><span style=\"font-size: 12pt\"><i>a.) k\u00f6teles tags\u00e1gi d\u00edjat fizetni,<\/i><\/span><\/p>\n<p><span style=\"font-size: 12pt\"><i>b.) k\u00f6teles folyamatos tags\u00e1g eset\u00e9n a tagd\u00edjat \u00e9vente egyszer, m\u00e1rcius 31-ig befizetni,<\/i><\/span><\/p>\n<p><span style=\"font-size: 12pt\"><i>c.) a tag k\u00f6teles folyamatosan endodontiai munk\u00e1t v\u00e9gezni, az oktat\u00e1s, a kutat\u00e1s, vagy a betegell\u00e1t\u00e1s ter\u00fclet\u00e9n.<\/i><\/span><\/p>\n<p><span style=\"font-size: 12pt\"><i>4.) A tags\u00e1g megsz\u0171nik:<\/i><\/span><\/p>\n<p><span style=\"font-size: 12pt\"><i>a.) tags\u00e1gi d\u00edj befizet\u00e9s\u00e9nek elmarad\u00e1sa, k\u00e9tszeri felsz\u00f3l\u00edt\u00e1s ellen\u00e9re,<\/i><\/span><\/p>\n<p><span style=\"font-size: 12pt\"><i>b.) a term\u00e9szetes szem\u00e9ly elhal\u00e1loz\u00e1s\u00e1val, illetve a jogi szem\u00e9ly megsz\u0171n\u00e9s\u00e9vel,<br \/>\nc.) a MET tagjai sor\u00e1b\u00f3l val\u00f3 \u00edr\u00e1sban bejelentett kil\u00e9p\u00e9ssel, amely bejelent\u00e9st a t\u00e1rsas\u00e1g <span class=\"Apple-converted-space\">\u00a0 \u00a0 \u00a0 <\/span><br \/>\n<span class=\"Apple-converted-space\">\u00a0 \u00a0 <\/span>titk\u00e1r\u00e1hoz kell \u00edr\u00e1sban beny\u00fajtani,<br \/>\nd.) t\u00f6rl\u00e9ssel, vagy kiz\u00e1r\u00e1ssal, ha a MET c\u00e9ljainak el\u00e9r\u00e9s\u00e9t akad\u00e1lyoz\u00f3, vagy a MET tekint\u00e9ly\u00e9t <br \/>\n<span class=\"Apple-converted-space\">\u00a0 \u00a0 <\/span>rombol\u00f3 tev\u00e9kenys\u00e9get folytat, vagy ilyen kijelent\u00e9seket tesz. A kiz\u00e1r\u00e1sr\u00f3l a K\u00f6zgy\u0171l\u00e9s<span class=\"Apple-converted-space\">\u00a0 \u00a0 \u00a0 <\/span><br \/>\n<span class=\"Apple-converted-space\">\u00a0\u00a0 <\/span>hat\u00e1roz<span class=\"Apple-converted-space\">\u00a0 <\/span>az eln\u00f6ks\u00e9g el\u0151terjeszt\u00e9se alapj\u00e1n.<\/i><\/span><\/p>\n<p><span style=\"font-size: 12pt\"><b><i>A MET vezet\u0151 szervei, tiszts\u00e9gei \u00e9s tiszts\u00e9gvisel\u0151i<\/i><\/b><\/span><\/p>\n<ol>\n<li><span style=\"font-size: 12pt\"><i>A MET legf\u0151bb szerve a K\u00f6zgy\u0171l\u00e9s.<\/i><\/span><\/li>\n<\/ol>\n<ol start=\"2\">\n<li><span style=\"font-size: 12pt\"><i>A K\u00f6zgy\u0171l\u00e9s kiz\u00e1r\u00f3lagos hat\u00e1sk\u00f6r\u00e9be tartozik:<\/i><\/span><\/li>\n<\/ol>\n<ol>\n<li style=\"list-style-type: none\">\n<ul>\n<li><span style=\"font-size: 12pt\"><i>az alapszab\u00e1ly elfogad\u00e1sa \u00e9s m\u00f3dos\u00edt\u00e1sa,<\/i><\/span><\/li>\n<li><span style=\"font-size: 12pt\"><i>a vezet\u0151s\u00e9g besz\u00e1mol\u00f3j\u00e1nak megvitat\u00e1sa \u00e9s elfogad\u00e1sa,<\/i><\/span><\/li>\n<li><span style=\"font-size: 12pt\"><i>a MET eln\u00f6k\u00e9nek \u00e9s a vezet\u0151s\u00e9g tov\u00e1bbi 8 tagj\u00e1nak megv\u00e1laszt\u00e1sa,<\/i><\/span><\/li>\n<li><span style=\"font-size: 12pt\"><i>az Ellen\u0151rz\u0151 Bizotts\u00e1g tagjainak megv\u00e1laszt\u00e1sa,<\/i><\/span><\/li>\n<li><span style=\"font-size: 12pt\"><i>a Jel\u00f6l\u0151 Bizotts\u00e1g tagjainak megv\u00e1laszt\u00e1sa,<\/i><\/span><\/li>\n<li><span style=\"font-size: 12pt\"><i>a mindenkori tagd\u00edj \u00f6sszeg\u00e9nek meg\u00e1llap\u00edt\u00e1sa,<\/i><\/span><\/li>\n<li><span style=\"font-size: 12pt\"><i>tiszteletbeli tag megv\u00e1laszt\u00e1sa,<\/i><\/span><\/li>\n<li><span style=\"font-size: 12pt\"><i>a MET megsz\u0171ntet\u00e9se<\/i><\/span><\/li>\n<\/ul>\n<\/li>\n<\/ol>\n<ol start=\"3\">\n<li><span style=\"font-size: 12pt\"><i>A K\u00f6zgy\u0171l\u00e9s hat\u00e1rozatait a tagok szavazatai alapj\u00e1n, szavazatt\u00f6bbs\u00e9ggel hozza. Min\u0151s\u00edtett, k\u00e9tharmados szavazati t\u00f6bbs\u00e9g sz\u00fcks\u00e9ges az alapszab\u00e1ly m\u00f3dos\u00edt\u00e1s\u00e1hoz \u00e9s a MET megsz\u0171ntet\u00e9s\u00e9hez.<\/i><\/span><\/li>\n<\/ol>\n<ol start=\"4\">\n<li><span style=\"font-size: 12pt\"><i>Titkosan kell lebonyol\u00edtani a szavaz\u00e1st szem\u00e9lyi k\u00e9rd\u00e9sekben, illetve, ha valamely tag k\u00e9r\u00e9s\u00e9re a K\u00f6zgy\u0171l\u00e9s \u00fagy hat\u00e1roz.<\/i><\/span><\/li>\n<\/ol>\n<ol start=\"5\">\n<li><span style=\"font-size: 12pt\"><i>A K\u00f6zgy\u0171l\u00e9s hat\u00e1rozatk\u00e9pes, ha azon a szavaz\u00e1sra jogosultaknak legal\u00e1bb 50%-a + 1 f\u0151 megjelent<\/i><\/span><\/li>\n<\/ol>\n<ol start=\"6\">\n<li><span style=\"font-size: 12pt\"><i>Ha a K\u00f6zgy\u0171l\u00e9sen megjelentek l\u00e9tsz\u00e1ma nem \u00e9ri el a hat\u00e1rozatk\u00e9pess\u00e9ghez sz\u00fcks\u00e9ges minimumot, az azonos napirenddel ism\u00e9telten \u00f6sszeh\u00edvott K\u00f6zgy\u0171l\u00e9s, a megjelent tagok l\u00e9tsz\u00e1m\u00e1ra val\u00f3 tekintet n\u00e9lk\u00fcl, hat\u00e1rozatk\u00e9pes.<\/i><\/span><\/li>\n<\/ol>\n<ol start=\"7\">\n<li><span style=\"font-size: 12pt\"><i>A K\u00f6zgy\u0171l\u00e9st sz\u00fcks\u00e9g szerint, de legal\u00e1bb \u00e9vente egyszer \u00f6ssze kell h\u00edvni.<\/i><\/span><\/li>\n<\/ol>\n<ol start=\"8\">\n<li><span style=\"font-size: 12pt\"><i>A K\u00f6zgy\u0171l\u00e9s \u00f6sszeh\u00edv\u00e1s\u00e1r\u00f3l, hely\u00e9r\u0151l, idej\u00e9r\u0151l \u00e9s napirendj\u00e9r\u0151l a vezet\u0151s\u00e9g a tagokat legal\u00e1bb 10 nappal kor\u00e1bban \u00edr\u00e1sban t\u00e1j\u00e9koztatja.<\/i><\/span><\/li>\n<\/ol>\n<ol start=\"9\">\n<li><span style=\"font-size: 12pt\"><i>A tags\u00e1g egy negyed\u00e9nek \u00edr\u00e1sos k\u00e9r\u00e9s\u00e9re, rendk\u00edv\u00fcli K\u00f6zgy\u0171l\u00e9st kell \u00f6sszeh\u00edvni.<\/i><\/span><\/li>\n<\/ol>\n<ol start=\"10\">\n<li><span style=\"font-size: 12pt\"><i>A K\u00f6zgy\u0171l\u00e9sek k\u00f6z\u00f6tti id\u0151szakban a MET tev\u00e9kenys\u00e9g\u00e9t a vezet\u0151s\u00e9g ir\u00e1ny\u00edtja.<span class=\"Apple-converted-space\">\u00a0<\/span><\/i><\/span><\/li>\n<\/ol>\n<ol start=\"11\">\n<li><span style=\"font-size: 12pt\"><i>A K\u00f6zgy\u0171l\u00e9s \u00e1ltal 3 \u00e9ves id\u0151tartamra v\u00e1lasztott vezet\u0151s\u00e9g 9 tag\u00fa. Tagjai: a MET eln\u00f6ke, titk\u00e1ra \u00e9s p\u00e9nzt\u00e1rosa, valamint tov\u00e1bbi 6 tagja.<\/i><\/span><\/li>\n<\/ol>\n<ol start=\"12\">\n<li><span style=\"font-size: 12pt\"><i>A MET eln\u00f6k\u00e9t a K\u00f6zgy\u0171l\u00e9s v\u00e1lasztja meg, 3 \u00e9ves id\u0151tartamra. Az eln\u00f6ki tiszts\u00e9gre ugyanaz a szem\u00e9ly legfeljebb 2 ciklusban v\u00e1laszthat\u00f3.<\/i><\/span><\/li>\n<\/ol>\n<ol start=\"13\">\n<li><span style=\"font-size: 12pt\"><i>Az eln\u00f6k:<br \/>\n&#8211; \u00f6n\u00e1ll\u00f3an jogosult a MET k\u00e9pviselet\u00e9re,<br \/>\n&#8211; jogosult a T\u00e1rsas\u00e1g valamely vezet\u0151s\u00e9gi tagj\u00e1t a MET \u00f6n\u00e1ll\u00f3 k\u00e9pviselet\u00e9vel megb\u00edzni,<br \/>\n&#8211; a MET nev\u00e9ben al\u00e1\u00edr\u00e1si \u00e9s c\u00e9gjegyz\u00e9si joga van,<br \/>\n&#8211; vezeti a vezet\u0151s\u00e9g \u00fcl\u00e9seit,<br \/>\n&#8211; \u0151rk\u00f6dik a hat\u00e1lyos jogszab\u00e1lyok, valamint a MET alapszab\u00e1lyainak betart\u00e1sa felett,<br \/>\n&#8211; a vezet\u0151s\u00e9gi \u00fcl\u00e9seken k\u00f6teles besz\u00e1molni a megel\u0151z\u0151 id\u0151szakban v\u00e9gzett tev\u00e9kenys\u00e9g\u00e9r\u0151l.<\/i><\/span><\/li>\n<\/ol>\n<ol start=\"14\">\n<li><span style=\"font-size: 12pt\"><i>a MET titk\u00e1r\u00e1t \u00e9s p\u00e9nzt\u00e1ros\u00e1t a vezet\u0151s\u00e9g v\u00e1lasztja meg tagjai k\u00f6z\u00fcl, az eln\u00f6k javaslata alapj\u00e1n.<\/i><\/span><\/li>\n<\/ol>\n<ol start=\"15\">\n<li><span style=\"font-size: 12pt\"><i>A titk\u00e1r:<br \/>\n&#8211; az eln\u00f6k egyet\u00e9rt\u00e9s\u00e9vel int\u00e9zi a MET \u00fcgyeit,<br \/>\n&#8211; felel\u0151s a tags\u00e1g \u00e9s a vezet\u0151s\u00e9g k\u00f6z\u00f6tti kapcsolat biztos\u00edt\u00e1s\u00e1\u00e9rt,<br \/>\n&#8211; felel\u0151s a MET m\u0171k\u00f6d\u00e9s\u00e9nek dokument\u00e1l\u00e1s\u00e1\u00e9rt, a K\u00f6zgy\u0171l\u00e9sek \u00e9s a vezet\u0151s\u00e9gi \u00fcl\u00e9sek jegyz\u0151k\u00f6nyveinek elk\u00e9sz\u00edt\u00e9s\u00e9\u00e9rt.<\/i><\/span><\/li>\n<\/ol>\n<ol start=\"16\">\n<li><span style=\"font-size: 12pt\"><i>A p\u00e9nzt\u00e1ros:<br \/>\n&#8211; gondoskodik a p\u00e9nzt\u00e1r kezel\u00e9s\u00e9r\u0151l,<br \/>\n&#8211; gondoskodik a vezet\u0151s\u00e9g p\u00e9nz\u00fcgyi hat\u00e1rozatainak v\u00e9grehajt\u00e1s\u00e1r\u00f3l,<br \/>\n&#8211; gondoskodik a bev\u00e9telek \u00e9s kiad\u00e1sok teljes\u00edt\u00e9s\u00e9r\u0151l<span class=\"Apple-converted-space\">\u00a0 <\/span>\u00e9s a p\u00e9nzt\u00e1rk\u00f6nyv vezet\u00e9s\u00e9r\u0151l.<\/p>\n<p>Munk\u00e1j\u00e1t sz\u00fcks\u00e9g eset\u00e9n p\u00e9nz\u00fcgyi szakember is seg\u00edtheti, akit a MET alkalmaz, a MET vezet\u0151s\u00e9g\u00e9nek hat\u00e1rozata alapj\u00e1n \u00e9s aki a MET \u00e9ves p\u00e9nz\u00fcgyi m\u00e9rleg\u00e9t is elk\u00e9sz\u00edti.<\/i><\/span><\/li>\n<\/ol>\n<ol start=\"17\">\n<li><span style=\"font-size: 12pt\"><i>A MET p\u00e9nz\u00fcgyeinek rendszeres ellen\u0151rz\u00e9s\u00e9re a K\u00f6zgy\u0171l\u00e9s 3 tag\u00fa Ellen\u0151rz\u0151 Bizotts\u00e1got v\u00e1laszt, melynek tagjai ellen\u0151rzik a MET p\u00e9nzt\u00e1r\u00e1nak hat\u00e1lyos jogszab\u00e1lyok szerinti m\u0171k\u00f6d\u00e9s\u00e9t. Amennyiben hi\u00e1nyoss\u00e1got, vagy szab\u00e1lytalans\u00e1got \u00e9szlel, \u00fagy arr\u00f3l halad\u00e9ktalanul \u00e9rtes\u00edti a MET eln\u00f6k\u00e9t \u00e9s titk\u00e1r\u00e1t. Munk\u00e1j\u00e1r\u00f3l a K\u00f6zgy\u0171l\u00e9snek sz\u00e1mol be.<\/i><\/span><\/li>\n<\/ol>\n<ol start=\"18\">\n<li><span style=\"font-size: 12pt\"><i>A vezet\u0151s\u00e9g tagjai a MET tev\u00e9kenys\u00e9g\u00e9t ir\u00e1ny\u00edtj\u00e1k, az eln\u00f6k \u00e1ltal kijel\u00f6lt \u00e9s a vezet\u0151s\u00e9g \u00e1ltal elfogadott ter\u00fcleteken. Tev\u00e9kenys\u00e9g\u00fck hat\u00e9konys\u00e1g\u00e1nak fokoz\u00e1s\u00e1ra h\u00e1rom f\u0151s munkacsoportot vagy munkabizotts\u00e1got hozhatnak l\u00e9tre, tov\u00e1bbi tagok bevon\u00e1s\u00e1val.<\/i><\/span><\/li>\n<\/ol>\n<ol start=\"19\">\n<li><span style=\"font-size: 12pt\"><i>A vezet\u0151s\u00e9g:<br \/>\n&#8211; sz\u00fcks\u00e9g szerint, de legal\u00e1bb \u00e9vente k\u00e9tszer \u00fcl\u00e9st tart,<br \/>\n&#8211; hat\u00e1rozatk\u00e9pes, ha legal\u00e1bb 5 tagja jelen van,<br \/>\n&#8211; az \u00fcl\u00e9seket az eln\u00f6k vezeti, akad\u00e1lyoztat\u00e1sa eset\u00e9n megb\u00edzottja,<br \/>\n&#8211;<span class=\"Apple-converted-space\">\u00a0 <\/span>hat\u00e1rozatait egyszer\u0171 sz\u00f3t\u00f6bbs\u00e9ggel hozza, szavazategyenl\u0151s\u00e9g eset\u00e9n a d\u00f6nt\u00e9st az eln\u00f6k hozza, az eln\u00f6k t\u00e1volmarad\u00e1sa eset\u00e9n a levezet\u0151 eln\u00f6k, <br \/>\n&#8211; szem\u00e9lyi k\u00e9rd\u00e9sekben titkos szavaz\u00e1ssal d\u00f6nt,<br \/>\n&#8211; a K\u00f6zgy\u0171l\u00e9sek k\u00f6z\u00f6tti id\u0151szakban v\u00e9gzett munk\u00e1j\u00e1r\u00f3l t\u00e1j\u00e9koztatja a tags\u00e1got,<br \/>\n&#8211; a MET \u00e9ves p\u00e9nz\u00fcgyi terv\u00e9t \u00e9s az \u00e9ves p\u00e9nz\u00fcgyi besz\u00e1mol\u00f3t j\u00f3v\u00e1hagyja.<br \/>\n<\/i><\/span><\/li>\n<\/ol>\n<p>&nbsp;<\/p>\n<p><span style=\"font-size: 12pt\"><b><i>A MET Ellen\u0151rz\u0151 Bizotts\u00e1ga:<\/i><\/b><\/span><\/p>\n<ol>\n<li><span style=\"font-size: 12pt\"><i>Az Ellen\u0151rz\u0151 Bizotts\u00e1g a K\u00f6zgy\u0171l\u00e9s \u00e1ltal h\u00e1rom \u00e9vre v\u00e1lasztott 3 tagb\u00f3l \u00e1ll.<\/i><\/span><\/li>\n<\/ol>\n<ol start=\"2\">\n<li><span style=\"font-size: 12pt\"><i>Az Ellen\u0151rz\u0151 Bizotts\u00e1g<\/i><\/span><\/li>\n<\/ol>\n<ol>\n<li style=\"list-style-type: none\">\n<ul>\n<li><span style=\"font-size: 12pt\"><i>munk\u00e1j\u00e1t a bizotts\u00e1g eln\u00f6ke ir\u00e1ny\u00edtja, akit a bizotts\u00e1gi tagok maguk k\u00f6z\u00fcl v\u00e1lasztanak,<\/i><\/span><\/li>\n<li><span style=\"font-size: 12pt\"><i>ellen\u0151rzi a MET gazd\u00e1lkod\u00e1s\u00e1t \u00e9s arr\u00f3l jelent\u00e9st k\u00e9sz\u00edt a K\u00f6zgy\u0171l\u00e9s r\u00e9sz\u00e9re,<span class=\"Apple-converted-space\">\u00a0<\/span><\/i><\/span><\/li>\n<li><span style=\"font-size: 12pt\"><i>tev\u00e9kenys\u00e9g\u00e9nek szab\u00e1lyait maga \u00e1llap\u00edtja meg,<\/i><\/span><\/li>\n<li><span style=\"font-size: 12pt\"><i>hat\u00e1rozatait sz\u00f3t\u00f6bbs\u00e9ggel hozza.<\/i><\/span><\/li>\n<\/ul>\n<\/li>\n<\/ol>\n<p><span style=\"font-size: 12pt\"><b><i>A MET vagyona:<\/i><\/b><\/span><\/p>\n<ol>\n<li><span style=\"font-size: 12pt\"><i>A MET vagyona a tagd\u00edjakb\u00f3l, a k\u00fcl\u00f6nb\u00f6z\u0151 forr\u00e1sokb\u00f3l sz\u00e1rmaz\u00f3 t\u00e1mogat\u00e1sokb\u00f3l, saj\u00e1t tev\u00e9kenys\u00e9g\u00e9vel kapcsolatos egy\u00e9b bev\u00e9telekb\u0151l \u00e9s a MET vagyon\u00e1nak hozad\u00e9kaib\u00f3l tev\u0151dik \u00f6ssze.<\/i><\/span><\/li>\n<\/ol>\n<ol start=\"2\">\n<li><span style=\"font-size: 12pt\"><i>A MET kiad\u00e1sai a m\u0171k\u00f6d\u00e9si k\u00f6lts\u00e9gek, a rendezv\u00e9nyek k\u00f6lts\u00e9gei, tiszteletd\u00edjak, jutalmak \u00e9s egy\u00e9b kiad\u00e1sok.<\/i><\/span><\/li>\n<\/ol>\n<ol start=\"3\">\n<li><span style=\"font-size: 12pt\"><i>A MET a t\u00e1rsadalmi szervezetekre vonatkoz\u00f3 gazd\u00e1lkod\u00e1si \u00e9s vagyonkezel\u00e9si jogszab\u00e1lyok el\u0151\u00edr\u00e1sainak megfelel\u0151 rend szerinti \u00e9ves p\u00e9nz\u00fcgyi terv\u00e9t \u00e9s a besz\u00e1mol\u00f3t a vezet\u0151s\u00e9g hagyja j\u00f3v\u00e1.<\/i><\/span><\/li>\n<\/ol>\n<p><span style=\"font-size: 12pt\"><b><i>A MET megsz\u0171n\u00e9se:<\/i><\/b><\/span><\/p>\n<p><span style=\"font-size: 12pt\"><i>A MET megsz\u0171nik:<\/i><\/span><\/p>\n<p><span style=\"font-size: 12pt\"><i>&#8211; ha feloszlat\u00e1s\u00e1t a K\u00f6zgy\u0171l\u00e9s k\u00e9tharmados t\u00f6bbs\u00e9ggel megszavazza,<br \/>\n&#8211; ha m\u00e1s egyes\u00fclettel egyes\u00fcl, a K\u00f6zgy\u0171l\u00e9s k\u00e9tharmados t\u00f6bbs\u00e9ggel hozott szavazata alapj\u00e1n,<br \/>\n&#8211; ha a fel\u00fcgyel\u0151 szerve, a Magyar K\u00f6zt\u00e1rsas\u00e1g, \u00e1llami, t\u00e1rsadalmi vagy gazdas\u00e1gi rendj\u00e9t, illetve a tagok \u00e9rdek\u00e9t s\u00e9rt\u0151 vagy vesz\u00e9lyeztet\u0151 m\u0171k\u00f6d\u00e9se miatt feloszlatja.<br \/>\n<\/i><\/span><\/p>\n<p><span style=\"font-size: 12pt\"><i><\/i><b><i>Z\u00c1R\u00d3 RENDELKEZ\u00c9SEK<\/i><\/b><\/span><\/p>\n<ol>\n<li><span style=\"font-size: 12pt\"><i>Azokban a k\u00e9rd\u00e9sekben, amelyekr\u0151l az Alapszab\u00e1ly nem rendelkezik, a Polg\u00e1ri T\u00f6rv\u00e9nyk\u00f6nyv vonatkoz\u00f3 rendelkez\u00e9sei \u00e9s az egyes\u00fcl\u00e9si jogr\u00f3l sz\u00f3l\u00f3 1989. \u00e9vi II. t\u00f6rv\u00e9ny rendelkez\u00e9sei az ir\u00e1nyad\u00f3k.<\/i><\/span><\/li>\n<\/ol>\n<ol start=\"2\">\n<li><span style=\"font-size: 12pt\"><i>A Magyar Fogorvosok Egyes\u00fclete Endodontiai T\u00e1rsas\u00e1g\u00e1nak alapszab\u00e1ly\u00e1t a K\u00f6zgy\u0171l\u00e9s egyhang\u00fa hat\u00e1rozattal elfogadta.<\/i><\/span><\/li>\n<\/ol>\n<p><span style=\"font-size: 12pt\"><i>Kelt: Budapest, 2022. \u00e1prilis 26-\u00e1n<\/i><\/span><\/p>\n<p><span style=\"font-size: 12pt\"><i>Dr. Komora P\u00e9ter<br \/>\n<\/i><\/span><span style=\"font-size: 12pt\"><i>eln\u00f6k<\/i><\/span><\/p>\n","protected":false},"excerpt":{"rendered":"<p>Magyar Endodontiai T\u00e1rsas\u00e1g <a href=\"https:\/\/semmelweis.hu\/konzervalo-fogaszat\/files\/2015\/06\/MET_fejleces_jellap.docx\">Jelentkez\u00e9si lap let\u00f6lt\u00e9se<\/a> A Magyar Endodontiai T\u00e1rsas\u00e1g\u00a0alapszab\u00e1lya A T\u00e1rsas\u00e1g neve: Magyar Fogorvosok Egyes\u00fclet\u00e9nek Endodontiai T\u00e1rsas\u00e1ga A T\u00e1rsas\u00e1g neve r\u00f6viden: Magyar Endodontiai T\u00e1rsas\u00e1g (MET) A T\u00e1rsas\u00e1g neve angolul: Hungarian Society of Endodontology A T\u00e1rsas\u00e1g neve n\u00e9met\u00fcl: Ungarische Gesellschaft f\u00fcr Endodontologie A T\u00e1rsas\u00e1g neve franci\u00e1ul: Soci\u00e9t\u00e9 Hongroise d\u2019Endodontie A MET m\u0171k\u00f6d\u00e9si ter\u00fclete: Magyarorsz\u00e1g \u00a0 \u00a0 \u00a0 sz\u00e9khelye: &hellip;<\/p>\n","protected":false},"author":122,"featured_media":0,"parent":0,"menu_order":8,"comment_status":"open","ping_status":"closed","template":"","meta":{"_acf_changed":false,"footnotes":""},"categories":[],"tags":[],"class_list":["post-123","page","type-page","status-publish","hentry"],"acf":[],"_links":{"self":[{"href":"https:\/\/semmelweis.hu\/konzervalo-fogaszat\/wp-json\/wp\/v2\/pages\/123","targetHints":{"allow":["GET"]}}],"collection":[{"href":"https:\/\/semmelweis.hu\/konzervalo-fogaszat\/wp-json\/wp\/v2\/pages"}],"about":[{"href":"https:\/\/semmelweis.hu\/konzervalo-fogaszat\/wp-json\/wp\/v2\/types\/page"}],"author":[{"embeddable":true,"href":"https:\/\/semmelweis.hu\/konzervalo-fogaszat\/wp-json\/wp\/v2\/users\/122"}],"replies":[{"embeddable":true,"href":"https:\/\/semmelweis.hu\/konzervalo-fogaszat\/wp-json\/wp\/v2\/comments?post=123"}],"version-history":[{"count":8,"href":"https:\/\/semmelweis.hu\/konzervalo-fogaszat\/wp-json\/wp\/v2\/pages\/123\/revisions"}],"predecessor-version":[{"id":6646,"href":"https:\/\/semmelweis.hu\/konzervalo-fogaszat\/wp-json\/wp\/v2\/pages\/123\/revisions\/6646"}],"wp:attachment":[{"href":"https:\/\/semmelweis.hu\/konzervalo-fogaszat\/wp-json\/wp\/v2\/media?parent=123"}],"wp:term":[{"taxonomy":"category","embeddable":true,"href":"https:\/\/semmelweis.hu\/konzervalo-fogaszat\/wp-json\/wp\/v2\/categories?post=123"},{"taxonomy":"post_tag","embeddable":true,"href":"https:\/\/semmelweis.hu\/konzervalo-fogaszat\/wp-json\/wp\/v2\/tags?post=123"}],"curies":[{"name":"wp","href":"https:\/\/api.w.org\/{rel}","templated":true}]}}