{"id":1136,"date":"2015-02-15T17:30:25","date_gmt":"2015-02-15T16:30:25","guid":{"rendered":"http:\/\/semmelweis.hu\/konzervalo-fogaszat\/?page_id=1136"},"modified":"2025-09-02T13:34:52","modified_gmt":"2025-09-02T11:34:52","slug":"1136-2","status":"publish","type":"page","link":"https:\/\/semmelweis.hu\/konzervalo-fogaszat\/oktatas\/1136-2\/","title":{"rendered":"Rektori p\u00e1ly\u00e1zat t\u00e9m\u00e1k"},"content":{"rendered":"<p><strong>D\u00edjazott rektori p\u00e1ly\u00e1zatok<\/strong><\/p>\n<table style=\"border-collapse: collapse;width: 100%\">\n<tbody>\n<tr>\n<td style=\"width: 20%;text-align: center\">V\u00e9d\u00e9s \u00e9ve<\/td>\n<td style=\"width: 20%;text-align: center\">Rektori p\u00e1lyamunka c\u00edme<\/td>\n<td style=\"width: 20%;text-align: center\">T\u00e9mavezet\u0151<\/td>\n<td style=\"width: 20%;text-align: center\">T\u00e9mavezet\u0151<\/td>\n<td style=\"width: 10%;text-align: center\">Hallgat\u00f3<\/td>\n<td style=\"width: 10%;text-align: center\">D\u00edj<\/td>\n<\/tr>\n<tr>\n<td style=\"width: 20%;text-align: center\">2015<\/td>\n<td style=\"width: 20%;text-align: center\" width=\"639\">Hum\u00e1n gingiva mikrocirkul\u00e1ci\u00f3j\u00e1nak vizsg\u00e1lata, k\u00fcl\u00f6n\u00f6s tekintettel a mukogongiv\u00e1lis seb\u00e9szetre<\/td>\n<td style=\"width: 20%;text-align: center\">Prof. V\u00e1g J\u00e1nos<\/td>\n<td style=\"width: 20%;text-align: center\">\u00a0<\/td>\n<td style=\"width: 10%;text-align: center\" width=\"212\">Mikecs Barbara, Cs\u00e1nyi P\u00e9ter<\/td>\n<td style=\"width: 10%;text-align: center\" width=\"64\">I.d\u00edj<\/td>\n<\/tr>\n<tr>\n<td style=\"width: 20%;text-align: center\">2019<\/td>\n<td style=\"width: 20%;text-align: center\" width=\"639\">Fognyaki keresztmetszet meghat\u00e1roz\u00e1sa Cone Beam CT felv\u00e9telek seg\u00edts\u00e9g\u00e9vel az implant\u00e1tum k\u00f6r\u00fcli emergence profile kialak\u00edt\u00e1s\u00e1hoz.\u00a0<\/td>\n<td style=\"width: 20%;text-align: center\">Prof. V\u00e1g J\u00e1nos<\/td>\n<td style=\"width: 20%;text-align: center\">\u00a0<\/td>\n<td style=\"width: 10%;text-align: center\" width=\"212\">Pusk\u00e1s Fanni, Z\u00e1modics M\u00e1t\u00e9<\/td>\n<td style=\"width: 10%;text-align: center\" width=\"64\">rektori dics\u00e9ret<\/td>\n<\/tr>\n<tr>\n<td style=\"width: 20%;text-align: center\">2019<\/td>\n<td style=\"width: 20%;text-align: center\" width=\"639\">A palatum morfol\u00f3gi\u00e1j\u00e1nak h\u00e1rom dimenzi\u00f3s vizsg\u00e1lata sz\u00e1jszkennerrel<\/td>\n<td style=\"width: 20%;text-align: center\">Prof. V\u00e1g J\u00e1nos<\/td>\n<td style=\"width: 20%;text-align: center\">Dr. Simon Botond<\/td>\n<td style=\"width: 10%;text-align: center\" width=\"212\">Lipt\u00e1k Klaudia, Lipt\u00e1k Laura<\/td>\n<td style=\"width: 10%;text-align: center\" width=\"64\">rektori dics\u00e9ret<\/td>\n<\/tr>\n<tr>\n<td style=\"width: 20%;text-align: center\">2022<\/td>\n<td style=\"width: 20%;text-align: center\">Endot\u00e9lf\u00fcgg\u0151 \u00e9s endot\u00e9lf\u00fcggetlen<br \/>\nvazodilat\u00e1ci\u00f3 a hum\u00e1n gingiv\u00e1ban<\/td>\n<td style=\"width: 20%;text-align: center\">Prof. V\u00e1g J\u00e1nos<\/td>\n<td style=\"width: 20%;text-align: center\">Dr. Mikecs Barbara<\/td>\n<td style=\"width: 10%;text-align: center\">Nagy Tam\u00e1s<\/td>\n<td style=\"width: 10%;text-align: center\">I. d\u00edj<\/td>\n<\/tr>\n<tr>\n<td style=\"width: 20%;text-align: center\">2022<\/td>\n<td style=\"width: 20%;text-align: center\">A testszimmetria m\u00e9r\u00e9s\u00e9nek \u00faj<br \/>\nlehet\u0151s\u00e9ge \u00e9s szerepe az ikrek<br \/>\nvizsg\u00e1lat\u00e1ban<\/td>\n<td style=\"width: 20%;text-align: center\">Prof. V\u00e1g J\u00e1nos<\/td>\n<td style=\"width: 20%;text-align: center\">Dr. Simon Botond<\/td>\n<td style=\"width: 10%;text-align: center\">P\u00e1l Adrienn<\/td>\n<td style=\"width: 10%;text-align: center\">rektori d\u00edcs\u00e9ret<\/td>\n<\/tr>\n<\/tbody>\n<\/table>\n","protected":false},"excerpt":{"rendered":"<p>D\u00edjazott rektori p\u00e1ly\u00e1zatok V\u00e9d\u00e9s \u00e9ve Rektori p\u00e1lyamunka c\u00edme T\u00e9mavezet\u0151 T\u00e9mavezet\u0151 Hallgat\u00f3 D\u00edj 2015 Hum\u00e1n gingiva mikrocirkul\u00e1ci\u00f3j\u00e1nak vizsg\u00e1lata, k\u00fcl\u00f6n\u00f6s tekintettel a mukogongiv\u00e1lis seb\u00e9szetre Prof. V\u00e1g J\u00e1nos \u00a0 Mikecs Barbara, Cs\u00e1nyi P\u00e9ter I.d\u00edj 2019 Fognyaki keresztmetszet meghat\u00e1roz\u00e1sa Cone Beam CT felv\u00e9telek seg\u00edts\u00e9g\u00e9vel az implant\u00e1tum k\u00f6r\u00fcli emergence profile kialak\u00edt\u00e1s\u00e1hoz.\u00a0 Prof. V\u00e1g J\u00e1nos \u00a0 Pusk\u00e1s Fanni, Z\u00e1modics M\u00e1t\u00e9 rektori &hellip;<\/p>\n","protected":false},"author":331,"featured_media":0,"parent":112,"menu_order":6,"comment_status":"closed","ping_status":"closed","template":"","meta":{"_acf_changed":false,"footnotes":""},"categories":[],"tags":[],"class_list":["post-1136","page","type-page","status-publish","hentry"],"acf":[],"_links":{"self":[{"href":"https:\/\/semmelweis.hu\/konzervalo-fogaszat\/wp-json\/wp\/v2\/pages\/1136","targetHints":{"allow":["GET"]}}],"collection":[{"href":"https:\/\/semmelweis.hu\/konzervalo-fogaszat\/wp-json\/wp\/v2\/pages"}],"about":[{"href":"https:\/\/semmelweis.hu\/konzervalo-fogaszat\/wp-json\/wp\/v2\/types\/page"}],"author":[{"embeddable":true,"href":"https:\/\/semmelweis.hu\/konzervalo-fogaszat\/wp-json\/wp\/v2\/users\/331"}],"replies":[{"embeddable":true,"href":"https:\/\/semmelweis.hu\/konzervalo-fogaszat\/wp-json\/wp\/v2\/comments?post=1136"}],"version-history":[{"count":10,"href":"https:\/\/semmelweis.hu\/konzervalo-fogaszat\/wp-json\/wp\/v2\/pages\/1136\/revisions"}],"predecessor-version":[{"id":7251,"href":"https:\/\/semmelweis.hu\/konzervalo-fogaszat\/wp-json\/wp\/v2\/pages\/1136\/revisions\/7251"}],"up":[{"embeddable":true,"href":"https:\/\/semmelweis.hu\/konzervalo-fogaszat\/wp-json\/wp\/v2\/pages\/112"}],"wp:attachment":[{"href":"https:\/\/semmelweis.hu\/konzervalo-fogaszat\/wp-json\/wp\/v2\/media?parent=1136"}],"wp:term":[{"taxonomy":"category","embeddable":true,"href":"https:\/\/semmelweis.hu\/konzervalo-fogaszat\/wp-json\/wp\/v2\/categories?post=1136"},{"taxonomy":"post_tag","embeddable":true,"href":"https:\/\/semmelweis.hu\/konzervalo-fogaszat\/wp-json\/wp\/v2\/tags?post=1136"}],"curies":[{"name":"wp","href":"https:\/\/api.w.org\/{rel}","templated":true}]}}