{"id":10,"date":"2012-02-03T14:47:03","date_gmt":"2012-02-03T14:47:03","guid":{"rendered":"http:\/\/semmelweis-egyetem.hu\/konzervalo-fogaszat\/?page_id=10"},"modified":"2024-03-12T20:47:22","modified_gmt":"2024-03-12T19:47:22","slug":"meghirdetett-phd-temak","status":"publish","type":"page","link":"https:\/\/semmelweis.hu\/konzervalo-fogaszat\/meghirdetett-phd-temak\/","title":{"rendered":"Meghirdetett PhD-t\u00e9m\u00e1k"},"content":{"rendered":"<p id=\"tw-target-text\" class=\"tw-data-text tw-text-large tw-ta\" dir=\"ltr\" style=\"text-align: justify\" data-placeholder=\"Ford\u00edt\u00e1s\"><span class=\"Y2IQFc\" lang=\"hu\">A Helyre\u00e1ll\u00edt\u00f3 Fog\u00e1szati \u00e9s Endodonciai \u200b\u200bKlinika akt\u00edvan egy\u00fcttm\u0171k\u00f6dik a Ph.D. hallgat\u00f3kkal. Az al\u00e1bbiakban felsoroljuk a lehets\u00e9ges t\u00e9m\u00e1kat \u00e9s t\u00e9mavezet\u0151ket. K\u00e9rj\u00fck, tekintse meg a Ph.D. iskola honlapj\u00e1t: (<a href=\"https:\/\/semmelweis.hu\/phd\/\">https:\/\/semmelweis.hu\/phd\/<\/a>).<\/span><\/p>\n<p dir=\"ltr\" data-placeholder=\"Ford\u00edt\u00e1s\">\u00a0<\/p>\n<table style=\"border-collapse: collapse;width: 100%;height: 120px\">\n<tbody>\n<tr style=\"height: 30px\">\n<td style=\"width: 25.431034482758616%;height: 30px;text-align: center\"><strong>T\u00e9mavezet\u0151<\/strong><\/td>\n<td style=\"width: 74.5689655172414%;text-align: center;height: 30px\"><strong>Jellemz\u00e9s<\/strong><\/td>\n<\/tr>\n<tr style=\"height: 30px\">\n<td style=\"width: 25.431034482758616%;height: 30px;text-align: center\">Prof. Dr. V\u00e1g J\u00e1nos\u00a0<br \/>\n<span style=\"font-size: 10pt\"><a href=\"https:\/\/doktori.hu\/index.php?menuid=192&amp;sz_ID=6334&amp;lang=EN\">https:\/\/doktori.hu\/index.php?menuid=192&amp;sz_ID=6334&amp;lang=EN<\/a><\/span><\/td>\n<td style=\"width: 74.5689655172414%;height: 30px;text-align: justify\"><span style=\"font-size: 12pt\"><em>I<\/em><em><span style=\"font-size: 12pt\">nd<\/span>ividu\u00e1lis karakterisztika jellemz\u00e9se, jelent\u0151s\u00e9ge \u00e9s felt\u00e9rk\u00e9pez\u00e9se a sz\u00e1j\u00fcregben korszer\u0171 digit\u00e1lis m\u00f3dszerek seg\u00edts\u00e9g\u00e9vel<\/em><\/span><\/td>\n<\/tr>\n<tr>\n<td style=\"width: 25.431034482758616%;text-align: center\">Prof. Dr. V\u00e1g J\u00e1nos\u00a0<br \/>\n<a href=\"https:\/\/doktori.hu\/index.php?menuid=192&amp;sz_ID=6334&amp;lang=EN\"><span style=\"font-size: 10pt\">https:\/\/doktori.hu\/index.php?menuid=192&amp;sz_ID=6334&amp;lang=EN<\/span><\/a><\/td>\n<td style=\"width: 74.5689655172414%\"><span style=\"font-size: 12pt\"><em>Sz\u00e1jk\u00e9pletek regener\u00e1ci\u00f3ja k\u00fcl\u00f6n\u00f6s tekintettel a fogb\u00e9lre, a parodontiumra \u00e9s a ny\u00e1lmirigyekre <\/em><\/span><\/td>\n<\/tr>\n<tr style=\"height: 30px\">\n<td style=\"width: 25.431034482758616%;height: 30px;text-align: center\">Dr. Lohinai Zsolt\u00a0<br \/>\n<a href=\"https:\/\/doktori.hu\/index.php?menuid=192&amp;sz_ID=7531&amp;lang=EN\"><span style=\"font-size: 10pt\">https:\/\/doktori.hu\/index.php?menuid=192&amp;sz_ID=7531&amp;lang=EN<\/span><\/a><\/td>\n<td style=\"width: 74.5689655172414%;height: 30px\"><span style=\"font-size: 12pt\"><em>K\u00eds\u00e9rleti \u00e9s klinikai or\u00e1lfiziol\u00f3giai \u00e9s patol\u00f3giai kutat\u00e1sok<\/em><\/span><\/td>\n<\/tr>\n<tr>\n<td style=\"width: 25.431034482758616%;text-align: center\">Dr. Ker\u00e9mi Be\u00e1ta<br \/>\n<span style=\"font-size: 10pt\"><a href=\"https:\/\/doktori.hu\/index.php?menuid=192&amp;lang=HU&amp;sz_ID=11720\">https:\/\/doktori.hu\/index.php?menuid=192&amp;lang=HU&amp;sz_ID=11720<\/a><\/span><\/td>\n<td style=\"width: 74.5689655172414%\"><em><span style=\"font-size: 12pt\"> Kl\u00f3r dioxid \u00e9s halit\u00f3zis\u00a0<\/span><\/em><\/td>\n<\/tr>\n<tr style=\"height: 30px\">\n<td style=\"width: 25.431034482758616%;height: 30px;text-align: center\">Dr. Herczegh Anna<br \/>\n<a href=\"https:\/\/doktori.hu\/index.php?menuid=192&amp;lang=HU&amp;sz_ID=31568\"><span style=\"font-size: 10pt\">https:\/\/doktori.hu\/index.php?menuid=192&amp;lang=HU&amp;sz_ID=31568<\/span><\/a><\/td>\n<td style=\"width: 74.5689655172414%;height: 30px\"><span style=\"font-size: 12pt\"><em>Mikrobiol\u00f3giai kutat\u00e1sok a sz\u00e1j\u00fcreg ter\u00fclet\u00e9n<\/em><\/span><\/td>\n<\/tr>\n<tr>\n<td style=\"width: 25.431%;text-align: center\">\n<p>Dr. Fazekas R\u00e9ka<br \/>\n<a href=\"https:\/\/doktori.hu\/index.php?menuid=192&amp;lang=HU&amp;sz_ID=14873\"><span style=\"font-size: 10pt\">https:\/\/doktori.hu\/index.php?menuid=192&amp;lang=HU&amp;sz_ID=14873<\/span><\/a><\/p>\n<\/td>\n<td style=\"width: 74.569%\"><em><span style=\"font-size: 12pt\">Az or\u00e1lis ny\u00e1lkah\u00e1rtya mikrocirkul\u00e1ci\u00f3j\u00e1nak vizsg\u00e1lata \u00e9lettani \u00e9s k\u00f3ros k\u00f6r\u00fclm\u00e9nyek k\u00f6z\u00f6tt, valamint sz\u00e1j\u00fcregi seb\u00e9szi beavatkoz\u00e1sokat k\u00f6vet\u0151en<\/span><\/em><\/td>\n<\/tr>\n<\/tbody>\n<\/table>\n<p>&nbsp;<\/p>\n<p>&nbsp;<\/p>\n<p>&nbsp;<\/p>\n<p><em>\u00a0<\/em><\/p>\n","protected":false},"excerpt":{"rendered":"<p>A Helyre\u00e1ll\u00edt\u00f3 Fog\u00e1szati \u00e9s Endodonciai \u200b\u200bKlinika akt\u00edvan egy\u00fcttm\u0171k\u00f6dik a Ph.D. hallgat\u00f3kkal. Az al\u00e1bbiakban felsoroljuk a lehets\u00e9ges t\u00e9m\u00e1kat \u00e9s t\u00e9mavezet\u0151ket. K\u00e9rj\u00fck, tekintse meg a Ph.D. iskola honlapj\u00e1t: ( <a href=\"https:\/\/semmelweis.hu\/phd\/\">https:\/\/semmelweis.hu\/phd\/<\/a> ). \u00a0 T\u00e9mavezet\u0151 Jellemz\u00e9s Prof. Dr. V\u00e1g J\u00e1nos\u00a0 <a href=\"https:\/\/doktori.hu\/index.php?menuid=192&amp;sz_ID=6334&amp;lang=EN\">https:\/\/doktori.hu\/index.php?menuid=192&amp;sz_ID=6334&amp;lang=EN<\/a> Individu\u00e1lis karakterisztika jellemz\u00e9se, jelent\u0151s\u00e9ge \u00e9s felt\u00e9rk\u00e9pez\u00e9se a sz\u00e1j\u00fcregben korszer\u0171 digit\u00e1lis m\u00f3dszerek seg\u00edts\u00e9g\u00e9vel Prof. Dr. V\u00e1g J\u00e1nos\u00a0 <a href=\"https:\/\/doktori.hu\/index.php?menuid=192&amp;sz_ID=6334&amp;lang=EN\">https:\/\/doktori.hu\/index.php?menuid=192&amp;sz_ID=6334&amp;lang=EN<\/a> Sz\u00e1jk\u00e9pletek regener\u00e1ci\u00f3ja k\u00fcl\u00f6n\u00f6s tekintettel &hellip;<\/p>\n","protected":false},"author":331,"featured_media":0,"parent":0,"menu_order":5,"comment_status":"closed","ping_status":"closed","template":"","meta":{"_acf_changed":false,"footnotes":""},"categories":[],"tags":[],"class_list":["post-10","page","type-page","status-publish","hentry"],"acf":[],"_links":{"self":[{"href":"https:\/\/semmelweis.hu\/konzervalo-fogaszat\/wp-json\/wp\/v2\/pages\/10","targetHints":{"allow":["GET"]}}],"collection":[{"href":"https:\/\/semmelweis.hu\/konzervalo-fogaszat\/wp-json\/wp\/v2\/pages"}],"about":[{"href":"https:\/\/semmelweis.hu\/konzervalo-fogaszat\/wp-json\/wp\/v2\/types\/page"}],"author":[{"embeddable":true,"href":"https:\/\/semmelweis.hu\/konzervalo-fogaszat\/wp-json\/wp\/v2\/users\/331"}],"replies":[{"embeddable":true,"href":"https:\/\/semmelweis.hu\/konzervalo-fogaszat\/wp-json\/wp\/v2\/comments?post=10"}],"version-history":[{"count":10,"href":"https:\/\/semmelweis.hu\/konzervalo-fogaszat\/wp-json\/wp\/v2\/pages\/10\/revisions"}],"predecessor-version":[{"id":7115,"href":"https:\/\/semmelweis.hu\/konzervalo-fogaszat\/wp-json\/wp\/v2\/pages\/10\/revisions\/7115"}],"wp:attachment":[{"href":"https:\/\/semmelweis.hu\/konzervalo-fogaszat\/wp-json\/wp\/v2\/media?parent=10"}],"wp:term":[{"taxonomy":"category","embeddable":true,"href":"https:\/\/semmelweis.hu\/konzervalo-fogaszat\/wp-json\/wp\/v2\/categories?post=10"},{"taxonomy":"post_tag","embeddable":true,"href":"https:\/\/semmelweis.hu\/konzervalo-fogaszat\/wp-json\/wp\/v2\/tags?post=10"}],"curies":[{"name":"wp","href":"https:\/\/api.w.org\/{rel}","templated":true}]}}