{"id":93973,"date":"2025-09-11T14:57:06","date_gmt":"2025-09-11T12:57:06","guid":{"rendered":"https:\/\/semmelweis.hu\/kontrolling\/?page_id=93973"},"modified":"2025-11-27T14:12:37","modified_gmt":"2025-11-27T13:12:37","slug":"nemzetkozi-hallgatok-kepzeseinek-kozpontja-gazdasagi-hivatala","status":"publish","type":"page","link":"https:\/\/semmelweis.hu\/kontrolling\/szervezeti-egysegek\/oktatasi-halozat-iranyitasi-igazgatosag\/nemzetkozi-hallgatok-kepzeseinek-kozpontja-gazdasagi-hivatala\/","title":{"rendered":"Nemzetk\u00f6zi Hallgat\u00f3k K\u00e9pz\u00e9seinek K\u00f6zpontja Gazdas\u00e1gi Hivatala"},"content":{"rendered":"<p>&nbsp;<\/p>\n<h1>Munkat\u00e1rsak<\/h1>\n\r\n<div id=\"telefonkonyv\">\r\n  <div class=\"tel-results col-12 px-0\">\r\n      <p class=\"desc mb-1\"><span>Ha hib\u00e1s, vagy hi\u00e1nyz\u00f3 adatot tal\u00e1l, k\u00e9rj\u00fck jelezze szervezeti egys\u00e9g\u00fcnk titk\u00e1rs\u00e1g\u00e1n.<\/span><\/p>\r\n      <p class=\"desc\"><em>A telefonk\u00f6nyvben tal\u00e1lhat\u00f3 adatok nem haszn\u00e1lhat\u00f3k fel az 1995. \u00e9vi CXIX. t\u00f6rv\u00e9ny szerinti kutat\u00e1s \u00e9s k\u00f6zvetlen \u00fczletszerz\u00e9s c\u00e9lj\u00e1ra.<\/em><\/p>\r\n                <div class=\"row mx-0 mt-3 mb-3 subunit-line text-uppercase font-weight-bold \r\n                    status-SZE\">\r\n                    <div class=\"col col-12 col-md-10 pl-2 pr-0\">\r\n                        <span>Nemzetk\u00f6zi Hallgat\u00f3k K\u00e9pz\u00e9seinek K\u00f6zpontj\u00e1nak Gazdas\u00e1gi Hivatala<\/span>\r\n                    <\/div>\r\n                <\/div> \r\n          <div class=\"row mx-0 py-2 result-line emp-leader\">\r\n            <div class=\"col col-12 px-0 \"><div class=\"row mx-0 pr-2 result-line-content align-items-center\">\r\n                        <div class=\"col-12 col-md-6 px-0 \">\r\n                            <a class=\"emp-name\" href=\"https:\/\/semmelweis.hu\/telefonkonyv?emp_id=16825\"> Droppa-Gy\u0151ri Fanni Kata <\/a>\r\n                            <br \/><span class=\"emp-phone\">hivatalvezet\u0151<\/span><\/div>\r\n                        <div class=\"col-12 col-md-6 px-0\"><span class=\"emp-phone\"><i class=\"fa fa-phone\" aria-hidden=\"true\"><\/i>+36-20-663-2832, <\/span><span class=\"emp-email\"><i class=\"fa fa-envelope-o\" aria-hidden=\"true\"><\/i>droppa.gyori.fanni.kata<i class=\"fa fa-at m-0 text-body\"><\/i>semmelweis.hu<\/span>\r\n                        <\/div>\r\n                    <\/div>\r\n                \r\n            <\/div>\r\n\r\n                <div class=\"col-12 col-md-6 px-0 d-none\"><span class=\"emp-phone\"><i class=\"fa fa-phone\" aria-hidden=\"true\"><\/i>+36-20-663-2832, <\/span><span class=\"emp-email\"><i class=\"fa fa-envelope-o\" aria-hidden=\"true\"><\/i>droppa.gyori.fanni.kata<i class=\"fa fa-at m-0 text-body\"><\/i>semmelweis.hu<\/span>\r\n                <\/div>\r\n\r\n\r\n        <\/div>\r\n          <div class=\"row mx-0 py-2 result-line \">\r\n            <div class=\"col col-12 px-0 \"><div class=\"row mx-0 pr-2 result-line-content align-items-center\">\r\n                        <div class=\"col-12 col-md-6 px-0 \">\r\n                            <a class=\"emp-name\" href=\"https:\/\/semmelweis.hu\/telefonkonyv?emp_id=16824\"> Balogh M\u00f3nika <\/a>\r\n                            <br \/><span class=\"emp-phone\">gazdas\u00e1gi szak\u00e9rt\u0151<\/span><\/div>\r\n                        <div class=\"col-12 col-md-6 px-0\"><span class=\"emp-phone\"><i class=\"fa fa-phone\" aria-hidden=\"true\"><\/i>+36-20-663-2981, <\/span><span class=\"emp-email\"><i class=\"fa fa-envelope-o\" aria-hidden=\"true\"><\/i>balogh.monika<i class=\"fa fa-at m-0 text-body\"><\/i>semmelweis.hu<\/span>\r\n                        <\/div>\r\n                    <\/div>\r\n                \r\n            <\/div>\r\n\r\n                <div class=\"col-12 col-md-6 px-0 d-none\"><span class=\"emp-phone\"><i class=\"fa fa-phone\" aria-hidden=\"true\"><\/i>+36-20-663-2981, <\/span><span class=\"emp-email\"><i class=\"fa fa-envelope-o\" aria-hidden=\"true\"><\/i>balogh.monika<i class=\"fa fa-at m-0 text-body\"><\/i>semmelweis.hu<\/span>\r\n                <\/div>\r\n\r\n\r\n        <\/div>\r\n          <div class=\"row mx-0 py-2 result-line \">\r\n            <div class=\"col col-12 px-0 \"><div class=\"row mx-0 pr-2 result-line-content align-items-center\">\r\n                        <div class=\"col-12 col-md-6 px-0 \">\r\n                            <a class=\"emp-name\" href=\"https:\/\/semmelweis.hu\/telefonkonyv?emp_id=24869\"> Bord\u00e1s Ibolya <\/a>\r\n                            <br \/><span class=\"emp-phone\">p\u00e9nz\u00fcgyi koordin\u00e1tor<\/span><\/div>\r\n                        <div class=\"col-12 col-md-6 px-0\"><span class=\"emp-phone\"><i class=\"fa fa-phone\" aria-hidden=\"true\"><\/i>+36-30-877-6635, <\/span><span class=\"emp-email\"><i class=\"fa fa-envelope-o\" aria-hidden=\"true\"><\/i>bordas.ibolya<i class=\"fa fa-at m-0 text-body\"><\/i>semmelweis.hu<\/span>\r\n                        <\/div>\r\n                    <\/div>\r\n                \r\n            <\/div>\r\n\r\n                <div class=\"col-12 col-md-6 px-0 d-none\"><span class=\"emp-phone\"><i class=\"fa fa-phone\" aria-hidden=\"true\"><\/i>+36-30-877-6635, <\/span><span class=\"emp-email\"><i class=\"fa fa-envelope-o\" aria-hidden=\"true\"><\/i>bordas.ibolya<i class=\"fa fa-at m-0 text-body\"><\/i>semmelweis.hu<\/span>\r\n                <\/div>\r\n\r\n\r\n        <\/div>\r\n          <div class=\"row mx-0 py-2 result-line \">\r\n            <div class=\"col col-12 px-0 \"><div class=\"row mx-0 pr-2 result-line-content align-items-center\">\r\n                        <div class=\"col-12 col-md-6 px-0 \">\r\n                            <a class=\"emp-name\" href=\"https:\/\/semmelweis.hu\/telefonkonyv?emp_id=18442\"> Hesz Be\u00e1ta <\/a>\r\n                            <br \/><span class=\"emp-phone\">gazdas\u00e1gi szak\u00e9rt\u0151<\/span><\/div>\r\n                        <div class=\"col-12 col-md-6 px-0\"><span class=\"emp-email\"><i class=\"fa fa-envelope-o\" aria-hidden=\"true\"><\/i>hesz.beata<i class=\"fa fa-at m-0 text-body\"><\/i>semmelweis.hu<\/span>\r\n                        <\/div>\r\n                    <\/div>\r\n                \r\n            <\/div>\r\n\r\n                <div class=\"col-12 col-md-6 px-0 d-none\"><span class=\"emp-email\"><i class=\"fa fa-envelope-o\" aria-hidden=\"true\"><\/i>hesz.beata<i class=\"fa fa-at m-0 text-body\"><\/i>semmelweis.hu<\/span>\r\n                <\/div>\r\n\r\n\r\n        <\/div><\/div><\/div>\n","protected":false},"excerpt":{"rendered":"<p>&nbsp;<br \/>\nMunkat\u00e1rsak<\/p>\n","protected":false},"author":102400,"featured_media":0,"parent":709,"menu_order":10,"comment_status":"closed","ping_status":"closed","template":"","meta":{"_acf_changed":false,"footnotes":""},"categories":[],"tags":[],"class_list":["post-93973","page","type-page","status-publish","hentry"],"acf":[],"_links":{"self":[{"href":"https:\/\/semmelweis.hu\/kontrolling\/wp-json\/wp\/v2\/pages\/93973","targetHints":{"allow":["GET"]}}],"collection":[{"href":"https:\/\/semmelweis.hu\/kontrolling\/wp-json\/wp\/v2\/pages"}],"about":[{"href":"https:\/\/semmelweis.hu\/kontrolling\/wp-json\/wp\/v2\/types\/page"}],"author":[{"embeddable":true,"href":"https:\/\/semmelweis.hu\/kontrolling\/wp-json\/wp\/v2\/users\/102400"}],"replies":[{"embeddable":true,"href":"https:\/\/semmelweis.hu\/kontrolling\/wp-json\/wp\/v2\/comments?post=93973"}],"version-history":[{"count":2,"href":"https:\/\/semmelweis.hu\/kontrolling\/wp-json\/wp\/v2\/pages\/93973\/revisions"}],"predecessor-version":[{"id":94026,"href":"https:\/\/semmelweis.hu\/kontrolling\/wp-json\/wp\/v2\/pages\/93973\/revisions\/94026"}],"up":[{"embeddable":true,"href":"https:\/\/semmelweis.hu\/kontrolling\/wp-json\/wp\/v2\/pages\/709"}],"wp:attachment":[{"href":"https:\/\/semmelweis.hu\/kontrolling\/wp-json\/wp\/v2\/media?parent=93973"}],"wp:term":[{"taxonomy":"category","embeddable":true,"href":"https:\/\/semmelweis.hu\/kontrolling\/wp-json\/wp\/v2\/categories?post=93973"},{"taxonomy":"post_tag","embeddable":true,"href":"https:\/\/semmelweis.hu\/kontrolling\/wp-json\/wp\/v2\/tags?post=93973"}],"curies":[{"name":"wp","href":"https:\/\/api.w.org\/{rel}","templated":true}]}}