{"id":709,"date":"2024-11-06T14:12:29","date_gmt":"2024-11-06T13:12:29","guid":{"rendered":"http:\/\/semmelweis.hu\/gfi\/?page_id=709"},"modified":"2026-01-15T10:55:46","modified_gmt":"2026-01-15T09:55:46","slug":"oktatasi-halozat-iranyitasi-igazgatosag","status":"publish","type":"page","link":"https:\/\/semmelweis.hu\/kontrolling\/szervezeti-egysegek\/oktatasi-halozat-iranyitasi-igazgatosag\/","title":{"rendered":"Oktat\u00e1si H\u00e1l\u00f3zat-ir\u00e1ny\u00edt\u00e1si Igazgat\u00f3s\u00e1g"},"content":{"rendered":"<div class=\"keretes w-100\">\n<h6><img loading=\"lazy\" decoding=\"async\" class=\"alignnone  wp-image-94132 alignleft\" src=\"https:\/\/semmelweis.hu\/kontrolling\/files\/2026\/01\/a6a5069de8192f5c9f9ca121347c2ba50fec0d6f-1-e1768466033433-400x383.jpg\" alt=\"\" width=\"298\" height=\"285\" srcset=\"https:\/\/semmelweis.hu\/kontrolling\/files\/2026\/01\/a6a5069de8192f5c9f9ca121347c2ba50fec0d6f-1-e1768466033433-400x383.jpg 400w, https:\/\/semmelweis.hu\/kontrolling\/files\/2026\/01\/a6a5069de8192f5c9f9ca121347c2ba50fec0d6f-1-e1768466033433-1024x979.jpg 1024w, https:\/\/semmelweis.hu\/kontrolling\/files\/2026\/01\/a6a5069de8192f5c9f9ca121347c2ba50fec0d6f-1-e1768466033433-768x734.jpg 768w, https:\/\/semmelweis.hu\/kontrolling\/files\/2026\/01\/a6a5069de8192f5c9f9ca121347c2ba50fec0d6f-1-e1768466033433-1536x1469.jpg 1536w, https:\/\/semmelweis.hu\/kontrolling\/files\/2026\/01\/a6a5069de8192f5c9f9ca121347c2ba50fec0d6f-1-e1768466033433-753x720.jpg 753w, https:\/\/semmelweis.hu\/kontrolling\/files\/2026\/01\/a6a5069de8192f5c9f9ca121347c2ba50fec0d6f-1-e1768466033433.jpg 1600w\" sizes=\"auto, (max-width: 298px) 100vw, 298px\" \/><\/h6>\n<h6>\u00a0<\/h6>\n<h6 style=\"text-align: left\"><span data-olk-copy-source=\"MessageBody\">Az Oktat\u00e1si H\u00e1l\u00f3zat-ir\u00e1ny\u00edt\u00e1si Igazgat\u00f3s\u00e1g a K\u00f6lts\u00e9gvet\u00e9si \u00e9s Kontrolling F\u0151igazgat\u00f3s\u00e1g \/ k\u00f6lts\u00e9gvet\u00e9si \u00e9s kontrolling f\u0151igazgat\u00f3 ir\u00e1ny\u00edt\u00e1sa al\u00e1 tartoz\u00f3 funkcion\u00e1lis szervezeti egys\u00e9ge, mely \u00f6n\u00e1ll\u00f3 keretgazd\u00e1lkod\u00e1si jogk\u00f6rrel felruh\u00e1zott. Az egys\u00e9g a k\u00f6lts\u00e9gvet\u00e9si \u00e9s kontrolling f\u0151igazgat\u00f3 k\u00f6zvetlen ir\u00e1ny\u00edt\u00e1sa mellett l\u00e1tja el az Egyetem Szervezeti \u00e9s M\u0171k\u00f6d\u00e9si Szab\u00e1lyzat\u00e1ban maghat\u00e1rozott feladatokat.<\/span><\/h6>\n<\/div>\n<div class=\"keretes w-100\">\n<h6 style=\"text-align: left\">C\u00edm: 1085 Budapest, Baross u. 52. IV. em.<br \/>\n<strong><br \/>\nSZERVEZETI EGYS\u00c9GEK<\/strong><\/h6>\n<h6 style=\"text-align: left\"><strong>Kari Gazdas\u00e1gi Igazgat\u00f3s\u00e1gok:<\/strong><\/h6>\n<ul style=\"text-align: left\">\n<li style=\"text-align: justify\"><a href=\"https:\/\/semmelweis.hu\/kontrolling\/szervezeti-egysegek\/oktatasi-halozat-iranyitasi-igazgatosag\/aok\/\">\u00c1OK Kari Gazdas\u00e1gi Igazgat\u00f3s\u00e1g<\/a><\/li>\n<li><a href=\"https:\/\/semmelweis.hu\/kontrolling\/szervezeti-egysegek\/oktatasi-halozat-iranyitasi-igazgatosag\/ekk\/\">EKK Kari Gazdas\u00e1gi Igazgat\u00f3s\u00e1g<\/a><\/li>\n<li><a href=\"https:\/\/semmelweis.hu\/kontrolling\/szervezeti-egysegek\/oktatasi-halozat-iranyitasi-igazgatosag\/etk\/\">ETK Kari Gazdas\u00e1gi Igazgat\u00f3s\u00e1g<\/a><\/li>\n<li><a href=\"https:\/\/semmelweis.hu\/kontrolling\/szervezeti-egysegek\/oktatasi-halozat-iranyitasi-igazgatosag\/fok\/\">FOK Kari Gazdas\u00e1gi Igazgat\u00f3s\u00e1g<\/a><\/li>\n<li><a href=\"https:\/\/semmelweis.hu\/kontrolling\/szervezeti-egysegek\/oktatasi-halozat-iranyitasi-igazgatosag\/gytk\/\">GYTK Kari Gazdas\u00e1gi Igazgat\u00f3s\u00e1g<\/a><\/li>\n<li><a href=\"https:\/\/semmelweis.hu\/kontrolling\/szervezeti-egysegek\/oktatasi-halozat-iranyitasi-igazgatosag\/pak\/\">PAK Kari Gazdas\u00e1gi Igazgat\u00f3s\u00e1g<\/a><\/li>\n<\/ul>\n<h5 style=\"text-align: left\">Gazdas\u00e1gi Hivatalok:<\/h5>\n<ul style=\"text-align: left\">\n<li style=\"text-align: left\"><a href=\"https:\/\/semmelweis.hu\/kontrolling\/szervezeti-egysegek\/oktatasi-halozat-iranyitasi-igazgatosag\/doktori-iskola-gazdasagi-hivatala\/\">Doktori Iskola Gazdas\u00e1gi Hivatala<\/a><\/li>\n<li style=\"text-align: left\"><a href=\"https:\/\/semmelweis.hu\/kontrolling\/szervezeti-egysegek\/oktatasi-halozat-iranyitasi-igazgatosag\/kollegiumok-igazgatosaganak-gazdasagi-hivatala\/\">Koll\u00e9giumok Igazgat\u00f3s\u00e1g\u00e1nak Gazdas\u00e1gi Hivatala<\/a><\/li>\n<li style=\"text-align: left\"><a href=\"https:\/\/semmelweis.hu\/kontrolling\/szervezeti-egysegek\/oktatasi-halozat-iranyitasi-igazgatosag\/kozponti-konyvtar-gazdasagi-hivatala\/\">K\u00f6zponti K\u00f6nyvt\u00e1r Gazdas\u00e1gi Hivatala<\/a><\/li>\n<li style=\"text-align: left\"><a href=\"https:\/\/semmelweis.hu\/kontrolling\/szervezeti-egysegek\/oktatasi-halozat-iranyitasi-igazgatosag\/nemzetkozi-hallgatok-kepzeseinek-kozpontja-gazdasagi-hivatala\/\">Nemzetk\u00f6zi Hallgat\u00f3k K\u00e9pz\u00e9seinek K\u00f6zpontja Gazdas\u00e1gi Hivatala<\/a><\/li>\n<li style=\"text-align: left\"><a href=\"https:\/\/semmelweis.hu\/kontrolling\/szervezeti-egysegek\/oktatasi-halozat-iranyitasi-igazgatosag\/szakkepzo-intezmenyek-igazgatosaganak-gazdasagi-hivatala\/\">Szakk\u00e9pz\u0151 Int\u00e9zm\u00e9nyek Igazgat\u00f3s\u00e1g\u00e1nak Gazdas\u00e1gi Hivatala<\/a><\/li>\n<li style=\"text-align: left\"><a href=\"https:\/\/semmelweis.hu\/kontrolling\/szervezeti-egysegek\/oktatasi-halozat-iranyitasi-igazgatosag\/szak-es-tovabbkepzesi-kozpont-gazdasagi-hivatala\/\">Szak- \u00e9s Tov\u00e1bbk\u00e9pz\u00e9si K\u00f6zpont Gazdas\u00e1gi Hivatala<\/a><\/li>\n<li style=\"text-align: left\"><a href=\"https:\/\/semmelweis.hu\/kontrolling\/szervezeti-egysegek\/oktatasi-halozat-iranyitasi-igazgatosag\/testnevelesi-es-sportkozpont-gazdasagi-hivatala\/\">Testnevel\u00e9si \u00e9s Sportk\u00f6zpont Gazdas\u00e1gi Hivatala<\/a><\/li>\n<\/ul>\n<\/div>\n<div class=\"w-100\">\n<p>MUNKAT\u00c1RSAK<\/p>\n\r\n<div id=\"telefonkonyv\">\r\n  <div class=\"tel-results col-12 px-0\">\r\n      <p class=\"desc mb-1\"><span>Ha hib\u00e1s, vagy hi\u00e1nyz\u00f3 adatot tal\u00e1l, k\u00e9rj\u00fck jelezze szervezeti egys\u00e9g\u00fcnk titk\u00e1rs\u00e1g\u00e1n.<\/span><\/p>\r\n      <p class=\"desc\"><em>A telefonk\u00f6nyvben tal\u00e1lhat\u00f3 adatok nem haszn\u00e1lhat\u00f3k fel az 1995. \u00e9vi CXIX. t\u00f6rv\u00e9ny szerinti kutat\u00e1s \u00e9s k\u00f6zvetlen \u00fczletszerz\u00e9s c\u00e9lj\u00e1ra.<\/em><\/p>\r\n                <div class=\"row mx-0 mt-3 mb-3 subunit-line text-uppercase font-weight-bold \r\n                    status-SZE\">\r\n                    <div class=\"col col-12 col-md-10 pl-2 pr-0\">\r\n                        <span>Oktat\u00e1si H\u00e1l\u00f3zat-ir\u00e1ny\u00edt\u00e1si Igazgat\u00f3s\u00e1g<\/span>\r\n                    <\/div>\r\n                <\/div> \r\n          <div class=\"row mx-0 py-2 result-line emp-leader\">\r\n            <div class=\"col col-12 px-0 \"><div class=\"row mx-0 pr-2 result-line-content align-items-center\">\r\n                        <div class=\"col-12 col-md-6 px-0 \">\r\n                            <a class=\"emp-name\" href=\"https:\/\/semmelweis.hu\/telefonkonyv?emp_id=12879\"> Nagy L\u00e1szl\u00f3 <\/a>\r\n                            <br \/><span class=\"emp-phone\">igazgat\u00f3<\/span><\/div>\r\n                        <div class=\"col-12 col-md-6 px-0\"><span class=\"emp-phone\"><i class=\"fa fa-phone\" aria-hidden=\"true\"><\/i>+36-20-670-1812, <\/span><span class=\"emp-email\"><i class=\"fa fa-envelope-o\" aria-hidden=\"true\"><\/i>nagy.laszlo<i class=\"fa fa-at m-0 text-body\"><\/i>semmelweis.hu<\/span>\r\n                        <\/div>\r\n                    <\/div>\r\n                \r\n            <\/div>\r\n\r\n                <div class=\"col-12 col-md-6 px-0 d-none\"><span class=\"emp-phone\"><i class=\"fa fa-phone\" aria-hidden=\"true\"><\/i>+36-20-670-1812, <\/span><span class=\"emp-email\"><i class=\"fa fa-envelope-o\" aria-hidden=\"true\"><\/i>nagy.laszlo<i class=\"fa fa-at m-0 text-body\"><\/i>semmelweis.hu<\/span>\r\n                <\/div>\r\n\r\n\r\n        <\/div>\r\n          <div class=\"row mx-0 py-2 result-line \">\r\n            <div class=\"col col-12 px-0 \"><div class=\"row mx-0 pr-2 result-line-content align-items-center\">\r\n                        <div class=\"col-12 col-md-6 px-0 \">\r\n                            <a class=\"emp-name\" href=\"https:\/\/semmelweis.hu\/telefonkonyv?emp_id=19196\"> Bilanics Anita <\/a>\r\n                            <br \/><span class=\"emp-phone\">igazgat\u00f3helyettes<\/span><\/div>\r\n                        <div class=\"col-12 col-md-6 px-0\"><span class=\"emp-phone\"><i class=\"fa fa-phone\" aria-hidden=\"true\"><\/i>+36-20-670-1168, <\/span><span class=\"emp-email\"><i class=\"fa fa-envelope-o\" aria-hidden=\"true\"><\/i>bilanics.anita<i class=\"fa fa-at m-0 text-body\"><\/i>semmelweis.hu<\/span>\r\n                        <\/div>\r\n                    <\/div>\r\n                \r\n            <\/div>\r\n\r\n                <div class=\"col-12 col-md-6 px-0 d-none\"><span class=\"emp-phone\"><i class=\"fa fa-phone\" aria-hidden=\"true\"><\/i>+36-20-670-1168, <\/span><span class=\"emp-email\"><i class=\"fa fa-envelope-o\" aria-hidden=\"true\"><\/i>bilanics.anita<i class=\"fa fa-at m-0 text-body\"><\/i>semmelweis.hu<\/span>\r\n                <\/div>\r\n\r\n\r\n        <\/div>\r\n          <div class=\"row mx-0 py-2 result-line \">\r\n            <div class=\"col col-12 px-0 \"><div class=\"row mx-0 pr-2 result-line-content align-items-center\">\r\n                        <div class=\"col-12 col-md-6 px-0 \">\r\n                            <a class=\"emp-name\" href=\"https:\/\/semmelweis.hu\/telefonkonyv?emp_id=20648\"> Rost\u00e1sn\u00e9 P\u00e1tkai Zsuzsanna <\/a>\r\n                            <br \/><span class=\"emp-phone\">Oszt\u00e1lyvezet\u0151<\/span><\/div>\r\n                        <div class=\"col-12 col-md-6 px-0\"><span class=\"emp-phone\"><i class=\"fa fa-phone\" aria-hidden=\"true\"><\/i>+36 30\/016-4028, <\/span><span class=\"emp-email\"><i class=\"fa fa-envelope-o\" aria-hidden=\"true\"><\/i>rostasne.patkai.zsuzsanna<i class=\"fa fa-at m-0 text-body\"><\/i>semmelweis.hu<\/span>\r\n                        <\/div>\r\n                    <\/div>\r\n                \r\n            <\/div>\r\n\r\n                <div class=\"col-12 col-md-6 px-0 d-none\"><span class=\"emp-phone\"><i class=\"fa fa-phone\" aria-hidden=\"true\"><\/i>+36 30\/016-4028, <\/span><span class=\"emp-email\"><i class=\"fa fa-envelope-o\" aria-hidden=\"true\"><\/i>rostasne.patkai.zsuzsanna<i class=\"fa fa-at m-0 text-body\"><\/i>semmelweis.hu<\/span>\r\n                <\/div>\r\n\r\n\r\n        <\/div>\r\n          <div class=\"row mx-0 py-2 result-line \">\r\n            <div class=\"col col-12 px-0 \"><div class=\"row mx-0 pr-2 result-line-content align-items-center\">\r\n                        <div class=\"col-12 col-md-6 px-0 \">\r\n                            <a class=\"emp-name\" href=\"https:\/\/semmelweis.hu\/telefonkonyv?emp_id=24014\"> Seb\u0151k Erika Anik\u00f3 <\/a>\r\n                            <br \/><span class=\"emp-phone\">munka\u00fcgyi \u00fcgyint\u00e9z\u0151<\/span><\/div>\r\n                        <div class=\"col-12 col-md-6 px-0\"><span class=\"emp-phone\"><i class=\"fa fa-phone\" aria-hidden=\"true\"><\/i>06-30\/877-3736, <\/span><span class=\"emp-email\"><i class=\"fa fa-envelope-o\" aria-hidden=\"true\"><\/i>sebok.erika<i class=\"fa fa-at m-0 text-body\"><\/i>semmelweis.hu<\/span>\r\n                        <\/div>\r\n                    <\/div>\r\n                \r\n            <\/div>\r\n\r\n                <div class=\"col-12 col-md-6 px-0 d-none\"><span class=\"emp-phone\"><i class=\"fa fa-phone\" aria-hidden=\"true\"><\/i>06-30\/877-3736, <\/span><span class=\"emp-email\"><i class=\"fa fa-envelope-o\" aria-hidden=\"true\"><\/i>sebok.erika<i class=\"fa fa-at m-0 text-body\"><\/i>semmelweis.hu<\/span>\r\n                <\/div>\r\n\r\n\r\n        <\/div>\r\n          <div class=\"row mx-0 py-2 result-line \">\r\n            <div class=\"col col-12 px-0 \"><div class=\"row mx-0 pr-2 result-line-content align-items-center\">\r\n                        <div class=\"col-12 col-md-6 px-0 \">\r\n                            <a class=\"emp-name\" href=\"https:\/\/semmelweis.hu\/telefonkonyv?emp_id=25721\"> Viasz Vivien <\/a>\r\n                            <br \/><span class=\"emp-phone\">adminisztrat\u00edv koordin\u00e1tor<\/span><\/div>\r\n                        <div class=\"col-12 col-md-6 px-0\"><span class=\"emp-phone\"><i class=\"fa fa-phone\" aria-hidden=\"true\"><\/i>+36\/30-877-37-38, <\/span><span class=\"emp-email\"><i class=\"fa fa-envelope-o\" aria-hidden=\"true\"><\/i>viasz.vivien<i class=\"fa fa-at m-0 text-body\"><\/i>semmelweis.hu<\/span>\r\n                        <\/div>\r\n                    <\/div>\r\n                \r\n            <\/div>\r\n\r\n                <div class=\"col-12 col-md-6 px-0 d-none\"><span class=\"emp-phone\"><i class=\"fa fa-phone\" aria-hidden=\"true\"><\/i>+36\/30-877-37-38, <\/span><span class=\"emp-email\"><i class=\"fa fa-envelope-o\" aria-hidden=\"true\"><\/i>viasz.vivien<i class=\"fa fa-at m-0 text-body\"><\/i>semmelweis.hu<\/span>\r\n                <\/div>\r\n\r\n\r\n        <\/div><\/div><\/div>\n<\/div>\n","protected":false},"excerpt":{"rendered":"<p>\u00a0 Az Oktat\u00e1si H\u00e1l\u00f3zat-ir\u00e1ny\u00edt\u00e1si Igazgat\u00f3s\u00e1g a K\u00f6lts\u00e9gvet\u00e9si \u00e9s Kontrolling F\u0151igazgat\u00f3s\u00e1g \/ k\u00f6lts\u00e9gvet\u00e9si \u00e9s kontrolling f\u0151igazgat\u00f3 ir\u00e1ny\u00edt\u00e1sa al\u00e1 tartoz\u00f3 funkcion\u00e1lis szervezeti egys\u00e9ge, mely \u00f6n\u00e1ll\u00f3 keretgazd\u00e1lkod\u00e1si jogk\u00f6rrel felruh\u00e1zott. Az egys\u00e9g a k\u00f6lts\u00e9gvet\u00e9si \u00e9s kontrolling f\u0151igazgat\u00f3 k\u00f6zvetlen ir\u00e1ny\u00edt\u00e1sa mellett l\u00e1tja el az Egyetem Szervezeti \u00e9s M\u0171k\u00f6d\u00e9si Szab\u00e1lyzat\u00e1ban maghat\u00e1rozott feladatokat. C\u00edm: 1085 Budapest, Baross u. 52. IV. em. SZERVEZETI &hellip;<\/p>\n","protected":false},"author":101027,"featured_media":0,"parent":93740,"menu_order":6,"comment_status":"closed","ping_status":"closed","template":"template-fullwidth.php","meta":{"_acf_changed":false,"footnotes":""},"categories":[],"tags":[],"class_list":["post-709","page","type-page","status-publish","hentry"],"acf":[],"_links":{"self":[{"href":"https:\/\/semmelweis.hu\/kontrolling\/wp-json\/wp\/v2\/pages\/709","targetHints":{"allow":["GET"]}}],"collection":[{"href":"https:\/\/semmelweis.hu\/kontrolling\/wp-json\/wp\/v2\/pages"}],"about":[{"href":"https:\/\/semmelweis.hu\/kontrolling\/wp-json\/wp\/v2\/types\/page"}],"author":[{"embeddable":true,"href":"https:\/\/semmelweis.hu\/kontrolling\/wp-json\/wp\/v2\/users\/101027"}],"replies":[{"embeddable":true,"href":"https:\/\/semmelweis.hu\/kontrolling\/wp-json\/wp\/v2\/comments?post=709"}],"version-history":[{"count":12,"href":"https:\/\/semmelweis.hu\/kontrolling\/wp-json\/wp\/v2\/pages\/709\/revisions"}],"predecessor-version":[{"id":94149,"href":"https:\/\/semmelweis.hu\/kontrolling\/wp-json\/wp\/v2\/pages\/709\/revisions\/94149"}],"up":[{"embeddable":true,"href":"https:\/\/semmelweis.hu\/kontrolling\/wp-json\/wp\/v2\/pages\/93740"}],"wp:attachment":[{"href":"https:\/\/semmelweis.hu\/kontrolling\/wp-json\/wp\/v2\/media?parent=709"}],"wp:term":[{"taxonomy":"category","embeddable":true,"href":"https:\/\/semmelweis.hu\/kontrolling\/wp-json\/wp\/v2\/categories?post=709"},{"taxonomy":"post_tag","embeddable":true,"href":"https:\/\/semmelweis.hu\/kontrolling\/wp-json\/wp\/v2\/tags?post=709"}],"curies":[{"name":"wp","href":"https:\/\/api.w.org\/{rel}","templated":true}]}}