{"id":575,"date":"2024-11-06T14:12:30","date_gmt":"2024-11-06T13:12:30","guid":{"rendered":"http:\/\/semmelweis.hu\/gfi\/?page_id=575"},"modified":"2026-02-25T16:13:35","modified_gmt":"2026-02-25T15:13:35","slug":"egeszsegugyi-halozat-iranyitasi-igazgatosag","status":"publish","type":"page","link":"https:\/\/semmelweis.hu\/kontrolling\/szervezeti-egysegek\/egeszsegugyi-halozat-iranyitasi-igazgatosag\/","title":{"rendered":"Eg\u00e9szs\u00e9g\u00fcgyi H\u00e1l\u00f3zat-ir\u00e1ny\u00edt\u00e1si Igazgat\u00f3s\u00e1g"},"content":{"rendered":"<div class=\"keretes w-100\">\n<h6 style=\"text-align: left\"><span data-olk-copy-source=\"MessageBody\"><img loading=\"lazy\" decoding=\"async\" class=\" wp-image-94144 alignleft\" style=\"font-size: 1rem\" src=\"https:\/\/semmelweis.hu\/kontrolling\/files\/2026\/01\/Kepernyokep-2026-01-15-103303-400x367.jpg\" alt=\"\" width=\"311\" height=\"285\" srcset=\"https:\/\/semmelweis.hu\/kontrolling\/files\/2026\/01\/Kepernyokep-2026-01-15-103303-400x367.jpg 400w, https:\/\/semmelweis.hu\/kontrolling\/files\/2026\/01\/Kepernyokep-2026-01-15-103303-768x705.jpg 768w, https:\/\/semmelweis.hu\/kontrolling\/files\/2026\/01\/Kepernyokep-2026-01-15-103303-753x692.jpg 753w, https:\/\/semmelweis.hu\/kontrolling\/files\/2026\/01\/Kepernyokep-2026-01-15-103303.jpg 798w\" sizes=\"auto, (max-width: 311px) 100vw, 311px\" \/><\/span><\/h6>\n<h6>\u00a0<\/h6>\n<h6 style=\"text-align: left\"><span data-olk-copy-source=\"MessageBody\">Az Eg\u00e9szs\u00e9g\u00fcgyi H\u00e1l\u00f3zat-ir\u00e1ny\u00edt\u00e1si Igazgat\u00f3s\u00e1g a K\u00f6lts\u00e9gvet\u00e9si \u00e9s Kontrolling F\u0151igazgat\u00f3s\u00e1g \/ k\u00f6lts\u00e9gvet\u00e9si \u00e9s kontrolling f\u0151igazgat\u00f3 ir\u00e1ny\u00edt\u00e1sa al\u00e1 tartoz\u00f3 funkcion\u00e1lis szervezeti egys\u00e9ge, mely \u00f6n\u00e1ll\u00f3 keretgazd\u00e1lkod\u00e1si jogk\u00f6rrel felruh\u00e1zott. Az egys\u00e9g a k\u00f6lts\u00e9gvet\u00e9si \u00e9s kontrolling f\u0151igazgat\u00f3 k\u00f6zvetlen ir\u00e1ny\u00edt\u00e1sa mellett l\u00e1tja el az Egyetem Szervezeti \u00e9s M\u0171k\u00f6d\u00e9si Szab\u00e1lyzat\u00e1ban maghat\u00e1rozott feladatokat.<\/span><\/h6>\n<\/div>\n<div class=\"keretes w-100\">\n<h6 style=\"text-align: left\">C\u00edm: 1085 Budapest, Baross u. 52. IV. em.<br \/>\n<strong><br \/>\nSZERVEZETI EGYS\u00c9GEK<\/strong><\/h6>\n<ul>\n<li>Amerikai \u00fati Klinikai T\u00f6mbigazgat\u00f3s\u00e1g<\/li>\n<li><a href=\"https:\/\/semmelweis.hu\/kontrolling\/szervezeti-egysegek\/tombigazgatosagok\/belso-klinikai-tomb\/\">Bels\u0151 Klinikai T\u00f6mbigazgat\u00f3s\u00e1g<\/a><\/li>\n<li><a href=\"https:\/\/semmelweis.hu\/kontrolling\/szervezeti-egysegek\/tombigazgatosagok\/corvin-negyedi-klinikai-tombigazgatosag\/\">Corvin-negyedi Klinikai T\u00f6mbigazgat\u00f3s\u00e1g<\/a><\/li>\n<li>Eg\u00e9szs\u00e9g\u00fcgyi H\u00e1l\u00f3zat-ir\u00e1ny\u00edt\u00e1si Igazgat\u00f3s\u00e1g Gazdas\u00e1gi Csoport<\/li>\n<li><span data-olk-copy-source=\"MessageBody\">G\u00f6d\u00f6ll\u0151i Semmelweis Eg\u00e9szs\u00e9gk\u00f6zpont Gazdas\u00e1gi Hivatala<\/span><\/li>\n<li><span data-olk-copy-source=\"MessageBody\">Gyermekgy\u00f3gy\u00e1szati Klinikai T\u00f6mbigazgat\u00f3s\u00e1g<\/span><\/li>\n<li><a href=\"https:\/\/semmelweis.hu\/kontrolling\/szervezeti-egysegek\/tombigazgatosagok\/kulso-klinikai-tomb\/\">K\u00fcls\u0151 Klinikai T\u00f6mbigazgat\u00f3s\u00e1g<\/a><\/li>\n<li>Mer\u00e9nyi Klinikai T\u00f6mbigazgat\u00f3s\u00e1g<\/li>\n<li>Orvosi Rehabilit\u00e1ci\u00f3s T\u00f6mbigazgat\u00f3s\u00e1g<\/li>\n<li>Szent Luk\u00e1cs Klinikai T\u00f6mbigazgat\u00f3s\u00e1g<\/li>\n<li><a href=\"https:\/\/semmelweis.hu\/rokus\/a-szent-rokus-klinikai-tombigazgatosag-bemutatasa\/\" target=\"_blank\" rel=\"noopener\">Szent R\u00f3kus Klinikai T\u00f6mbigazgat\u00f3s\u00e1g<\/a><\/li>\n<li><a href=\"https:\/\/semmelweis.hu\/kontrolling\/szervezeti-egysegek\/tombigazgatosagok\/tomo-utcai-klinikai-tombigazgatosag\/\" target=\"_blank\" rel=\"noopener\">T\u00f6m\u0151 utcai Klinikai T\u00f6mbigazgat\u00f3s\u00e1g<\/a><\/li>\n<li><a href=\"https:\/\/semmelweis.hu\/kontrolling\/szervezeti-egysegek\/tombigazgatosagok\/varosmajori-klinikai-tombigazgatosag\/\">V\u00e1rosmajori Klinikai T\u00f6mbigazgat\u00f3s\u00e1g<\/a><\/li>\n<\/ul>\n<\/div>\n<h1>Munkat\u00e1rsak<\/h1>\n\r\n<div id=\"telefonkonyv\">\r\n  <div class=\"tel-results col-12 px-0\">\r\n      <p class=\"desc mb-1\"><span>Ha hib\u00e1s, vagy hi\u00e1nyz\u00f3 adatot tal\u00e1l, k\u00e9rj\u00fck jelezze szervezeti egys\u00e9g\u00fcnk titk\u00e1rs\u00e1g\u00e1n.<\/span><\/p>\r\n      <p class=\"desc\"><em>A telefonk\u00f6nyvben tal\u00e1lhat\u00f3 adatok nem haszn\u00e1lhat\u00f3k fel az 1995. \u00e9vi CXIX. t\u00f6rv\u00e9ny szerinti kutat\u00e1s \u00e9s k\u00f6zvetlen \u00fczletszerz\u00e9s c\u00e9lj\u00e1ra.<\/em><\/p>\r\n                <div class=\"row mx-0 mt-3 mb-3 subunit-line text-uppercase font-weight-bold \r\n                    status-SZE\">\r\n                    <div class=\"col col-12 col-md-10 pl-2 pr-0\">\r\n                        <span>Eg\u00e9szs\u00e9g\u00fcgyi H\u00e1l\u00f3zat-ir\u00e1ny\u00edt\u00e1si Igazgat\u00f3s\u00e1g<\/span>\r\n                    <\/div>\r\n                <\/div> \r\n          <div class=\"row mx-0 py-2 result-line emp-leader\">\r\n            <div class=\"col col-12 px-0 \"><div class=\"row mx-0 pr-2 result-line-content align-items-center\">\r\n                        <div class=\"col-12 col-md-6 px-0 \">\r\n                            <a class=\"emp-name\" href=\"https:\/\/semmelweis.hu\/telefonkonyv?emp_id=11728\"> N\u00e1ndori Szilvia <\/a>\r\n                            <br \/><span class=\"emp-phone\">igazgat\u00f3<\/span><\/div>\r\n                        <div class=\"col-12 col-md-6 px-0\"><span class=\"emp-email\"><i class=\"fa fa-envelope-o\" aria-hidden=\"true\"><\/i>nandori.szilvia<i class=\"fa fa-at m-0 text-body\"><\/i>semmelweis.hu<\/span>\r\n                        <\/div>\r\n                    <\/div>\r\n                \r\n            <\/div>\r\n\r\n                <div class=\"col-12 col-md-6 px-0 d-none\"><span class=\"emp-email\"><i class=\"fa fa-envelope-o\" aria-hidden=\"true\"><\/i>nandori.szilvia<i class=\"fa fa-at m-0 text-body\"><\/i>semmelweis.hu<\/span>\r\n                <\/div>\r\n\r\n\r\n        <\/div>\r\n          <div class=\"row mx-0 py-2 result-line \">\r\n            <div class=\"col col-12 px-0 \"><div class=\"row mx-0 pr-2 result-line-content align-items-center\">\r\n                        <div class=\"col-12 col-md-6 px-0 \">\r\n                            <a class=\"emp-name\" href=\"https:\/\/semmelweis.hu\/telefonkonyv?emp_id=21404\"> Antaln\u00e9 Kop\u00e1n Erika <\/a>\r\n                            <br \/><span class=\"emp-phone\">gazdas\u00e1gi munkat\u00e1rs<\/span><\/div>\r\n                        <div class=\"col-12 col-md-6 px-0\"><span class=\"emp-email\"><i class=\"fa fa-envelope-o\" aria-hidden=\"true\"><\/i>kopan.erika<i class=\"fa fa-at m-0 text-body\"><\/i>semmelweis.hu<\/span>\r\n                        <\/div>\r\n                    <\/div>\r\n                \r\n            <\/div>\r\n\r\n                <div class=\"col-12 col-md-6 px-0 d-none\"><span class=\"emp-email\"><i class=\"fa fa-envelope-o\" aria-hidden=\"true\"><\/i>kopan.erika<i class=\"fa fa-at m-0 text-body\"><\/i>semmelweis.hu<\/span>\r\n                <\/div>\r\n\r\n\r\n        <\/div>\r\n          <div class=\"row mx-0 py-2 result-line \">\r\n            <div class=\"col col-12 px-0 \"><div class=\"row mx-0 pr-2 result-line-content align-items-center\">\r\n                        <div class=\"col-12 col-md-6 px-0 \">\r\n                            <a class=\"emp-name\" href=\"https:\/\/semmelweis.hu\/telefonkonyv?emp_id=24406\"> Bruder Beatrix <\/a>\r\n                            <br \/><span class=\"emp-phone\">gazdas\u00e1gi \u00fcgyint\u00e9z\u0151<\/span><\/div>\r\n                        <div class=\"col-12 col-md-6 px-0\"><span class=\"emp-email\"><i class=\"fa fa-envelope-o\" aria-hidden=\"true\"><\/i>bruder.beatrix<i class=\"fa fa-at m-0 text-body\"><\/i>semmelweis.hu<\/span>\r\n                        <\/div>\r\n                    <\/div>\r\n                \r\n            <\/div>\r\n\r\n                <div class=\"col-12 col-md-6 px-0 d-none\"><span class=\"emp-email\"><i class=\"fa fa-envelope-o\" aria-hidden=\"true\"><\/i>bruder.beatrix<i class=\"fa fa-at m-0 text-body\"><\/i>semmelweis.hu<\/span>\r\n                <\/div>\r\n\r\n\r\n        <\/div>\r\n          <div class=\"row mx-0 py-2 result-line \">\r\n            <div class=\"col col-12 px-0 \"><div class=\"row mx-0 pr-2 result-line-content align-items-center\">\r\n                        <div class=\"col-12 col-md-6 px-0 \">\r\n                            <a class=\"emp-name\" href=\"https:\/\/semmelweis.hu\/telefonkonyv?emp_id=25575\"> Komondi-Bediu Anett <\/a>\r\n                            <br \/><span class=\"emp-phone\">gazdas\u00e1gi \u00fcgyint\u00e9z\u0151<\/span><\/div>\r\n                        <div class=\"col-12 col-md-6 px-0\"><span class=\"emp-phone\"><i class=\"fa fa-phone\" aria-hidden=\"true\"><\/i>06-20-825-9195, <\/span><span class=\"emp-email\"><i class=\"fa fa-envelope-o\" aria-hidden=\"true\"><\/i>komondi.bediu.anett<i class=\"fa fa-at m-0 text-body\"><\/i>semmelweis.hu<\/span>\r\n                        <\/div>\r\n                    <\/div>\r\n                \r\n            <\/div>\r\n\r\n                <div class=\"col-12 col-md-6 px-0 d-none\"><span class=\"emp-phone\"><i class=\"fa fa-phone\" aria-hidden=\"true\"><\/i>06-20-825-9195, <\/span><span class=\"emp-email\"><i class=\"fa fa-envelope-o\" aria-hidden=\"true\"><\/i>komondi.bediu.anett<i class=\"fa fa-at m-0 text-body\"><\/i>semmelweis.hu<\/span>\r\n                <\/div>\r\n\r\n\r\n        <\/div>\r\n          <div class=\"row mx-0 py-2 result-line \">\r\n            <div class=\"col col-12 px-0 \"><div class=\"row mx-0 pr-2 result-line-content align-items-center\">\r\n                        <div class=\"col-12 col-md-6 px-0 \">\r\n                            <a class=\"emp-name\" href=\"https:\/\/semmelweis.hu\/telefonkonyv?emp_id=18862\"> L\u00e9gler Bernadett <\/a>\r\n                            <br \/><span class=\"emp-phone\">gazdas\u00e1gi \u00fcgyint\u00e9z\u0151<\/span><\/div>\r\n                        <div class=\"col-12 col-md-6 px-0\"><span class=\"emp-email\"><i class=\"fa fa-envelope-o\" aria-hidden=\"true\"><\/i>legler.bernadett<i class=\"fa fa-at m-0 text-body\"><\/i>semmelweis.hu<\/span>\r\n                        <\/div>\r\n                    <\/div>\r\n                \r\n            <\/div>\r\n\r\n                <div class=\"col-12 col-md-6 px-0 d-none\"><span class=\"emp-email\"><i class=\"fa fa-envelope-o\" aria-hidden=\"true\"><\/i>legler.bernadett<i class=\"fa fa-at m-0 text-body\"><\/i>semmelweis.hu<\/span>\r\n                <\/div>\r\n\r\n\r\n        <\/div>\r\n          <div class=\"row mx-0 py-2 result-line \">\r\n            <div class=\"col col-12 px-0 \"><div class=\"row mx-0 pr-2 result-line-content align-items-center\">\r\n                        <div class=\"col-12 col-md-6 px-0 \">\r\n                            <a class=\"emp-name\" href=\"https:\/\/semmelweis.hu\/telefonkonyv?emp_id=24407\"> T\u00f3th Enik\u0151 <\/a>\r\n                            <br \/><span class=\"emp-phone\">Igazgat\u00f3helyettes<\/span><\/div>\r\n                        <div class=\"col-12 col-md-6 px-0\"><span class=\"emp-email\"><i class=\"fa fa-envelope-o\" aria-hidden=\"true\"><\/i>toth.eniko3<i class=\"fa fa-at m-0 text-body\"><\/i>semmelweis.hu<\/span>\r\n                        <\/div>\r\n                    <\/div>\r\n                \r\n            <\/div>\r\n\r\n                <div class=\"col-12 col-md-6 px-0 d-none\"><span class=\"emp-email\"><i class=\"fa fa-envelope-o\" aria-hidden=\"true\"><\/i>toth.eniko3<i class=\"fa fa-at m-0 text-body\"><\/i>semmelweis.hu<\/span>\r\n                <\/div>\r\n\r\n\r\n        <\/div>\r\n          <div class=\"row mx-0 py-2 result-line \">\r\n            <div class=\"col col-12 px-0 \"><div class=\"row mx-0 pr-2 result-line-content align-items-center\">\r\n                        <div class=\"col-12 col-md-6 px-0 \">\r\n                            <a class=\"emp-name\" href=\"https:\/\/semmelweis.hu\/telefonkonyv?emp_id=10739\"> Vamberszki Andrea <\/a>\r\n                            <br \/><span class=\"emp-phone\">gazdas\u00e1gi koordin\u00e1tor<\/span><\/div>\r\n                        <div class=\"col-12 col-md-6 px-0\"><span class=\"emp-email\"><i class=\"fa fa-envelope-o\" aria-hidden=\"true\"><\/i>vamberszki.andrea<i class=\"fa fa-at m-0 text-body\"><\/i>semmelweis.hu<\/span>\r\n                        <\/div>\r\n                    <\/div>\r\n                \r\n            <\/div>\r\n\r\n                <div class=\"col-12 col-md-6 px-0 d-none\"><span class=\"emp-email\"><i class=\"fa fa-envelope-o\" aria-hidden=\"true\"><\/i>vamberszki.andrea<i class=\"fa fa-at m-0 text-body\"><\/i>semmelweis.hu<\/span>\r\n                <\/div>\r\n\r\n\r\n        <\/div><\/div><\/div>\n","protected":false},"excerpt":{"rendered":"<p>\u00a0 Az Eg\u00e9szs\u00e9g\u00fcgyi H\u00e1l\u00f3zat-ir\u00e1ny\u00edt\u00e1si Igazgat\u00f3s\u00e1g a K\u00f6lts\u00e9gvet\u00e9si \u00e9s Kontrolling F\u0151igazgat\u00f3s\u00e1g \/ k\u00f6lts\u00e9gvet\u00e9si \u00e9s kontrolling f\u0151igazgat\u00f3 ir\u00e1ny\u00edt\u00e1sa al\u00e1 tartoz\u00f3 funkcion\u00e1lis szervezeti egys\u00e9ge, mely \u00f6n\u00e1ll\u00f3 keretgazd\u00e1lkod\u00e1si jogk\u00f6rrel felruh\u00e1zott. Az egys\u00e9g a k\u00f6lts\u00e9gvet\u00e9si \u00e9s kontrolling f\u0151igazgat\u00f3 k\u00f6zvetlen ir\u00e1ny\u00edt\u00e1sa mellett l\u00e1tja el az Egyetem Szervezeti \u00e9s M\u0171k\u00f6d\u00e9si Szab\u00e1lyzat\u00e1ban maghat\u00e1rozott feladatokat. C\u00edm: 1085 Budapest, Baross u. 52. IV. em. SZERVEZETI &hellip;<\/p>\n","protected":false},"author":101027,"featured_media":0,"parent":93740,"menu_order":2,"comment_status":"closed","ping_status":"closed","template":"template-fullwidth.php","meta":{"_acf_changed":false,"footnotes":""},"categories":[],"tags":[],"class_list":["post-575","page","type-page","status-publish","hentry"],"acf":[],"_links":{"self":[{"href":"https:\/\/semmelweis.hu\/kontrolling\/wp-json\/wp\/v2\/pages\/575","targetHints":{"allow":["GET"]}}],"collection":[{"href":"https:\/\/semmelweis.hu\/kontrolling\/wp-json\/wp\/v2\/pages"}],"about":[{"href":"https:\/\/semmelweis.hu\/kontrolling\/wp-json\/wp\/v2\/types\/page"}],"author":[{"embeddable":true,"href":"https:\/\/semmelweis.hu\/kontrolling\/wp-json\/wp\/v2\/users\/101027"}],"replies":[{"embeddable":true,"href":"https:\/\/semmelweis.hu\/kontrolling\/wp-json\/wp\/v2\/comments?post=575"}],"version-history":[{"count":11,"href":"https:\/\/semmelweis.hu\/kontrolling\/wp-json\/wp\/v2\/pages\/575\/revisions"}],"predecessor-version":[{"id":94148,"href":"https:\/\/semmelweis.hu\/kontrolling\/wp-json\/wp\/v2\/pages\/575\/revisions\/94148"}],"up":[{"embeddable":true,"href":"https:\/\/semmelweis.hu\/kontrolling\/wp-json\/wp\/v2\/pages\/93740"}],"wp:attachment":[{"href":"https:\/\/semmelweis.hu\/kontrolling\/wp-json\/wp\/v2\/media?parent=575"}],"wp:term":[{"taxonomy":"category","embeddable":true,"href":"https:\/\/semmelweis.hu\/kontrolling\/wp-json\/wp\/v2\/categories?post=575"},{"taxonomy":"post_tag","embeddable":true,"href":"https:\/\/semmelweis.hu\/kontrolling\/wp-json\/wp\/v2\/tags?post=575"}],"curies":[{"name":"wp","href":"https:\/\/api.w.org\/{rel}","templated":true}]}}