{"id":5,"date":"2012-01-29T12:04:01","date_gmt":"2012-01-29T12:04:01","guid":{"rendered":"http:\/\/semmelweis-egyetem.hu\/kontrolling\/?page_id=5"},"modified":"2026-01-14T16:17:48","modified_gmt":"2026-01-14T15:17:48","slug":"altalanos-informaciok","status":"publish","type":"page","link":"https:\/\/semmelweis.hu\/kontrolling\/altalanos-informaciok\/","title":{"rendered":"A f\u0151igazgat\u00f3s\u00e1g bemutat\u00e1sa"},"content":{"rendered":"<div class=\"keretes w-100\">\n<p style=\"text-align: justify\"><img loading=\"lazy\" decoding=\"async\" class=\"size-medium wp-image-94111 alignleft\" src=\"https:\/\/semmelweis.hu\/kontrolling\/files\/2026\/01\/RS146149_C19A5391-scr-1024x683-1-400x267.jpg\" alt=\"\" width=\"400\" height=\"267\" srcset=\"https:\/\/semmelweis.hu\/kontrolling\/files\/2026\/01\/RS146149_C19A5391-scr-1024x683-1-400x267.jpg 400w, https:\/\/semmelweis.hu\/kontrolling\/files\/2026\/01\/RS146149_C19A5391-scr-1024x683-1-768x512.jpg 768w, https:\/\/semmelweis.hu\/kontrolling\/files\/2026\/01\/RS146149_C19A5391-scr-1024x683-1-753x502.jpg 753w, https:\/\/semmelweis.hu\/kontrolling\/files\/2026\/01\/RS146149_C19A5391-scr-1024x683-1-203x135.jpg 203w, https:\/\/semmelweis.hu\/kontrolling\/files\/2026\/01\/RS146149_C19A5391-scr-1024x683-1.jpg 1024w\" sizes=\"auto, (max-width: 400px) 100vw, 400px\" \/><\/p>\n<p>A <strong>K\u00f6lts\u00e9gvet\u00e9si \u00e9s Kontrolling F\u0151igazgat\u00f3s\u00e1g<\/strong> a kancell\u00e1r k\u00f6zvetlen ir\u00e1ny\u00edt\u00e1sa alatt \u00e1ll\u00f3, az Egyetem \u00f6n\u00e1ll\u00f3 keretgazd\u00e1lkod\u00e1si jogk\u00f6rrel rendelkez\u0151 k\u00f6zponti funkcion\u00e1lis szervezeti egys\u00e9ge. A K\u00f6lts\u00e9gvet\u00e9si \u00e9s Kontrolling F\u0151igazgat\u00f3s\u00e1g vezet\u0151je a k\u00f6lts\u00e9gvet\u00e9si \u00e9s kontrolling f\u0151igazgat\u00f3. Az \u0151 hat\u00e1sk\u00f6r\u00e9be tartozik a f\u0151igazgat\u00f3s\u00e1g vezet\u00e9se, amelyet a szakmai ter\u00fcletek tev\u00e9kenys\u00e9g\u00e9\u00e9rt, a tev\u00e9kenys\u00e9get \u00e9rint\u0151 d\u00f6nt\u00e9sek v\u00e9grehajt\u00e1s\u00e1\u00e9rt \u00f6n\u00e1ll\u00f3an felel\u0151s igazgat\u00f3s\u00e1gok \u00e9s t\u00f6mbigazgat\u00f3s\u00e1gok \u00fatj\u00e1n l\u00e1t el.<\/p>\n<\/div>\n<h4><strong>A f\u0151igazgat\u00f3s\u00e1g feladatai:<\/strong><\/h4>\n<ol style=\"list-style-type: lower-alpha\">\n<li>kontrolling tev\u00e9kenys\u00e9g ell\u00e1t\u00e1sa;<\/li>\n<li>a vezet\u0151i inform\u00e1ci\u00f3s rendszer kialak\u00edt\u00e1sa, fejleszt\u00e9se \u00e9s m\u0171k\u00f6dtet\u00e9se;<\/li>\n<li>a k\u00f6lts\u00e9gvet\u00e9s tervez\u00e9se, a k\u00f6lts\u00e9gvet\u00e9s m\u00f3dos\u00edt\u00e1s\u00e1t nem ig\u00e9nyl\u0151, a gazd\u00e1lkod\u00e1si k\u00f6r\u00fclm\u00e9nyek \u00e1ltal indokolt m\u00f3dos\u00edt\u00e1sok, \u00e1tcsoportos\u00edt\u00e1sok \u00e9s felhaszn\u00e1l\u00e1sok (a tov\u00e1bbiakban egy\u00fctt: gazd\u00e1lkod\u00e1s) v\u00e9grehajt\u00e1sa, az Egyetem vagyongazd\u00e1lkod\u00e1si terv\u00e9nek el\u0151k\u00e9sz\u00edt\u00e9se;<\/li>\n<li>\u00a0a gazdas\u00e1gi szervezet r\u00e9sz\u00e9t k\u00e9pez\u0151, az egyetemi decentraliz\u00e1lt gazd\u00e1lkod\u00e1st \u00e9s \u00fczemeltet\u00e9st v\u00e9gz\u0151 t\u00f6mb\u00f6k, szervezeti egys\u00e9gek gazdas\u00e1gi r\u00e9szlegeinek<br \/>\nir\u00e1ny\u00edt\u00e1sa,<\/li>\n<li>hat\u00e1sk\u00f6r\u00e9vel kapcsolatosan adatszolg\u00e1ltat\u00e1si, besz\u00e1mol\u00e1si feladatok ell\u00e1t\u00e1sa;<\/li>\n<li>az oktat\u00e1si k\u00f6zfeladatfinansz\u00edroz\u00e1si szerz\u0151d\u00e9shez kapcsol\u00f3d\u00f3 el\u0151k\u00e9sz\u00edt\u00e9si, monitoring \u00e9s p\u00e9nz\u00fcgyi besz\u00e1mol\u00e1si feladatok.<\/li>\n<\/ol>\n<style>\n           #page-grid .card-body > .line-clamp-box.excerpt{\n        width: inherit;\n        max-width: inherit;\n        display:flex;\n        min-height: 2.4em;\n        flex-direction: column;\n        justify-content: space-around;\n        background-color: #D6E4EA;\n        min-height: 3.4rem;\n        font-family: \"Montserrat\", sans-serif;\n    }\n\n    #page-grid a:hover .card-body > .line-clamp-box.excerpt {\n        background-color: #fff;\n        color: #313B40;\n    }\n\n    #page-grid .card-body .line-clamp-box.excerpt section{\n        max-width: inherit;\n        display: -webkit-box;\n        -webkit-line-clamp: 2;\n        -webkit-box-orient: vertical;\n        overflow: hidden;\n        text-overflow: ellipsis;\n        hyphens: auto;\n        margin: auto;\n        \n    }\n    .line-clamp-box.excerpt section, .line-clamp-box.excerpt section p{\n        font-size:0.8em;\n    }\n    \n<\/style>\n    <section id=\"page-grid\">\n        <section class=\"d-block d-md-flex title-row my-3 ml-0 ml-md-1\">\n<div class=\"section-title  mb-1 \">\n<h2>\n    Szervezeti egys\u00e9geink\n<\/h2>\n<\/div>\n<\/section>\n        <div class=\"row row-cols-1 row-cols-md-2 row-cols-lg-4 no-gutters mx-0 \">    <div class =\"col  mb-2 card-wrapper\">\n        <a class=\"d-flex flex-fill card-link-warapper m-md-1\" href=\"https:\/\/semmelweis.hu\/kontrolling\/szervezeti-egysegek\/egeszsegugyi-halozat-iranyitasi-igazgatosag\/\">\n            <div class=\"card border border-secondary se-border flex-fill\">\n                <div class=\"row no-gutters mx-0 d-flex flex-nowrap flex-md-wrap align-items-center\">\n                    <div class =\"  col-5 col-md-12  d-none  d-md-none d-md-none  bg-image  card-image justify-content-center\">\n                        <img class='wp-post-image img-fluid landscape' src='https:\/\/semmelweis.hu\/kontrolling\/wp-content\/themes\/se18\/dist\/images\/svg\/bg-image.svg' \/>\n                    <\/div>\n                    <div class=\"card-body  col flex-column  col-md-12 p-0\">\n                        <div class=\"line-clamp-box p-3\">\n                            <h5 class=\"ml-0 ml-sm-1 mt-2 align-items-center\"  >Eg\u00e9szs\u00e9g\u00fcgyi H\u00e1l\u00f3zat-ir\u00e1ny\u00edt\u00e1si Igazgat\u00f3s\u00e1g<\/h5>\n                        <\/div>\n                        \n                    <\/div>\n                <\/div>\n\n            <\/div>\n        <\/a>\n    <\/div>    <div class =\"col  mb-2 card-wrapper\">\n        <a class=\"d-flex flex-fill card-link-warapper m-md-1\" href=\"https:\/\/semmelweis.hu\/kontrolling\/szervezeti-egysegek\/kontrolling-igazgatosag\/\">\n            <div class=\"card border border-secondary se-border flex-fill\">\n                <div class=\"row no-gutters mx-0 d-flex flex-nowrap flex-md-wrap align-items-center\">\n                    <div class =\"  col-5 col-md-12  d-none  d-md-none d-md-none  bg-image  card-image justify-content-center\">\n                        <img class='wp-post-image img-fluid landscape' src='https:\/\/semmelweis.hu\/kontrolling\/wp-content\/themes\/se18\/dist\/images\/svg\/bg-image.svg' \/>\n                    <\/div>\n                    <div class=\"card-body  col flex-column  col-md-12 p-0\">\n                        <div class=\"line-clamp-box p-3\">\n                            <h5 class=\"ml-0 ml-sm-1 mt-2 align-items-center\"  >Kontrolling Igazgat\u00f3s\u00e1g<\/h5>\n                        <\/div>\n                        \n                    <\/div>\n                <\/div>\n\n            <\/div>\n        <\/a>\n    <\/div>    <div class =\"col  mb-2 card-wrapper\">\n        <a class=\"d-flex flex-fill card-link-warapper m-md-1\" href=\"https:\/\/semmelweis.hu\/kontrolling\/szervezeti-egysegek\/oktatasi-halozat-iranyitasi-igazgatosag\/\">\n            <div class=\"card border border-secondary se-border flex-fill\">\n                <div class=\"row no-gutters mx-0 d-flex flex-nowrap flex-md-wrap align-items-center\">\n                    <div class =\"  col-5 col-md-12  d-none  d-md-none d-md-none  bg-image  card-image justify-content-center\">\n                        <img class='wp-post-image img-fluid landscape' src='https:\/\/semmelweis.hu\/kontrolling\/wp-content\/themes\/se18\/dist\/images\/svg\/bg-image.svg' \/>\n                    <\/div>\n                    <div class=\"card-body  col flex-column  col-md-12 p-0\">\n                        <div class=\"line-clamp-box p-3\">\n                            <h5 class=\"ml-0 ml-sm-1 mt-2 align-items-center\"  >Oktat\u00e1si H\u00e1l\u00f3zat-ir\u00e1ny\u00edt\u00e1si Igazgat\u00f3s\u00e1g<\/h5>\n                        <\/div>\n                        \n                    <\/div>\n                <\/div>\n\n            <\/div>\n        <\/a>\n    <\/div>    <div class =\"col  mb-2 card-wrapper\">\n        <a class=\"d-flex flex-fill card-link-warapper m-md-1\" href=\"https:\/\/semmelweis.hu\/kontrolling\/szervezeti-egysegek\/kozponti-gazdasagi-halozat-iranyitasi-igazgatosag\/\">\n            <div class=\"card border border-secondary se-border flex-fill\">\n                <div class=\"row no-gutters mx-0 d-flex flex-nowrap flex-md-wrap align-items-center\">\n                    <div class =\"  col-5 col-md-12  d-none  d-md-none d-md-none  bg-image  card-image justify-content-center\">\n                        <img class='wp-post-image img-fluid landscape' src='https:\/\/semmelweis.hu\/kontrolling\/wp-content\/themes\/se18\/dist\/images\/svg\/bg-image.svg' \/>\n                    <\/div>\n                    <div class=\"card-body  col flex-column  col-md-12 p-0\">\n                        <div class=\"line-clamp-box p-3\">\n                            <h5 class=\"ml-0 ml-sm-1 mt-2 align-items-center\"  >K\u00f6zponti Gazdas\u00e1gi H\u00e1l\u00f3zat-ir\u00e1ny\u00edt\u00e1si Igazgat\u00f3s\u00e1g<\/h5>\n                        <\/div>\n                        \n                    <\/div>\n                <\/div>\n\n            <\/div>\n        <\/a>\n    <\/div>        <\/div>\n    <\/section>\n","protected":false},"excerpt":{"rendered":"<p>A K\u00f6lts\u00e9gvet\u00e9si \u00e9s Kontrolling F\u0151igazgat\u00f3s\u00e1g a kancell\u00e1r k\u00f6zvetlen ir\u00e1ny\u00edt\u00e1sa alatt \u00e1ll\u00f3, az Egyetem \u00f6n\u00e1ll\u00f3 keretgazd\u00e1lkod\u00e1si jogk\u00f6rrel rendelkez\u0151 k\u00f6zponti funkcion\u00e1lis szervezeti egys\u00e9ge. A K\u00f6lts\u00e9gvet\u00e9si \u00e9s Kontrolling F\u0151igazgat\u00f3s\u00e1g vezet\u0151je a k\u00f6lts\u00e9gvet\u00e9si \u00e9s kontrolling f\u0151igazgat\u00f3. Az \u0151 hat\u00e1sk\u00f6r\u00e9be tartozik a f\u0151igazgat\u00f3s\u00e1g vezet\u00e9se, amelyet a szakmai ter\u00fcletek tev\u00e9kenys\u00e9g\u00e9\u00e9rt, a tev\u00e9kenys\u00e9get \u00e9rint\u0151 d\u00f6nt\u00e9sek v\u00e9grehajt\u00e1s\u00e1\u00e9rt \u00f6n\u00e1ll\u00f3an felel\u0151s igazgat\u00f3s\u00e1gok \u00e9s t\u00f6mbigazgat\u00f3s\u00e1gok \u00fatj\u00e1n &hellip;<\/p>\n","protected":false},"author":8,"featured_media":94111,"parent":0,"menu_order":1,"comment_status":"closed","ping_status":"closed","template":"template-fullwidth.php","meta":{"_acf_changed":false,"footnotes":""},"categories":[],"tags":[],"class_list":["post-5","page","type-page","status-publish","has-post-thumbnail","hentry"],"acf":[],"_links":{"self":[{"href":"https:\/\/semmelweis.hu\/kontrolling\/wp-json\/wp\/v2\/pages\/5","targetHints":{"allow":["GET"]}}],"collection":[{"href":"https:\/\/semmelweis.hu\/kontrolling\/wp-json\/wp\/v2\/pages"}],"about":[{"href":"https:\/\/semmelweis.hu\/kontrolling\/wp-json\/wp\/v2\/types\/page"}],"author":[{"embeddable":true,"href":"https:\/\/semmelweis.hu\/kontrolling\/wp-json\/wp\/v2\/users\/8"}],"replies":[{"embeddable":true,"href":"https:\/\/semmelweis.hu\/kontrolling\/wp-json\/wp\/v2\/comments?post=5"}],"version-history":[{"count":12,"href":"https:\/\/semmelweis.hu\/kontrolling\/wp-json\/wp\/v2\/pages\/5\/revisions"}],"predecessor-version":[{"id":94121,"href":"https:\/\/semmelweis.hu\/kontrolling\/wp-json\/wp\/v2\/pages\/5\/revisions\/94121"}],"wp:featuredmedia":[{"embeddable":true,"href":"https:\/\/semmelweis.hu\/kontrolling\/wp-json\/wp\/v2\/media\/94111"}],"wp:attachment":[{"href":"https:\/\/semmelweis.hu\/kontrolling\/wp-json\/wp\/v2\/media?parent=5"}],"wp:term":[{"taxonomy":"category","embeddable":true,"href":"https:\/\/semmelweis.hu\/kontrolling\/wp-json\/wp\/v2\/categories?post=5"},{"taxonomy":"post_tag","embeddable":true,"href":"https:\/\/semmelweis.hu\/kontrolling\/wp-json\/wp\/v2\/tags?post=5"}],"curies":[{"name":"wp","href":"https:\/\/api.w.org\/{rel}","templated":true}]}}