{"id":161,"date":"2015-10-12T16:20:23","date_gmt":"2015-10-12T14:20:23","guid":{"rendered":"http:\/\/semmelweis.hu\/kontrolling\/?page_id=161"},"modified":"2026-01-14T13:55:28","modified_gmt":"2026-01-14T12:55:28","slug":"avir","status":"publish","type":"page","link":"https:\/\/semmelweis.hu\/kontrolling\/szervezeti-egysegek\/kontrolling-igazgatosag\/avir\/","title":{"rendered":"AVIR Inform\u00e1ci\u00f3s K\u00f6zpont"},"content":{"rendered":"<h5>Oszt\u00e1lyvezet\u0151: Moln\u00e1r Attila<\/h5>\n<h5>AVIR Inform\u00e1ci\u00f3s K\u00f6zpont feladatai<\/h5>\n<ul>\n<li style=\"text-align: justify\">Az igazgat\u00f3s\u00e1g \u00e1ltal kifejlesztett Adatt\u00e1r-alap\u00fa Vezet\u0151i Inform\u00e1ci\u00f3s Rendszer (AVIR) m\u0171k\u00f6dtet\u00e9se, amelynek adatb\u00e1zis\u00e1t az Egyetem k\u00fcl\u00f6nb\u00f6z\u0151 inform\u00e1ci\u00f3s rendszereib\u0151l (SAP, Medsol, Neptun, stb.) valamint a szakigazgat\u00f3s\u00e1gokt\u00f3l \u00e9s m\u00e1s szervezeti egys\u00e9gekt\u0151l, illetve k\u00fcls\u0151 forr\u00e1sokb\u00f3l (NEAK, EMMI) sz\u00e1rmaz\u00f3 rendszeres, sz\u0171rt adatokat folyamatosan b\u0151v\u00edtik.<\/li>\n<li style=\"text-align: justify\">Az adatb\u00e1zis kezel\u00e9se, a k\u00fcl\u00f6nb\u00f6z\u0151 szint\u0171 \u00e9s \u00f6sszet\u00e9tel\u0171 riportok, m\u0171szerfalak (dashboard), kimutat\u00e1sok rendszeres elk\u00e9sz\u00edt\u00e9se.<\/li>\n<li style=\"text-align: justify\">Adatok k\u00f6r\u00e9nek \u00e9s az adatgy\u0171jt\u00e9s gyakoris\u00e1g\u00e1nak meghat\u00e1roz\u00e1sa,<\/li>\n<li style=\"text-align: justify\">Adatok befogad\u00e1sa\/\u00f6sszegy\u0171jt\u00e9se<\/li>\n<li style=\"text-align: justify\">Adatt\u00e1rh\u00e1z szoftver seg\u00edts\u00e9g\u00e9vel adatok feldolgoz\u00e1sa, sz\u0171r\u00e9se, ellen\u0151rz\u00e9se, mutat\u00f3sz\u00e1mok k\u00e9sz\u00edt\u00e9se<\/li>\n<li style=\"text-align: justify\">Az Egyetem honlapj\u00e1n \u2013 jogosults\u00e1gi szintekhez k\u00f6t\u00f6tt \u2013 WEB fel\u00fclet\u0171 hozz\u00e1f\u00e9rhet\u0151s\u00e9g\u00e9nek biztos\u00edt\u00e1sa, a fel\u00fclethez kapcsol\u00f3d\u00f3 adminisztr\u00e1tori feladatok ell\u00e1t\u00e1sa:<\/li>\n<li style=\"text-align: justify\">A megjelen\u00edteni k\u00edv\u00e1nt adatok feldolgoz\u00e1sa vizu\u00e1lis megjelen\u00edt\u0151 eszk\u00f6zzel<\/li>\n<li style=\"text-align: justify\">Webes fel\u00fcleten az el\u0151z\u0151 pont eredm\u00e9nyeinek megjelen\u00edt\u00e9se<\/li>\n<\/ul>\n","protected":false},"excerpt":{"rendered":"<p>Oszt\u00e1lyvezet\u0151: Moln\u00e1r Attila AVIR Inform\u00e1ci\u00f3s K\u00f6zpont feladatai Az igazgat\u00f3s\u00e1g \u00e1ltal kifejlesztett Adatt\u00e1r-alap\u00fa Vezet\u0151i Inform\u00e1ci\u00f3s Rendszer (AVIR) m\u0171k\u00f6dtet\u00e9se, amelynek adatb\u00e1zis\u00e1t az Egyetem k\u00fcl\u00f6nb\u00f6z\u0151 inform\u00e1ci\u00f3s rendszereib\u0151l (SAP, Medsol, Neptun, stb.) valamint a szakigazgat\u00f3s\u00e1gokt\u00f3l \u00e9s m\u00e1s szervezeti egys\u00e9gekt\u0151l, illetve k\u00fcls\u0151 forr\u00e1sokb\u00f3l (NEAK, EMMI) sz\u00e1rmaz\u00f3 rendszeres, sz\u0171rt adatokat folyamatosan b\u0151v\u00edtik. Az adatb\u00e1zis kezel\u00e9se, a k\u00fcl\u00f6nb\u00f6z\u0151 szint\u0171 \u00e9s \u00f6sszet\u00e9tel\u0171 riportok, &hellip;<\/p>\n","protected":false},"author":101027,"featured_media":0,"parent":326,"menu_order":0,"comment_status":"closed","ping_status":"closed","template":"template-fullwidth.php","meta":{"_acf_changed":false,"footnotes":""},"categories":[],"tags":[],"class_list":["post-161","page","type-page","status-publish","hentry"],"acf":[],"_links":{"self":[{"href":"https:\/\/semmelweis.hu\/kontrolling\/wp-json\/wp\/v2\/pages\/161","targetHints":{"allow":["GET"]}}],"collection":[{"href":"https:\/\/semmelweis.hu\/kontrolling\/wp-json\/wp\/v2\/pages"}],"about":[{"href":"https:\/\/semmelweis.hu\/kontrolling\/wp-json\/wp\/v2\/types\/page"}],"author":[{"embeddable":true,"href":"https:\/\/semmelweis.hu\/kontrolling\/wp-json\/wp\/v2\/users\/101027"}],"replies":[{"embeddable":true,"href":"https:\/\/semmelweis.hu\/kontrolling\/wp-json\/wp\/v2\/comments?post=161"}],"version-history":[{"count":12,"href":"https:\/\/semmelweis.hu\/kontrolling\/wp-json\/wp\/v2\/pages\/161\/revisions"}],"predecessor-version":[{"id":94108,"href":"https:\/\/semmelweis.hu\/kontrolling\/wp-json\/wp\/v2\/pages\/161\/revisions\/94108"}],"up":[{"embeddable":true,"href":"https:\/\/semmelweis.hu\/kontrolling\/wp-json\/wp\/v2\/pages\/326"}],"wp:attachment":[{"href":"https:\/\/semmelweis.hu\/kontrolling\/wp-json\/wp\/v2\/media?parent=161"}],"wp:term":[{"taxonomy":"category","embeddable":true,"href":"https:\/\/semmelweis.hu\/kontrolling\/wp-json\/wp\/v2\/categories?post=161"},{"taxonomy":"post_tag","embeddable":true,"href":"https:\/\/semmelweis.hu\/kontrolling\/wp-json\/wp\/v2\/tags?post=161"}],"curies":[{"name":"wp","href":"https:\/\/api.w.org\/{rel}","templated":true}]}}