{"id":813,"date":"2013-11-18T11:10:53","date_gmt":"2013-11-18T10:10:53","guid":{"rendered":"http:\/\/semmelweis.hu\/marketing-kommunikacio\/?page_id=813"},"modified":"2025-05-06T09:43:17","modified_gmt":"2025-05-06T07:43:17","slug":"fotozas-szabalyai","status":"publish","type":"page","link":"https:\/\/semmelweis.hu\/kommunikacio\/szerkesztoseg\/fotozas-szabalyai\/","title":{"rendered":"Fot\u00f3z\u00e1s szab\u00e1lyai"},"content":{"rendered":"<p style=\"font-weight: 400\"><strong>A fot\u00f3z\u00e1sra <\/strong><a href=\"https:\/\/semmelweis.hu\/jogigfoig\/files\/2024\/10\/Kommunikacios-es-honlap-szabalyzat_I.konyv_hataly_2024.XI_.01-tol.pdf\"><strong>a Kommunik\u00e1ci\u00f3s Szab\u00e1lyzat<\/strong><\/a><strong> vonatkoz\u00f3 fejezetei \u00e9rv\u00e9nyesek.<\/strong><\/p>\n<ul>\n<li>Az egyetem hat\u00e1sk\u00f6r\u00e9ben \u00e9s megb\u00edz\u00e1s\u00e1b\u00f3l k\u00e9sz\u00edtett fot\u00f3k felhaszn\u00e1l\u00e1si joga \u2013 ellenkez\u0151 szerz\u0151d\u00e9ses kik\u00f6t\u00e9s hi\u00e1ny\u00e1ban \u2013 minden esetben az egyetemet illeti.<\/li>\n<li>Az egyetemi f\u00e9nyk\u00e9p\u00e9sz \u00e1ltal az egyetemen k\u00e9sz\u00edtett k\u00e9peket harmadik f\u00e9l sz\u00e1m\u00e1ra, vagy referenciak\u00e9nt csak a fot\u00f3kredit <em>(Fot\u00f3s neve \u2013 Semmelweis Egyetem) <\/em>felt\u00fcntet\u00e9s\u00e9vel haszn\u00e1lhatja.<\/li>\n<li>K\u00f6zponti rendezv\u00e9nyekr\u0151l f\u00e9nyk\u00e9pfelv\u00e9telek k\u00e9sz\u00fclnek a Kommunik\u00e1ci\u00f3s Igazgat\u00f3s\u00e1g (KI) k\u00f6zrem\u0171k\u00f6d\u00e9s\u00e9vel, a fot\u00f3kkal illusztr\u00e1lt tud\u00f3s\u00edt\u00e1s az egyetemi nyit\u00f3lap h\u00edrei k\u00f6z\u00f6tt jelenik meg.<\/li>\n<li>Az egyetem kari, klinikai \u00e9s int\u00e9zeti esem\u00e9nyein a fot\u00f3s a KI r\u00e9sz\u00e9r\u0151l szabad kapacit\u00e1s f\u00fcggv\u00e9ny\u00e9ben vesz r\u00e9szt. Az esem\u00e9ny szervez\u0151je a rendezv\u00e9ny el\u0151tt minimum 5 munkanappal k\u00f6teles bejelenteni a fot\u00f3z\u00e1ssal kapcsolatos k\u00e9r\u00e9s\u00e9t a hirek@semmelweis.hu e-mail c\u00edmre.<\/li>\n<li>Az egyetemen zajl\u00f3, nem egyetemi rendez\u00e9s\u0171 esem\u00e9nyen szerkeszt\u0151 \u00e9s fot\u00f3s a kommunik\u00e1ci\u00f3s igazgat\u00f3 vagy a f\u0151szerkeszt\u0151 m\u00e9rlegel\u00e9s\u00e9t k\u00f6vet\u0151en, kapacit\u00e1s f\u00fcggv\u00e9ny\u00e9ben vesz r\u00e9szt.<\/li>\n<\/ul>\n<div class=\"fontos_div\">\n<p style=\"font-weight: 400;text-align: left\"><strong>Egyetemi Fot\u00f3arch\u00edvum<\/strong><\/p>\n<p style=\"text-align: left\">A fot\u00f3arch\u00edvumba az egyetem k\u00f6zponti rendezv\u00e9nyein k\u00e9sz\u00fclt, az egyetemi f\u00e9nyk\u00e9p\u00e9sz \u00e1ltal k\u00e9sz\u00edtett felv\u00e9telek ker\u00fclnek, illetve azon esem\u00e9nyek felv\u00e9telei, amelyeken az egyetemi f\u00e9nyk\u00e9p\u00e9sz r\u00e9szt vett. Az egyetemi f\u00e9nyk\u00e9p\u00e9sz a fot\u00f3kat el\u0151v\u00e1logat\u00e1s, feldolgoz\u00e1s ut\u00e1n legk\u00e9s\u0151bb egy h\u00e9ten bel\u00fcl az arch\u00edvumba felt\u00f6lti. Az arch\u00edvum tartalmazza az egyetem vezet\u0151ir\u0151l, \u00e9p\u00fcleteir\u0151l \u00e9s m\u0171t\u00e1rgyair\u00f3l k\u00e9sz\u00fclt felv\u00e9teleket is.\u00a0<\/p>\n<\/div>\n","protected":false},"excerpt":{"rendered":"<p>A fot\u00f3z\u00e1sra <a href=\"https:\/\/semmelweis.hu\/jogigfoig\/files\/2024\/10\/Kommunikacios-es-honlap-szabalyzat_I.konyv_hataly_2024.XI_.01-tol.pdf\">a Kommunik\u00e1ci\u00f3s Szab\u00e1lyzat<\/a> vonatkoz\u00f3 fejezetei \u00e9rv\u00e9nyesek. Az egyetem hat\u00e1sk\u00f6r\u00e9ben \u00e9s megb\u00edz\u00e1s\u00e1b\u00f3l k\u00e9sz\u00edtett fot\u00f3k felhaszn\u00e1l\u00e1si joga \u2013 ellenkez\u0151 szerz\u0151d\u00e9ses kik\u00f6t\u00e9s hi\u00e1ny\u00e1ban \u2013 minden esetben az egyetemet illeti. Az egyetemi f\u00e9nyk\u00e9p\u00e9sz \u00e1ltal az egyetemen k\u00e9sz\u00edtett k\u00e9peket harmadik f\u00e9l sz\u00e1m\u00e1ra, vagy referenciak\u00e9nt csak a fot\u00f3kredit (Fot\u00f3s neve \u2013 Semmelweis Egyetem) felt\u00fcntet\u00e9s\u00e9vel haszn\u00e1lhatja. K\u00f6zponti rendezv\u00e9nyekr\u0151l f\u00e9nyk\u00e9pfelv\u00e9telek k\u00e9sz\u00fclnek a Kommunik\u00e1ci\u00f3s Igazgat\u00f3s\u00e1g &hellip;<\/p>\n","protected":false},"author":12,"featured_media":0,"parent":13,"menu_order":1,"comment_status":"closed","ping_status":"closed","template":"","meta":{"_acf_changed":false,"footnotes":""},"categories":[],"tags":[],"class_list":["post-813","page","type-page","status-publish","hentry"],"acf":[],"_links":{"self":[{"href":"https:\/\/semmelweis.hu\/kommunikacio\/wp-json\/wp\/v2\/pages\/813","targetHints":{"allow":["GET"]}}],"collection":[{"href":"https:\/\/semmelweis.hu\/kommunikacio\/wp-json\/wp\/v2\/pages"}],"about":[{"href":"https:\/\/semmelweis.hu\/kommunikacio\/wp-json\/wp\/v2\/types\/page"}],"author":[{"embeddable":true,"href":"https:\/\/semmelweis.hu\/kommunikacio\/wp-json\/wp\/v2\/users\/12"}],"replies":[{"embeddable":true,"href":"https:\/\/semmelweis.hu\/kommunikacio\/wp-json\/wp\/v2\/comments?post=813"}],"version-history":[{"count":11,"href":"https:\/\/semmelweis.hu\/kommunikacio\/wp-json\/wp\/v2\/pages\/813\/revisions"}],"predecessor-version":[{"id":1165,"href":"https:\/\/semmelweis.hu\/kommunikacio\/wp-json\/wp\/v2\/pages\/813\/revisions\/1165"}],"up":[{"embeddable":true,"href":"https:\/\/semmelweis.hu\/kommunikacio\/wp-json\/wp\/v2\/pages\/13"}],"wp:attachment":[{"href":"https:\/\/semmelweis.hu\/kommunikacio\/wp-json\/wp\/v2\/media?parent=813"}],"wp:term":[{"taxonomy":"category","embeddable":true,"href":"https:\/\/semmelweis.hu\/kommunikacio\/wp-json\/wp\/v2\/categories?post=813"},{"taxonomy":"post_tag","embeddable":true,"href":"https:\/\/semmelweis.hu\/kommunikacio\/wp-json\/wp\/v2\/tags?post=813"}],"curies":[{"name":"wp","href":"https:\/\/api.w.org\/{rel}","templated":true}]}}