{"id":647,"date":"2013-11-27T11:02:44","date_gmt":"2013-11-27T10:02:44","guid":{"rendered":"http:\/\/semmelweis-egyetem.hu\/marketing-kommunikacio\/?page_id=647"},"modified":"2026-03-03T11:17:36","modified_gmt":"2026-03-03T10:17:36","slug":"alhonlapok","status":"publish","type":"page","link":"https:\/\/semmelweis.hu\/kommunikacio\/alhonlapok\/","title":{"rendered":"Az egyetemi honlaprendszer &#8211; alhonlap ig\u00e9nyl\u00e9s"},"content":{"rendered":"<div class=\"keretes w-100\">\n<p><span style=\"font-family: Montserrat;\">A Semmelweis Egyetem\u00a0k\u00f6zponti <a href=\"https:\/\/semmelweis.hu\/\" target=\"_blank\" rel=\"noopener\">honlapjait<\/a> magyar \u00e9s angol nyelven a kommunik\u00e1ci\u00f3s igazgat\u00f3s\u00e1g <a href=\"https:\/\/semmelweis.hu\/kommunikacio\/elerhetoseg\/\" target=\"_blank\" rel=\"noopener noreferrer\">munkat\u00e1rsai<\/a> szerkesztik.\u00a0\u00a0Emellett a szervezeti egys\u00e9gek (klinik\u00e1k, int\u00e9zetek, tansz\u00e9kek, igazgat\u00f3s\u00e1gok) is \u00fczemeltetnek honlapokat, ezek az egyetem \u00fan. alhonlapjai.\u00a0<\/span><\/p>\n<\/div>\n<p style=\"text-align: left;\">A k\u00f6zponti honlaprendszerben (WordPress) m\u0171k\u00f6d\u0151 alhonlapok l\u00e9trehoz\u00e1sa, fel\u00fcgyelete a Kommunik\u00e1ci\u00f3s Igazgat\u00f3s\u00e1g (KI) feladatai k\u00f6z\u00e9 tartozik. <strong>A szervezeti egys\u00e9gek a rendszeren bel\u00fcl k\u00f6lts\u00e9g mentesen saj\u00e1t honlapot ig\u00e9nyelhetnek, amelyhez adminisztr\u00e1ci\u00f3s jogk\u00f6rt is kapnak<\/strong>, \u00edgy az arculati elemek megtart\u00e1s\u00e1val v\u00e1ltoztathatj\u00e1k, b\u0151v\u00edthetik azt.<\/p>\n<p style=\"text-align: left;\"><em>Fontos, hogy egy egys\u00e9gnek egyetlen honlapja lehet csak (de az egys\u00e9ghez tartoz\u00f3 munkacsoport, oszt\u00e1ly, konferencia, projekt stb., rendelkezhet saj\u00e1t honlappal).<\/em><\/p>\n<div class=\"keretes w-100\">\n<p><span style=\"font-family: Montserrat;\">A<strong> tartalom <\/strong>teljes k\u00f6r\u0171<strong> felt\u00f6lt\u00e9se,<\/strong> rendszeres<strong> friss\u00edt\u00e9se, struktur\u00e1l\u00e1sa <\/strong>\u00e9s \u00e9ves <strong>tartalomellen\u0151rz\u00e9se az ig\u00e9nyl\u0151 szervezeti egys\u00e9g feladata <\/strong>a <a href=\"https:\/\/semmelweis.hu\/jogigfoig\/dokumentumtar\/szabalyzattar\/kommunikacios-szabalyzat\/\" target=\"_blank\" rel=\"noopener\">Honlap Szab\u00e1lyzat<\/a> rendelkez\u00e9seivel \u00f6sszhangban.\u00a0<\/span><\/p>\n<\/div>\n<h4><strong>Az alhonlapIg\u00e9nyl\u00e9s menete<\/strong><\/h4>\n<p>A k\u00f6zponti egyetemi rendszerbe tartoz\u00f3 <strong>alhonlap l\u00e9trehoz\u00e1s\u00e1ra az ig\u00e9nyt a szervezeti egys\u00e9g vezet\u0151je <\/strong><em>(vagy megb\u00edzottja, mely esetben a vezet\u0151 m\u00e1solati c\u00edmzettk\u00e9nt szerepel)<\/em><strong> jelentheti be<\/strong> a <a href=\"mailto:honlap@semmelweis.hu\">honlap@semmelweis.hu<\/a> c\u00edmen a k\u00f6vetkez\u0151 adatok megad\u00e1s\u00e1val:<\/p>\n<ul>\n<li>a honlap megnevez\u00e9se, amit a weboldal fejl\u00e9c\u00e9ben lesz olvashat\u00f3 (t\u00f6bbnyire az egys\u00e9g, alegys\u00e9g neve)<\/li>\n<li>a k\u00e9rt honlap c\u00edme, ha m\u00e1r van elk\u00e9pzel\u00e9s (<strong>https:\/\/semmelweis.hu\/<span style=\"color: #ff6600;\">megnevezes<\/span><\/strong>) &#8211; ha nincs, akkor a KI tesz javaslatot<\/li>\n<li>a honlap teljesk\u00f6r\u0171 (adminisztr\u00e1tor) szerkeszt\u0151j\u00e9nek neve \u00e9s e-mail c\u00edme<\/li>\n<li>opcion\u00e1lisan a tov\u00e1bbi adminisztr\u00e1tor(ok) vagy szerkeszt\u0151(k) neve, e-mail c\u00edme \u00e9s a k\u00e9rt jogosults\u00e1g szintje.<\/li>\n<\/ul>\n<p>A KI a honlapot legk\u00e9s\u0151bb egy h\u00e9ten bel\u00fcl (5 munkanap) l\u00e9trehozza \u00e9s <strong>nem nyilv\u00e1nos \u00e1llapotban<\/strong> adja azt \u00e1t a kijel\u00f6lt adminisztr\u00e1tornak. A szervezeti egys\u00e9g feladata a fel\u00fcletet p\u00e1r h\u00e9ten bel\u00fcl tartalommal megt\u00f6lteni. A KI a honlapot &#8211; az egys\u00e9g jelz\u00e9s\u00e9t k\u00f6vet\u0151en &#8211; ellen\u0151rzi, majd, ha a <a href=\"https:\/\/semmelweis.hu\/jogigfoig\/dokumentumtar\/szabalyzattar\/kommunikacios-szabalyzat\/\" target=\"_blank\" rel=\"noopener\">Honlap Szab\u00e1lyzattal<\/a> \u00f6sszhangban tal\u00e1lja, nyilv\u00e1nosra \u00e1ll\u00edtja.\u00a0<\/p>\n<h4><strong>K\u00e9pz\u00e9s \u00e9s Online tananyag\u00a0<\/strong><\/h4>\n<p>A honlap k\u00f6nnyen kezelhet\u0151, vizu\u00e1lis fel\u00fcleten szerkeszthet\u0151, adminisztr\u00e1lhat\u00f3. A Kommunik\u00e1ci\u00f3s Igazgat\u00f3s\u00e1g az \u00e9rdekl\u0151d\u00e9s f\u00fcggv\u00e9ny\u00e9ben szervez <a href=\"https:\/\/semmelweis.hu\/wiki\/kepzes-a-honlapszerkesztok-szamara-wordpress\/\" target=\"_blank\" rel=\"noopener\">online k\u00e9pz\u00e9st<\/a>, valamint<a href=\"https:\/\/semmelweis.hu\/wiki\/\" target=\"_blank\" rel=\"noopener noreferrer\">\u00a0egy online tananyag seg\u00edts\u00e9g\u00e9vel is k\u00e9pezhetik magukat a szerkeszt\u0151k<\/a>.<\/p>\n<h4><strong>Telefonk\u00f6nyv<\/strong><\/h4>\n<p>Az egys\u00e9gek saj\u00e1t feladata a k\u00f6zponti honlapfel\u00fcleten kereszt\u00fcl el\u00e9rhet\u0151 <strong>online telefonk\u00f6nyvi adatok rendszeres friss\u00edt\u00e9se<\/strong>, napra k\u00e9szen tart\u00e1sa, illetve \u00e9vi egyszeri teljes ellen\u0151rz\u00e9se is.<\/p>\n<p>Az online telefonk\u00f6nyv friss\u00edt\u00e9s\u00e9hez a felhaszn\u00e1l\u00f3k cser\u00e9je vagy \u00fajak felv\u00e9tele a Kommunik\u00e1ci\u00f3s Igazgat\u00f3s\u00e1gt\u00f3l ig\u00e9nyelhet\u0151 a\u00a0<a href=\"mailto:honlap@semmelweis.hu\">honlap@semmelweis.hu<\/a>\u00a0e-mail c\u00edmen a szerkeszt\u0151 nev\u00e9nek, e-mail c\u00edm\u00e9nek \u00e9s a szerkeszteni k\u00edv\u00e1nt egys\u00e9g(ek)nek a megnevez\u00e9s\u00e9vel. Az ig\u00e9nyl\u0151 e-mailen az \u00e9rintett szervezeti egys\u00e9gek vezet\u0151je m\u00e1solat c\u00edmzett kell, hogy legyen.\u00a0<\/p>\n<h4><strong>Semmelweis Scholar<\/strong><\/h4>\n<p><strong>Szem\u00e9lyes szakmai honlapot<\/strong> ig\u00e9nyelhetnek az egyetemi honlaprendszer keret\u00e9ben a Semmelweis Egyetem kutat\u00f3i, oktat\u00f3i \u00e9s m\u00e1s munkat\u00e1rsai. Az egyetemi arculathoz illeszked\u0151 honlaprendszer a nemzetk\u00f6zi online tudom\u00e1nyos kommunik\u00e1ci\u00f3ban m\u00e1r j\u00f3l bej\u00e1ratott <strong>\u201eScholar\u201d<\/strong> projektnevet kapta,\u00a0webc\u00edme a\u00a0<a href=\"http:\/\/scholar.semmelweis.hu\/\">http:\/\/scholar.semmelweis.hu<\/a>. A regisztr\u00e1ci\u00f3hoz, vagyis a szem\u00e9lyes szakmai honlap ig\u00e9nyl\u00e9s\u00e9hez a <a href=\"http:\/\/scholar.semmelweis.hu\/semmelweis-scholar\/\">http:\/\/scholar.semmelweis.hu\/semmelweis-scholar\/<\/a> linken el\u00e9rhet\u0151 online \u0171rlapot kell kit\u00f6lteni.<\/p>\n<div class=\"keretes w-100\">\n<p>A Semmelweis Egyetem k\u00f6zponti honlaprendszere, valamint a Semmelweis Scholar a <strong>WordPress tartalomkezel\u0151 rendszerre \u00e9p\u00fclt<\/strong>. A WordPress egy ingyenes \u00e9s ny\u00edlt forr\u00e1sk\u00f3d\u00fa (PHP \u00e9s MySQL alap\u00fa) tartalomkezel\u0151 rendszer, amely sz\u00e1mtalan funkci\u00f3t mag\u00e1ba foglal\u00f3, modul\u00e1risan fel\u00e9p\u00edtett fel\u00fclet.<\/p>\n<p>B\u0151vebb inform\u00e1ci\u00f3 <a href=\"https:\/\/semmelweis.hu\/kommunikacio\/munkatarsaink\/\" target=\"_blank\" rel=\"noopener noreferrer\">S\u00e1gi Zenin\u00e1t\u00f3l<\/a> k\u00e9rhet\u0151.<\/p>\n<\/div>\n","protected":false},"excerpt":{"rendered":"<p>A Semmelweis Egyetem\u00a0k\u00f6zponti <a href=\"https:\/\/semmelweis.hu\/\" target=\"_blank\" rel=\"noopener\">honlapjait<\/a> magyar \u00e9s angol nyelven a kommunik\u00e1ci\u00f3s igazgat\u00f3s\u00e1g <a href=\"https:\/\/semmelweis.hu\/kommunikacio\/elerhetoseg\/\" target=\"_blank\" rel=\"noopener noreferrer\">munkat\u00e1rsai<\/a> szerkesztik.\u00a0\u00a0Emellett a szervezeti egys\u00e9gek (klinik\u00e1k, int\u00e9zetek, tansz\u00e9kek, igazgat\u00f3s\u00e1gok) is \u00fczemeltetnek honlapokat, ezek az egyetem \u00fan. alhonlapjai.\u00a0 A k\u00f6zponti honlaprendszerben (WordPress) m\u0171k\u00f6d\u0151 alhonlapok l\u00e9trehoz\u00e1sa, fel\u00fcgyelete a Kommunik\u00e1ci\u00f3s Igazgat\u00f3s\u00e1g (KI) feladatai k\u00f6z\u00e9 tartozik. A szervezeti egys\u00e9gek a rendszeren bel\u00fcl k\u00f6lts\u00e9g mentesen saj\u00e1t honlapot ig\u00e9nyelhetnek, amelyhez adminisztr\u00e1ci\u00f3s jogk\u00f6rt &hellip;<\/p>\n","protected":false},"author":12,"featured_media":3100,"parent":0,"menu_order":4,"comment_status":"closed","ping_status":"closed","template":"","meta":{"_acf_changed":false,"footnotes":""},"categories":[11],"tags":[],"class_list":["post-647","page","type-page","status-publish","has-post-thumbnail","hentry","category-nyitolapra"],"acf":[],"_links":{"self":[{"href":"https:\/\/semmelweis.hu\/kommunikacio\/wp-json\/wp\/v2\/pages\/647","targetHints":{"allow":["GET"]}}],"collection":[{"href":"https:\/\/semmelweis.hu\/kommunikacio\/wp-json\/wp\/v2\/pages"}],"about":[{"href":"https:\/\/semmelweis.hu\/kommunikacio\/wp-json\/wp\/v2\/types\/page"}],"author":[{"embeddable":true,"href":"https:\/\/semmelweis.hu\/kommunikacio\/wp-json\/wp\/v2\/users\/12"}],"replies":[{"embeddable":true,"href":"https:\/\/semmelweis.hu\/kommunikacio\/wp-json\/wp\/v2\/comments?post=647"}],"version-history":[{"count":10,"href":"https:\/\/semmelweis.hu\/kommunikacio\/wp-json\/wp\/v2\/pages\/647\/revisions"}],"predecessor-version":[{"id":3099,"href":"https:\/\/semmelweis.hu\/kommunikacio\/wp-json\/wp\/v2\/pages\/647\/revisions\/3099"}],"wp:featuredmedia":[{"embeddable":true,"href":"https:\/\/semmelweis.hu\/kommunikacio\/wp-json\/wp\/v2\/media\/3100"}],"wp:attachment":[{"href":"https:\/\/semmelweis.hu\/kommunikacio\/wp-json\/wp\/v2\/media?parent=647"}],"wp:term":[{"taxonomy":"category","embeddable":true,"href":"https:\/\/semmelweis.hu\/kommunikacio\/wp-json\/wp\/v2\/categories?post=647"},{"taxonomy":"post_tag","embeddable":true,"href":"https:\/\/semmelweis.hu\/kommunikacio\/wp-json\/wp\/v2\/tags?post=647"}],"curies":[{"name":"wp","href":"https:\/\/api.w.org\/{rel}","templated":true}]}}