{"id":3029,"date":"2025-04-02T11:36:35","date_gmt":"2025-04-02T09:36:35","guid":{"rendered":"https:\/\/semmelweis.hu\/kommunikacio\/?page_id=3029"},"modified":"2025-07-17T14:57:01","modified_gmt":"2025-07-17T12:57:01","slug":"belso-kommunikacio","status":"publish","type":"page","link":"https:\/\/semmelweis.hu\/kommunikacio\/belso-kommunikacio\/","title":{"rendered":"Bels\u0151 kommunik\u00e1ci\u00f3"},"content":{"rendered":"<p><span data-contrast=\"auto\">A Semmelweis Egyetem bels\u0151 kommunik\u00e1ci\u00f3s csapata 2025 m\u00e1rcius\u00e1ban kezdte meg tev\u00e9kenys\u00e9g\u00e9t, \u00e9s azon dolgozik, hogy biztos\u00edtsa a teljes egyetemi k\u00f6z\u00f6ss\u00e9g sz\u00e1m\u00e1ra a leghat\u00e9konyabb inform\u00e1ci\u00f3\u00e1raml\u00e1st. <\/span><span data-ccp-props=\"{}\">\u00a0<\/span><\/p>\n<p><span data-contrast=\"auto\">Projektcsapatunk legfontosabb feladata, hogy egy <strong>\u00faj, korszer\u0171 bels\u0151 kommunik\u00e1ci\u00f3s fel\u00fcletet<\/strong> <em>(mobilapplik\u00e1ci\u00f3t \u00e9s asztali alkalmaz\u00e1st is)<\/em> <strong>vezessen be<\/strong>, amely nemcsak a m\u00e1r megl\u00e9v\u0151 rendszerek hat\u00e9kony m\u0171k\u00f6dtet\u00e9s\u00e9re koncentr\u00e1l, hanem \u00faj lehet\u0151s\u00e9geket is biztos\u00edt az inform\u00e1ci\u00f3k gyors \u00e9s k\u00f6nny\u0171 el\u00e9r\u00e9s\u00e9hez. Az alkalmaz\u00e1s c\u00e9lja, hogy az egyetemi k\u00f6z\u00f6ss\u00e9g tagjai sz\u00e1m\u00e1ra egy <strong>egys\u00e9ges, \u00e1ttekinthet\u0151 \u00e9s k\u00f6nnyen haszn\u00e1lhat\u00f3 fel\u00fclet<\/strong>et biztos\u00edtson a napi inform\u00e1ci\u00f3s sz\u00fcks\u00e9gletek kiel\u00e9g\u00edt\u00e9s\u00e9re.<\/span><span data-ccp-props=\"{}\">\u00a0<\/span><\/p>\n<blockquote>\n<p>A hat\u00e9kony bels\u0151 kommunik\u00e1ci\u00f3 kulcsfontoss\u00e1g\u00fa a c\u00e9gek siker\u00e9hez, mert jav\u00edtja a munkav\u00e1llal\u00f3k el\u00e9gedetts\u00e9g\u00e9t, n\u00f6veli a hat\u00e9konys\u00e1got \u00e9s er\u0151s\u00edti a v\u00e1llalati kult\u00far\u00e1t.<\/p>\n<\/blockquote>\n<p><span data-contrast=\"auto\">A bels\u0151 kommunik\u00e1ci\u00f3 kiemelked\u0151 fontoss\u00e1ggal b\u00edr, ez\u00e9rt nagy hangs\u00falyt fektet\u00fcnk arra, hogy <strong>folyamatos \u00e9s rendszeres t\u00e1j\u00e9koztat\u00e1st ny\u00fajtsunk minden \u00e9rintett sz\u00e1m\u00e1ra<\/strong>, k\u00fcl\u00f6nb\u00f6z\u0151 kommunik\u00e1ci\u00f3s csatorn\u00e1kon kereszt\u00fcl. Ez\u00e1ltal lehet\u0151v\u00e9 v\u00e1lik, hogy mindenki <strong>naprak\u00e9sz inform\u00e1ci\u00f3k<\/strong>hoz jusson, ami el\u0151seg\u00edti <strong>a munka hat\u00e9konys\u00e1g\u00e1t \u00e9s az egyetemi c\u00e9lok megval\u00f3sul\u00e1s\u00e1t<\/strong>.<\/span><span data-ccp-props=\"{}\">\u00a0<\/span><\/p>\n<p><span data-contrast=\"auto\">V\u00e9gs\u0151 c\u00e9lunk, hogy er\u0151s\u00edts\u00fck az egyetem bels\u0151 egys\u00e9g\u00e9t, el\u0151seg\u00edtve a k\u00f6z\u00f6ss\u00e9g akt\u00edv \u00e9s folyamatos kapcsolattart\u00e1s\u00e1t, mik\u00f6zben t\u00e1mogat\u00e1st ny\u00fajtunk minden egyes tag sz\u00e1m\u00e1ra a munk\u00e1j\u00e1ban. A hat\u00e9kony kommunik\u00e1ci\u00f3 \u00e1ltal minden munkat\u00e1rs jobban meg\u00e9rtheti az egyetem c\u00e9ljait \u00e9s \u00e9rt\u00e9keit, \u00e9s akt\u00edvabban hozz\u00e1j\u00e1rulhat a k\u00f6z\u00f6s sikerhez.\u00a0<\/span><span data-ccp-props=\"{}\">\u00a0<\/span><\/p>\n<div class=\"keretes w-100\">\n<h6><strong>Vegye fel vel\u00fcnk a kapcsolatot!<\/strong><\/h6>\n<h6><a href=\"mailto:belsokommunikacio@semmelweis.hu\">belsokommunikacio@semmelweis.hu<\/a><\/h6>\n<\/div>\n<h2>Mi\u00e9rt fontos a hat\u00e9kony bels\u0151 kommunik\u00e1ci\u00f3?<\/h2>\n<p><strong>Jav\u00edtja a hat\u00e9konys\u00e1got:<\/strong><br \/>\nA pontos inform\u00e1ci\u00f3\u00e1raml\u00e1s r\u00e9v\u00e9n cs\u00f6kken a f\u00e9lre\u00e9rt\u00e9sek, a hib\u00e1k sz\u00e1ma \u00e9s a munkav\u00e9gz\u00e9s hat\u00e9konys\u00e1ga n\u0151.<\/p>\n<p><strong>Er\u0151s\u00edti a v\u00e1llalati kult\u00far\u00e1t:<\/strong><br \/>\nA bels\u0151 kommunik\u00e1ci\u00f3 seg\u00edthet kialak\u00edtani egy pozit\u00edv, nyitott \u00e9s egy\u00fcttm\u0171k\u00f6d\u0151 l\u00e9gk\u00f6rt a c\u00e9gen bel\u00fcl.<\/p>\n<p><strong>Cs\u00f6kkenti a konfliktusokat:<\/strong><br \/>\nA ny\u00edlt kommunik\u00e1ci\u00f3val a f\u00e9lre\u00e9rt\u00e9sek \u00e9s konfliktusok sz\u00e1ma cs\u00f6kkenthet\u0151, ami jav\u00edtja a munkakapcsolatokat.<\/p>\n<p><strong>Seg\u00edti a gyors reag\u00e1l\u00e1st:<\/strong><br \/>\nA hat\u00e9kony bels\u0151 kommunik\u00e1ci\u00f3val a c\u00e9g gyorsabban tud reag\u00e1lni a v\u00e1ltoz\u00e1sokra \u00e9s a kih\u00edv\u00e1sokra.<\/p>\n<p><strong>N\u00f6veli a munkat\u00e1rsak elk\u00f6telez\u0151d\u00e9s\u00e9t: <br \/>\n<\/strong>Ha a munkav\u00e1llal\u00f3k tudj\u00e1k, mi t\u00f6rt\u00e9nik a c\u00e9gn\u00e9l, mi a strat\u00e9gia, \u00e9s mi a szerep\u00fck a sikerben, akkor jobban elk\u00f6telez\u0151dnek a c\u00e9g ir\u00e1nt.<\/p>\n<p><strong>Jobb d\u00f6nt\u00e9shozatalt eredm\u00e9nyez:<\/strong><br \/>\nHa mindenki tiszt\u00e1ban van az inform\u00e1ci\u00f3kkal, k\u00f6nnyebben tudnak k\u00f6z\u00f6sen d\u00f6nt\u00e9seket hozni.<\/p>\n<p><strong>N\u00f6veli az innov\u00e1ci\u00f3t:<\/strong><br \/>\nA nyitott kommunik\u00e1ci\u00f3val a munkav\u00e1llal\u00f3k jobban tudnak \u00f6tleteket gener\u00e1lni \u00e9s megosztani.<\/p>\n<p><strong>Jav\u00edtja a dolgoz\u00f3i \u00e9lm\u00e9nyt:<\/strong><br \/>\nA bels\u0151 kommunik\u00e1ci\u00f3 jav\u00edtja a munkav\u00e1llal\u00f3k el\u00e9gedetts\u00e9g\u00e9t, ami n\u00f6veli a lojalit\u00e1sukat is.<\/p>\n","protected":false},"excerpt":{"rendered":"<p>A Semmelweis Egyetem bels\u0151 kommunik\u00e1ci\u00f3s csapata 2025 m\u00e1rcius\u00e1ban kezdte meg tev\u00e9kenys\u00e9g\u00e9t, \u00e9s azon dolgozik, hogy biztos\u00edtsa a teljes egyetemi k\u00f6z\u00f6ss\u00e9g sz\u00e1m\u00e1ra a leghat\u00e9konyabb inform\u00e1ci\u00f3\u00e1raml\u00e1st. \u00a0 Projektcsapatunk legfontosabb feladata, hogy egy \u00faj, korszer\u0171 bels\u0151 kommunik\u00e1ci\u00f3s fel\u00fcletet (mobilapplik\u00e1ci\u00f3t \u00e9s asztali alkalmaz\u00e1st is) vezessen be, amely nemcsak a m\u00e1r megl\u00e9v\u0151 rendszerek hat\u00e9kony m\u0171k\u00f6dtet\u00e9s\u00e9re koncentr\u00e1l, hanem \u00faj lehet\u0151s\u00e9geket is &hellip;<\/p>\n","protected":false},"author":12,"featured_media":3033,"parent":0,"menu_order":2,"comment_status":"closed","ping_status":"closed","template":"","meta":{"_acf_changed":false,"footnotes":""},"categories":[11],"tags":[],"class_list":["post-3029","page","type-page","status-publish","has-post-thumbnail","hentry","category-nyitolapra"],"acf":[],"_links":{"self":[{"href":"https:\/\/semmelweis.hu\/kommunikacio\/wp-json\/wp\/v2\/pages\/3029","targetHints":{"allow":["GET"]}}],"collection":[{"href":"https:\/\/semmelweis.hu\/kommunikacio\/wp-json\/wp\/v2\/pages"}],"about":[{"href":"https:\/\/semmelweis.hu\/kommunikacio\/wp-json\/wp\/v2\/types\/page"}],"author":[{"embeddable":true,"href":"https:\/\/semmelweis.hu\/kommunikacio\/wp-json\/wp\/v2\/users\/12"}],"replies":[{"embeddable":true,"href":"https:\/\/semmelweis.hu\/kommunikacio\/wp-json\/wp\/v2\/comments?post=3029"}],"version-history":[{"count":7,"href":"https:\/\/semmelweis.hu\/kommunikacio\/wp-json\/wp\/v2\/pages\/3029\/revisions"}],"predecessor-version":[{"id":3042,"href":"https:\/\/semmelweis.hu\/kommunikacio\/wp-json\/wp\/v2\/pages\/3029\/revisions\/3042"}],"wp:featuredmedia":[{"embeddable":true,"href":"https:\/\/semmelweis.hu\/kommunikacio\/wp-json\/wp\/v2\/media\/3033"}],"wp:attachment":[{"href":"https:\/\/semmelweis.hu\/kommunikacio\/wp-json\/wp\/v2\/media?parent=3029"}],"wp:term":[{"taxonomy":"category","embeddable":true,"href":"https:\/\/semmelweis.hu\/kommunikacio\/wp-json\/wp\/v2\/categories?post=3029"},{"taxonomy":"post_tag","embeddable":true,"href":"https:\/\/semmelweis.hu\/kommunikacio\/wp-json\/wp\/v2\/tags?post=3029"}],"curies":[{"name":"wp","href":"https:\/\/api.w.org\/{rel}","templated":true}]}}