{"id":2955,"date":"2025-04-03T09:43:45","date_gmt":"2025-04-03T07:43:45","guid":{"rendered":"https:\/\/semmelweis.hu\/kommunikacio\/?page_id=2955"},"modified":"2025-04-14T14:56:56","modified_gmt":"2025-04-14T12:56:56","slug":"forgatas-az-egysegeknel","status":"publish","type":"page","link":"https:\/\/semmelweis.hu\/kommunikacio\/studio\/forgatas-az-egysegeknel\/","title":{"rendered":"Forgat\u00e1s az egys\u00e9gekn\u00e9l"},"content":{"rendered":"<div class=\"keretes w-100\">\n<p>A Semmelweis Egyetem szervezeti egys\u00e9geinek lehet\u0151s\u00e9ge van saj\u00e1t film(ek) forgat\u00e1s\u00e1ra, gy\u00e1rt\u00e1s\u00e1ra vagy gy\u00e1rtat\u00e1s\u00e1ra, azonban ezeket <strong>el\u0151zetesen be kell jelenteni \u00e9s enged\u00e9lyeztetni sz\u00fcks\u00e9ges<\/strong> a Marketing \u00e9s Kommunik\u00e1ci\u00f3s F\u0151igazgat\u00f3s\u00e1ggal. Az enged\u00e9lyez\u00e9si folyamattal kapcsolatos feladatokat a Semmelweis St\u00fadi\u00f3 munkat\u00e1rsai v\u00e9gzik.<\/p>\n<p><b>A St\u00fadi\u00f3 el\u00e9rhet\u0151s\u00e9gei:<\/b><br \/>\nemail: <a href=\"mailto:film@semmelweis.hu\">film@semmelweis.hu<\/a><u><a href=\"mailto:film@semmelweis.hu\"><br \/>\n<\/a><\/u>c\u00edm: <b>Semmelweis St\u00fadi\u00f3 <\/b>&#8211; \u00dcll\u0151i \u00fat 25. III. emelet 340. iroda<\/p>\n<\/div>\n<h4><strong>Az egys\u00e9gekn\u00e9l el\u0151fordul\u00f3 jellemz\u0151 forgat\u00e1si esetek:<\/strong><\/h4>\n<ul>\n<li>\n<p><strong>A sajt\u00f3 munkat\u00e1rsai keresik meg az egys\u00e9get<\/strong>, hogy valamilyen t\u00e9m\u00e1ban szeretn\u00e9nek az adott helysz\u00ednen (pl. klinik\u00e1n) forgatni<br \/>\n<a href=\"#sajto\">Tov\u00e1bb a sajt\u00f3s forgat\u00e1s enged\u00e9lyezi folyamat\u00e1nak le\u00edr\u00e1s\u00e1hoz \u2193\u00a0<\/a><\/p>\n<\/li>\n<li><strong>K\u00fcls\u0151, nem egyetemi filmgy\u00e1rt\u00f3 c\u00e9g\/szem\u00e9ly kezdem\u00e9nyezi<\/strong> ezt, k\u00f6zvetlen\u00fcl bejelentkezve az egys\u00e9gn\u00e9l.<\/li>\n<li><strong>Az egys\u00e9g maga k\u00e9r fel k\u00fcls\u0151 nem egyetemi filmgy\u00e1rt\u00f3 c\u00e9get\/szem\u00e9lyt<\/strong> forgat\u00e1si feladatra, mert valamilyen t\u00e9m\u00e1ban szeretne filmet k\u00e9sz\u00edttetni.<\/li>\n<li><strong>Az egys\u00e9g egy filmes affinit\u00e1ssal b\u00edr\u00f3 koll\u00e9g\u00e1ja<\/strong> k\u00edv\u00e1n mozg\u00f3k\u00e9pes tartalmat gy\u00e1rtani.<br \/>\n<a href=\"#kulsos-forgatas\">Tov\u00e1bb a fenti h\u00e1rom eset enged\u00e9lyezi folyamat\u00e1nak le\u00edr\u00e1s\u00e1hoz \u2193\u00a0<\/a><\/li>\n<\/ul>\n<div class=\"fontos_div\">\n<p><b><span style=\"color: #ff6600;\">Figyelem!<\/span> A szervezeti egys\u00e9g egyik esetben sem enged\u00e9lyezheti \u00f6n\u00e1ll\u00f3an, saj\u00e1t hat\u00e1sk\u00f6rben a forgat\u00e1sokat!<a id=\"sajto\"><\/a><\/b><\/p>\n<\/div>\n<h4><strong>Sajt\u00f3s forgat\u00e1s enged\u00e9lyez\u00e9se:<\/strong><\/h4>\n<p>Amennyiben egy sajt\u00f3org\u00e1numhoz kapcsol\u00f3d\u00f3 forgat\u00f3csoportr\u00f3l van sz\u00f3, a szervezeti egys\u00e9g <span style=\"font-size: 1rem;\">k\u00f6teles \u2013<\/span><span style=\"font-size: 1rem;\"> m\u00e9g a felv\u00e9telek megkezd\u00e9se el\u0151tt \u2013\u00a0 az egyetem k\u00f6zponti sajt\u00f3referenseit t\u00e1j\u00e9koztatni \u00e9s a forgat\u00e1st vel\u00fck el\u0151zetesen enged\u00e9lyeztetni a <a href=\"https:\/\/semmelweis.hu\/jogigfoig\/dokumentumtar\/szabalyzattar\/kommunikacios-szabalyzat\/\" target=\"_blank\" rel=\"noopener\">Kommunik\u00e1ci\u00f3s Szab\u00e1lyzat<\/a>tal \u00f6sszhangban.\u00a0<br \/>\nA bejelent\u00e9<\/span>s a <a href=\"mailto:hirek@semmelweis.hu\">hirek@semmelweis.hu<\/a> c\u00edmre t\u00f6rt\u00e9nik!<a id=\"kulsos-forgatas\"><\/a><\/p>\n<h4><strong>Nem sajt\u00f3s forgat\u00e1s enged\u00e9lyez\u00e9se:<\/strong><\/h4>\n<p>Ha egy sajt\u00f3org\u00e1numt\u00f3l f\u00fcggetlen, fikci\u00f3s vagy nem fikci\u00f3s m\u0171fajt k\u00e9pvisel\u0151 filmgy\u00e1rt\u00f3 c\u00e9gr\u0151l\/szem\u00e9lyr\u0151l vagy ak\u00e1r egyetemi saj\u00e1t munkat\u00e1rsr\u00f3l van sz\u00f3, akkor a szervezeti egys\u00e9gnek \u2013 m\u00e9g a felv\u00e9telek megkezd\u00e9se el\u0151tt <span style=\"font-size: 1rem;\">\u00fan. <strong>h\u00e1rmas vezet\u0151i j\u00f3v\u00e1hagy\u00e1sra van sz\u00fcks\u00e9ge a forgat\u00e1s enged\u00e9lyez\u00e9s\u00e9hez<\/strong>. <\/span><span style=\"font-size: 1rem;\">Ez \u00edgy van abban az esetben is, ha a forgat\u00e1st a filmgy\u00e1rt\u00f3 c\u00e9g\/szem\u00e9ly kezdem\u00e9nyezi \u00e9s abban az esetben is, ha az Egys\u00e9g maga k\u00e9r fel erre a feladatra k\u00fcls\u0151, nem egyetemi st\u00e1bot.<\/span><\/p>\n<h5>El\u0151zetes szakmai konzult\u00e1ci\u00f3:<\/h5>\n<p><span style=\"font-size: 1rem;\">El\u0151zetes szakmai konzult\u00e1ci\u00f3t nem sajt\u00f3s forgat\u00e1s enged\u00e9lyez\u00e9se sor\u00e1n abban az esetben kell k\u00e9rni a filmk\u00e9sz\u00edt\u00e9si munk\u00e1k megkezd\u00e9se el\u0151tt, amennyiben <strong>a szervezeti egys\u00e9g maga k\u00e9r fel egy c\u00e9get vagy az egys\u00e9g\/egyetem a saj\u00e1t munkat\u00e1rs\u00e1t b\u00edzza meg ilyen feladatta. <\/strong>Az el\u0151zetes konzult\u00e1ci\u00f3t a Semmelweis St\u00fadi\u00f3val a <a href=\"mailto:film@semmelweis.hu\">film@semmelweis.hu<\/a> c\u00edmen lehet kezdem\u00e9nyezni. <br \/>\n<a href=\"#konzultacio\">B\u0151vebben a szakmai konzult\u00e1ci\u00f3r\u00f3l \u00e9s tan\u00e1csad\u00e1sr\u00f3l \u2193<\/a><\/span><\/p>\n<h6><strong>Az egy\u00fcttes j\u00f3v\u00e1hagy\u00f3k<\/strong><em> &#8211; minden nem sajt\u00f3s forgat\u00e1s enged\u00e9lyez\u00e9se sor\u00e1n:<\/em><\/h6>\n<ul>\n<li>az \u00e9rintett Szervezeti egys\u00e9g igazgat\u00f3ja\/f\u0151igazgat\u00f3ja \u00e9s<\/li>\n<li>a Marketing \u00e9s Kommunik\u00e1ci\u00f3s F\u0151igazgat\u00f3s\u00e1g,<\/li>\n<li>a Biztons\u00e1gtechnikai Igazgat\u00f3s\u00e1g.<\/li>\n<\/ul>\n<h5>A j\u00f3v\u00e1hagy\u00e1s l\u00e9p\u00e9sei:<\/h5>\n<ol>\n<li>\n<p>Az enged\u00e9lyk\u00e9r\u00e9s alapja az az Adatlap, amelyet minden filmgy\u00e1rt\u00f3 c\u00e9gnek\/szem\u00e9lynek a lehet\u0151 legr\u00e9szletesebben ki kell t\u00f6ltenie \u00e9s a <a href=\"mailto:film@semmelweis.hu\">film@semmelweis.hu<\/a> c\u00edmre megk\u00fcldenie.<\/p>\n<p><a class=\"btn btn-secondary\" href=\"https:\/\/semmelweis.hu\/kommunikacio\/files\/2025\/04\/SE-adatlap-forgatasi-engedelyhez_2025.docx\" target=\"_blank\" rel=\"noopener\">Adatlap let\u00f6lt\u00e9se<\/a><\/p>\n<\/li>\n<li>\n<p>A be\u00e9rkezett Adatlapot az egy\u00fcttes j\u00f3v\u00e1hagy\u00e1s szerepl\u0151i \u00e1ttekintik \u00e9s d\u00f6nt\u00e9st hoznak. Ez a folyamat t\u00f6bb munkanapot vehet ig\u00e9nybe!<\/p>\n<\/li>\n<li>\n<p>Amennyiben a r\u00e9szletesen kit\u00f6lt\u00f6tt Adatlap alapj\u00e1n az egyetem h\u00e1rmas j\u00f3v\u00e1hagy\u00f3i nyitottak a forgat\u00e1sra, \u00fagy a k\u00fcls\u0151s partner eset\u00e9ben a filmgy\u00e1rt\u00f3 c\u00e9gnek \u00fan. <em><strong>Felel\u0151ss\u00e9gv\u00e1llal\u00e1si nyilatkozat<\/strong>ot<\/em> kell tennie. Ezt dokumentumot a d\u00f6nt\u00e9s ut\u00e1n a\u00a0 Semmelweis St\u00fadi\u00f3 koll\u00e9g\u00e1i k\u00fcldik meg a filmgy\u00e1rt\u00f3 c\u00e9g\/szem\u00e9ly kijel\u00f6lt kapcsolattart\u00f3j\u00e1nak. <b style=\"font-size: 1rem;\">\u00a0A Felel\u0151ss\u00e9gv\u00e1llal\u00e1si nyilatkozat elengedhetetlen felt\u00e9tele a forgat\u00e1sok megkezd\u00e9s\u00e9nek!<\/b><\/p>\n<\/li>\n<\/ol>\n<h5>A forgat\u00e1s felt\u00e9tele a szervezeti egys\u00e9g \u00e1ltal biztos\u00edtott k\u00eds\u00e9r\u0151<\/h5>\n<p>A forgat\u00e1si enged\u00e9ly megszerz\u00e9se ut\u00e1n a filmgy\u00e1rt\u00f3 c\u00e9g\/szem\u00e9ly kiz\u00e1r\u00f3lag akkor k\u00e9sz\u00edthet felv\u00e9teleket a helysz\u00ednen, ha a Szervezeti egys\u00e9g k\u00eds\u00e9retet biztos\u00edt a st\u00e1b sz\u00e1m\u00e1ra annak \u00e9rdek\u00e9ben, hogy illet\u00e9ktelen, el\u0151re nem egyeztetett helysz\u00ednre ne l\u00e9phessenek be, valamint a betegell\u00e1t\u00e1st, oktat\u00e1st, kutat\u00e1st ne zavarj\u00e1k, akad\u00e1lyozz\u00e1k!\u00a0<\/p>\n<h5>Szem\u00e9lyis\u00e9gi \u00e9s betegjogok tiszteletben tart\u00e1sa<\/h5>\n<p>A felv\u00e9telek sor\u00e1n a beteg- \u00e9s szem\u00e9lyis\u00e9gi jogok nem s\u00e9rthet\u0151ek, a b\u00e1rmilyen m\u00f3don felismerhet\u0151, azonos\u00edthat\u00f3 szerepl\u0151k csak \u00edr\u00e1sos hozz\u00e1j\u00e1rul\u00e1si nyilatkozattal jelen\u00edthet\u0151ek meg.<\/p>\n<h5>Publik\u00e1l\u00e1s el\u0151tti j\u00f3v\u00e1hagyat\u00e1s<\/h5>\n<p>Az elk\u00e9sz\u00fclt filmeket minden esetben, m\u00e9g a publik\u00e1l\u00e1s el\u0151tt meg kell k\u00fcldeni a <a href=\"mailto:film@semmelweis.hu\">film@semmelweis.hu<\/a> c\u00edmre, hogy a szervezeti Egys\u00e9g vezet\u0151je \u00e9s a Marketing \u00e9s Kommunik\u00e1ci\u00f3s F\u0151igazgat\u00f3s\u00e1g j\u00f3v\u00e1hagyhassa azt.<a id=\"konzultacio\"><\/a><\/p>\n<h4><strong>Szakmai konzult\u00e1ci\u00f3 \u00e9s t\u00e1mogat\u00e1s<\/strong><\/h4>\n<h5>K\u00fcls\u0151s partner felk\u00e9r\u00e9se el\u0151tt el\u0151zetes konzult\u00e1ci\u00f3<\/h5>\n<p>Ha egy szervezeti egys\u00e9g maga szeretne felk\u00e9rni filmgy\u00e1rt\u00e1sra egy k\u00fcls\u0151 c\u00e9get, akkor a Semmelweis St\u00fadi\u00f3 st\u00e1bj\u00e1val az al\u00e1bbiakr\u00f3l sz\u00fcks\u00e9ges egyeztetni:<\/p>\n<ul>\n<li><b>K\u00fcls\u0151 filmgy\u00e1rt\u00f3 szakmai referenci\u00e1ja <\/b>\u2013 showreel vagy kor\u00e1bbi munk\u00e1k linkjeinek megk\u00fcld\u00e9s\u00e9vel,<\/li>\n<li><b>K\u00fcls\u0151 filmgy\u00e1rt\u00f3 \u00e1raj\u00e1nlata <\/b>\u2013 az \u00e1raj\u00e1nlathoz kapcsol\u00f3d\u00f3, az egys\u00e9g \u00e1ltal meg\u00edrt felk\u00e9r\u0151 lev\u00e9l, brief megk\u00fcld\u00e9s\u00e9vel.<\/li>\n<li><b>Egys\u00e9g indokl\u00e1sa a k\u00fcls\u0151 filmgy\u00e1rt\u00f3 kiv\u00e1laszt\u00e1sa kapcs\u00e1n <\/b>&#8211; \u00edr\u00e1sos t\u00e1j\u00e9koztat\u00e1s a v\u00e1laszt\u00e1s okair\u00f3l\u00a0<\/li>\n<\/ul>\n<h5>Tov\u00e1bbi szakmai t\u00e1mogat\u00e1s lehet\u0151s\u00e9ge k\u00fcls\u0151 \u00e9s bels\u0151 er\u0151forr\u00e1sb\u00f3l megval\u00f3sul\u00f3 forgat\u00e1sok eset\u00e9n:<\/h5>\n<ul>\n<li><b>Filmszakmai konzult\u00e1ci\u00f3: <\/b>Tartalmi, vizu\u00e1lis, filmtechnikai k\u00e9rd\u00e9sek k\u00f6z\u00f6s \u00e1tgondol\u00e1sa, az egyetemi elv\u00e1r\u00e1sok, arculati k\u00f6vetelm\u00e9nyek ismertet\u00e9se.<\/li>\n<li><b>Filmekhez kapcsol\u00f3d\u00f3 k\u00f6telez\u0151 elemek biztos\u00edt\u00e1sa: <\/b>log\u00f3, intro, outro \u2026stb.<\/li>\n<li><b>T\u00e9m\u00e1hoz ill\u0151, mintavide\u00f3k biztos\u00edt\u00e1sa <\/b>\u2013 pl. esem\u00e9nybemutat\u00e1shoz, portr\u00e9hoz, im\u00e1zs-jelleg\u0171 anyaghoz\u2026stb.<\/li>\n<li><a href=\"https:\/\/semmelweis.hu\/kommunikacio\/video-foto\/filmkeszitesi-utmutato\/\" target=\"_blank\" rel=\"noopener\"><b>\u00cdr\u00e1sos filmk\u00e9sz\u00edt\u00e9si \u00fatmutat\u00f3, l\u00e9p\u00e9sr\u0151l-l\u00e9p\u00e9sre \u2192<\/b><\/a><\/li>\n<\/ul>\n","protected":false},"excerpt":{"rendered":"<p>A Semmelweis Egyetem szervezeti egys\u00e9geinek lehet\u0151s\u00e9ge van saj\u00e1t film(ek) forgat\u00e1s\u00e1ra, gy\u00e1rt\u00e1s\u00e1ra vagy gy\u00e1rtat\u00e1s\u00e1ra, azonban ezeket el\u0151zetesen be kell jelenteni \u00e9s enged\u00e9lyeztetni sz\u00fcks\u00e9ges a Marketing \u00e9s Kommunik\u00e1ci\u00f3s F\u0151igazgat\u00f3s\u00e1ggal. Az enged\u00e9lyez\u00e9si folyamattal kapcsolatos feladatokat a Semmelweis St\u00fadi\u00f3 munkat\u00e1rsai v\u00e9gzik. A St\u00fadi\u00f3 el\u00e9rhet\u0151s\u00e9gei: email: <a href=\"mailto:film@semmelweis.hu\">film@semmelweis.hu<\/a> <a href=\"mailto:film@semmelweis.hu\"> <\/a>c\u00edm: Semmelweis St\u00fadi\u00f3 &#8211; \u00dcll\u0151i \u00fat 25. III. emelet 340. iroda Az &hellip;<\/p>\n","protected":false},"author":12,"featured_media":0,"parent":2951,"menu_order":1,"comment_status":"closed","ping_status":"closed","template":"template-fullwidth.php","meta":{"_acf_changed":false,"footnotes":""},"categories":[],"tags":[],"class_list":["post-2955","page","type-page","status-publish","hentry"],"acf":[],"_links":{"self":[{"href":"https:\/\/semmelweis.hu\/kommunikacio\/wp-json\/wp\/v2\/pages\/2955","targetHints":{"allow":["GET"]}}],"collection":[{"href":"https:\/\/semmelweis.hu\/kommunikacio\/wp-json\/wp\/v2\/pages"}],"about":[{"href":"https:\/\/semmelweis.hu\/kommunikacio\/wp-json\/wp\/v2\/types\/page"}],"author":[{"embeddable":true,"href":"https:\/\/semmelweis.hu\/kommunikacio\/wp-json\/wp\/v2\/users\/12"}],"replies":[{"embeddable":true,"href":"https:\/\/semmelweis.hu\/kommunikacio\/wp-json\/wp\/v2\/comments?post=2955"}],"version-history":[{"count":5,"href":"https:\/\/semmelweis.hu\/kommunikacio\/wp-json\/wp\/v2\/pages\/2955\/revisions"}],"predecessor-version":[{"id":2985,"href":"https:\/\/semmelweis.hu\/kommunikacio\/wp-json\/wp\/v2\/pages\/2955\/revisions\/2985"}],"up":[{"embeddable":true,"href":"https:\/\/semmelweis.hu\/kommunikacio\/wp-json\/wp\/v2\/pages\/2951"}],"wp:attachment":[{"href":"https:\/\/semmelweis.hu\/kommunikacio\/wp-json\/wp\/v2\/media?parent=2955"}],"wp:term":[{"taxonomy":"category","embeddable":true,"href":"https:\/\/semmelweis.hu\/kommunikacio\/wp-json\/wp\/v2\/categories?post=2955"},{"taxonomy":"post_tag","embeddable":true,"href":"https:\/\/semmelweis.hu\/kommunikacio\/wp-json\/wp\/v2\/tags?post=2955"}],"curies":[{"name":"wp","href":"https:\/\/api.w.org\/{rel}","templated":true}]}}