{"id":2951,"date":"2022-04-03T08:51:42","date_gmt":"2022-04-03T06:51:42","guid":{"rendered":"https:\/\/semmelweis.hu\/kommunikacio\/?page_id=2951"},"modified":"2025-06-24T15:38:15","modified_gmt":"2025-06-24T13:38:15","slug":"studio","status":"publish","type":"page","link":"https:\/\/semmelweis.hu\/kommunikacio\/studio\/","title":{"rendered":"Semmelweis St\u00fadi\u00f3"},"content":{"rendered":"<div class=\"keretes w-100\">\n<p>A <strong>Semmelweis St\u00fadi\u00f3<\/strong> r\u00e9szben egy <strong>alkot\u00f3i csapat<\/strong>ot jelent, amely a Kommunik\u00e1ci\u00f3s Igazgat\u00f3s\u00e1g szervezeti egys\u00e9gek\u00e9nt gy\u00e1rt mozg\u00f3k\u00e9pes tartalmakat, r\u00e9szint pedig <strong>egy helysz\u00edn<\/strong>t jel\u00f6l, ahol az egyetemi forgat\u00f3csoport professzion\u00e1lis k\u00f6r\u00fclm\u00e9nyek k\u00f6z\u00f6tt felv\u00e9teleket k\u00e9sz\u00edt.<\/p>\n<p><strong>A Semmelweis St\u00fadi\u00f3 alapvet\u0151 feladata:<\/strong> \u00f6sszegyetemi \u00e9rintetts\u00e9g\u0171 tartalmak gy\u00e1rt\u00e1sa, kifejezetten a k\u00f6zponti egyetemi kommunik\u00e1ci\u00f3 c\u00e9lj\u00e1b\u00f3l, a Marketing \u00e9s Kommunik\u00e1ci\u00f3s F\u0151igazgat\u00f3s\u00e1g strat\u00e9giai ir\u00e1nyvonalai ment\u00e9n.<\/p>\n<\/div>\n<h4><strong>milyen filmeket k\u00e9sz\u00edt\u00fcnk?<\/strong><\/h4>\n<p>A st\u00e1b \u00e1ltal k\u00e9sz\u00edtett kisfilmek f\u00f3kusz\u00e1ban az Egyetem im\u00e1zs\u00e1nak er\u0151s\u00edt\u00e9se, a toborz\u00e1s t\u00e1mogat\u00e1sa, valamint az eduk\u00e1ci\u00f3s tartalmak \u00e9s a kiemelt k\u00f6zponti esem\u00e9nybesz\u00e1mol\u00f3k \u00e1llnak, magyar, angol \u00e9s n\u00e9met nyelven.<\/p>\n<h4><strong>Hol tekinthet\u0151ek meg a vide\u00f3k?<\/strong><\/h4>\n<p>Az elk\u00e9sz\u00fclt vide\u00f3kkal az Egyetem hivatalos platformjain lehet tal\u00e1lkozni: a <a href=\"https:\/\/www.youtube.com\/@SemmelweisEgyetemvideo\/videos\" target=\"_blank\" rel=\"noopener\">Youtube<\/a><a href=\"https:\/\/www.youtube.com\/@SemmelweisEgyetemvideo\/videos\">,<\/a> a <a href=\"https:\/\/www.facebook.com\/semmelweisegyetem\" target=\"_blank\" rel=\"noopener\">Facebook<\/a>, az <a href=\"https:\/\/www.instagram.com\/semmelweis_egyetem\/\" target=\"_blank\" rel=\"noopener\">Instagram<\/a> \u00e9s a <a href=\"https:\/\/www.tiktok.com\/@semmelweis.uni\" target=\"_blank\" rel=\"noopener\">TikTok<\/a> oldalakon, valamint a <a href=\"https:\/\/semmelweis.hu\/\" target=\"_blank\" rel=\"noopener\">Semmelweis Egyetem honlapj\u00e1nak <\/a>nyit\u00f3oldal\u00e1n leg\u00f6rd\u00edtve illetve egyes cikkeibe beillesztve.<\/p>\n<p>A sajt\u00f3 \u00e9rdekl\u0151d\u00e9s\u00e9re sz\u00e1mot tart\u00f3 t\u00e9m\u00e1k \u2013 p\u00e9ld\u00e1ul <a href=\"https:\/\/www.youtube.com\/playlist?list=PLCehZAqE0dwkLV8WItG41RdiE7mDDNFzT\" target=\"_blank\" rel=\"noopener\">eduk\u00e1ci\u00f3s tartalmak<\/a>, <a href=\"https:\/\/www.youtube.com\/playlist?list=PLCehZAqE0dwmtdC68Jejvp3EEU4IHRlg9\" target=\"_blank\" rel=\"noopener\">oktat\u00f3vide\u00f3k <\/a>&#8211; eset\u00e9n orsz\u00e1gos h\u00edrport\u00e1lokon, n\u00e9pszer\u0171 weboldalakon is megjelennek a St\u00fadi\u00f3 anyagai.<\/p>\n<h4><strong>Hogyan haszn\u00e1lhat\u00f3ak fel a kisfilmek?<\/strong><\/h4>\n<p>Az im\u00e1zsjelleg\u0171 tartalmakat a szervezeti egys\u00e9gek is felhaszn\u00e1lhatj\u00e1k prezent\u00e1ci\u00f3k, rendezv\u00e9nyek \u00e9s egy\u00e9b alkalmak sor\u00e1n. Ennek lehet\u0151s\u00e9geir\u0151l az &#8222;<a href=\"https:\/\/semmelweis.hu\/kommunikacio\/studio\/pr-filmek\/\">Egyetemi im\u00e1zs- \u00e9s bemutat\u00f3 kisfilmek<\/a>&#8221; men\u00fcpontban olvashatnak t\u00f6bbet.<\/p>\n<h4><strong>Forgat\u00e1sok enged\u00e9lyez\u00e9se \u00e9s tan\u00e1csad\u00e1s<\/strong><\/h4>\n<p>A Semmelweis St\u00fadi\u00f3 a tartalomgy\u00e1rt\u00e1son t\u00fal, forgat\u00e1sok enged\u00e9lyeztet\u00e9s\u00e9vel \u00e9s szakmai tan\u00e1csad\u00e1ssal is t\u00e1mogatja az egyes szervezeti egys\u00e9geket. <a href=\"https:\/\/semmelweis.hu\/kommunikacio\/studio\/forgatas-az-egysegeknel\/\">Tov\u00e1bb a r\u00e9szletekhez \u2192<\/a><\/p>\n<div class=\"keretes w-100\">\n<h4><strong>A Semmelweis St\u00fadi\u00f3 el\u00e9rhet\u0151s\u00e9gei<\/strong><\/h4>\n<p>email: <a href=\"mailto:film@semmelweis.hu\">film@semmelweis.hu<\/a><u><a href=\"mailto:film@semmelweis.hu\"><br \/>\n<\/a><\/u>c\u00edm: <b>Semmelweis St\u00fadi\u00f3 <\/b>&#8211; \u00dcll\u0151i \u00fat 25. III. emelet 340. iroda<\/p>\n<\/div>\n<style>\n           #page-grid .card-body > .line-clamp-box.excerpt{\n        width: inherit;\n        max-width: inherit;\n        display:flex;\n        min-height: 2.4em;\n        flex-direction: column;\n        justify-content: space-around;\n        background-color: #D6E4EA;\n        min-height: 3.4rem;\n        font-family: \"Montserrat\", sans-serif;\n    }\n\n    #page-grid a:hover .card-body > .line-clamp-box.excerpt {\n        background-color: #fff;\n        color: #313B40;\n    }\n\n    #page-grid .card-body .line-clamp-box.excerpt section{\n        max-width: inherit;\n        display: -webkit-box;\n        -webkit-line-clamp: 2;\n        -webkit-box-orient: vertical;\n        overflow: hidden;\n        text-overflow: ellipsis;\n        hyphens: auto;\n        margin: auto;\n        \n    }\n    .line-clamp-box.excerpt section, .line-clamp-box.excerpt section p{\n        font-size:0.8em;\n    }\n    \n<\/style>\n    <section id=\"page-grid\">\n        <section class=\"d-block d-md-flex title-row my-3 ml-0 ml-md-1\">\n<div class=\"section-title  mb-1 \">\n<h2>\n    Kapcsol\u00f3d\u00f3 oldalak\n<\/h2>\n<\/div>\n<\/section>\n        <div class=\"row row-cols-1 row-cols-md-2 row-cols-lg-3 no-gutters mx-0 \">    <div class =\"col  mb-2 card-wrapper\">\n        <a class=\"d-flex flex-fill card-link-warapper m-md-1\" href=\"https:\/\/semmelweis.hu\/kommunikacio\/studio\/pr-filmek\/\">\n            <div class=\"card border border-secondary se-border flex-fill\">\n                <div class=\"row no-gutters mx-0 d-flex flex-nowrap flex-md-wrap align-items-center\">\n                    <div class =\"  col-5 col-md-12  d-none  d-md-none d-md-none  bg-image  card-image justify-content-center\">\n                        <img class='wp-post-image img-fluid landscape' src='https:\/\/semmelweis.hu\/kommunikacio\/wp-content\/themes\/se18\/dist\/images\/svg\/bg-image.svg' \/>\n                    <\/div>\n                    <div class=\"card-body  col flex-column  col-md-12 p-0\">\n                        <div class=\"line-clamp-box p-3\">\n                            <h5 class=\"ml-0 ml-sm-1 mt-2 align-items-center\"  >Egyetemi im\u00e1zs- \u00e9s bemutat\u00f3 kisfilmek<\/h5>\n                        <\/div>\n                        \n                    <\/div>\n                <\/div>\n\n            <\/div>\n        <\/a>\n    <\/div>    <div class =\"col  mb-2 card-wrapper\">\n        <a class=\"d-flex flex-fill card-link-warapper m-md-1\" href=\"https:\/\/semmelweis.hu\/kommunikacio\/studio\/forgatas-az-egysegeknel\/\">\n            <div class=\"card border border-secondary se-border flex-fill\">\n                <div class=\"row no-gutters mx-0 d-flex flex-nowrap flex-md-wrap align-items-center\">\n                    <div class =\"  col-5 col-md-12  d-none  d-md-none d-md-none  bg-image  card-image justify-content-center\">\n                        <img class='wp-post-image img-fluid landscape' src='https:\/\/semmelweis.hu\/kommunikacio\/wp-content\/themes\/se18\/dist\/images\/svg\/bg-image.svg' \/>\n                    <\/div>\n                    <div class=\"card-body  col flex-column  col-md-12 p-0\">\n                        <div class=\"line-clamp-box p-3\">\n                            <h5 class=\"ml-0 ml-sm-1 mt-2 align-items-center\"  >Forgat\u00e1s az egys\u00e9gekn\u00e9l<\/h5>\n                        <\/div>\n                        \n                    <\/div>\n                <\/div>\n\n            <\/div>\n        <\/a>\n    <\/div>    <div class =\"col  mb-2 card-wrapper\">\n        <a class=\"d-flex flex-fill card-link-warapper m-md-1\" href=\"https:\/\/semmelweis.hu\/kommunikacio\/studio\/filmkeszitesi-utmutato\/\">\n            <div class=\"card border border-secondary se-border flex-fill\">\n                <div class=\"row no-gutters mx-0 d-flex flex-nowrap flex-md-wrap align-items-center\">\n                    <div class =\"  col-5 col-md-12  d-none  d-md-none d-md-none  bg-image  card-image justify-content-center\">\n                        <img class='wp-post-image img-fluid landscape' src='https:\/\/semmelweis.hu\/kommunikacio\/wp-content\/themes\/se18\/dist\/images\/svg\/bg-image.svg' \/>\n                    <\/div>\n                    <div class=\"card-body  col flex-column  col-md-12 p-0\">\n                        <div class=\"line-clamp-box p-3\">\n                            <h5 class=\"ml-0 ml-sm-1 mt-2 align-items-center\"  >Filmk\u00e9sz\u00edt\u00e9si \u00fatmutat\u00f3<\/h5>\n                        <\/div>\n                        \n                    <\/div>\n                <\/div>\n\n            <\/div>\n        <\/a>\n    <\/div>        <\/div>\n    <\/section>\n\r\n        [slb_exclude]\r\n        <div class=\"row galeria-wrapper mx-0 h-auto\">\r\n            <div class=\"col-9 pl-0 pr-2\">\r\n            <span class=\"gallery-item frame\">\r\n\t\t\t\t<div class=\"galeria-left-img\"><a href=\"https:\/\/semmelweis.hu\/kommunikacio\/files\/2025\/04\/RS205307_GV5A3666-scr.jpg\"><img src=https:\/\/semmelweis.hu\/kommunikacio\/files\/2025\/04\/RS205307_GV5A3666-scr.jpg  \r\n                            alt=\"\" \r\n                            class=\"attachment-sote-gallery-big size-sote-gallery-big\" \r\n                            srcset=\"https:\/\/semmelweis.hu\/kommunikacio\/files\/2025\/04\/RS205307_GV5A3666-scr-400x267.jpg 400w, https:\/\/semmelweis.hu\/kommunikacio\/files\/2025\/04\/RS205307_GV5A3666-scr-1024x683.jpg 1024w, https:\/\/semmelweis.hu\/kommunikacio\/files\/2025\/04\/RS205307_GV5A3666-scr-768x512.jpg 768w, https:\/\/semmelweis.hu\/kommunikacio\/files\/2025\/04\/RS205307_GV5A3666-scr-753x502.jpg 753w, https:\/\/semmelweis.hu\/kommunikacio\/files\/2025\/04\/RS205307_GV5A3666-scr-203x135.jpg 203w, https:\/\/semmelweis.hu\/kommunikacio\/files\/2025\/04\/RS205307_GV5A3666-scr.jpg 1200w\" ><\/a><\/div>\r\n            <\/span>\r\n\r\n            <\/div>\r\n\r\n\t\t\t<div class=\"col-3 pl-0 pr-0\">\r\n\t\t\t\t<div class=\"galeria-right-img d-flex justify-content-between flex-column h-100 w-100 px-0 mx-0 \">\r\n                <div class=\"galeria-box\">\r\n\t\t\t\t\t<h3 class=\"galeria-title\">Gal\u00e9ria<\/h3>\r\n\t\t\t\t\t<div class=\"galeria-subtitle\">\r\n\r\n\t\t\t\t\t\t<div class=\"galeria-page-counter\"><span>7<\/span>k\u00e9p<\/div>\r\n                    <\/div> <\/div>\r\n                    <span class=\"gallery-item frame d-none d-md-flex\">\r\n\t\t\t\t\t<div class=\"galeria-small-img mt-0\"><a href=\"https:\/\/semmelweis.hu\/kommunikacio\/files\/2025\/04\/RS205309_GV5A3681-scr.jpg\"><img src=https:\/\/semmelweis.hu\/kommunikacio\/files\/2025\/04\/RS205309_GV5A3681-scr.jpg \r\n                                alt=\"\"  \r\n                                class=\"attachment-sote-gallery-small size-sote-gallery-small\" \r\n                                srcset=\"https:\/\/semmelweis.hu\/kommunikacio\/files\/2025\/04\/RS205309_GV5A3681-scr-400x267.jpg 400w, https:\/\/semmelweis.hu\/kommunikacio\/files\/2025\/04\/RS205309_GV5A3681-scr-1024x683.jpg 1024w, https:\/\/semmelweis.hu\/kommunikacio\/files\/2025\/04\/RS205309_GV5A3681-scr-768x512.jpg 768w, https:\/\/semmelweis.hu\/kommunikacio\/files\/2025\/04\/RS205309_GV5A3681-scr-753x502.jpg 753w, https:\/\/semmelweis.hu\/kommunikacio\/files\/2025\/04\/RS205309_GV5A3681-scr-203x135.jpg 203w, https:\/\/semmelweis.hu\/kommunikacio\/files\/2025\/04\/RS205309_GV5A3681-scr.jpg 1200w\" ><\/a><\/div>\r\n                    <\/span>\r\n                    <span class=\"gallery-item frame d-none d-md-flex\">\r\n\t\t\t\t\t<div class=\"galeria-small-img mt-0\"><a href=\"https:\/\/semmelweis.hu\/kommunikacio\/files\/2025\/04\/RS198427__19A7124-scr.jpg\"><img src=https:\/\/semmelweis.hu\/kommunikacio\/files\/2025\/04\/RS198427__19A7124-scr.jpg \r\n                                alt=\"\" \r\n                                class=\"attachment-sote-gallery-small size-sote-gallery-small\" \r\n                                srcset=\"https:\/\/semmelweis.hu\/kommunikacio\/files\/2025\/04\/RS198427__19A7124-scr-400x267.jpg 400w, https:\/\/semmelweis.hu\/kommunikacio\/files\/2025\/04\/RS198427__19A7124-scr-1024x683.jpg 1024w, https:\/\/semmelweis.hu\/kommunikacio\/files\/2025\/04\/RS198427__19A7124-scr-768x512.jpg 768w, https:\/\/semmelweis.hu\/kommunikacio\/files\/2025\/04\/RS198427__19A7124-scr-753x502.jpg 753w, https:\/\/semmelweis.hu\/kommunikacio\/files\/2025\/04\/RS198427__19A7124-scr-203x135.jpg 203w, https:\/\/semmelweis.hu\/kommunikacio\/files\/2025\/04\/RS198427__19A7124-scr.jpg 1200w\" ><\/a><\/div>\r\n                    <\/span>\r\n\r\n                <\/div>\r\n\r\n            <\/div>\r\n\r\n            <span class=\"gallery-item\"><div class=\"hidden\"><a href=\"https:\/\/semmelweis.hu\/kommunikacio\/files\/2025\/04\/RS198428__19A7130-scr.jpg\">\r\n        <img src=https:\/\/semmelweis.hu\/kommunikacio\/files\/2025\/04\/RS198428__19A7130-scr.jpg alt=\"\" class=\"attachment-sote-gallery-big size-sote-gallery-big\" srcset=\"https:\/\/semmelweis.hu\/kommunikacio\/files\/2025\/04\/RS198428__19A7130-scr-400x267.jpg 400w, https:\/\/semmelweis.hu\/kommunikacio\/files\/2025\/04\/RS198428__19A7130-scr-1024x683.jpg 1024w, https:\/\/semmelweis.hu\/kommunikacio\/files\/2025\/04\/RS198428__19A7130-scr-768x512.jpg 768w, https:\/\/semmelweis.hu\/kommunikacio\/files\/2025\/04\/RS198428__19A7130-scr-753x502.jpg 753w, https:\/\/semmelweis.hu\/kommunikacio\/files\/2025\/04\/RS198428__19A7130-scr-203x135.jpg 203w, https:\/\/semmelweis.hu\/kommunikacio\/files\/2025\/04\/RS198428__19A7130-scr.jpg 1200w\" >\r\n        <\/a><\/div><\/span><span class=\"gallery-item\"><div class=\"hidden\"><a href=\"https:\/\/semmelweis.hu\/kommunikacio\/files\/2025\/04\/RS132846_C19A2986-scr.jpg\">\r\n        <img src=https:\/\/semmelweis.hu\/kommunikacio\/files\/2025\/04\/RS132846_C19A2986-scr.jpg alt=\"\" class=\"attachment-sote-gallery-big size-sote-gallery-big\" srcset=\"https:\/\/semmelweis.hu\/kommunikacio\/files\/2025\/04\/RS132846_C19A2986-scr-400x267.jpg 400w, https:\/\/semmelweis.hu\/kommunikacio\/files\/2025\/04\/RS132846_C19A2986-scr-1024x683.jpg 1024w, https:\/\/semmelweis.hu\/kommunikacio\/files\/2025\/04\/RS132846_C19A2986-scr-768x512.jpg 768w, https:\/\/semmelweis.hu\/kommunikacio\/files\/2025\/04\/RS132846_C19A2986-scr-753x502.jpg 753w, https:\/\/semmelweis.hu\/kommunikacio\/files\/2025\/04\/RS132846_C19A2986-scr-203x135.jpg 203w, https:\/\/semmelweis.hu\/kommunikacio\/files\/2025\/04\/RS132846_C19A2986-scr.jpg 1200w\" >\r\n        <\/a><\/div><\/span><span class=\"gallery-item\"><div class=\"hidden\"><a href=\"https:\/\/semmelweis.hu\/kommunikacio\/files\/2025\/04\/RS140676_C19A1071-scr.jpg\">\r\n        <img src=https:\/\/semmelweis.hu\/kommunikacio\/files\/2025\/04\/RS140676_C19A1071-scr.jpg alt=\"\" class=\"attachment-sote-gallery-big size-sote-gallery-big\" srcset=\"https:\/\/semmelweis.hu\/kommunikacio\/files\/2025\/04\/RS140676_C19A1071-scr-400x255.jpg 400w, https:\/\/semmelweis.hu\/kommunikacio\/files\/2025\/04\/RS140676_C19A1071-scr-1024x654.jpg 1024w, https:\/\/semmelweis.hu\/kommunikacio\/files\/2025\/04\/RS140676_C19A1071-scr-768x490.jpg 768w, https:\/\/semmelweis.hu\/kommunikacio\/files\/2025\/04\/RS140676_C19A1071-scr-753x481.jpg 753w, https:\/\/semmelweis.hu\/kommunikacio\/files\/2025\/04\/RS140676_C19A1071-scr.jpg 1200w\" >\r\n        <\/a><\/div><\/span><span class=\"gallery-item\"><div class=\"hidden\"><a href=\"https:\/\/semmelweis.hu\/kommunikacio\/files\/2025\/04\/RS131667_DSC03918_-scr.jpg\">\r\n        <img src=https:\/\/semmelweis.hu\/kommunikacio\/files\/2025\/04\/RS131667_DSC03918_-scr.jpg alt=\"\" class=\"attachment-sote-gallery-big size-sote-gallery-big\" srcset=\"https:\/\/semmelweis.hu\/kommunikacio\/files\/2025\/04\/RS131667_DSC03918_-scr-400x267.jpg 400w, https:\/\/semmelweis.hu\/kommunikacio\/files\/2025\/04\/RS131667_DSC03918_-scr-1024x683.jpg 1024w, https:\/\/semmelweis.hu\/kommunikacio\/files\/2025\/04\/RS131667_DSC03918_-scr-768x512.jpg 768w, https:\/\/semmelweis.hu\/kommunikacio\/files\/2025\/04\/RS131667_DSC03918_-scr-753x502.jpg 753w, https:\/\/semmelweis.hu\/kommunikacio\/files\/2025\/04\/RS131667_DSC03918_-scr-203x135.jpg 203w, https:\/\/semmelweis.hu\/kommunikacio\/files\/2025\/04\/RS131667_DSC03918_-scr.jpg 1200w\" >\r\n        <\/a><\/div><\/span>\r\n            <\/div>\r\n\r\n            [\/slb_exclude]\r\n\t\n","protected":false},"excerpt":{"rendered":"<p>A Semmelweis St\u00fadi\u00f3 r\u00e9szben egy alkot\u00f3i csapatot jelent, amely a Kommunik\u00e1ci\u00f3s Igazgat\u00f3s\u00e1g szervezeti egys\u00e9gek\u00e9nt gy\u00e1rt mozg\u00f3k\u00e9pes tartalmakat, r\u00e9szint pedig egy helysz\u00ednt jel\u00f6l, ahol az egyetemi forgat\u00f3csoport professzion\u00e1lis k\u00f6r\u00fclm\u00e9nyek k\u00f6z\u00f6tt felv\u00e9teleket k\u00e9sz\u00edt. A Semmelweis St\u00fadi\u00f3 alapvet\u0151 feladata: \u00f6sszegyetemi \u00e9rintetts\u00e9g\u0171 tartalmak gy\u00e1rt\u00e1sa, kifejezetten a k\u00f6zponti egyetemi kommunik\u00e1ci\u00f3 c\u00e9lj\u00e1b\u00f3l, a Marketing \u00e9s Kommunik\u00e1ci\u00f3s F\u0151igazgat\u00f3s\u00e1g strat\u00e9giai ir\u00e1nyvonalai ment\u00e9n. milyen &hellip;<\/p>\n","protected":false},"author":12,"featured_media":2974,"parent":0,"menu_order":6,"comment_status":"closed","ping_status":"closed","template":"template-fullwidth.php","meta":{"_acf_changed":false,"footnotes":""},"categories":[11],"tags":[],"class_list":["post-2951","page","type-page","status-publish","has-post-thumbnail","hentry","category-nyitolapra"],"acf":[],"_links":{"self":[{"href":"https:\/\/semmelweis.hu\/kommunikacio\/wp-json\/wp\/v2\/pages\/2951","targetHints":{"allow":["GET"]}}],"collection":[{"href":"https:\/\/semmelweis.hu\/kommunikacio\/wp-json\/wp\/v2\/pages"}],"about":[{"href":"https:\/\/semmelweis.hu\/kommunikacio\/wp-json\/wp\/v2\/types\/page"}],"author":[{"embeddable":true,"href":"https:\/\/semmelweis.hu\/kommunikacio\/wp-json\/wp\/v2\/users\/12"}],"replies":[{"embeddable":true,"href":"https:\/\/semmelweis.hu\/kommunikacio\/wp-json\/wp\/v2\/comments?post=2951"}],"version-history":[{"count":9,"href":"https:\/\/semmelweis.hu\/kommunikacio\/wp-json\/wp\/v2\/pages\/2951\/revisions"}],"predecessor-version":[{"id":2983,"href":"https:\/\/semmelweis.hu\/kommunikacio\/wp-json\/wp\/v2\/pages\/2951\/revisions\/2983"}],"wp:featuredmedia":[{"embeddable":true,"href":"https:\/\/semmelweis.hu\/kommunikacio\/wp-json\/wp\/v2\/media\/2974"}],"wp:attachment":[{"href":"https:\/\/semmelweis.hu\/kommunikacio\/wp-json\/wp\/v2\/media?parent=2951"}],"wp:term":[{"taxonomy":"category","embeddable":true,"href":"https:\/\/semmelweis.hu\/kommunikacio\/wp-json\/wp\/v2\/categories?post=2951"},{"taxonomy":"post_tag","embeddable":true,"href":"https:\/\/semmelweis.hu\/kommunikacio\/wp-json\/wp\/v2\/tags?post=2951"}],"curies":[{"name":"wp","href":"https:\/\/api.w.org\/{rel}","templated":true}]}}