{"id":2935,"date":"2025-04-02T14:36:15","date_gmt":"2025-04-02T12:36:15","guid":{"rendered":"https:\/\/semmelweis.hu\/kommunikacio\/?page_id=2935"},"modified":"2025-06-24T15:43:07","modified_gmt":"2025-06-24T13:43:07","slug":"marketing","status":"publish","type":"page","link":"https:\/\/semmelweis.hu\/kommunikacio\/marketing\/","title":{"rendered":"Marketing"},"content":{"rendered":"<div class=\"keretes w-100\">\n<p>A f\u0151igazgat\u00f3s\u00e1g marketinges csapata v\u00e9gzi <strong>a Semmelweis Egyetem egyes nemzetk\u00f6zi marketing strat\u00e9giai c\u00e9ljainak megval\u00f3s\u00edt\u00e1s\u00e1t, l\u00e1that\u00f3s\u00e1g\u00e1nak \u00e9s h\u00edrnev\u00e9nek jav\u00edt\u00e1s\u00e1t t\u00e1mogat\u00f3 nemzetk\u00f6zi marketing tev\u00e9kenys\u00e9get<\/strong>.<\/p>\n<p>Feladatk\u00f6r\u00fcnkbe els\u0151sorban <strong>a nemzetk\u00f6zi<\/strong> \u00e9s kisebb r\u00e9szben a hazai <strong>hallgat\u00f3toborz\u00e1s<\/strong> tartozik &#8211; jellemz\u0151en <strong>online kamp\u00e1nyok<\/strong> \u00e9s hallgat\u00f3i v\u00e1s\u00e1rokon val\u00f3 megjelen\u00e9sek biztos\u00edt\u00e1s\u00e1val. Emellett a marketinges munkat\u00e1rsaink <strong>bizonyos egyetemi \u00e9rt\u00e9kes\u00edt\u00e9si feladatok<\/strong>at is t\u00e1mogatnak, tov\u00e1bb\u00e1 <strong>a Semmelweis Egyetem Alap\u00edtv\u00e1ny adom\u00e1nyszervez\u00e9si feladatai<\/strong>t \u00e9s az ezekhez kapcsol\u00f3d\u00f3 kreat\u00edv \u00e9s kamp\u00e1nyszervez\u00e9si feladatokat is ell\u00e1tj\u00e1k.\u00a0<\/p>\n<\/div>\n<h4><strong>Hallgat\u00f3toborz\u00e1s<\/strong><\/h4>\n<p>A Semmelweis Egyetem idegennyelv\u0171 k\u00e9pz\u00e9seir\u0151l az \u00e9rdekl\u0151d\u0151k k\u00fcl\u00f6n honlapfel\u00fcletekr\u0151l t\u00e1j\u00e9koz\u00f3dhatnak:<\/p>\n<ul>\n<li><strong>ANGOL nyelven<\/strong> a <a href=\"https:\/\/semmelweis.hu\/admission\/\" target=\"_blank\" rel=\"noopener\">&#8222;For prospective students&#8221;<\/a> elnevez\u00e9s\u0171 toborz\u00f3 honlapon \u00e9rhet\u0151 el minden angol nyelven el\u00e9rhet\u0151 BSC illetve MSC k\u00e9pz\u00e9s r\u00e9szletes bemutat\u00e1sa, m\u00edg az angol nyelv\u0171 PhD k\u00e9pz\u00e9sekr\u0151l sz\u00f3l\u00f3 inform\u00e1ci\u00f3k a <a href=\"https:\/\/semmelweis.hu\/phd\/en\/admission\/\" target=\"_blank\" rel=\"noopener\">Doktori Iskola vonatkoz\u00f3 oldalain<\/a> olvashat\u00f3k<\/li>\n<li><strong>N\u00c9MET nyelven<\/strong> a <a href=\"https:\/\/semmelweis.hu\/deutsch\/studiengange\/\" target=\"_blank\" rel=\"noopener\">&#8222;Deutschsprachige Studieng\u00e4nge&#8221;<\/a> oldal mutatja be az el\u00e9rhet\u0151 k\u00e9pz\u00e9seket.<\/li>\n<\/ul>\n<p><span style=\"font-size: 1rem;\">Az MKFI felel\u0151s az NHKK-val k\u00f6z\u00f6sen a <strong>nemzetk\u00f6zi hallgat\u00f3i v\u00e1s\u00e1rok<\/strong> koordin\u00e1l\u00e1s\u00e1\u00e9rt, a r\u00e9sztvev\u0151k inform\u00e1ci\u00f3kkal val\u00f3 ell\u00e1t\u00e1s\u00e1\u00e9rt, valamint az \u00e9rdekl\u0151d\u0151k t\u00e1j\u00e9koztat\u00e1s\u00e1\u00e9rt is. <\/span>Az MKFI marketing csapata k\u00e9sz\u00edti az angol \u00e9s n\u00e9met nyelv\u0171 k\u00e9pz\u00e9seket \u00f6sszefoglal\u00f3 prom\u00f3ci\u00f3s anyagokat, vizu\u00e1lis elemeket is (roll-upok, molin\u00f3k).<\/p>\n<p><em>Fontos megjegyezni ugyanakkor, hogy a nemzetk\u00f6zi hallgat\u00f3k toborz\u00e1s\u00e1t seg\u00edt\u0151 ter\u00fcleti k\u00e9pvisel\u0151k koordin\u00e1l\u00e1s\u00e1val nem az MKFI, hanem a Nemzetk\u00f6zi Hallgat\u00f3k K\u00e9pz\u00e9s\u00e9nek K\u00f6zpontja \u00e9s a <a href=\"https:\/\/s-ms.hu\/\">Semmelweis Medical Studies Kft.<\/a> foglalkozik.<\/em><\/p>\n<h5>Online hirdet\u00e9si kamp\u00e1nyok<\/h5>\n<p>Online hirdet\u00e9si kamp\u00e1nyokat els\u0151sorban a Semmelweis Egyetem idegen nyelv\u0171 k\u00e9pz\u00e9seinek, illetve k\u00f6zponti rendezv\u00e9nyeinek n\u00e9pszer\u0171s\u00edt\u00e9s\u00e9re bonyol\u00edtunk le, kari, klinikai \u00e9s int\u00e9zeti esem\u00e9nyek prom\u00f3t\u00e1l\u00e1s\u00e1ban szabad kapacit\u00e1s f\u00fcggv\u00e9ny\u00e9ben vesz\u00fcnk r\u00e9szt.<\/p>\n<h4><strong>\u00c9rt\u00e9kes\u00edt\u00e9s<\/strong><\/h4>\n<p>Az MKFI marketing csapata felel\u0151s az egyetemi \u00e9p\u00edtett \u00e9s szellemi infrastrukt\u00far\u00e1hoz kapcsol\u00f3d\u00f3 \u00e9rt\u00e9kes\u00edt\u00e9s\u00e9rt, ide\u00e9rtve a rendezv\u00e9nyhelysz\u00ednek, a st\u00fadi\u00f3, a forgat\u00e1si helysz\u00ednek \u00e9rt\u00e9kes\u00edt\u00e9s\u00e9t csak\u00fagy, mint a Semmelweis Help applik\u00e1ci\u00f3 fel\u00fcletein t\u00f6rt\u00e9n\u0151 rekl\u00e1mhely-\u00e9rt\u00e9kes\u00edt\u00e9st.<\/p>\n<p>Amennyiben c\u00e9gk\u00e9nt, v\u00e1llalkoz\u00e1sk\u00e9nt k\u00edv\u00e1n megjelenni az egyetem ter\u00fclet\u00e9n, vagy eljuttatni aj\u00e1nlat\u00e1t az egyetemi polg\u00e1rs\u00e1g (munkat\u00e1rsak \/ hallgat\u00f3k) sz\u00e1m\u00e1ra, k\u00e9rj\u00fck, \u00edrjon e-mailt a <a href=\"mailto:marketing@semmelweis.hu\">marketing@semmelweis.hu<\/a> e-mail c\u00edmre.<\/p>\n<h4><strong>Adom\u00e1nyszervez\u00e9s<\/strong><\/h4>\n<p>Az MKFI marketing csapata l\u00e1tja el a Semmelweis Egyetem k\u00f6zponti, k\u00f6zhaszn\u00fa alap\u00edtv\u00e1ny\u00e1nak, a Semmelweis Egyetem Alap\u00edtv\u00e1ny adom\u00e1nyszervez\u00e9si munk\u00e1j\u00e1t. Lebonyol\u00edtja az \u00e9ves gy\u0171jt\u00e9si c\u00e9lokhoz kapcsol\u00f3d\u00f3 kamp\u00e1nyokat, rendezv\u00e9nyeket, valamint koordin\u00e1lja a szerz\u0151d\u00e9sekhez kapcsol\u00f3d\u00f3 dokument\u00e1ci\u00f3s folyamatokat. B\u0151vebb inform\u00e1ci\u00f3 megtal\u00e1lhat\u00f3 a <a href=\"http:\/\/www.semmelweis.hu\/alapitvany\" target=\"_blank\" rel=\"noopener\">semmelweis.hu\/alapitvany<\/a> weboldalon, illetve sz\u00edvesen \u00e1llunk rendelkez\u00e9s\u00fckre az <a href=\"mailto:alapitvany@semmelweis.hu\">alapitvany@semmelweis.hu<\/a> e-mail c\u00edmen.<\/p>\n<div class=\"keretes w-100\">\n<h4><strong>Kapcsolat:<\/strong><\/h4>\n<p><strong>Marketing \u00e9s adom\u00e1nyszervez\u00e9s:<\/strong> <a href=\"mailto:marketing@semmelweis.hu\">marketing@semmelweis.hu<\/a><\/p>\n<p><strong>\u00c9rt\u00e9kes\u00edt\u00e9s \u2013 Zsigri G\u00e1bor:<\/strong> <a href=\"mailto:zsigri.gabor@semmelweis.hu\">zsigri.gabor@semmelweis.hu<\/a><\/p>\n<p><strong>Nemzetk\u00f6zi hallgat\u00f3toborz\u00e1si v\u00e1s\u00e1rok \u2013 Terczy M\u00e9dea:<\/strong> <a href=\"mailto:terczy.medea@semmelweis.hu\">terczy.medea@semmelweis.hu<\/a><\/p>\n<\/div>\n","protected":false},"excerpt":{"rendered":"<p>A f\u0151igazgat\u00f3s\u00e1g marketinges csapata v\u00e9gzi a Semmelweis Egyetem egyes nemzetk\u00f6zi marketing strat\u00e9giai c\u00e9ljainak megval\u00f3s\u00edt\u00e1s\u00e1t, l\u00e1that\u00f3s\u00e1g\u00e1nak \u00e9s h\u00edrnev\u00e9nek jav\u00edt\u00e1s\u00e1t t\u00e1mogat\u00f3 nemzetk\u00f6zi marketing tev\u00e9kenys\u00e9get. Feladatk\u00f6r\u00fcnkbe els\u0151sorban a nemzetk\u00f6zi \u00e9s kisebb r\u00e9szben a hazai hallgat\u00f3toborz\u00e1s tartozik &#8211; jellemz\u0151en online kamp\u00e1nyok \u00e9s hallgat\u00f3i v\u00e1s\u00e1rokon val\u00f3 megjelen\u00e9sek biztos\u00edt\u00e1s\u00e1val. Emellett a marketinges munkat\u00e1rsaink bizonyos egyetemi \u00e9rt\u00e9kes\u00edt\u00e9si feladatokat is t\u00e1mogatnak, tov\u00e1bb\u00e1 a &hellip;<\/p>\n","protected":false},"author":12,"featured_media":3026,"parent":0,"menu_order":1,"comment_status":"closed","ping_status":"closed","template":"","meta":{"_acf_changed":false,"footnotes":""},"categories":[11],"tags":[],"class_list":["post-2935","page","type-page","status-publish","has-post-thumbnail","hentry","category-nyitolapra"],"acf":[],"_links":{"self":[{"href":"https:\/\/semmelweis.hu\/kommunikacio\/wp-json\/wp\/v2\/pages\/2935","targetHints":{"allow":["GET"]}}],"collection":[{"href":"https:\/\/semmelweis.hu\/kommunikacio\/wp-json\/wp\/v2\/pages"}],"about":[{"href":"https:\/\/semmelweis.hu\/kommunikacio\/wp-json\/wp\/v2\/types\/page"}],"author":[{"embeddable":true,"href":"https:\/\/semmelweis.hu\/kommunikacio\/wp-json\/wp\/v2\/users\/12"}],"replies":[{"embeddable":true,"href":"https:\/\/semmelweis.hu\/kommunikacio\/wp-json\/wp\/v2\/comments?post=2935"}],"version-history":[{"count":3,"href":"https:\/\/semmelweis.hu\/kommunikacio\/wp-json\/wp\/v2\/pages\/2935\/revisions"}],"predecessor-version":[{"id":2938,"href":"https:\/\/semmelweis.hu\/kommunikacio\/wp-json\/wp\/v2\/pages\/2935\/revisions\/2938"}],"wp:featuredmedia":[{"embeddable":true,"href":"https:\/\/semmelweis.hu\/kommunikacio\/wp-json\/wp\/v2\/media\/3026"}],"wp:attachment":[{"href":"https:\/\/semmelweis.hu\/kommunikacio\/wp-json\/wp\/v2\/media?parent=2935"}],"wp:term":[{"taxonomy":"category","embeddable":true,"href":"https:\/\/semmelweis.hu\/kommunikacio\/wp-json\/wp\/v2\/categories?post=2935"},{"taxonomy":"post_tag","embeddable":true,"href":"https:\/\/semmelweis.hu\/kommunikacio\/wp-json\/wp\/v2\/tags?post=2935"}],"curies":[{"name":"wp","href":"https:\/\/api.w.org\/{rel}","templated":true}]}}