{"id":2930,"date":"2025-03-26T13:00:24","date_gmt":"2025-03-26T12:00:24","guid":{"rendered":"https:\/\/semmelweis.hu\/kommunikacio\/?page_id=2930"},"modified":"2026-02-02T13:13:05","modified_gmt":"2026-02-02T12:13:05","slug":"adatvedelem","status":"publish","type":"page","link":"https:\/\/semmelweis.hu\/kommunikacio\/magunkrol\/adatvedelem\/","title":{"rendered":"Adatv\u00e9delem"},"content":{"rendered":"<div class=\"keretes w-100\">\n<p><span style=\"font-family: Montserrat;\">Adatkezel\u00e9si t\u00e1j\u00e9koztat\u00f3 az adatkezel\u00e9sek \u00e1ltal \u00e9rintett szem\u00e9lyek r\u00e9sz\u00e9re a Semmelweis Egyetem Marketing \u00e9s Kommunik\u00e1ci\u00f3s F\u0151igazgat\u00f3s\u00e1ga \u00e9s az al\u00e1 tartoz\u00f3\u00a0 szervezeti egys\u00e9gei \u00e1ltal v\u00e9gzett szem\u00e9lyes adatkezel\u00e9sekr\u0151l.<\/span><\/p>\n<p><span style=\"font-family: Montserrat;\">Az MKFI <a href=\"https:\/\/semmelweis.hu\/kommunikacio\/files\/2025\/05\/48637_MKFI_2025_adatkezelesi-tajekoztato-MKFI.pdf\" target=\"_blank\" rel=\"noopener\"><strong>adatkezel\u00e9si t\u00e1j\u00e9koztat\u00f3j\u00e1nak let\u00f6lt\u00e9se<\/strong><\/a><\/span><\/p>\n<\/div>\n<p>Az MKFI <strong>titk\u00e1rs\u00e1gi \u00e9s munka\u00fcgyi <\/strong>feladataival \u00f6sszef\u00fcgg\u0151 adatkezel\u00e9sekkel kapcsolatos inform\u00e1ci\u00f3k let\u00f6lt\u00e9se<\/p>\n<ul>\n<li><a href=\"https:\/\/semmelweis.hu\/kommunikacio\/files\/2025\/05\/48636_MKFI_2025_adatkezelesi-nyilvantartas-MKFI_titkarsag.xls\">48636_MKFI_2025_adatkezelesi-nyilvantartas-MKFI_titkarsag<\/a><\/li>\n<\/ul>\n<p>Az MKFI <strong>munkat\u00e1rsainak jelen honlapon \u00e9s az egyetem online telefonk\u00f6nyv\u00e9ben megjelen\u0151 el\u00e9rhet\u0151s\u00e9gi adataira \u00e9s f\u00e9nyk\u00e9peire<\/strong> vonatkoz\u00f3 adatkezel\u00e9sekkel kapcsolatos inform\u00e1ci\u00f3k let\u00f6lt\u00e9se<\/p>\n<ul>\n<li><a href=\"https:\/\/semmelweis.hu\/kommunikacio\/files\/2026\/01\/1188_MKFI_2026_Erdekmerlegelesi-teszt-telefonkonyv_fotok.pdf\">1188_MKFI_2026_Erdekmerlegelesi-teszt-telefonkonyv_fotok<\/a><\/li>\n<li><a href=\"https:\/\/semmelweis.hu\/kommunikacio\/files\/2025\/12\/Adatkezelesi_nyilvantartas_MKFI_titkarsag_munkavalallok_adatai_honlapon_2025.xls\">Adatkezelesi_nyilvantartas_MKFI_titkarsag_munkavalallok_adatai_honlapon_2025<\/a><\/li>\n<\/ul>\n<p>Az MKFI <strong>marketing \u00e9s nemzetk\u00f6zi hallgat\u00f3 toborz\u00e1s<\/strong>i \u00a0feladataival \u00f6sszef\u00fcgg\u0151 adatkezel\u00e9sekkel kapcsolatos inform\u00e1ci\u00f3k let\u00f6lt\u00e9se:<\/p>\n<ul style=\"list-style-type: square;\">\n<li><a href=\"https:\/\/semmelweis.hu\/kommunikacio\/files\/2025\/05\/48184_MKFI_2025_adatkezelesi-nyilvantartas-marketing.xls\">48184_MKFI_2025_adatkezelesi-nyilvantartas-marketing<\/a><\/li>\n<li><a href=\"https:\/\/semmelweis.hu\/kommunikacio\/files\/2025\/05\/52903_MKFI_2025_adatkezelesi-nyilvantartas-marketing-UB.xls\">52903_MKFI_2025_adatkezelesi-nyilvantartas-marketing-UB<\/a><\/li>\n<\/ul>\n<p>Az MKFI<strong>\u00a0Semmelweis St\u00fadi\u00f3<\/strong>val kapcsolatos feladataival \u00f6sszef\u00fcgg\u0151 adatkezel\u00e9sekkel kapcsolatos inform\u00e1ci\u00f3k let\u00f6lt\u00e9se:<\/p>\n<ul style=\"list-style-type: square;\">\n<li><a href=\"https:\/\/semmelweis.hu\/kommunikacio\/files\/2025\/05\/48261_MKFI_2025_adatkezelesi-nyilvantartas-KI-Studio.xlsx\">48261_MKFI_2025_adatkezelesi-nyilvantartas-KI-Studio<\/a><\/li>\n<li><a href=\"https:\/\/semmelweis.hu\/kommunikacio\/files\/2025\/05\/57820_MKFI_2025_erdekmerlegelesi-teszt-KI-studio-filmgyartas.docx\">57820_MKFI_2025_erdekmerlegelesi-teszt-KI-studio-filmgyartas<\/a><\/li>\n<li><a href=\"https:\/\/semmelweis.hu\/kommunikacio\/files\/2025\/05\/57822_MKFI_2025_erdekmerlegelesi-teszt-KI-studio-kulso-megrendelo.docx\">57822_MKFI_2025_erdekmerlegelesi-teszt-KI-studio-kulso-megrendelo<\/a><\/li>\n<\/ul>\n<p>Az MKFI <strong>sajt\u00f3 kapcsolat<\/strong>i feladataival \u00f6sszef\u00fcgg\u0151 adatkezel\u00e9sekkel kapcsolatos inform\u00e1ci\u00f3k let\u00f6lt\u00e9se:<\/p>\n<p style=\"padding-left: 40px;\"><em><strong>Hat\u00e1lyos dokumentumok:<\/strong><\/em><\/p>\n<ul style=\"list-style-type: square;\">\n<li><a href=\"https:\/\/semmelweis.hu\/kommunikacio\/files\/2026\/01\/46765_MKFI_2026_adatkezelesi-nyilvantartas-KI-sajtokapcsolatok.xls\">46765_MKFI_2026_adatkezelesi-nyilvantartas-sajtokapcsolatok<\/a><\/li>\n<li><a href=\"https:\/\/semmelweis.hu\/kommunikacio\/files\/2026\/01\/54376_MKFI_2026_adatkezelesi-nyilvantartas-SRJA-sajto.xlsx\">54376_MKFI_2026_adatkezelesi-nyilvantartas-SRJA-sajto<\/a><\/li>\n<\/ul>\n<p style=\"padding-left: 40px;\"><em><strong>Arch\u00edv dokumentumok:<\/strong><\/em><\/p>\n<ul style=\"list-style-type: square;\">\n<li><a href=\"https:\/\/semmelweis.hu\/kommunikacio\/files\/2026\/01\/46765_MKFI_2025_adatkezelesi-nyilvantartas-KI-sajtokapcsolatok.xls\">46765_MKFI_2025_adatkezelesi-nyilvantartas-KI-sajtokapcsolatok<\/a> &#8211; Hat\u00e1lyos: 2026.01.16-ig<\/li>\n<li><a href=\"https:\/\/semmelweis.hu\/kommunikacio\/files\/2026\/01\/54376_MKFI_2025_adatkezelesi-nyilvantartas-SRJA-sajto.xlsx\">54376_MKFI_2025_adatkezelesi-nyilvantartas-SRJA-sajto<\/a> &#8211; Hat\u00e1lyos: 2026.01.16-ig<\/li>\n<\/ul>\n<p>Az MKFI <strong>PR kommunik\u00e1ci\u00f3s <\/strong><em>(h\u00edrport\u00e1l, \u00fajs\u00e1g, fot\u00f3z\u00e1s, social m\u00e9dia, stb.)<\/em> feladataival \u00f6sszef\u00fcgg\u0151 adatkezel\u00e9sekkel kapcsolatos inform\u00e1ci\u00f3k let\u00f6lt\u00e9se:<\/p>\n<ul style=\"list-style-type: square;\">\n<li><a href=\"https:\/\/semmelweis.hu\/kommunikacio\/files\/2025\/05\/46729_MKFI_2025_adatkezelesi_nyilvantartas-KI-PR-kommunikacio.xlsx\">46729_MKFI_2025_adatkezele\u0301si-nyilvantartas-KI-PR-kommunikacio<\/a><\/li>\n<li><a href=\"https:\/\/semmelweis.hu\/kommunikacio\/files\/2025\/05\/58266-2_MKFI_2025_erdekmerlegelesi-teszt-KI-hirportal.pdf\">58266-2_MKFI_2025_erdekmerlegelesi-teszt-KI-hirportal<\/a><\/li>\n<li><a href=\"https:\/\/semmelweis.hu\/kommunikacio\/files\/2025\/05\/58266-3_MKFI_2025_erdekmerlegelesi-teszt-KI-SEujsag.pdf\">58266-3_MKFI_2025_erdekmerlegelesi-teszt-KI-SEujsag<\/a><\/li>\n<li><a href=\"https:\/\/semmelweis.hu\/kommunikacio\/files\/2025\/05\/58266-4_MKFI_2025_erdekmerlegelesi-teszt-KI-SocialMedia.pdf\">58266-4_MKFI_2025_erdekmerlegelesi-teszt-KI-SocialMedia<\/a><\/li>\n<li><a href=\"https:\/\/semmelweis.hu\/kommunikacio\/files\/2025\/05\/58266-5_MKFI_2025_erdekmerlegelesi-teszt-KI-Fotoarchivum.pdf\">58266-5_MKFI_2025_erdekmerlegelesi-teszt-KI-Fotoarchivum<\/a><\/li>\n<\/ul>\n<p>Az MKFI <strong>egyetemi alhonlapok<\/strong>kal kapcsolatos feladataival \u00f6sszef\u00fcgg\u0151 adatkezel\u00e9sekr\u0151l sz\u00f3l\u00f3 inform\u00e1ci\u00f3k let\u00f6lt\u00e9se:<\/p>\n<ul style=\"list-style-type: square;\">\n<li><a href=\"https:\/\/semmelweis.hu\/kommunikacio\/files\/2025\/05\/48272_MKFI_2025_adatkezelesi-nyilvantartas-KI-honlaprendszer.xlsx\">48272_MKFI_2025_adatkezelesi-nyilvantartas-KI-honlaprendszer<\/a><\/li>\n<\/ul>\n<p>Az MKFI <strong>rendezv\u00e9nyszervez\u00e9s<\/strong>i feladataival \u00f6sszef\u00fcgg\u0151 adatkezel\u00e9sekkel kapcsolatos inform\u00e1ci\u00f3k let\u00f6lt\u00e9se:<\/p>\n<ul style=\"list-style-type: square;\">\n<li><a href=\"https:\/\/semmelweis.hu\/kommunikacio\/files\/2025\/05\/61421_MKFI_2025_adatkezelesi-nyilvantartas-RI-rendezvenyszervezes.xlsx\">61421_MKFI_2025_adatkezelesi-nyilvantartas-RI-rendezvenyszervezes<\/a><\/li>\n<\/ul>\n<p>Az MKFI <strong>brand \u00e9s marketing <\/strong>feladataival \u00f6sszef\u00fcgg\u0151 adatkezel\u00e9sekkel kapcsolatos inform\u00e1ci\u00f3k let\u00f6lt\u00e9se:<\/p>\n<p style=\"padding-left: 40px;\"><em><strong>Hat\u00e1lyos dokumentum:<\/strong><\/em><\/p>\n<ul style=\"list-style-type: square;\">\n<li><a href=\"https:\/\/semmelweis.hu\/kommunikacio\/files\/2026\/01\/48470_2_MKFI_2025_Adatkezelesi_nyilvantartas_BMI-beszerzesi-projektek.xlsx\">48470_2_MKFI_2025_Adatkezel\u00e9si_nyilv\u00e1ntart\u00e1s_BMI-beszerzesi-projektek<\/a>\u00a0<\/li>\n<\/ul>\n<p style=\"padding-left: 40px;\"><em><strong>Arch\u00edv dokumentum:<\/strong><\/em><\/p>\n<ul style=\"list-style-type: square;\">\n<li><a href=\"https:\/\/semmelweis.hu\/kommunikacio\/files\/2026\/01\/SBMI_Adatkezelesi_nyilvantartas_BESZERZES_MARKETING_PROJEKTEK_2025.xlsx\">48470_MKFI_2025_Adatkezel\u00e9si_nyilv\u00e1ntart\u00e1s_BMI-beszerzesi-projektek<\/a> Hat\u00e1lyos 2025.12.19-ig.<\/li>\n<\/ul>\n<p>&nbsp;<\/p>\n<p>&nbsp;<\/p>\n","protected":false},"excerpt":{"rendered":"<p>Adatkezel\u00e9si t\u00e1j\u00e9koztat\u00f3 az adatkezel\u00e9sek \u00e1ltal \u00e9rintett szem\u00e9lyek r\u00e9sz\u00e9re a Semmelweis Egyetem Marketing \u00e9s Kommunik\u00e1ci\u00f3s F\u0151igazgat\u00f3s\u00e1ga \u00e9s az al\u00e1 tartoz\u00f3\u00a0 szervezeti egys\u00e9gei \u00e1ltal v\u00e9gzett szem\u00e9lyes adatkezel\u00e9sekr\u0151l. Az MKFI <a href=\"https:\/\/semmelweis.hu\/kommunikacio\/files\/2025\/05\/48637_MKFI_2025_adatkezelesi-tajekoztato-MKFI.pdf\" target=\"_blank\" rel=\"noopener\">adatkezel\u00e9si t\u00e1j\u00e9koztat\u00f3j\u00e1nak let\u00f6lt\u00e9se<\/a> Az MKFI titk\u00e1rs\u00e1gi \u00e9s munka\u00fcgyi feladataival \u00f6sszef\u00fcgg\u0151 adatkezel\u00e9sekkel kapcsolatos inform\u00e1ci\u00f3k let\u00f6lt\u00e9se <a href=\"https:\/\/semmelweis.hu\/kommunikacio\/files\/2025\/05\/48636_MKFI_2025_adatkezelesi-nyilvantartas-MKFI_titkarsag.xls\">48636_MKFI_2025_adatkezelesi-nyilvantartas-MKFI_titkarsag<\/a> Az MKFI munkat\u00e1rsainak jelen honlapon \u00e9s az egyetem online telefonk\u00f6nyv\u00e9ben megjelen\u0151 el\u00e9rhet\u0151s\u00e9gi adataira \u00e9s f\u00e9nyk\u00e9peire vonatkoz\u00f3 adatkezel\u00e9sekkel &hellip;<\/p>\n","protected":false},"author":12,"featured_media":0,"parent":1260,"menu_order":5,"comment_status":"closed","ping_status":"closed","template":"template-fullwidth.php","meta":{"_acf_changed":false,"footnotes":""},"categories":[],"tags":[],"class_list":["post-2930","page","type-page","status-publish","hentry"],"acf":[],"_links":{"self":[{"href":"https:\/\/semmelweis.hu\/kommunikacio\/wp-json\/wp\/v2\/pages\/2930","targetHints":{"allow":["GET"]}}],"collection":[{"href":"https:\/\/semmelweis.hu\/kommunikacio\/wp-json\/wp\/v2\/pages"}],"about":[{"href":"https:\/\/semmelweis.hu\/kommunikacio\/wp-json\/wp\/v2\/types\/page"}],"author":[{"embeddable":true,"href":"https:\/\/semmelweis.hu\/kommunikacio\/wp-json\/wp\/v2\/users\/12"}],"replies":[{"embeddable":true,"href":"https:\/\/semmelweis.hu\/kommunikacio\/wp-json\/wp\/v2\/comments?post=2930"}],"version-history":[{"count":10,"href":"https:\/\/semmelweis.hu\/kommunikacio\/wp-json\/wp\/v2\/pages\/2930\/revisions"}],"predecessor-version":[{"id":3093,"href":"https:\/\/semmelweis.hu\/kommunikacio\/wp-json\/wp\/v2\/pages\/2930\/revisions\/3093"}],"up":[{"embeddable":true,"href":"https:\/\/semmelweis.hu\/kommunikacio\/wp-json\/wp\/v2\/pages\/1260"}],"wp:attachment":[{"href":"https:\/\/semmelweis.hu\/kommunikacio\/wp-json\/wp\/v2\/media?parent=2930"}],"wp:term":[{"taxonomy":"category","embeddable":true,"href":"https:\/\/semmelweis.hu\/kommunikacio\/wp-json\/wp\/v2\/categories?post=2930"},{"taxonomy":"post_tag","embeddable":true,"href":"https:\/\/semmelweis.hu\/kommunikacio\/wp-json\/wp\/v2\/tags?post=2930"}],"curies":[{"name":"wp","href":"https:\/\/api.w.org\/{rel}","templated":true}]}}