{"id":21,"date":"2013-10-23T11:42:29","date_gmt":"2013-10-23T09:42:29","guid":{"rendered":"http:\/\/semmelweis-egyetem.hu\/marketing-kommunikacio\/?page_id=21"},"modified":"2026-04-14T10:53:12","modified_gmt":"2026-04-14T08:53:12","slug":"sajtoesemenyek","status":"publish","type":"page","link":"https:\/\/semmelweis.hu\/kommunikacio\/sajtoesemenyek\/","title":{"rendered":"Sajt\u00f3esem\u00e9nyek a Semmelweis Egyetemen"},"content":{"rendered":"<div class=\"keretes w-100\">\n<p style=\"text-align: justify;\">A PR (Public Relations) <strong>c\u00e9lja rokonszenv, megbecs\u00fcl\u00e9s, meg\u00e9rt\u00e9s<\/strong> megszerz\u00e9se vagy fenntart\u00e1sa az egyetem \u00e9s annak oktat\u00e1si, kutat\u00e1si, gy\u00f3gy\u00edt\u00e1si tev\u00e9kenys\u00e9g\u00e9vel kapcsolatban az \u00e9rintettek k\u00f6r\u00e9ben.<\/p>\n<p>\u00d6r\u00f6mmel fogadjuk az egyetem munkat\u00e1rsainak javaslat\u00e1t a t\u00e9maaj\u00e1nl\u00f3kkal (a k\u00f6zv\u00e9lem\u00e9ny \u00e9rdekl\u0151d\u00e9s\u00e9re sz\u00e1mot tart\u00f3 egyetemi eredm\u00e9nyek, prevenci\u00f3s programok, publik\u00e1ci\u00f3k) kapcsolatban. Ezeket a <a href=\"mailto:hirek@semmelweis.hu\">hirek@semmelweis.hu<\/a> c\u00edmre v\u00e1rjuk.<\/p>\n<\/div>\n<h4><strong>Legfontosabb feladataink a ter\u00fcleten:<\/strong><\/h4>\n<ul>\n<li>\u2022 heti sajt\u00f3anyagok, t\u00e9maaj\u00e1nl\u00f3k, k\u00f6zlem\u00e9nyek \u00edr\u00e1sa, magyar, angol \u00e9s n\u00e9met nyelven,<\/li>\n<li>az egyetem k\u00f6zponti sajt\u00f3rendezv\u00e9nyeinek teljes szervez\u00e9se, lebonyol\u00edt\u00e1sa,<\/li>\n<li>az egyetemi egys\u00e9gek, klinik\u00e1k, int\u00e9zetek sajt\u00f3rendezv\u00e9nyeinek seg\u00edt\u00e9se,<\/li>\n<li>az egyetem eg\u00e9sz\u00e9re vonatkoz\u00f3 interj\u00faszervez\u00e9s,<\/li>\n<li>napi sajt\u00f3figyel\u00e9s,<\/li>\n<li>a f\u0151k\u00e9nt \u00fajs\u00e1g\u00edr\u00f3knak sz\u00f3l\u00f3 <a href=\"https:\/\/semmelweis.hu\/mediasarok\">M\u00e9diasarok<\/a>, illetve a nemzetk\u00f6zi sajt\u00f3 sz\u00e1m\u00e1ra fenntartott <a href=\"https:\/\/semmelweis.hu\/english\/press\/\" target=\"_blank\" rel=\"noopener\">angol Press<\/a> \u00e9s a <a href=\"https:\/\/semmelweis.hu\/deutsch\/presse\/\" target=\"_blank\" rel=\"noopener\">n\u00e9met Presse<\/a> fel\u00fcletek m\u0171k\u00f6dtet\u00e9se,<\/li>\n<li>v\u00e1ls\u00e1gkommunik\u00e1ci\u00f3,<\/li>\n<li>sajt\u00f3kommunik\u00e1ci\u00f3s tr\u00e9ningek szervez\u00e9se.<\/li>\n<\/ul>\n<div class=\"keretes w-100\">\n<p><strong><a href=\"https:\/\/semmelweis.hu\/kommunikacio\/magunkrol\/munkatarsaink\/\">Az egyetem sajt\u00f3referenseit<\/a><\/strong> az \u00fcgyeleti sz\u00e1munkon lehet a leggyorsabban el\u00e9rni:<strong>\u00a0<br \/>\n+36 30 269 6302<\/strong><\/p>\n<p><strong>A nemzetk\u00f6zi sajt\u00f3referensek<\/strong> a <a href=\"mailto:press@semmelweis.hu\">press@semmelweis.hu<\/a> c\u00edmen \u00e9rhet\u0151ek el munkanapokon.<\/p>\n<\/div>\n<p>A sajt\u00f3rendezv\u00e9nyek mellett folyamatosan szervezz\u00fck az egy\u00e9ni <strong>interj\u00fakat<\/strong>, illetve jelennek meg <strong>k\u00f6zlem\u00e9nyeink<\/strong>, szezon\u00e1lis <a href=\"https:\/\/semmelweis.hu\/hirek\/tag\/temaajanlo\/\" target=\"_blank\" rel=\"noopener\"><strong>t\u00e9maaj\u00e1nl\u00f3ink<\/strong><\/a> is. A Semmelweis Egyetem neve \u00e9vente t\u00f6bb ezerszer jelenik meg az \u00edrott, elektronikus \u00e9s online sajt\u00f3ban.<\/p>\n<p>Munkat\u00e1rsaink naponta<strong> \u00f6sszegy\u0171jtik az egyetemr\u0151l sz\u00f3l\u00f3 \u00edrott, r\u00e1di\u00f3s, t\u00e9v\u00e9s \u00e9s online megjelen\u00e9seket<\/strong>, majd felt\u00f6lti azokat a <a href=\"https:\/\/semmelweis.hu\/mediasarok\">M\u00e9diasarok <\/a>\u00a0egyetemi <a href=\"https:\/\/semmelweis.hu\/kommunikacio\/sajtoesemenyek\/sajtofigyeles\/\" target=\"_blank\" rel=\"noopener\">bels\u0151 h\u00e1l\u00f3zat\u00a0fel\u00fclet\u00e9re<\/a>, \u00edgy minden egyetemi munkat\u00e1rsunk egyszer\u0171en \u00e9s term\u00e9szetbar\u00e1t m\u00f3don t\u00e1j\u00e9koz\u00f3dhat az egyetemmel\u00a0kapcsolatos megjelen\u00e9sekr\u0151l.<\/p>\n<p>P\u00e1ly\u00e1zatok kommunik\u00e1ci\u00f3s k\u00f6telezetts\u00e9gv\u00e1llal\u00e1s\u00e1t \u00e9s annak elsz\u00e1mol\u00e1s\u00e1t seg\u00edtve, praktikus m\u00f3don keres\u0151szavakkal sz\u0171rhet\u0151 a \u201esajt\u00f3figyel\u0151\u201d rendszer. Munk\u00e1nkat a\u00a0<a href=\"https:\/\/semmelweis.hu\/jogigfoig\/dokumentumtar\/szabalyzattar\/kommunikacios-szabalyzat\/\" target=\"_blank\" rel=\"noopener noreferrer\">Kommunik\u00e1ci\u00f3s szab\u00e1lyzat<\/a>hoz igaz\u00edtva v\u00e9gezz\u00fck.<\/p>\n<h5>Hasznos linkek:<\/h5>\n<ul>\n<li class=\"page_item page-item-670\"><a href=\"https:\/\/semmelweis.hu\/kommunikacio\/sajtoesemenyek\/jo-tudni-ha-nyilatkozik\/\">J\u00f3 tudni, ha nyilatkozik<\/a><\/li>\n<li class=\"page_item page-item-822\"><a href=\"https:\/\/semmelweis.hu\/kommunikacio\/sajtoesemenyek\/nyilatkozattetel-rendje\/\">Nyilatkozatt\u00e9tel rendje<\/a><\/li>\n<\/ul>\n<p><a href=\"https:\/\/semmelweis.hu\/kommunikacio\/files\/2012\/01\/RS64487_IMG_9419-scr.jpg\"><img loading=\"lazy\" decoding=\"async\" class=\"aligncenter wp-image-1691 size-full\" src=\"https:\/\/semmelweis.hu\/kommunikacio\/files\/2012\/01\/RS64487_IMG_9419-scr.jpg\" alt=\"\" width=\"950\" height=\"633\" srcset=\"https:\/\/semmelweis.hu\/kommunikacio\/files\/2012\/01\/RS64487_IMG_9419-scr.jpg 950w, https:\/\/semmelweis.hu\/kommunikacio\/files\/2012\/01\/RS64487_IMG_9419-scr-300x200.jpg 300w, https:\/\/semmelweis.hu\/kommunikacio\/files\/2012\/01\/RS64487_IMG_9419-scr-768x512.jpg 768w, https:\/\/semmelweis.hu\/kommunikacio\/files\/2012\/01\/RS64487_IMG_9419-scr-450x300.jpg 450w, https:\/\/semmelweis.hu\/kommunikacio\/files\/2012\/01\/RS64487_IMG_9419-scr-600x400.jpg 600w\" sizes=\"auto, (max-width: 950px) 100vw, 950px\" \/><\/a><\/p>\n<p>&nbsp;<\/p>\n","protected":false},"excerpt":{"rendered":"<p>A PR (Public Relations) c\u00e9lja rokonszenv, megbecs\u00fcl\u00e9s, meg\u00e9rt\u00e9s megszerz\u00e9se vagy fenntart\u00e1sa az egyetem \u00e9s annak oktat\u00e1si, kutat\u00e1si, gy\u00f3gy\u00edt\u00e1si tev\u00e9kenys\u00e9g\u00e9vel kapcsolatban az \u00e9rintettek k\u00f6r\u00e9ben. \u00d6r\u00f6mmel fogadjuk az egyetem munkat\u00e1rsainak javaslat\u00e1t a t\u00e9maaj\u00e1nl\u00f3kkal (a k\u00f6zv\u00e9lem\u00e9ny \u00e9rdekl\u0151d\u00e9s\u00e9re sz\u00e1mot tart\u00f3 egyetemi eredm\u00e9nyek, prevenci\u00f3s programok, publik\u00e1ci\u00f3k) kapcsolatban. Ezeket a <a href=\"mailto:hirek@semmelweis.hu\">hirek@semmelweis.hu<\/a> c\u00edmre v\u00e1rjuk. Legfontosabb feladataink a ter\u00fcleten: \u2022 heti sajt\u00f3anyagok, t\u00e9maaj\u00e1nl\u00f3k, k\u00f6zlem\u00e9nyek &hellip;<\/p>\n","protected":false},"author":8,"featured_media":1691,"parent":0,"menu_order":5,"comment_status":"closed","ping_status":"closed","template":"","meta":{"_acf_changed":false,"footnotes":""},"categories":[11],"tags":[],"class_list":["post-21","page","type-page","status-publish","has-post-thumbnail","hentry","category-nyitolapra"],"acf":[],"_links":{"self":[{"href":"https:\/\/semmelweis.hu\/kommunikacio\/wp-json\/wp\/v2\/pages\/21","targetHints":{"allow":["GET"]}}],"collection":[{"href":"https:\/\/semmelweis.hu\/kommunikacio\/wp-json\/wp\/v2\/pages"}],"about":[{"href":"https:\/\/semmelweis.hu\/kommunikacio\/wp-json\/wp\/v2\/types\/page"}],"author":[{"embeddable":true,"href":"https:\/\/semmelweis.hu\/kommunikacio\/wp-json\/wp\/v2\/users\/8"}],"replies":[{"embeddable":true,"href":"https:\/\/semmelweis.hu\/kommunikacio\/wp-json\/wp\/v2\/comments?post=21"}],"version-history":[{"count":11,"href":"https:\/\/semmelweis.hu\/kommunikacio\/wp-json\/wp\/v2\/pages\/21\/revisions"}],"predecessor-version":[{"id":3105,"href":"https:\/\/semmelweis.hu\/kommunikacio\/wp-json\/wp\/v2\/pages\/21\/revisions\/3105"}],"wp:featuredmedia":[{"embeddable":true,"href":"https:\/\/semmelweis.hu\/kommunikacio\/wp-json\/wp\/v2\/media\/1691"}],"wp:attachment":[{"href":"https:\/\/semmelweis.hu\/kommunikacio\/wp-json\/wp\/v2\/media?parent=21"}],"wp:term":[{"taxonomy":"category","embeddable":true,"href":"https:\/\/semmelweis.hu\/kommunikacio\/wp-json\/wp\/v2\/categories?post=21"},{"taxonomy":"post_tag","embeddable":true,"href":"https:\/\/semmelweis.hu\/kommunikacio\/wp-json\/wp\/v2\/tags?post=21"}],"curies":[{"name":"wp","href":"https:\/\/api.w.org\/{rel}","templated":true}]}}