{"id":13,"date":"2013-12-23T11:23:09","date_gmt":"2013-12-23T10:23:09","guid":{"rendered":"http:\/\/semmelweis-egyetem.hu\/marketing-kommunikacio\/?page_id=13"},"modified":"2025-06-24T15:37:48","modified_gmt":"2025-06-24T13:37:48","slug":"szerkesztoseg","status":"publish","type":"page","link":"https:\/\/semmelweis.hu\/kommunikacio\/szerkesztoseg\/","title":{"rendered":"Szerkeszt\u0151s\u00e9g"},"content":{"rendered":"<h4><strong>A H\u00edrport\u00e1l m\u0171k\u00f6d\u00e9se<\/strong><\/h4>\n<p style=\"text-align: left\">Az egyetem h\u00edrport\u00e1lj\u00e1ra, a <strong><a href=\"https:\/\/semmelweis.hu\/hirek\/\">Semmelweis H\u00edrekre<\/a><\/strong> folyamatosan ker\u00fclnek fel friss h\u00edrek \u00e9s cikkek a <a href=\"https:\/\/semmelweis.hu\/jogigfoig\/dokumentumtar\/szabalyzattar\/\" target=\"_blank\" rel=\"noopener noreferrer\">Kommunik\u00e1ci\u00f3s Szab\u00e1lyzatnak<\/a> megfelel\u0151en.\u00a0 A <a href=\"mailto:hirek@semmelweis.hu\">hirek@semmelweis.hu<\/a> c\u00edmen <strong>v\u00e1rjuk az egyetemi egys\u00e9gek h\u00edreit, inform\u00e1ci\u00f3it<\/strong> <em>(p\u00e1ly\u00e1zati \u00e9s kutat\u00e1si eredm\u00e9nyek, kit\u00fcntet\u00e9sek, az eg\u00e9szs\u00e9g\u00fcgyi ell\u00e1t\u00e1s ter\u00fclet\u00e9n ny\u00fajtott eredm\u00e9nyek, k\u00fcl\u00f6nleges eszk\u00f6zbeszerz\u00e9sek, hallgat\u00f3i \u00e9let, oktat\u00e1si- \u00e9s sporteredm\u00e9nyek, stb.)<\/em>, <strong>megh\u00edv\u00f3it<\/strong> <em>(konferenci\u00e1k, szakmai napok, rendezv\u00e9nyek, versenyek, stb.).<\/em><\/p>\n<p><strong>SEMMELWEIS \u00daJS\u00c1G<\/strong><\/p>\n<p>A Semmelweis Egyetem \u00dajs\u00e1g az egyetem munkat\u00e1rsai \u00e9s a hallgat\u00f3k sz\u00e1m\u00e1ra k\u00e9sz\u00fcl. A 28 oldalas kiadv\u00e1ny feladata els\u0151sorban az egyetemi k\u00f6z\u00e9let t\u00f6rt\u00e9n\u00e9seinek megjelen\u00edt\u00e9se, az egyetemen sz\u00fcletett kiemelked\u0151 tudom\u00e1nyos, oktat\u00f3i, hallgat\u00f3i \u00e9s klinikumi eredm\u00e9nyek, innov\u00e1ci\u00f3k bemutat\u00e1sa, valamint az egyetemen foly\u00f3 tudom\u00e1nyos-, oktat\u00f3i \u2013 \u00e9s gy\u00f3gy\u00edt\u00f3 munka n\u00e9pszer\u0171s\u00edt\u00e9se.\u00a0<\/p>\n<p>A ny\u00e1ri id\u0151szak kiv\u00e9tel\u00e9vel havonta jelenik meg k\u00e9tezer p\u00e9ld\u00e1nyban, felel\u0151s kiad\u00f3ja az egyetem rektora, a szerkeszt\u00e9st a Kommunik\u00e1ci\u00f3s Igazgat\u00f3s\u00e1g v\u00e9gzi. A lap elk\u00e9sz\u00edt\u00e9s\u00e9t szerkeszt\u0151bizotts\u00e1g fel\u00fcgyeli, melyben az egyetem vezet\u00e9se \u00e9s minden kara k\u00e9pviselteti mag\u00e1t.<\/p>\n<p style=\"text-align: center\"><a class=\"btn btn-secondary\" href=\"https:\/\/semmelweis.hu\/ujsag\/\" target=\"_blank\" rel=\"noopener\">Tov\u00e1bb az \u00dajs\u00e1ghoz<\/a><\/p>\n","protected":false},"excerpt":{"rendered":"<p>A k\u00f6zponti egyetemi honlap \u00e9s a h\u00edrport\u00e1l m\u0171k\u00f6dtet\u00e9s\u00e9r\u0151l<\/p>\n","protected":false},"author":8,"featured_media":3025,"parent":0,"menu_order":3,"comment_status":"closed","ping_status":"closed","template":"","meta":{"_acf_changed":false,"footnotes":""},"categories":[11],"tags":[],"class_list":["post-13","page","type-page","status-publish","has-post-thumbnail","hentry","category-nyitolapra"],"acf":[],"_links":{"self":[{"href":"https:\/\/semmelweis.hu\/kommunikacio\/wp-json\/wp\/v2\/pages\/13","targetHints":{"allow":["GET"]}}],"collection":[{"href":"https:\/\/semmelweis.hu\/kommunikacio\/wp-json\/wp\/v2\/pages"}],"about":[{"href":"https:\/\/semmelweis.hu\/kommunikacio\/wp-json\/wp\/v2\/types\/page"}],"author":[{"embeddable":true,"href":"https:\/\/semmelweis.hu\/kommunikacio\/wp-json\/wp\/v2\/users\/8"}],"replies":[{"embeddable":true,"href":"https:\/\/semmelweis.hu\/kommunikacio\/wp-json\/wp\/v2\/comments?post=13"}],"version-history":[{"count":11,"href":"https:\/\/semmelweis.hu\/kommunikacio\/wp-json\/wp\/v2\/pages\/13\/revisions"}],"predecessor-version":[{"id":2982,"href":"https:\/\/semmelweis.hu\/kommunikacio\/wp-json\/wp\/v2\/pages\/13\/revisions\/2982"}],"wp:featuredmedia":[{"embeddable":true,"href":"https:\/\/semmelweis.hu\/kommunikacio\/wp-json\/wp\/v2\/media\/3025"}],"wp:attachment":[{"href":"https:\/\/semmelweis.hu\/kommunikacio\/wp-json\/wp\/v2\/media?parent=13"}],"wp:term":[{"taxonomy":"category","embeddable":true,"href":"https:\/\/semmelweis.hu\/kommunikacio\/wp-json\/wp\/v2\/categories?post=13"},{"taxonomy":"post_tag","embeddable":true,"href":"https:\/\/semmelweis.hu\/kommunikacio\/wp-json\/wp\/v2\/tags?post=13"}],"curies":[{"name":"wp","href":"https:\/\/api.w.org\/{rel}","templated":true}]}}