{"id":9,"date":"2012-07-05T13:46:50","date_gmt":"2012-07-05T11:46:50","guid":{"rendered":"http:\/\/semmelweis-egyetem.hu\/kollegiumok\/?page_id=9"},"modified":"2025-12-19T14:19:10","modified_gmt":"2025-12-19T13:19:10","slug":"kollegiumi-elhelyezesrol-lemondas","status":"publish","type":"page","link":"https:\/\/semmelweis.hu\/kollegiumok\/hallgatoi-elet\/kollegiumi-elhelyezesrol-lemondas\/","title":{"rendered":"Elhelyez\u00e9si meg\u00e1llapod\u00e1s felbont\u00e1s\u00e1val kapcsolatos tudnival\u00f3k"},"content":{"rendered":"<p><span style=\"font-size: 14pt\"><strong>Elhelyez\u00e9si meg\u00e1llapod\u00e1s felbont\u00e1s\u00e1val kapcsolatos fontos tudnival\u00f3k<\/strong><\/span><\/p>\n<ol>\n<li><span style=\"font-size: 14pt\"><strong>Elhelyez\u00e9si meg\u00e1llapod\u00e1s felbont\u00e1sa<\/strong><\/span><\/li>\n<\/ol>\n<p style=\"text-align: justify\">A Koll\u00e9giumok Igazgat\u00f3s\u00e1ga al\u00e1 tartoz\u00f3 Koll\u00e9giumok \u00c1ltal\u00e1nos M\u0171k\u00f6d\u00e9si rendje alapj\u00e1n:<\/p>\n<p style=\"text-align: justify\">Tan\u00e9v k\u00f6zben az <span style=\"font-size: 14pt\">Elhelyez\u00e9si meg\u00e1llapod\u00e1s felbont\u00e1sa <\/span>csak k\u00fcl\u00f6n\u00f6sen indokolt esetben, egy\u00e9ni elb\u00edr\u00e1l\u00e1s alapj\u00e1n, illetve a hallgat\u00f3i jogviszony megsz\u0171n\u00e9se\/sz\u00fcneteltet\u00e9se eset\u00e9n lehets\u00e9ges.<\/p>\n<p>A hallgat\u00f3nak t\u00e1rgyh\u00f3 15-ig kell a Koll\u00e9giumi Elhelyez\u00e9si Meg\u00e1llapod\u00e1s rendk\u00edv\u00fcli megsz\u00fcntet\u00e9s\u00e9re ir\u00e1nyul\u00f3 K\u00e9relem\u00e9t beny\u00fajtania a Koll\u00e9giumok Igazgat\u00f3j\u00e1nak. A t\u00e1rgyh\u00f3 15-ig leadott k\u00e9relem azzal a hat\u00e1rid\u0151vel fogadhat\u00f3 el, amikort\u00f3l a Lemond\u00f3 Hallgat\u00f3 f\u00e9r\u0151hely\u00e9re \u00faj Hallgat\u00f3 elhelyez\u00e9s\u00e9t tudjuk biztos\u00edtani. A k\u00e9relem jelzett hat\u00e1rid\u0151n t\u00fali beny\u00fajt\u00e1sa eset\u00e9n mindenk\u00e9pp ki\u00edr\u00e1sra ker\u00fcl a k\u00f6vetkez\u0151 havi koll\u00e9giumi d\u00edj a hallgat\u00f3 r\u00e9sz\u00e9re.<\/p>\n<p>(<a href=\"https:\/\/semmelweis.hu\/kollegiumok\/files\/2025\/10\/Kerelem-elhelyezesi-megallapodas-felbontasara_melleklet_2025.docx\">Kerelem-elhelyezesi-megallapodas-felbontasara_melleklet.docx<\/a><em>)<\/em>\u00a0a Koll\u00e9giumok <span style=\"color: #000000\">Igazgat\u00f3j\u00e1nak. <\/span>A kit\u00f6lt\u00f6tt Nyilatkozatot k\u00e9rj\u00fck a koll\u00e9gium \u00fcgyint\u00e9z\u0151j\u00e9nek e-mailben megk\u00fcldeni! A pap\u00edron be\u00e9rkez\u0151 nyilatkozatokat nem \u00e1ll m\u00f3dunkban befogadni.<\/p>\n<p style=\"text-align: justify\">A jelzett hat\u00e1rid\u0151n t\u00fali felbont\u00e1si ig\u00e9ny eset\u00e9n, a k\u00f6vetkez\u0151 havi koll\u00e9giumi t\u00e9r\u00edt\u00e9si d\u00edj ki\u00edr\u00e1sra ker\u00fcl a hallgat\u00f3 r\u00e9sz\u00e9re.<\/p>\n<p style=\"text-align: justify\">A hallgat\u00f3 k\u00f6teles a koll\u00e9gium \u00fcgyint\u00e9z\u0151j\u00e9vel kik\u00f6lt\u00f6z\u00e9si id\u0151pontot egyeztetni \u00e9s azt betartani.<\/p>\n<table class=\"aligncenter\" style=\"border-color: #0a0909;width: 97.1875%\" border=\"1\" cellspacing=\"8\" cellpadding=\"8\">\n<tbody>\n<tr style=\"background-color: #91b9e3\">\n<td style=\"width: 20%;text-align: center\"><strong>Bejelent\u00e9s (-ig)<\/strong><\/td>\n<td style=\"width: 19%;text-align: center\"><strong>Kik\u00f6lt\u00f6z\u00e9s (-ig)<\/strong><\/td>\n<td style=\"width: 19.2424%;text-align: center\"><strong>Utols\u00f3 fizetett koll\u00e9giumi d\u00edj<\/strong><\/td>\n<\/tr>\n<tr style=\"background-color: #f7f5f5\">\n<td style=\"text-align: center;width: 20%\">szeptember 15.<\/td>\n<td style=\"text-align: center;width: 19%\">szeptember 31.<\/td>\n<td style=\"text-align: center;width: 19.2424%\">szeptember<\/td>\n<\/tr>\n<tr style=\"background-color: #f7f5f5\">\n<td style=\"text-align: center;width: 20%\">okt\u00f3ber 15.<\/td>\n<td style=\"text-align: center;width: 19%\">okt\u00f3ber 31.<\/td>\n<td style=\"text-align: center;width: 19.2424%\">okt\u00f3ber havi<\/td>\n<\/tr>\n<tr style=\"background-color: #f7f5f5\">\n<td style=\"text-align: center;width: 20%\">november 15.<\/td>\n<td style=\"text-align: center;width: 19%\">november 30.<\/td>\n<td style=\"text-align: center;width: 19.2424%\">november havi<\/td>\n<\/tr>\n<tr style=\"background-color: #f7f5f5\">\n<td style=\"text-align: center;width: 20%\">december 15.<\/td>\n<td style=\"text-align: center;width: 19%\">december 31.<\/td>\n<td style=\"text-align: center;width: 19.2424%\">december havi<\/td>\n<\/tr>\n<tr style=\"background-color: #f7f5f5\">\n<td style=\"text-align: center;width: 20%\">janu\u00e1r 15.<\/td>\n<td style=\"text-align: center;width: 19%\">janu\u00e1r 31.<\/td>\n<td style=\"text-align: center;width: 19.2424%\">janu\u00e1r havi<\/td>\n<\/tr>\n<tr style=\"background-color: #f7f5f5\">\n<td style=\"text-align: center;width: 20%\">febru\u00e1r 15.<\/td>\n<td style=\"text-align: center;width: 19%\">febru\u00e1r 28.<\/td>\n<td style=\"text-align: center;width: 19.2424%\">febru\u00e1r havi<\/td>\n<\/tr>\n<tr style=\"background-color: #f7f5f5\">\n<td style=\"text-align: center;width: 20%\">m\u00e1rcius 15.<\/td>\n<td style=\"text-align: center;width: 19%\">m\u00e1rcius 31.<\/td>\n<td style=\"text-align: center;width: 19.2424%\">m\u00e1rcius havi<\/td>\n<\/tr>\n<tr style=\"background-color: #f7f5f5\">\n<td style=\"text-align: center;width: 20%\">\u00e1prilis 15.<\/td>\n<td style=\"text-align: center;width: 19%\">\u00e1prilis 30.<\/td>\n<td style=\"text-align: center;width: 19.2424%\">\u00e1prilis havi<\/td>\n<\/tr>\n<tr style=\"background-color: #f7f5f5\">\n<td style=\"text-align: center;width: 20%\">m\u00e1jus 15.<\/td>\n<td style=\"text-align: center;width: 19%\">m\u00e1jus 31.<\/td>\n<td style=\"text-align: center;width: 19.2424%\">m\u00e1jus havi<\/td>\n<\/tr>\n<tr style=\"background-color: #f7f5f5\">\n<td style=\"text-align: center;width: 20%\">j\u00fanius 15.<\/td>\n<td style=\"text-align: center;width: 19%\">j\u00fanius 30.<\/td>\n<td style=\"text-align: center;width: 19.2424%\">j\u00fanius havi<\/td>\n<\/tr>\n<\/tbody>\n<\/table>\n<ol start=\"2\">\n<li><span style=\"font-size: 14pt\"><strong>A szoba \u00e1tv\u00e9tele kik\u00f6lt\u00f6z\u00e9skor<\/strong><\/span><\/li>\n<\/ol>\n<p style=\"text-align: justify\">A hat\u00e1lyos Koll\u00e9giumok Igazgat\u00f3s\u00e1ga al\u00e1 tartoz\u00f3 Koll\u00e9giumok \u00c1ltal\u00e1nos M\u0171k\u00f6d\u00e9si Rendj\u00e9r\u0151l \u2013 H\u00e1zirend \u2013 3. r\u00e9sz (8-10) bekezd\u00e9se alapj\u00e1n:<\/p>\n<p style=\"text-align: justify\"><em>\u201eA koll\u00e9gista az elhelyez\u00e9se megsz\u0171n\u00e9s\u00e9t k\u00f6vet\u0151 napon, amennyiben az h\u00e9tv\u00e9g\u00e9re esik, \u00fagy az elhelyez\u00e9s megsz\u0171n\u00e9s\u00e9nek napj\u00e1n k\u00f6teles a koll\u00e9giumb\u00f3l kik\u00f6lt\u00f6zni \u00e9s azt kitakar\u00edtva az \u00e1tvett \u00e1llapotnak megfelel\u0151en \u00e1tadni. Amennyiben az \u00e1tadott szoba \u00e1llapota nem felel meg az elv\u00e1rhat\u00f3 (\u00e1tvett) \u00e1llapotnak, \u00fagy a helyre\u00e1ll\u00edt\u00e1s (takar\u00edt\u00e1s, stb.) k\u00f6lts\u00e9gei a lak\u00f3szoba lak\u00f3it terheli.<\/em><\/p>\n<p style=\"text-align: justify\"><em>A kik\u00f6lt\u00f6z\u00e9s sor\u00e1n az \u00e1tvett felszerel\u00e9si t\u00e1rgyakat a koll\u00e9gista csak szem\u00e9lyesen a koll\u00e9gium gazdas\u00e1gi \u00fcgyint\u00e9z\u0151j\u00e9n\u00e9l vagy az ezzel a feladattal megb\u00edzott koll\u00e9giumi dolgoz\u00f3n\u00e1l adhatja le. Minden hallgat\u00f3 \u00e1ltal okozott lelt\u00e1rhi\u00e1nyt, k\u00e1rokoz\u00e1s azonnal jegyz\u0151k\u00f6nyvezni kell.<\/em><\/p>\n<p style=\"text-align: justify\"><em>Az a koll\u00e9gista, akinek koll\u00e9giumi jogviszonya b\u00e1rmely okb\u00f3l megsz\u0171nt vagy koll\u00e9giumi elhelyez\u00e9sre nem jogosult, ugyanakkor a koll\u00e9giumb\u00f3l szab\u00e1lyszer\u0171en nem k\u00f6lt\u00f6z\u00f6tt ki, vagy az elhelyez\u00e9st a ny\u00e1ri (famulusi) id\u0151szakra jogtalanul vette ig\u00e9nybe, az elhelyez\u00e9sre jogosults\u00e1g megsz\u0171n\u00e9s\u00e9nek napj\u00e1t\u00f3l a kik\u00f6lt\u00f6z\u00e9sig eltelt id\u0151szakra a mindenkor \u00e9rv\u00e9nyes, egy \u00e9jszak\u00e1ra vonatkoztatott, igazgat\u00f3i hat\u00e1rozatban meg\u00e1llap\u00edtott vend\u00e9gd\u00edjat k\u00f6teles megfizetni.\u201d<\/em><\/p>\n<p style=\"text-align: justify\">Ez\u00e9rt a koll\u00e9giumi szob\u00e1b\u00f3l kik\u00f6lt\u00f6zni sz\u00e1nd\u00e9koz\u00f3 hallgat\u00f3t\u00f3l\/hallgat\u00f3kt\u00f3l a koll\u00e9gium \u00fcgyint\u00e9z\u0151je a szob\u00e1t \u00e1tveszi. A szoba\u00e1tv\u00e9telekor ellen\u0151rz\u00e9sre ker\u00fcl a szoba tisztas\u00e1ga, a dekor\u00e1ci\u00f3k elt\u00e1vol\u00edt\u00e1sa (bele\u00e9rtve a szoba- \u00e9s szekr\u00e9nyajt\u00f3 k\u00fcls\u0151 \u00e9s bels\u0151 fel\u00fclet\u00e9t is), a b\u00fatorzat helyre igaz\u00edt\u00e1sa \u00e9s a szoba \u00e1ltal\u00e1nos \u00e1llapota.<\/p>\n<p style=\"text-align: justify\">Tisztelettel k\u00e9rj\u00fck a kik\u00f6lt\u00f6z\u0151ket, hogy az el\u0151re v\u00e1llalt id\u0151pontra a szob\u00e1b\u00f3l minden szem\u00e9lyes t\u00e1rgyukat pakolj\u00e1k ki \u00e9s v\u00e9gezz\u00e9k el a szoba takar\u00edt\u00e1s\u00e1t, a szoba legyen \u00e1tv\u00e9telre k\u00e9sz.<\/p>\n<p style=\"text-align: justify\"><strong>A szoba \u00e1tv\u00e9tele ut\u00e1n a szob\u00e1ba visszamenni m\u00e1r nem lehets\u00e9ges!<\/strong><\/p>\n","protected":false},"excerpt":{"rendered":"<p>Elhelyez\u00e9si meg\u00e1llapod\u00e1s felbont\u00e1s\u00e1val kapcsolatos fontos tudnival\u00f3k Elhelyez\u00e9si meg\u00e1llapod\u00e1s felbont\u00e1sa A Koll\u00e9giumok Igazgat\u00f3s\u00e1ga al\u00e1 tartoz\u00f3 Koll\u00e9giumok \u00c1ltal\u00e1nos M\u0171k\u00f6d\u00e9si rendje alapj\u00e1n: Tan\u00e9v k\u00f6zben az Elhelyez\u00e9si meg\u00e1llapod\u00e1s felbont\u00e1sa csak k\u00fcl\u00f6n\u00f6sen indokolt esetben, egy\u00e9ni elb\u00edr\u00e1l\u00e1s alapj\u00e1n, illetve a hallgat\u00f3i jogviszony megsz\u0171n\u00e9se\/sz\u00fcneteltet\u00e9se eset\u00e9n lehets\u00e9ges. A hallgat\u00f3nak t\u00e1rgyh\u00f3 15-ig kell a Koll\u00e9giumi Elhelyez\u00e9si Meg\u00e1llapod\u00e1s rendk\u00edv\u00fcli megsz\u00fcntet\u00e9s\u00e9re ir\u00e1nyul\u00f3 K\u00e9relem\u00e9t beny\u00fajtania a Koll\u00e9giumok &hellip;<\/p>\n","protected":false},"author":8,"featured_media":0,"parent":1646,"menu_order":8,"comment_status":"closed","ping_status":"closed","template":"","meta":{"_acf_changed":false,"footnotes":""},"categories":[],"tags":[],"class_list":["post-9","page","type-page","status-publish","hentry"],"acf":[],"_links":{"self":[{"href":"https:\/\/semmelweis.hu\/kollegiumok\/wp-json\/wp\/v2\/pages\/9","targetHints":{"allow":["GET"]}}],"collection":[{"href":"https:\/\/semmelweis.hu\/kollegiumok\/wp-json\/wp\/v2\/pages"}],"about":[{"href":"https:\/\/semmelweis.hu\/kollegiumok\/wp-json\/wp\/v2\/types\/page"}],"author":[{"embeddable":true,"href":"https:\/\/semmelweis.hu\/kollegiumok\/wp-json\/wp\/v2\/users\/8"}],"replies":[{"embeddable":true,"href":"https:\/\/semmelweis.hu\/kollegiumok\/wp-json\/wp\/v2\/comments?post=9"}],"version-history":[{"count":13,"href":"https:\/\/semmelweis.hu\/kollegiumok\/wp-json\/wp\/v2\/pages\/9\/revisions"}],"predecessor-version":[{"id":3669,"href":"https:\/\/semmelweis.hu\/kollegiumok\/wp-json\/wp\/v2\/pages\/9\/revisions\/3669"}],"up":[{"embeddable":true,"href":"https:\/\/semmelweis.hu\/kollegiumok\/wp-json\/wp\/v2\/pages\/1646"}],"wp:attachment":[{"href":"https:\/\/semmelweis.hu\/kollegiumok\/wp-json\/wp\/v2\/media?parent=9"}],"wp:term":[{"taxonomy":"category","embeddable":true,"href":"https:\/\/semmelweis.hu\/kollegiumok\/wp-json\/wp\/v2\/categories?post=9"},{"taxonomy":"post_tag","embeddable":true,"href":"https:\/\/semmelweis.hu\/kollegiumok\/wp-json\/wp\/v2\/tags?post=9"}],"curies":[{"name":"wp","href":"https:\/\/api.w.org\/{rel}","templated":true}]}}