{"id":741,"date":"2016-01-11T10:10:03","date_gmt":"2016-01-11T09:10:03","guid":{"rendered":"http:\/\/semmelweis.hu\/kollegiumok\/?page_id=741"},"modified":"2026-02-09T10:53:04","modified_gmt":"2026-02-09T09:53:04","slug":"id-bokay-janos-kollegium","status":"publish","type":"page","link":"https:\/\/semmelweis.hu\/kollegiumok\/kollegiumok\/id-bokay-janos-kollegium\/","title":{"rendered":"id. B\u00f3kay J\u00e1nos Koll\u00e9gium"},"content":{"rendered":"<p><strong>El\u00e9rhet\u0151s\u00e9gek:<br \/>\n<\/strong>C\u00edm: 1046. Budapest, Erkel Gyula utca 26. <br \/>\nTelefon: 06-20\/825-9933<br \/>\n\u00dcgyint\u00e9z\u0151: Hidv\u00e9gi Ildik\u00f3<br \/>\nE-mail: <a href=\"mailto:hidvegi.ildiko@semmelweis.hu\">hidvegi.ildiko@semmelweis.hu<\/a><\/p>\n<p style=\"text-align: justify\">A koll\u00e9gium 56 f\u00e9r\u0151hely\u00e9t 17 db k\u00e9t\u00e1gyas, 6 db h\u00e1rom\u00e1gyas \u00e9s 1 db n\u00e9gy\u00e1gyas szoba biztos\u00edtja. \u00dajpesten, az M3 metr\u00f3 \u00dajpest-K\u00f6zpont meg\u00e1ll\u00f3j\u00e1t\u00f3l 10 perc s\u00e9t\u00e1ra, parkos\u00edtott, z\u00f6ld k\u00f6rnyezetben tal\u00e1lhat\u00f3.<\/p>\n\n<!-- iframe plugin v.4.9 wordpress.org\/plugins\/iframe\/ -->\n<iframe loading=\"lazy\" src=\"https:\/\/www.google.com\/maps\/embed?pb=!1m18!1m12!1m3!1d2692.074489873483!2d19.089533815663387!3d47.56633907918196!2m3!1f0!2f0!3f0!3m2!1i1024!2i768!4f13.1!3m3!1m2!1s0x4741da3970bea1e1%3A0x22143b7375a8c433!2sBudapest%2C+Erkel+Gyula+u.+26%2C+1046!5e0!3m2!1shu!2shu!4v1470053058865\" width=\"100%\" height=\"300\" scrolling=\"yes\" class=\"iframe-class\" frameborder=\"0\"><\/iframe>\n\n<p>&nbsp;<\/p>\n<div class=\"responsive-tabs\">\n<h2 class=\"tabtitle\">D\u00edjak<\/h2>\n<div class=\"tabcontent\">\n\n<p>A koll\u00e9gista a koll\u00e9giumi elhelyez\u00e9s\u00e9rt, a lakhat\u00e1si felt\u00e9telek biztos\u00edt\u00e1s\u00e1\u00e9rt \u00e9s az alapszolg\u00e1ltat\u00e1sok ig\u00e9nybev\u00e9tel\u00e9\u00e9rt t\u00e9r\u00edt\u00e9si d\u00edjat (koll\u00e9giumi d\u00edj) k\u00f6teles fizetni.<\/p>\n<p>A koll\u00e9giumi d\u00edj a koll\u00e9giumi f\u00e9r\u0151helyek besorol\u00e1s\u00e1hoz igazodik. A koll\u00e9giumi f\u00e9r\u0151helyek komfortfokozat szerinti oszt\u00e1lyba sorol\u00e1s\u00e1nak felt\u00e9teleit, tov\u00e1bb\u00e1 az alapszolg\u00e1ltat\u00e1sok k\u00f6r\u00e9t Korm\u00e1nyrendelet szab\u00e1lyozza.<\/p>\n<table style=\"width: 100%;border-collapse: collapse\" border=\"1\" cellspacing=\"5\" cellpadding=\"5\">\n<tbody>\n<tr>\n<td style=\"width: 33.3333%\">Koll\u00e9gium<\/td>\n<td style=\"width: 33.3333%\">Komfortfokozat<\/td>\n<td style=\"width: 33.3333%\">D\u00edjszab\u00e1s<\/td>\n<\/tr>\n<tr>\n<td style=\"width: 33.3333%\">\u00a0<\/td>\n<td style=\"width: 33.3333%\">II.<\/td>\n<td style=\"width: 33.3333%\">11 650,-Forint<\/td>\n<\/tr>\n<\/tbody>\n<\/table>\n<p>\nA t\u00e9r\u00edt\u00e9si d\u00edj m\u00e9rt\u00e9k\u00e9t a Szen\u00e1tus<em>\u00a0<\/em><em>a<\/em><em>\u00a0<\/em><a href=\"https:\/\/semmelweis.hu\/jogigfoig\/szervezeti-es-mukodesi-szabalyzat\/\" target=\"_blank\" rel=\"noopener noreferrer\"><strong><em>T\u00e9r\u00edt\u00e9si \u00e9s Juttat\u00e1si Szab\u00e1lyzat<\/em><\/strong><\/a><strong><em>\u00a013.\u00a7 (4a) pontja<\/em><\/strong>\u00a0alapj\u00e1n \u00e1llap\u00edtja meg. A t\u00e9r\u00edt\u00e9si d\u00edj fizet\u00e9se a t\u00e1rgyh\u00f3 15. napj\u00e1ig esed\u00e9kes. A befizet\u00e9st kiz\u00e1r\u00f3lag az Egys\u00e9ges Fels\u0151oktat\u00e1si Tanulm\u00e1nyi Rendszeren (Neptun) kereszt\u00fcl \u00e1tutal\u00e1ssal lehet teljes\u00edteni.<\/p>\n<p><strong>Azon hallgat\u00f3, aki \u00f6nk\u00f6lts\u00e9ges, illetve k\u00f6lts\u00e9gt\u00e9r\u00edt\u00e9ses k\u00e9pz\u00e9sben vesz r\u00e9szt \u00e9s koll\u00e9giumi elhelyez\u00e9sben r\u00e9szes\u00fcl \u2013 az 11.650,- Forinttal megemelt \u00f6sszeget fizeti havi t\u00e9r\u00edt\u00e9si d\u00edjk\u00e9nt.<\/strong><\/p>\n<p>&nbsp;<\/p>\n\n<\/div><h2 class=\"tabtitle\">Felszerelts\u00e9g<\/h2>\n<div class=\"tabcontent\">\n\n<p style=\"text-align: justify\">A szob\u00e1kban tal\u00e1lhat\u00f3 h\u0171t\u0151szekr\u00e9ny, \u00e1gy, asztal, sz\u00e9k, szekr\u00e9ny, stb. A k\u00f6z\u00f6s konyh\u00e1ban a f\u0151z\u00e9shez sz\u00fcks\u00e9ges eszk\u00f6z\u00f6k (mikrohull\u00e1m\u00fa s\u00fct\u0151, t\u0171zhely) tal\u00e1lhat\u00f3ak. A koll\u00e9gium ter\u00fclet\u00e9n a folyos\u00f3n l\u00e9v\u0151 k\u00f6z\u00f6s helyis\u00e9gben van lehet\u0151s\u00e9g zuhanyoz\u00e1sra. A mos\u00f3konyha nagy teljes\u00edtm\u00e9ny\u0171 mos\u00f3g\u00e9ppel \u00e9s sz\u00e1r\u00edt\u00f3g\u00e9ppel felszerelt. Az internetszolg\u00e1ltat\u00e1s biztos\u00edtott a koll\u00e9giumban.<\/p>\n<table border=\"1\" cellspacing=\"6\" cellpadding=\"6\">\n<tbody>\n<tr>\n<td><strong>Koll\u00e9giumi f\u00e9r\u0151hely sz\u00e1ma<\/strong><\/td>\n<td>56 f\u0151<\/td>\n<\/tr>\n<tr>\n<td><strong>Szoba t\u00edpusok<\/strong><\/td>\n<td>\n<p>17 db 2 \u00e1gyas<br \/>\n6 db 3 \u00e1gyas<br \/>\n1 db 4 \u00e1gyas<\/p>\n<\/td>\n<\/tr>\n<tr>\n<td><strong>Szoba felszerelts\u00e9ge<\/strong><\/td>\n<td>\u00e1gy<br \/>\nszekr\u00e9ny<br \/>\nsz\u00e9k<br \/>\n\u00edr\u00f3asztal<br \/>\nh\u0171t\u0151szekr\u00e9ny<br \/>\npolcok<br \/>\n\u00e9jjeliszekr\u00e9ny<br \/>\nasztali l\u00e1mpa<br \/>\nszemeteskuka<br \/>\nf\u00fcgg\u00f6ny (f\u00e9ny\u00e1tereszt\u0151, s\u00f6t\u00e9t\u00edt\u0151)<\/td>\n<\/tr>\n<tr>\n<td><strong>Koll\u00e9giumi d\u00edj*<\/strong><\/td>\n<td>11.650,- Ft<\/td>\n<\/tr>\n<tr>\n<td><strong>F\u00fcrd\u0151 (zuhanyz\u00f3, wc)<\/strong><\/td>\n<td>folyos\u00f3n\u00a0<\/td>\n<\/tr>\n<tr>\n<td><strong>Tanul\u00f3szoba<\/strong><\/td>\n<td>1 db, \u00f6sszesen 5 f\u0151<\/td>\n<\/tr>\n<tr>\n<td><strong>Szolg\u00e1ltat\u00e1sok<\/strong><\/td>\n<td>internet (Wifi, a k\u00f6z\u00f6ss\u00e9gi terekben is)<br \/>\nmos\u00f3konyha: mos\u00f3g\u00e9p, sz\u00e1r\u00edt\u00f3g\u00e9p<br \/>\nvasal\u00f3szoba: vasal\u00f3 \u00e9s vasal\u00f3deszka<br \/>\nporsz\u00edv\u00f3<br \/>\n24 \u00f3r\u00e1s portaszolg\u00e1lat<\/td>\n<\/tr>\n<tr>\n<td><strong>K\u00f6z\u00f6ss\u00e9gi terek<\/strong><\/td>\n<td>\n<p>egy k\u00f6z\u00f6s konyha (mikrohull\u00e1m\u00fa s\u00fct\u0151, t\u0171zhely, v\u00edzforral\u00f3, keny\u00e9rpir\u00edt\u00f3)<br \/>\nTV<br \/>\npark (padokkal)<\/p>\n<\/td>\n<\/tr>\n<tr>\n<td>\n<p><strong>Hallgat\u00f3 biztos\u00edtja mag\u00e1nak<\/strong><\/p>\n<p><strong>\u00a0<\/strong><\/p>\n<\/td>\n<td>\n<p>\u00e1gynem\u0171 \u00e9s \u00e1gynem\u0171huzat<br \/>\nhigi\u00e9niai felszerel\u00e9sek (WC papa\u00edr, foly\u00e9konyszappan, stb.)<br \/>\nkonyhai felszerel\u00e9s (t\u00e1ny\u00e9rok, ev\u0151eszk\u00f6z\u00f6k, tepsi, l\u00e1bas, stb.)<br \/>\ntakar\u00edt\u00e1shoz sz\u00fcks\u00e9ges eszk\u00f6z\u00f6k, vegyszerek<br \/>\nhajsz\u00e1r\u00edt\u00f3, ruhafogas, t\u00f6r\u00fclk\u00f6z\u0151, mos\u00f3szer, \u00f6bl\u00edt\u0151<\/p>\n<\/td>\n<\/tr>\n<tr>\n<td><strong>TILOS behozni<\/strong><\/td>\n<td>\u00e9l\u0151 \u00e1llat<br \/>\nh\u0151sug\u00e1rz\u00f3, kl\u00edmaberendez\u00e9s<br \/>\nmikrohull\u00e1m\u00fa s\u00fct\u0151<\/td>\n<\/tr>\n<tr>\n<td><strong>Megk\u00f6zel\u00edthet\u0151s\u00e9g<\/strong><\/td>\n<td>M3-as metr\u00f3, 12-es, 14-es villamos (BKK menetrend)<\/td>\n<\/tr>\n<tr>\n<td><strong>T\u00e1vols\u00e1g az Egyetem \u00e9p\u00fcleteit\u0151l<\/strong><\/td>\n<td>kb. 50 perc<\/td>\n<\/tr>\n<tr>\n<td><strong>Egy\u00e9b megjegyz\u00e9s<\/strong><\/td>\n<td>a doh\u00e1nyz\u00e1s csak az \u00e9p\u00fcleten k\u00edv\u00fcl, az arra kijel\u00f6lt helyen enged\u00e9lyezett<\/td>\n<\/tr>\n<\/tbody>\n<\/table>\n<p>*A k\u00f6lts\u00e9gt\u00e9r\u00edt\u00e9ses\/\u00f6nk\u00f6lts\u00e9ges k\u00e9pz\u00e9sben r\u00e9szt vev\u0151 hallgat\u00f3k koll\u00e9giumi d\u00edja a mindenkori koll\u00e9giumi t\u00e9r\u00edt\u00e9si d\u00edj 11.650,- Ft-tal megemelt \u00f6sszege.<\/p>\n<p>&nbsp;<\/p>\n\n<\/div><h2 class=\"tabtitle\">Szabadid\u0151<\/h2>\n<div class=\"tabcontent\">\n\n<p>Az udvaron egy parkos\u00edtott, z\u00f6ld k\u00f6rnyezet tal\u00e1lhat\u00f3. A gondozott kert alapvet\u0151 elemei a pihen\u00e9st szolg\u00e1l\u00f3 padokkal, \u00e1rny\u00e9kol\u00f3 f\u00e1kkal \u00e9s bokrokkal van ell\u00e1tva.<\/p>\n<p>&nbsp;<\/p>\n\n<\/div><h2 class=\"tabtitle\">Boltok<\/h2>\n<div class=\"tabcontent\">\n\n<p style=\"margin-top: 0cm;text-align: justify\"><span style=\"font-size: 15.0pt;font-family: 'PT Serif',serif;color: #1e2326;background: white\">A koll\u00e9giumt\u00f3l 5 perc s\u00e9t\u00e1val el lehet \u00e9rni a k\u00f6zeli LIDL-hez.\u00a0<\/span><\/p>\n<p>&nbsp;<\/p>\n\n<\/div><h2 class=\"tabtitle\">Fejleszt\u00e9si tervek<\/h2>\n<div class=\"tabcontent\">\n\n<p>A tanul\u00f3szoba fel\u00faj\u00edt\u00e1sa.\u00a0<\/p>\n<\/div><\/div>\n<hr \/>\n\r\n        [slb_exclude]\r\n        <div class=\"row galeria-wrapper mx-0 h-auto\">\r\n            <div class=\"col-9 pl-0 pr-2\">\r\n            <span class=\"gallery-item frame\">\r\n\t\t\t\t<div class=\"galeria-left-img\"><a href=\"https:\/\/semmelweis.hu\/kollegiumok\/files\/2016\/01\/bokai_kollegium_bejarat.png\"><img src=https:\/\/semmelweis.hu\/kollegiumok\/files\/2016\/01\/bokai_kollegium_bejarat.png  \r\n                            alt=\"\" \r\n                            class=\"attachment-sote-gallery-big size-sote-gallery-big\" \r\n                            srcset=\"https:\/\/semmelweis.hu\/kollegiumok\/files\/2016\/01\/bokai_kollegium_bejarat-300x200.png 300w, https:\/\/semmelweis.hu\/kollegiumok\/files\/2016\/01\/bokai_kollegium_bejarat-768x512.png 768w, https:\/\/semmelweis.hu\/kollegiumok\/files\/2016\/01\/bokai_kollegium_bejarat-450x300.png 450w, https:\/\/semmelweis.hu\/kollegiumok\/files\/2016\/01\/bokai_kollegium_bejarat.png 840w\" ><\/a><\/div>\r\n            <\/span>\r\n\r\n            <\/div>\r\n\r\n\t\t\t<div class=\"col-3 pl-0 pr-0\">\r\n\t\t\t\t<div class=\"galeria-right-img d-flex justify-content-between flex-column h-100 w-100 px-0 mx-0 \">\r\n                <div class=\"galeria-box\">\r\n\t\t\t\t\t<h3 class=\"galeria-title\">Gal\u00e9ria<\/h3>\r\n\t\t\t\t\t<div class=\"galeria-subtitle\">\r\n\r\n\t\t\t\t\t\t<div class=\"galeria-page-counter\"><span>16<\/span>k\u00e9p<\/div>\r\n                    <\/div> <\/div>\r\n                    <span class=\"gallery-item frame d-none d-md-flex\">\r\n\t\t\t\t\t<div class=\"galeria-small-img mt-0\"><a href=\"https:\/\/semmelweis.hu\/kollegiumok\/files\/2016\/01\/RS49064_KA-20160427-IMG_1726-scr.jpg\"><img src=https:\/\/semmelweis.hu\/kollegiumok\/files\/2016\/01\/RS49064_KA-20160427-IMG_1726-scr.jpg \r\n                                alt=\"\"  \r\n                                class=\"attachment-sote-gallery-small size-sote-gallery-small\" \r\n                                srcset=\"https:\/\/semmelweis.hu\/kollegiumok\/files\/2016\/01\/RS49064_KA-20160427-IMG_1726-scr-300x200.jpg 300w, https:\/\/semmelweis.hu\/kollegiumok\/files\/2016\/01\/RS49064_KA-20160427-IMG_1726-scr-768x512.jpg 768w, https:\/\/semmelweis.hu\/kollegiumok\/files\/2016\/01\/RS49064_KA-20160427-IMG_1726-scr-450x300.jpg 450w, https:\/\/semmelweis.hu\/kollegiumok\/files\/2016\/01\/RS49064_KA-20160427-IMG_1726-scr.jpg 950w\" ><\/a><\/div>\r\n                    <\/span>\r\n                    <span class=\"gallery-item frame d-none d-md-flex\">\r\n\t\t\t\t\t<div class=\"galeria-small-img mt-0\"><a href=\"https:\/\/semmelweis.hu\/kollegiumok\/files\/2016\/01\/RS49065_KA-20160427-IMG_1723-scr.jpg\"><img src=https:\/\/semmelweis.hu\/kollegiumok\/files\/2016\/01\/RS49065_KA-20160427-IMG_1723-scr.jpg \r\n                                alt=\"\" \r\n                                class=\"attachment-sote-gallery-small size-sote-gallery-small\" \r\n                                srcset=\"https:\/\/semmelweis.hu\/kollegiumok\/files\/2016\/01\/RS49065_KA-20160427-IMG_1723-scr-200x300.jpg 200w, https:\/\/semmelweis.hu\/kollegiumok\/files\/2016\/01\/RS49065_KA-20160427-IMG_1723-scr.jpg 500w\" ><\/a><\/div>\r\n                    <\/span>\r\n\r\n                <\/div>\r\n\r\n            <\/div>\r\n\r\n            <span class=\"gallery-item\"><div class=\"hidden\"><a href=\"https:\/\/semmelweis.hu\/kollegiumok\/files\/2016\/01\/RS49068_KA-20160427-IMG_1719-scr.jpg\">\r\n        <img src=https:\/\/semmelweis.hu\/kollegiumok\/files\/2016\/01\/RS49068_KA-20160427-IMG_1719-scr.jpg alt=\"\" class=\"attachment-sote-gallery-big size-sote-gallery-big\" srcset=\"https:\/\/semmelweis.hu\/kollegiumok\/files\/2016\/01\/RS49068_KA-20160427-IMG_1719-scr-300x200.jpg 300w, https:\/\/semmelweis.hu\/kollegiumok\/files\/2016\/01\/RS49068_KA-20160427-IMG_1719-scr-768x512.jpg 768w, https:\/\/semmelweis.hu\/kollegiumok\/files\/2016\/01\/RS49068_KA-20160427-IMG_1719-scr-450x300.jpg 450w, https:\/\/semmelweis.hu\/kollegiumok\/files\/2016\/01\/RS49068_KA-20160427-IMG_1719-scr.jpg 950w\" >\r\n        <\/a><\/div><\/span><span class=\"gallery-item\"><div class=\"hidden\"><a href=\"https:\/\/semmelweis.hu\/kollegiumok\/files\/2016\/01\/RS49078_KA-20160427-IMG_1704-scr.jpg\">\r\n        <img src=https:\/\/semmelweis.hu\/kollegiumok\/files\/2016\/01\/RS49078_KA-20160427-IMG_1704-scr.jpg alt=\"\" class=\"attachment-sote-gallery-big size-sote-gallery-big\" srcset=\"https:\/\/semmelweis.hu\/kollegiumok\/files\/2016\/01\/RS49078_KA-20160427-IMG_1704-scr-300x200.jpg 300w, https:\/\/semmelweis.hu\/kollegiumok\/files\/2016\/01\/RS49078_KA-20160427-IMG_1704-scr-768x512.jpg 768w, https:\/\/semmelweis.hu\/kollegiumok\/files\/2016\/01\/RS49078_KA-20160427-IMG_1704-scr-450x300.jpg 450w, https:\/\/semmelweis.hu\/kollegiumok\/files\/2016\/01\/RS49078_KA-20160427-IMG_1704-scr.jpg 950w\" >\r\n        <\/a><\/div><\/span><span class=\"gallery-item\"><div class=\"hidden\"><a href=\"https:\/\/semmelweis.hu\/kollegiumok\/files\/2016\/01\/RS49067_KA-20160427-IMG_1720-scr.jpg\">\r\n        <img src=https:\/\/semmelweis.hu\/kollegiumok\/files\/2016\/01\/RS49067_KA-20160427-IMG_1720-scr.jpg alt=\"\" class=\"attachment-sote-gallery-big size-sote-gallery-big\" srcset=\"https:\/\/semmelweis.hu\/kollegiumok\/files\/2016\/01\/RS49067_KA-20160427-IMG_1720-scr-300x200.jpg 300w, https:\/\/semmelweis.hu\/kollegiumok\/files\/2016\/01\/RS49067_KA-20160427-IMG_1720-scr-768x512.jpg 768w, https:\/\/semmelweis.hu\/kollegiumok\/files\/2016\/01\/RS49067_KA-20160427-IMG_1720-scr-450x300.jpg 450w, https:\/\/semmelweis.hu\/kollegiumok\/files\/2016\/01\/RS49067_KA-20160427-IMG_1720-scr.jpg 950w\" >\r\n        <\/a><\/div><\/span><span class=\"gallery-item\"><div class=\"hidden\"><a href=\"https:\/\/semmelweis.hu\/kollegiumok\/files\/2016\/01\/RS49076_KA-20160427-IMG_1707-scr.jpg\">\r\n        <img src=https:\/\/semmelweis.hu\/kollegiumok\/files\/2016\/01\/RS49076_KA-20160427-IMG_1707-scr.jpg alt=\"\" class=\"attachment-sote-gallery-big size-sote-gallery-big\" srcset=\"https:\/\/semmelweis.hu\/kollegiumok\/files\/2016\/01\/RS49076_KA-20160427-IMG_1707-scr-300x200.jpg 300w, https:\/\/semmelweis.hu\/kollegiumok\/files\/2016\/01\/RS49076_KA-20160427-IMG_1707-scr-768x512.jpg 768w, https:\/\/semmelweis.hu\/kollegiumok\/files\/2016\/01\/RS49076_KA-20160427-IMG_1707-scr-450x300.jpg 450w, https:\/\/semmelweis.hu\/kollegiumok\/files\/2016\/01\/RS49076_KA-20160427-IMG_1707-scr.jpg 950w\" >\r\n        <\/a><\/div><\/span><span class=\"gallery-item\"><div class=\"hidden\"><a href=\"https:\/\/semmelweis.hu\/kollegiumok\/files\/2016\/01\/RS49077_KA-20160427-IMG_1706-scr.jpg\">\r\n        <img src=https:\/\/semmelweis.hu\/kollegiumok\/files\/2016\/01\/RS49077_KA-20160427-IMG_1706-scr.jpg alt=\"\" class=\"attachment-sote-gallery-big size-sote-gallery-big\" srcset=\"https:\/\/semmelweis.hu\/kollegiumok\/files\/2016\/01\/RS49077_KA-20160427-IMG_1706-scr-300x200.jpg 300w, https:\/\/semmelweis.hu\/kollegiumok\/files\/2016\/01\/RS49077_KA-20160427-IMG_1706-scr-768x512.jpg 768w, https:\/\/semmelweis.hu\/kollegiumok\/files\/2016\/01\/RS49077_KA-20160427-IMG_1706-scr-450x300.jpg 450w, https:\/\/semmelweis.hu\/kollegiumok\/files\/2016\/01\/RS49077_KA-20160427-IMG_1706-scr.jpg 950w\" >\r\n        <\/a><\/div><\/span><span class=\"gallery-item\"><div class=\"hidden\"><a href=\"https:\/\/semmelweis.hu\/kollegiumok\/files\/2016\/01\/RS49069_KA-20160427-IMG_1716-scr.jpg\">\r\n        <img src=https:\/\/semmelweis.hu\/kollegiumok\/files\/2016\/01\/RS49069_KA-20160427-IMG_1716-scr.jpg alt=\"\" class=\"attachment-sote-gallery-big size-sote-gallery-big\" srcset=\"https:\/\/semmelweis.hu\/kollegiumok\/files\/2016\/01\/RS49069_KA-20160427-IMG_1716-scr-300x200.jpg 300w, https:\/\/semmelweis.hu\/kollegiumok\/files\/2016\/01\/RS49069_KA-20160427-IMG_1716-scr-768x512.jpg 768w, https:\/\/semmelweis.hu\/kollegiumok\/files\/2016\/01\/RS49069_KA-20160427-IMG_1716-scr-450x300.jpg 450w, https:\/\/semmelweis.hu\/kollegiumok\/files\/2016\/01\/RS49069_KA-20160427-IMG_1716-scr.jpg 950w\" >\r\n        <\/a><\/div><\/span><span class=\"gallery-item\"><div class=\"hidden\"><a href=\"https:\/\/semmelweis.hu\/kollegiumok\/files\/2016\/01\/RS49070_KA-20160427-IMG_1714-scr.jpg\">\r\n        <img src=https:\/\/semmelweis.hu\/kollegiumok\/files\/2016\/01\/RS49070_KA-20160427-IMG_1714-scr.jpg alt=\"\" class=\"attachment-sote-gallery-big size-sote-gallery-big\" srcset=\"https:\/\/semmelweis.hu\/kollegiumok\/files\/2016\/01\/RS49070_KA-20160427-IMG_1714-scr-300x200.jpg 300w, https:\/\/semmelweis.hu\/kollegiumok\/files\/2016\/01\/RS49070_KA-20160427-IMG_1714-scr-768x512.jpg 768w, https:\/\/semmelweis.hu\/kollegiumok\/files\/2016\/01\/RS49070_KA-20160427-IMG_1714-scr-450x300.jpg 450w, https:\/\/semmelweis.hu\/kollegiumok\/files\/2016\/01\/RS49070_KA-20160427-IMG_1714-scr.jpg 950w\" >\r\n        <\/a><\/div><\/span><span class=\"gallery-item\"><div class=\"hidden\"><a href=\"https:\/\/semmelweis.hu\/kollegiumok\/files\/2016\/01\/RS49071_KA-20160427-IMG_1712-scr.jpg\">\r\n        <img src=https:\/\/semmelweis.hu\/kollegiumok\/files\/2016\/01\/RS49071_KA-20160427-IMG_1712-scr.jpg alt=\"\" class=\"attachment-sote-gallery-big size-sote-gallery-big\" srcset=\"https:\/\/semmelweis.hu\/kollegiumok\/files\/2016\/01\/RS49071_KA-20160427-IMG_1712-scr-300x200.jpg 300w, https:\/\/semmelweis.hu\/kollegiumok\/files\/2016\/01\/RS49071_KA-20160427-IMG_1712-scr-768x512.jpg 768w, https:\/\/semmelweis.hu\/kollegiumok\/files\/2016\/01\/RS49071_KA-20160427-IMG_1712-scr-450x300.jpg 450w, https:\/\/semmelweis.hu\/kollegiumok\/files\/2016\/01\/RS49071_KA-20160427-IMG_1712-scr.jpg 950w\" >\r\n        <\/a><\/div><\/span><span class=\"gallery-item\"><div class=\"hidden\"><a href=\"https:\/\/semmelweis.hu\/kollegiumok\/files\/2016\/01\/RS49072_KA-20160427-IMG_1711-scr.jpg\">\r\n        <img src=https:\/\/semmelweis.hu\/kollegiumok\/files\/2016\/01\/RS49072_KA-20160427-IMG_1711-scr.jpg alt=\"\" class=\"attachment-sote-gallery-big size-sote-gallery-big\" srcset=\"https:\/\/semmelweis.hu\/kollegiumok\/files\/2016\/01\/RS49072_KA-20160427-IMG_1711-scr-300x200.jpg 300w, https:\/\/semmelweis.hu\/kollegiumok\/files\/2016\/01\/RS49072_KA-20160427-IMG_1711-scr-768x512.jpg 768w, https:\/\/semmelweis.hu\/kollegiumok\/files\/2016\/01\/RS49072_KA-20160427-IMG_1711-scr-450x300.jpg 450w, https:\/\/semmelweis.hu\/kollegiumok\/files\/2016\/01\/RS49072_KA-20160427-IMG_1711-scr.jpg 950w\" >\r\n        <\/a><\/div><\/span><span class=\"gallery-item\"><div class=\"hidden\"><a href=\"https:\/\/semmelweis.hu\/kollegiumok\/files\/2016\/01\/RS49073_KA-20160427-IMG_1710-scr.jpg\">\r\n        <img src=https:\/\/semmelweis.hu\/kollegiumok\/files\/2016\/01\/RS49073_KA-20160427-IMG_1710-scr.jpg alt=\"\" class=\"attachment-sote-gallery-big size-sote-gallery-big\" srcset=\"https:\/\/semmelweis.hu\/kollegiumok\/files\/2016\/01\/RS49073_KA-20160427-IMG_1710-scr-300x200.jpg 300w, https:\/\/semmelweis.hu\/kollegiumok\/files\/2016\/01\/RS49073_KA-20160427-IMG_1710-scr-768x512.jpg 768w, https:\/\/semmelweis.hu\/kollegiumok\/files\/2016\/01\/RS49073_KA-20160427-IMG_1710-scr-450x300.jpg 450w, https:\/\/semmelweis.hu\/kollegiumok\/files\/2016\/01\/RS49073_KA-20160427-IMG_1710-scr.jpg 950w\" >\r\n        <\/a><\/div><\/span><span class=\"gallery-item\"><div class=\"hidden\"><a href=\"https:\/\/semmelweis.hu\/kollegiumok\/files\/2016\/01\/RS49074_KA-20160427-IMG_1709-scr.jpg\">\r\n        <img src=https:\/\/semmelweis.hu\/kollegiumok\/files\/2016\/01\/RS49074_KA-20160427-IMG_1709-scr.jpg alt=\"\" class=\"attachment-sote-gallery-big size-sote-gallery-big\" srcset=\"https:\/\/semmelweis.hu\/kollegiumok\/files\/2016\/01\/RS49074_KA-20160427-IMG_1709-scr-300x200.jpg 300w, https:\/\/semmelweis.hu\/kollegiumok\/files\/2016\/01\/RS49074_KA-20160427-IMG_1709-scr-768x512.jpg 768w, https:\/\/semmelweis.hu\/kollegiumok\/files\/2016\/01\/RS49074_KA-20160427-IMG_1709-scr-450x300.jpg 450w, https:\/\/semmelweis.hu\/kollegiumok\/files\/2016\/01\/RS49074_KA-20160427-IMG_1709-scr.jpg 950w\" >\r\n        <\/a><\/div><\/span><span class=\"gallery-item\"><div class=\"hidden\"><a href=\"https:\/\/semmelweis.hu\/kollegiumok\/files\/2016\/01\/RS49081_KA-20160427-IMG_1699-scr.jpg\">\r\n        <img src=https:\/\/semmelweis.hu\/kollegiumok\/files\/2016\/01\/RS49081_KA-20160427-IMG_1699-scr.jpg alt=\"\" class=\"attachment-sote-gallery-big size-sote-gallery-big\" srcset=\"https:\/\/semmelweis.hu\/kollegiumok\/files\/2016\/01\/RS49081_KA-20160427-IMG_1699-scr-300x200.jpg 300w, https:\/\/semmelweis.hu\/kollegiumok\/files\/2016\/01\/RS49081_KA-20160427-IMG_1699-scr-768x512.jpg 768w, https:\/\/semmelweis.hu\/kollegiumok\/files\/2016\/01\/RS49081_KA-20160427-IMG_1699-scr-450x300.jpg 450w, https:\/\/semmelweis.hu\/kollegiumok\/files\/2016\/01\/RS49081_KA-20160427-IMG_1699-scr.jpg 950w\" >\r\n        <\/a><\/div><\/span><span class=\"gallery-item\"><div class=\"hidden\"><a href=\"https:\/\/semmelweis.hu\/kollegiumok\/files\/2016\/01\/RS49079_KA-20160427-IMG_1703-scr.jpg\">\r\n        <img src=https:\/\/semmelweis.hu\/kollegiumok\/files\/2016\/01\/RS49079_KA-20160427-IMG_1703-scr.jpg alt=\"\" class=\"attachment-sote-gallery-big size-sote-gallery-big\" srcset=\"https:\/\/semmelweis.hu\/kollegiumok\/files\/2016\/01\/RS49079_KA-20160427-IMG_1703-scr-300x200.jpg 300w, https:\/\/semmelweis.hu\/kollegiumok\/files\/2016\/01\/RS49079_KA-20160427-IMG_1703-scr-768x512.jpg 768w, https:\/\/semmelweis.hu\/kollegiumok\/files\/2016\/01\/RS49079_KA-20160427-IMG_1703-scr-450x300.jpg 450w, https:\/\/semmelweis.hu\/kollegiumok\/files\/2016\/01\/RS49079_KA-20160427-IMG_1703-scr.jpg 950w\" >\r\n        <\/a><\/div><\/span>\r\n            <\/div>\r\n\r\n            [\/slb_exclude]\r\n\t\n","protected":false},"excerpt":{"rendered":"<p>El\u00e9rhet\u0151s\u00e9gek: C\u00edm: 1046. Budapest, Erkel Gyula utca 26. Telefon: 06-20\/825-9933 \u00dcgyint\u00e9z\u0151: Hidv\u00e9gi Ildik\u00f3 E-mail: <a href=\"mailto:hidvegi.ildiko@semmelweis.hu\">hidvegi.ildiko@semmelweis.hu<\/a> A koll\u00e9gium 56 f\u00e9r\u0151hely\u00e9t 17 db k\u00e9t\u00e1gyas, 6 db h\u00e1rom\u00e1gyas \u00e9s 1 db n\u00e9gy\u00e1gyas szoba biztos\u00edtja. \u00dajpesten, az M3 metr\u00f3 \u00dajpest-K\u00f6zpont meg\u00e1ll\u00f3j\u00e1t\u00f3l 10 perc s\u00e9t\u00e1ra, parkos\u00edtott, z\u00f6ld k\u00f6rnyezetben tal\u00e1lhat\u00f3. &nbsp; A koll\u00e9gista a koll\u00e9giumi elhelyez\u00e9s\u00e9rt, a lakhat\u00e1si felt\u00e9telek biztos\u00edt\u00e1s\u00e1\u00e9rt \u00e9s az &hellip;<\/p>\n","protected":false},"author":101163,"featured_media":1316,"parent":10,"menu_order":2,"comment_status":"closed","ping_status":"closed","template":"","meta":{"_acf_changed":false,"footnotes":""},"categories":[10],"tags":[],"class_list":["post-741","page","type-page","status-publish","has-post-thumbnail","hentry","category-alegysegek"],"acf":[],"_links":{"self":[{"href":"https:\/\/semmelweis.hu\/kollegiumok\/wp-json\/wp\/v2\/pages\/741","targetHints":{"allow":["GET"]}}],"collection":[{"href":"https:\/\/semmelweis.hu\/kollegiumok\/wp-json\/wp\/v2\/pages"}],"about":[{"href":"https:\/\/semmelweis.hu\/kollegiumok\/wp-json\/wp\/v2\/types\/page"}],"author":[{"embeddable":true,"href":"https:\/\/semmelweis.hu\/kollegiumok\/wp-json\/wp\/v2\/users\/101163"}],"replies":[{"embeddable":true,"href":"https:\/\/semmelweis.hu\/kollegiumok\/wp-json\/wp\/v2\/comments?post=741"}],"version-history":[{"count":13,"href":"https:\/\/semmelweis.hu\/kollegiumok\/wp-json\/wp\/v2\/pages\/741\/revisions"}],"predecessor-version":[{"id":3677,"href":"https:\/\/semmelweis.hu\/kollegiumok\/wp-json\/wp\/v2\/pages\/741\/revisions\/3677"}],"up":[{"embeddable":true,"href":"https:\/\/semmelweis.hu\/kollegiumok\/wp-json\/wp\/v2\/pages\/10"}],"wp:featuredmedia":[{"embeddable":true,"href":"https:\/\/semmelweis.hu\/kollegiumok\/wp-json\/wp\/v2\/media\/1316"}],"wp:attachment":[{"href":"https:\/\/semmelweis.hu\/kollegiumok\/wp-json\/wp\/v2\/media?parent=741"}],"wp:term":[{"taxonomy":"category","embeddable":true,"href":"https:\/\/semmelweis.hu\/kollegiumok\/wp-json\/wp\/v2\/categories?post=741"},{"taxonomy":"post_tag","embeddable":true,"href":"https:\/\/semmelweis.hu\/kollegiumok\/wp-json\/wp\/v2\/tags?post=741"}],"curies":[{"name":"wp","href":"https:\/\/api.w.org\/{rel}","templated":true}]}}