{"id":486,"date":"2014-02-10T13:41:56","date_gmt":"2014-02-10T12:41:56","guid":{"rendered":"http:\/\/semmelweis.hu\/kollegiumok\/?page_id=486"},"modified":"2025-12-17T12:16:57","modified_gmt":"2025-12-17T11:16:57","slug":"noverszallo","status":"publish","type":"page","link":"https:\/\/semmelweis.hu\/kollegiumok\/noverszallo\/","title":{"rendered":"N\u0151v\u00e9rsz\u00e1ll\u00f3"},"content":{"rendered":"<p><img loading=\"lazy\" decoding=\"async\" class=\"size-medium wp-image-956 alignright\" src=\"https:\/\/semmelweis.hu\/kollegiumok\/files\/2016\/07\/N\u0150V_nyit\u00f3-300x200.jpg\" alt=\"N\u0150V_nyit\u00f3\" width=\"300\" height=\"200\" srcset=\"https:\/\/semmelweis.hu\/kollegiumok\/files\/2016\/07\/N\u0150V_nyit\u00f3-300x200.jpg 300w, https:\/\/semmelweis.hu\/kollegiumok\/files\/2016\/07\/N\u0150V_nyit\u00f3-768x512.jpg 768w, https:\/\/semmelweis.hu\/kollegiumok\/files\/2016\/07\/N\u0150V_nyit\u00f3-1024x683.jpg 1024w, https:\/\/semmelweis.hu\/kollegiumok\/files\/2016\/07\/N\u0150V_nyit\u00f3-450x300.jpg 450w\" sizes=\"auto, (max-width: 300px) 100vw, 300px\" \/><strong>El\u00e9rhet\u0151s\u00e9gek:<br \/>\n<\/strong>C\u00edm: 1083 Budapest, Ill\u00e9s utca 15. <br \/>\nTelefon: 06-20\/825-9913 <br \/>\n\u00dcgyint\u00e9z\u0151: Kov\u00e1csn\u00e9 Peltcz Gy\u00f6rgyi<br \/>\nE-mail: <a href=\"mailto:kovacs.gyorgyi@semmelweis.hu\">kovacs.gyorgyi@semmelweis.hu\u00a0<\/a><strong><br \/>\n<\/strong><\/p>\n<p>A Semmelweis Egyetem N\u0151v\u00e9rsz\u00e1ll\u00f3ja 102 f\u0151 r\u00e9sz\u00e9re tud elhelyez\u00e9st biztos\u00edtani. Elhelyez\u00e9st budapesti lakc\u00edmmel nem rendelkez\u0151 egyetemi munkav\u00e1llal\u00f3k ig\u00e9nyelhetnek.<\/p>\n<p>A N\u0151v\u00e9rsz\u00e1ll\u00f3 a K\u00fcls\u0151 Klinikai T\u00f6mb k\u00f6zel\u00e9ben helyezkedik el. Az elhelyez\u00e9s\u00e9rt, a lakhat\u00e1si felt\u00e9telek biztos\u00edt\u00e1s\u00e1\u00e9rt \u00e9s az ahhoz kapcsol\u00f3d\u00f3, a rendeltet\u00e9sszer\u0171 haszn\u00e1latot biztos\u00edt\u00f3 alapszolg\u00e1ltat\u00e1sok \u00a0ig\u00e9nybev\u00e9tel\u00e9\u00e9rt havonta t\u00e9r\u00edt\u00e9si d\u00edjat kell fizetni.<\/p>\n<ul>\n<li class=\"page_item page-item-1527\"><a href=\"https:\/\/semmelweis.hu\/kollegiumok\/noverszallo\/alapszolgaltatasok-a-noverszallon\/\">Alapszolg\u00e1ltat\u00e1sok a N\u0151v\u00e9rsz\u00e1ll\u00f3n<\/a><\/li>\n<li class=\"page_item page-item-490\"><a href=\"https:\/\/semmelweis.hu\/kollegiumok\/noverszallo\/noverszallo-dokumentumok\/\">A N\u0151v\u00e9rsz\u00e1ll\u00f3 dokumentumai<\/a><\/li>\n<\/ul>\n\n<!-- iframe plugin v.4.9 wordpress.org\/plugins\/iframe\/ -->\n<iframe loading=\"lazy\" src=\"https:\/\/www.google.com\/maps\/embed?pb=!1m18!1m12!1m3!1d2696.170591686791!2d19.08480700000001!3d47.48658999999997!2m3!1f0!2f0!3f0!3m2!1i1024!2i768!4f13.1!3m3!1m2!1s0x4741dcf1bbec50f9%3A0x575f4356edb401c9!2sSemmelweis+Egyetem%2C+1089+Budapest%2C+Ill%C3%A9s+utca+15!5e0!3m2!1shu!2shu!4v1405506598348\" width=\"100%\" height=\"250\" scrolling=\"yes\" class=\"iframe-class\" frameborder=\"0\"><\/iframe>\n\n","protected":false},"excerpt":{"rendered":"<p>El\u00e9rhet\u0151s\u00e9gek: C\u00edm: 1083 Budapest, Ill\u00e9s utca 15. Telefon: 06-20\/825-9913 \u00dcgyint\u00e9z\u0151: Kov\u00e1csn\u00e9 Peltcz Gy\u00f6rgyi E-mail: <a href=\"mailto:kovacs.gyorgyi@semmelweis.hu\">kovacs.gyorgyi@semmelweis.hu\u00a0<\/a> A Semmelweis Egyetem N\u0151v\u00e9rsz\u00e1ll\u00f3ja 102 f\u0151 r\u00e9sz\u00e9re tud elhelyez\u00e9st biztos\u00edtani. Elhelyez\u00e9st budapesti lakc\u00edmmel nem rendelkez\u0151 egyetemi munkav\u00e1llal\u00f3k ig\u00e9nyelhetnek. A N\u0151v\u00e9rsz\u00e1ll\u00f3 a K\u00fcls\u0151 Klinikai T\u00f6mb k\u00f6zel\u00e9ben helyezkedik el. Az elhelyez\u00e9s\u00e9rt, a lakhat\u00e1si felt\u00e9telek biztos\u00edt\u00e1s\u00e1\u00e9rt \u00e9s az ahhoz kapcsol\u00f3d\u00f3, a rendeltet\u00e9sszer\u0171 haszn\u00e1latot biztos\u00edt\u00f3 &hellip;<\/p>\n","protected":false},"author":101163,"featured_media":3023,"parent":0,"menu_order":5,"comment_status":"closed","ping_status":"closed","template":"","meta":{"_acf_changed":false,"footnotes":""},"categories":[10],"tags":[],"class_list":["post-486","page","type-page","status-publish","has-post-thumbnail","hentry","category-alegysegek"],"acf":[],"_links":{"self":[{"href":"https:\/\/semmelweis.hu\/kollegiumok\/wp-json\/wp\/v2\/pages\/486","targetHints":{"allow":["GET"]}}],"collection":[{"href":"https:\/\/semmelweis.hu\/kollegiumok\/wp-json\/wp\/v2\/pages"}],"about":[{"href":"https:\/\/semmelweis.hu\/kollegiumok\/wp-json\/wp\/v2\/types\/page"}],"author":[{"embeddable":true,"href":"https:\/\/semmelweis.hu\/kollegiumok\/wp-json\/wp\/v2\/users\/101163"}],"replies":[{"embeddable":true,"href":"https:\/\/semmelweis.hu\/kollegiumok\/wp-json\/wp\/v2\/comments?post=486"}],"version-history":[{"count":12,"href":"https:\/\/semmelweis.hu\/kollegiumok\/wp-json\/wp\/v2\/pages\/486\/revisions"}],"predecessor-version":[{"id":3594,"href":"https:\/\/semmelweis.hu\/kollegiumok\/wp-json\/wp\/v2\/pages\/486\/revisions\/3594"}],"wp:featuredmedia":[{"embeddable":true,"href":"https:\/\/semmelweis.hu\/kollegiumok\/wp-json\/wp\/v2\/media\/3023"}],"wp:attachment":[{"href":"https:\/\/semmelweis.hu\/kollegiumok\/wp-json\/wp\/v2\/media?parent=486"}],"wp:term":[{"taxonomy":"category","embeddable":true,"href":"https:\/\/semmelweis.hu\/kollegiumok\/wp-json\/wp\/v2\/categories?post=486"},{"taxonomy":"post_tag","embeddable":true,"href":"https:\/\/semmelweis.hu\/kollegiumok\/wp-json\/wp\/v2\/tags?post=486"}],"curies":[{"name":"wp","href":"https:\/\/api.w.org\/{rel}","templated":true}]}}