{"id":3494,"date":"2025-06-16T14:00:43","date_gmt":"2025-06-16T12:00:43","guid":{"rendered":"https:\/\/semmelweis.hu\/kollegiumok\/?p=3494"},"modified":"2025-12-17T10:45:32","modified_gmt":"2025-12-17T09:45:32","slug":"kollegiumi-elhelyezes","status":"publish","type":"page","link":"https:\/\/semmelweis.hu\/kollegiumok\/hallgatoi-elet\/kollegiumi-elhelyezes\/","title":{"rendered":"Koll\u00e9giumi elhelyez\u00e9s"},"content":{"rendered":"<p style=\"text-align: center\">Tisztelt L\u00e1togat\u00f3,<\/p>\n<p style=\"text-align: center\"><strong><span style=\"font-size: 24pt\">Leend\u0151 els\u0151s \u00e9s fels\u0151bb \u00e9ves hallgat\u00f3\/koll\u00e9gista.<br \/>\n<\/span><br \/>\n<\/strong>A Koll\u00e9giumok Igazgat\u00f3s\u00e1ga nem tud \u00e9s nem is adhat inform\u00e1ci\u00f3t.<\/p>\n<p style=\"text-align: center\">B\u00e1rmilyen k\u00e9rd\u00e9s mer\u00fcl fel a koll\u00e9giumi elhelyez\u00e9ssel kapcsolatban, akkor k\u00e9rj\u00fck, hogy a <br \/>\n<strong>Semmelweis Egyetem Hallgat\u00f3i \u00d6nkorm\u00e1nyzat\u00e1t<\/strong> sz\u00edveskedjen \u00edr\u00e1sban megkeresni.<\/p>\n<p style=\"text-align: center\">el\u00e9rhet\u0151s\u00e9g: <a href=\"mailto:hok.dormitory@semmelweis.hu\">hok.dormitory@semmelweis.hu<\/a><\/p>\n<p style=\"text-align: center\">Teljes k\u00f6r\u0171en itt foglalkoznak a koll\u00e9giumba val\u00f3 bejut\u00e1ssal (jelentkez\u00e9s, nyomtatv\u00e1nyok beny\u00fajt\u00e1sa, stb.).<\/p>\n<p style=\"text-align: center\">Koll\u00e9giumi felv\u00e9tellel kapcsolatosan az al\u00e1bbi oldalon kapnak inform\u00e1ci\u00f3kat:<\/p>\n<p style=\"text-align: center\"><a href=\"https:\/\/semmelweis.hu\/hok\/palyazatok\/kollegiumi-palyazat\/\">https:\/\/semmelweis.hu\/hok\/palyazatok\/kollegiumi-palyazat\/<\/a><\/p>\n<p style=\"text-align: center\">\u00a0 \u00a0 \u00a0 \u00a0 \u00a0 \u00a0 \u00a0 \u00a0 \u00a0 \u00a0 \u00a0 \u00a0 \u00a0 \u00a0 \u00a0 \u00a0 \u00a0 \u00a0 \u00a0 \u00a0 \u00a0 \u00a0 \u00a0 \u00a0 \u00a0 \u00a0 \u00a0 \u00a0 \u00a0 \u00a0 \u00a0 \u00a0 \u00a0 \u00a0 \u00a0 \u00a0 \u00a0 \u00a0 \u00a0 \u00a0 \u00a0 \u00a0 \u00a0 \u00a0 \u00a0 \u00a0 \u00a0 \u00a0 \u00a0 \u00a0 \u00a0 \u00a0 \u00dcdv\u00f6zlettel,<br \/>\n\u00a0 \u00a0 \u00a0 \u00a0 \u00a0 \u00a0 \u00a0 \u00a0 \u00a0 \u00a0 \u00a0 \u00a0 \u00a0 \u00a0 \u00a0 \u00a0 \u00a0 \u00a0 \u00a0 \u00a0 \u00a0 \u00a0 \u00a0 \u00a0 \u00a0 \u00a0 \u00a0 \u00a0 \u00a0 \u00a0 \u00a0 \u00a0 \u00a0 \u00a0 \u00a0 \u00a0 \u00a0 \u00a0 \u00a0 \u00a0 \u00a0 \u00a0 \u00a0 \u00a0 \u00a0 \u00a0 \u00a0 \u00a0 \u00a0 \u00a0 \u00a0Koll\u00e9giumok Igazgat\u00f3s\u00e1ga<\/p>\n<p style=\"text-align: center\">\u00a0<\/p>\n","protected":false},"excerpt":{"rendered":"<p>Tisztelt L\u00e1togat\u00f3, Leend\u0151 els\u0151s \u00e9s fels\u0151bb \u00e9ves hallgat\u00f3\/koll\u00e9gista. A Koll\u00e9giumok Igazgat\u00f3s\u00e1ga nem tud \u00e9s nem is adhat inform\u00e1ci\u00f3t. B\u00e1rmilyen k\u00e9rd\u00e9s mer\u00fcl fel a koll\u00e9giumi elhelyez\u00e9ssel kapcsolatban, akkor k\u00e9rj\u00fck, hogy a Semmelweis Egyetem Hallgat\u00f3i \u00d6nkorm\u00e1nyzat\u00e1t sz\u00edveskedjen \u00edr\u00e1sban megkeresni. el\u00e9rhet\u0151s\u00e9g: <a href=\"mailto:hok.dormitory@semmelweis.hu\">hok.dormitory@semmelweis.hu<\/a> Teljes k\u00f6r\u0171en itt foglalkoznak a koll\u00e9giumba val\u00f3 bejut\u00e1ssal (jelentkez\u00e9s, nyomtatv\u00e1nyok beny\u00fajt\u00e1sa, stb.). Koll\u00e9giumi felv\u00e9tellel kapcsolatosan az al\u00e1bbi &hellip;<\/p>\n","protected":false},"author":102031,"featured_media":0,"parent":1646,"menu_order":1,"comment_status":"closed","ping_status":"closed","template":"","meta":{"_acf_changed":false,"footnotes":""},"categories":[7],"tags":[],"class_list":["post-3494","page","type-page","status-publish","hentry","category-hirek"],"acf":[],"_links":{"self":[{"href":"https:\/\/semmelweis.hu\/kollegiumok\/wp-json\/wp\/v2\/pages\/3494","targetHints":{"allow":["GET"]}}],"collection":[{"href":"https:\/\/semmelweis.hu\/kollegiumok\/wp-json\/wp\/v2\/pages"}],"about":[{"href":"https:\/\/semmelweis.hu\/kollegiumok\/wp-json\/wp\/v2\/types\/page"}],"author":[{"embeddable":true,"href":"https:\/\/semmelweis.hu\/kollegiumok\/wp-json\/wp\/v2\/users\/102031"}],"replies":[{"embeddable":true,"href":"https:\/\/semmelweis.hu\/kollegiumok\/wp-json\/wp\/v2\/comments?post=3494"}],"version-history":[{"count":6,"href":"https:\/\/semmelweis.hu\/kollegiumok\/wp-json\/wp\/v2\/pages\/3494\/revisions"}],"predecessor-version":[{"id":3583,"href":"https:\/\/semmelweis.hu\/kollegiumok\/wp-json\/wp\/v2\/pages\/3494\/revisions\/3583"}],"up":[{"embeddable":true,"href":"https:\/\/semmelweis.hu\/kollegiumok\/wp-json\/wp\/v2\/pages\/1646"}],"wp:attachment":[{"href":"https:\/\/semmelweis.hu\/kollegiumok\/wp-json\/wp\/v2\/media?parent=3494"}],"wp:term":[{"taxonomy":"category","embeddable":true,"href":"https:\/\/semmelweis.hu\/kollegiumok\/wp-json\/wp\/v2\/categories?post=3494"},{"taxonomy":"post_tag","embeddable":true,"href":"https:\/\/semmelweis.hu\/kollegiumok\/wp-json\/wp\/v2\/tags?post=3494"}],"curies":[{"name":"wp","href":"https:\/\/api.w.org\/{rel}","templated":true}]}}