{"id":257,"date":"2013-07-15T10:21:50","date_gmt":"2013-07-15T08:21:50","guid":{"rendered":"http:\/\/semmelweis-egyetem.hu\/kollegiumok\/?page_id=257"},"modified":"2025-12-17T14:21:12","modified_gmt":"2025-12-17T13:21:12","slug":"kollegistak-jogai-es-kotelessegei","status":"publish","type":"page","link":"https:\/\/semmelweis.hu\/kollegiumok\/hallgatoi-elet\/kollegistak-jogai-es-kotelessegei\/","title":{"rendered":"Koll\u00e9gist\u00e1k jogai \u00e9s k\u00f6teless\u00e9gei"},"content":{"rendered":"<p style=\"text-align: left\"><strong>Az elhelyez\u00e9st nyert hallgat\u00f3 joga, hogy:<\/strong><\/p>\n<ol>\n<li style=\"text-align: justify\">jogait tiszteletben tarts\u00e1k;<\/li>\n<li style=\"text-align: justify\">az egys\u00e9g m\u0171k\u00f6d\u00e9s\u00e9r\u0151l, teljes k\u00f6r\u0171 \u00e9s t\u00e1rgyilagos t\u00e1j\u00e9koztat\u00e1st kapjon a szem\u00e9ly\u00e9t \u00e9rint\u0151 k\u00e9rd\u00e9sekr\u0151l, hozz\u00e1jusson a jogai gyakorl\u00e1s\u00e1hoz sz\u00fcks\u00e9ges inform\u00e1ci\u00f3khoz;<\/li>\n<li style=\"text-align: justify\">javaslattal \u00e9ljen, k\u00e9rd\u00e9st int\u00e9zzen a koll\u00e9gium vezet\u0151ihez \u00e9s arra legk\u00e9s\u0151bb 30 napon bel\u00fcl \u00e9rdemi v\u00e1laszt kapjon;<\/li>\n<li style=\"text-align: justify\">joga van a sz\u00e1m\u00e1ra kijel\u00f6lt f\u00e9r\u0151hely zavartalan haszn\u00e1lat\u00e1hoz \u00e9s ahhoz, hogy az egy\u00fctt\u00e9l\u00e9sb\u0151l ered\u0151 sz\u00fcks\u00e9gszer\u0171 k\u00f6t\u00f6tts\u00e9geken t\u00fal, zavartalanul tanulhasson \u00e9s \u00e9lhessen;<\/li>\n<li style=\"text-align: justify\">az elhelyez\u00e9s\u00e9rt fizetett d\u00edj ellen\u00e9ben ig\u00e9nybe vegye az egys\u00e9g rendelkez\u00e9s\u00e9re \u00e1ll\u00f3 alapszolg\u00e1ltat\u00e1sokat valamint az alapszolg\u00e1ltat\u00e1sok k\u00f6r\u00e9be nem tartoz\u00f3 tanulm\u00e1nyi, m\u0171vel\u0151d\u00e9si, sz\u00f3rakoz\u00e1si, sportol\u00e1si lehet\u0151s\u00e9geket (t\u00f6bbletszolg\u00e1ltat\u00e1sokat) az adott egys\u00e9gre vonatkoz\u00f3an meghat\u00e1rozottak szerint.<\/li>\n<li style=\"text-align: justify\">joga van, hogy \u00e9rdekl\u0151d\u00e9si k\u00f6r\u00e9nek \u00e9s az egys\u00e9g lehet\u0151s\u00e9geinek megfelel\u0151en, k\u00fcl\u00f6nb\u00f6z\u0151 tev\u00e9kenys\u00e9gi k\u00f6r\u00f6k szervez\u0151d\u00e9s\u00e9t kezdem\u00e9nyezze;<\/li>\n<li style=\"text-align: justify\">szem\u00e9lyesen vagy k\u00e9pvisel\u0151i \u00fatj\u00e1n r\u00e9szt vegyen az \u00e9rdekeit \u00e9rint\u0151 d\u00f6nt\u00e9sek meghozatal\u00e1ban,<\/li>\n<li style=\"text-align: justify\">az elhelyez\u00e9s\u00e9vel kapcsolatban elszenvedett s\u00e9relmeire megfelel\u0151 jogorvosl\u00e1st kapjon, illetve hozz\u00e1jusson a jogai gyakorl\u00e1s\u00e1hoz sz\u00fcks\u00e9ges inform\u00e1ci\u00f3khoz;<\/li>\n<li style=\"text-align: justify\">joga van vend\u00e9get fogadni, el\u0151zetes bejelent\u00e9s alapj\u00e1n k\u00e9rni vend\u00e9ge \u00e9jszakai elhelyez\u00e9s\u00e9t, a vonatkoz\u00f3 H\u00e1zirend \u00e9s elj\u00e1r\u00e1srend betart\u00e1sa mellett, azzal hogy a vend\u00e9gfogad\u00e1s rendj\u00e9t s\u00falyosan megs\u00e9rt\u0151 hat\u00e1rozott id\u0151re a vend\u00e9gfogad\u00e1sban korl\u00e1tozhat\u00f3, vagy hat\u00e1rozott id\u0151re att\u00f3l eltilthat\u00f3.<\/li>\n<\/ol>\n<p style=\"text-align: justify\"><strong>Az elhelyez\u00e9st nyert hallgat\u00f3 k\u00f6teless\u00e9ge, hogy<\/strong><\/p>\n<ol style=\"text-align: justify\">\n<li>megismerje \u00e9s megtartsa az egys\u00e9g m\u0171k\u00f6d\u00e9s\u00e9re, az elhelyez\u00e9sre vonatkoz\u00f3 jogszab\u00e1lyok, egyetemi szab\u00e1lyzatok \u00e9s az azok rendelkez\u00e9sei alapj\u00e1n kiadott egy\u00e9b vonatkoz\u00f3 dokumentumok rendelkez\u00e9seit;<\/li>\n<li>betartsa a Koll\u00e9giumok M\u0171k\u00f6d\u00e9si Rendj\u00e9ben (H\u00e1zirend) el\u0151\u00edrt k\u00f6telezetts\u00e9geket, valamint az egy\u00fctt\u00e9l\u00e9s \u00edrott \u00e9s \u00edratlan szab\u00e1lyait;<\/li>\n<li>m\u00e1sok jogait tiszteletben tartsa, magatart\u00e1sa a m\u00e1sok ir\u00e1nti tiszteleten \u00e9s megbecs\u00fcl\u00e9sen, valamint a k\u00f6z\u00f6ss\u00e9g \u00e9rdekeinek el\u0151t\u00e9rbe \u00e1ll\u00edt\u00e1s\u00e1n alapuljon;<\/li>\n<li>megtartsa az egys\u00e9g helyis\u00e9gei, egy\u00e9b ter\u00fcletei haszn\u00e1lati rendj\u00e9t, a r\u00e1b\u00edzott eszk\u00f6z\u00f6ket az el\u0151\u00edr\u00e1soknak megfelel\u0151en kezelje, \u00f3vja az egys\u00e9g vagyont\u00e1rgyait, saj\u00e1t \u00e9s t\u00e1rsai testi \u00e9ps\u00e9g\u00e9t, eg\u00e9szs\u00e9g\u00e9t, elsaj\u00e1t\u00edtsa \u00e9s alkalmazza az eg\u00e9szs\u00e9g\u00e9t \u00e9s biztons\u00e1g\u00e1t v\u00e9d\u0151 ismereteket;<\/li>\n<li>k\u00f6teless\u00e9ge az egyetem tulajdon\u00e1ban l\u00e9v\u0151 berendez\u00e9si t\u00e1rgyakban okozott k\u00e1rt megt\u00e9r\u00edteni;<\/li>\n<li>k\u00f6teless\u00e9ge az egys\u00e9g valamennyi dolgoz\u00f3j\u00e1nak szem\u00e9lye \u00e9s munk\u00e1ja ir\u00e1nt tiszteletet tan\u00fas\u00edtani, t\u00e1rsait becs\u00fclni, emberi m\u00e9lt\u00f3s\u00e1gukat tiszteletben tartani, alkalmazkod\u00f3 magatart\u00e1s\u00e1val beilleszkedni a k\u00f6z\u00f6ss\u00e9gi \u00e9letbe;<\/li>\n<li>az egys\u00e9gb\u0151l val\u00f3 kik\u00f6lt\u00f6z\u00e9sre \u00e9s az elhelyez\u00e9s megsz\u00fcntet\u00e9s\u00e9re vonatkoz\u00f3 k\u00e9relmet \u00edr\u00e1sban id\u0151ben beny\u00fajtani;<\/li>\n<li>kik\u00f6lt\u00f6z\u00e9skor a leszerel\u00e9s\u00e9t elint\u00e9zni \u00e9s a szem\u00e9lyes felszerel\u00e9si, illetve szobai lelt\u00e1rban szerepl\u0151 hi\u00e1nyoss\u00e1gokat p\u00f3tolni, k\u00f6ztartoz\u00e1sait rendezni.<\/li>\n<\/ol>\n<p style=\"text-align: justify\">A koll\u00e9gista az elhelyez\u00e9ssel \u00f6sszef\u00fcgg\u0151 jogait \u00e9s k\u00f6teless\u00e9geit szem\u00e9lyesen gyakorolja. Fegyelmi felel\u0151ss\u00e9g terhe mellett az elhelyez\u00e9s m\u00e1s szem\u00e9lyre nem ruh\u00e1zhat\u00f3 \u00e1t.<\/p>\n<p style=\"text-align: justify\">A hallgat\u00f3i jogviszonyhoz f\u0171z\u0151d\u0151 tov\u00e1bbi jogos\u00edtv\u00e1nyokat \u00e9s k\u00f6telezetts\u00e9geket a Semmelweis Egyetem Szervezeti \u00e9s M\u0171k\u00f6d\u00e9si Szab\u00e1lyzata tartalmazza.<\/p>\n<p><a href=\"https:\/\/semmelweis.hu\/kollegiumok\/files\/2025\/10\/2024-2025.-Hallgatoi-elegedettsegi-felmeres-ertekelese.xlsx\">2024\/2025. Hallgat\u00f3i el\u00e9gedetts\u00e9gi felm\u00e9r\u00e9s \u00e9rt\u00e9kel\u00e9se<\/a><\/p>\n","protected":false},"excerpt":{"rendered":"<p>Az elhelyez\u00e9st nyert hallgat\u00f3 joga, hogy: jogait tiszteletben tarts\u00e1k; az egys\u00e9g m\u0171k\u00f6d\u00e9s\u00e9r\u0151l, teljes k\u00f6r\u0171 \u00e9s t\u00e1rgyilagos t\u00e1j\u00e9koztat\u00e1st kapjon a szem\u00e9ly\u00e9t \u00e9rint\u0151 k\u00e9rd\u00e9sekr\u0151l, hozz\u00e1jusson a jogai gyakorl\u00e1s\u00e1hoz sz\u00fcks\u00e9ges inform\u00e1ci\u00f3khoz; javaslattal \u00e9ljen, k\u00e9rd\u00e9st int\u00e9zzen a koll\u00e9gium vezet\u0151ihez \u00e9s arra legk\u00e9s\u0151bb 30 napon bel\u00fcl \u00e9rdemi v\u00e1laszt kapjon; joga van a sz\u00e1m\u00e1ra kijel\u00f6lt f\u00e9r\u0151hely zavartalan haszn\u00e1lat\u00e1hoz \u00e9s ahhoz, hogy &hellip;<\/p>\n","protected":false},"author":201,"featured_media":0,"parent":1646,"menu_order":3,"comment_status":"open","ping_status":"closed","template":"","meta":{"_acf_changed":false,"footnotes":""},"categories":[],"tags":[],"class_list":["post-257","page","type-page","status-publish","hentry"],"acf":[],"_links":{"self":[{"href":"https:\/\/semmelweis.hu\/kollegiumok\/wp-json\/wp\/v2\/pages\/257","targetHints":{"allow":["GET"]}}],"collection":[{"href":"https:\/\/semmelweis.hu\/kollegiumok\/wp-json\/wp\/v2\/pages"}],"about":[{"href":"https:\/\/semmelweis.hu\/kollegiumok\/wp-json\/wp\/v2\/types\/page"}],"author":[{"embeddable":true,"href":"https:\/\/semmelweis.hu\/kollegiumok\/wp-json\/wp\/v2\/users\/201"}],"replies":[{"embeddable":true,"href":"https:\/\/semmelweis.hu\/kollegiumok\/wp-json\/wp\/v2\/comments?post=257"}],"version-history":[{"count":10,"href":"https:\/\/semmelweis.hu\/kollegiumok\/wp-json\/wp\/v2\/pages\/257\/revisions"}],"predecessor-version":[{"id":3615,"href":"https:\/\/semmelweis.hu\/kollegiumok\/wp-json\/wp\/v2\/pages\/257\/revisions\/3615"}],"up":[{"embeddable":true,"href":"https:\/\/semmelweis.hu\/kollegiumok\/wp-json\/wp\/v2\/pages\/1646"}],"wp:attachment":[{"href":"https:\/\/semmelweis.hu\/kollegiumok\/wp-json\/wp\/v2\/media?parent=257"}],"wp:term":[{"taxonomy":"category","embeddable":true,"href":"https:\/\/semmelweis.hu\/kollegiumok\/wp-json\/wp\/v2\/categories?post=257"},{"taxonomy":"post_tag","embeddable":true,"href":"https:\/\/semmelweis.hu\/kollegiumok\/wp-json\/wp\/v2\/tags?post=257"}],"curies":[{"name":"wp","href":"https:\/\/api.w.org\/{rel}","templated":true}]}}