{"id":2442,"date":"2019-01-24T12:15:59","date_gmt":"2019-01-24T11:15:59","guid":{"rendered":"http:\/\/semmelweis.hu\/kollegiumok\/?page_id=2442"},"modified":"2025-09-22T11:08:17","modified_gmt":"2025-09-22T09:08:17","slug":"panaszkezeles-eszrevetelek","status":"publish","type":"page","link":"https:\/\/semmelweis.hu\/kollegiumok\/panaszkezeles-eszrevetelek\/","title":{"rendered":"Panaszkezel\u00e9s"},"content":{"rendered":"<p>Egy panasz vagy \u00e9szrev\u00e9tel \u00e9rdemi kivizsg\u00e1l\u00e1s\u00e1hoz sz\u00fcks\u00e9ges a koll\u00e9gista nev\u00e9nek<span style=\"color: #ff0000\">*<\/span> \u00e9s el\u00e9rhet\u0151s\u00e9g\u00e9nek (e-mail c\u00edm) megad\u00e1sa. A n\u00e9v n\u00e9lk\u00fcl bek\u00fcld\u00f6tt panaszokat nem \u00e1ll m\u00f3dunkban kezelni.<br \/>\n<em>(<span style=\"color: #ff0000\">*<\/span> A koll\u00e9gista adatait a Koll\u00e9giumok Igazgat\u00f3s\u00e1ga a Semmelweis Egyetem Adatv\u00e9delmi Szab\u00e1lyzata alapj\u00e1n kezeli.)<\/em><\/p>\n<p>A Koll\u00e9giumok Igazgat\u00f3s\u00e1ga a panasz\u00fcgyet \u00e9rdemben megvizsg\u00e1lja \u00e9s a panasszal kapcsolatos \u00e1ll\u00e1spontj\u00e1t \u00e9s \u00e9rdemi d\u00f6nt\u00e9s\u00e9t\/int\u00e9zked\u00e9s\u00e9t pontos indokl\u00e1ssal ell\u00e1tva, a panasz k\u00f6zl\u00e9s\u00e9t k\u00f6vet\u0151 8 napon bel\u00fcl \u00edr\u00e1sban megk\u00fcldi a Koll\u00e9gista r\u00e9sz\u00e9re a megadott \u00e9rtes\u00edt\u00e9si e-mail c\u00edmre.<\/p>\n\n<!-- iframe plugin v.4.9 wordpress.org\/plugins\/iframe\/ -->\n<iframe loading=\"lazy\" style=\"width: 100%; border: none;\" src=\"https:\/\/semmelweis.hu\/wp-content\/machform\/embed.php?id=60999\" height=\"750px\" frameborder=\"0\" scrolling=\"no\" width=\"100%\" class=\"iframe-class\"><\/iframe>\n\n","protected":false},"excerpt":{"rendered":"<p>Egy panasz vagy \u00e9szrev\u00e9tel \u00e9rdemi kivizsg\u00e1l\u00e1s\u00e1hoz sz\u00fcks\u00e9ges a koll\u00e9gista nev\u00e9nek* \u00e9s el\u00e9rhet\u0151s\u00e9g\u00e9nek (e-mail c\u00edm) megad\u00e1sa. A n\u00e9v n\u00e9lk\u00fcl bek\u00fcld\u00f6tt panaszokat nem \u00e1ll m\u00f3dunkban kezelni. (* A koll\u00e9gista adatait a Koll\u00e9giumok Igazgat\u00f3s\u00e1ga a Semmelweis Egyetem Adatv\u00e9delmi Szab\u00e1lyzata alapj\u00e1n kezeli.) A Koll\u00e9giumok Igazgat\u00f3s\u00e1ga a panasz\u00fcgyet \u00e9rdemben megvizsg\u00e1lja \u00e9s a panasszal kapcsolatos \u00e1ll\u00e1spontj\u00e1t \u00e9s \u00e9rdemi d\u00f6nt\u00e9s\u00e9t\/int\u00e9zked\u00e9s\u00e9t pontos indokl\u00e1ssal &hellip;<\/p>\n","protected":false},"author":101141,"featured_media":0,"parent":0,"menu_order":4,"comment_status":"closed","ping_status":"closed","template":"","meta":{"_acf_changed":false,"footnotes":""},"categories":[],"tags":[],"class_list":["post-2442","page","type-page","status-publish","hentry"],"acf":[],"_links":{"self":[{"href":"https:\/\/semmelweis.hu\/kollegiumok\/wp-json\/wp\/v2\/pages\/2442","targetHints":{"allow":["GET"]}}],"collection":[{"href":"https:\/\/semmelweis.hu\/kollegiumok\/wp-json\/wp\/v2\/pages"}],"about":[{"href":"https:\/\/semmelweis.hu\/kollegiumok\/wp-json\/wp\/v2\/types\/page"}],"author":[{"embeddable":true,"href":"https:\/\/semmelweis.hu\/kollegiumok\/wp-json\/wp\/v2\/users\/101141"}],"replies":[{"embeddable":true,"href":"https:\/\/semmelweis.hu\/kollegiumok\/wp-json\/wp\/v2\/comments?post=2442"}],"version-history":[{"count":10,"href":"https:\/\/semmelweis.hu\/kollegiumok\/wp-json\/wp\/v2\/pages\/2442\/revisions"}],"predecessor-version":[{"id":2931,"href":"https:\/\/semmelweis.hu\/kollegiumok\/wp-json\/wp\/v2\/pages\/2442\/revisions\/2931"}],"wp:attachment":[{"href":"https:\/\/semmelweis.hu\/kollegiumok\/wp-json\/wp\/v2\/media?parent=2442"}],"wp:term":[{"taxonomy":"category","embeddable":true,"href":"https:\/\/semmelweis.hu\/kollegiumok\/wp-json\/wp\/v2\/categories?post=2442"},{"taxonomy":"post_tag","embeddable":true,"href":"https:\/\/semmelweis.hu\/kollegiumok\/wp-json\/wp\/v2\/tags?post=2442"}],"curies":[{"name":"wp","href":"https:\/\/api.w.org\/{rel}","templated":true}]}}