{"id":1655,"date":"2017-02-21T13:45:47","date_gmt":"2017-02-21T12:45:47","guid":{"rendered":"http:\/\/semmelweis.hu\/kollegiumok\/?page_id=1655"},"modified":"2026-04-30T14:13:57","modified_gmt":"2026-04-30T12:13:57","slug":"varolista","status":"publish","type":"page","link":"https:\/\/semmelweis.hu\/kollegiumok\/hallgatoi-elet\/varolista\/","title":{"rendered":"V\u00e1r\u00f3list\u00e1ra jelentkez\u00e9s"},"content":{"rendered":"<p>2025\/2026-os tan\u00e9vre vonatkoz\u00f3an:<\/p>\n<p><strong><span style=\"color: #ff0000\">Azon hallgat\u00f3k, akik nem jelentkeztek koll\u00e9giumba a hivatalos jelentkez\u00e9si id\u0151szakban az al\u00e1bbi adatokkal tudnak jelentkezni v\u00e1r\u00f3list\u00e1ra:<\/span><\/strong><\/p>\n<ul>\n<li>n\u00e9v<\/li>\n<li>Neptun k\u00f3d<\/li>\n<li>koll\u00e9giumi sorrend<\/li>\n<\/ul>\n<p>A jelentkez\u00e9seket a szakal.doniz@semmelweis.hu e-mail c\u00edmre kell elk\u00fcldeni.<\/p>\n<p>&nbsp;<\/p>\n<p style=\"text-align: justify\">\u00a0<\/p>\n","protected":false},"excerpt":{"rendered":"<p>2025\/2026-os tan\u00e9vre vonatkoz\u00f3an:<br \/>\nAzon hallgat\u00f3k, akik nem jelentkeztek koll\u00e9giumba a hivatalos jelentkez\u00e9si id\u0151szakban az al\u00e1bbi adatokkal tudnak jelentkezni v\u00e1r\u00f3list\u00e1ra:<\/p>\n<p>n\u00e9v<br \/>\nNeptun k\u00f3d<br \/>\nkoll\u00e9giumi sorrend<\/p>\n<p>A jelentkez\u00e9seket a szakal.doniz@semmelweis.hu e-mail c\u00edmre kell elk\u00fcldeni.<br \/>\n&nbsp;<br \/>\n\u00a0<\/p>\n","protected":false},"author":101141,"featured_media":0,"parent":1646,"menu_order":10,"comment_status":"closed","ping_status":"closed","template":"","meta":{"_acf_changed":false,"footnotes":""},"categories":[],"tags":[],"class_list":["post-1655","page","type-page","status-publish","hentry"],"acf":[],"_links":{"self":[{"href":"https:\/\/semmelweis.hu\/kollegiumok\/wp-json\/wp\/v2\/pages\/1655","targetHints":{"allow":["GET"]}}],"collection":[{"href":"https:\/\/semmelweis.hu\/kollegiumok\/wp-json\/wp\/v2\/pages"}],"about":[{"href":"https:\/\/semmelweis.hu\/kollegiumok\/wp-json\/wp\/v2\/types\/page"}],"author":[{"embeddable":true,"href":"https:\/\/semmelweis.hu\/kollegiumok\/wp-json\/wp\/v2\/users\/101141"}],"replies":[{"embeddable":true,"href":"https:\/\/semmelweis.hu\/kollegiumok\/wp-json\/wp\/v2\/comments?post=1655"}],"version-history":[{"count":10,"href":"https:\/\/semmelweis.hu\/kollegiumok\/wp-json\/wp\/v2\/pages\/1655\/revisions"}],"predecessor-version":[{"id":3748,"href":"https:\/\/semmelweis.hu\/kollegiumok\/wp-json\/wp\/v2\/pages\/1655\/revisions\/3748"}],"up":[{"embeddable":true,"href":"https:\/\/semmelweis.hu\/kollegiumok\/wp-json\/wp\/v2\/pages\/1646"}],"wp:attachment":[{"href":"https:\/\/semmelweis.hu\/kollegiumok\/wp-json\/wp\/v2\/media?parent=1655"}],"wp:term":[{"taxonomy":"category","embeddable":true,"href":"https:\/\/semmelweis.hu\/kollegiumok\/wp-json\/wp\/v2\/categories?post=1655"},{"taxonomy":"post_tag","embeddable":true,"href":"https:\/\/semmelweis.hu\/kollegiumok\/wp-json\/wp\/v2\/tags?post=1655"}],"curies":[{"name":"wp","href":"https:\/\/api.w.org\/{rel}","templated":true}]}}