{"id":1653,"date":"2017-02-21T13:45:21","date_gmt":"2017-02-21T12:45:21","guid":{"rendered":"http:\/\/semmelweis.hu\/kollegiumok\/?page_id=1653"},"modified":"2025-12-17T10:47:03","modified_gmt":"2025-12-17T09:47:03","slug":"kollegiumok-felszereltsege","status":"publish","type":"page","link":"https:\/\/semmelweis.hu\/kollegiumok\/hallgatoi-elet\/kollegiumok-felszereltsege\/","title":{"rendered":"Koll\u00e9giumok felszerelts\u00e9ge"},"content":{"rendered":"<div class=\"responsive-tabs\">\n<h2 class=\"tabtitle\">Balassa J\u00e1nos Koll\u00e9gium<\/h2>\n<div class=\"tabcontent\">\n\n<table style=\"border-color: #c7bfbf;width: 100%\" border=\"1\" cellspacing=\"6\" cellpadding=\"6\">\n<tbody>\n<tr>\n<td style=\"width: 45%;background-color: #bee2eb\"><strong>Koll\u00e9giumi f\u00e9r\u0151hely sz\u00e1ma<\/strong><\/td>\n<td>366 f\u0151<\/td>\n<\/tr>\n<tr>\n<td style=\"background-color: #bee2eb\"><strong>Szoba t\u00edpusok<\/strong><\/td>\n<td>9 db 2 \u00e1gyas<br \/>\n116 db 3 \u00e1gyas<\/td>\n<\/tr>\n<tr>\n<td style=\"background-color: #bee2eb\"><strong>Szoba felszerelts\u00e9ge<\/strong><\/td>\n<td>\n<p>\u00e1gy<br \/>\nszekr\u00e9ny<br \/>\nsz\u00e9k<br \/>\n\u00edr\u00f3asztal<br \/>\nh\u0171t\u0151szekr\u00e9ny<br \/>\npolcok<br \/>\nmosd\u00f3kagyl\u00f3 <br \/>\nf\u00fcgg\u00f6ny (f\u00e9ny\u00e1tereszt\u0151, s\u00f6t\u00e9t\u00edt\u0151)\u00a0<\/p>\n<\/td>\n<\/tr>\n<tr>\n<td style=\"background-color: #bee2eb\"><strong>Koll\u00e9giumi d\u00edj*<\/strong><\/td>\n<td>2 \u00e1gyas: 11.650,- Ft<br \/>\n3 \u00e1gyas: 9.320,- Ft<\/td>\n<\/tr>\n<tr>\n<td style=\"background-color: #bee2eb\"><strong>F\u00fcrd\u0151 (zuhanyz\u00f3, wc)<\/strong><\/td>\n<td>folyos\u00f3n (koeduk\u00e1lt)<\/td>\n<\/tr>\n<tr>\n<td style=\"background-color: #bee2eb\"><strong>Tanul\u00f3szoba<\/strong><\/td>\n<td>8 db, \u00f6sszesen 80 f\u0151, + 1 db hangos<\/td>\n<\/tr>\n<tr>\n<td style=\"background-color: #bee2eb\"><strong>Szolg\u00e1ltat\u00e1sok<\/strong><\/td>\n<td>\n<p>internet (Wifi a k\u00f6z\u00f6ss\u00e9gi terekben, switch a szob\u00e1kban)<br \/>\nmos\u00f3konyha: 6 db mos\u00f3g\u00e9p, 2 db sz\u00e1r\u00edt\u00f3g\u00e9p<br \/>\nszintenk\u00e9nt ruhasz\u00e1r\u00edt\u00f3 is<br \/>\nporsz\u00edv\u00f3<br \/>\n24 \u00f3r\u00e1s portaszolg\u00e1lat, lift<br \/>\nk\u00e1rty\u00e1s bel\u00e9ptet\u0151 rendszer<br \/>\nmelegital- \u00e9s \u00e9dess\u00e9gautomata<\/p>\n<\/td>\n<\/tr>\n<tr>\n<td style=\"background-color: #bee2eb\"><strong>K\u00f6z\u00f6ss\u00e9gi terek<\/strong><\/td>\n<td>\n<p>szintenk\u00e9nt egy k\u00f6z\u00f6s konyha (f\u0151z\u0151lap, mikrohull\u00e1m\u00fa s\u00fct\u0151, v\u00edzforral\u00f3) <br \/>\nTV szoba <br \/>\nnagyterem (kanap\u00e9kkal, asztalokkal)<br \/>\nkisterem (kanap\u00e9kkal, zongor\u00e1val)<br \/>\nkonditerem (fut\u00f3padok, elliptikus g\u00e9p, k\u00e9zi s\u00falyz\u00f3k, szobabiciklik, stb.)\u00a0<br \/>\nbili\u00e1rdasztal, darts t\u00e1bla, ping-pong, csocs\u00f3<\/p>\n<\/td>\n<\/tr>\n<tr>\n<td style=\"background-color: #bee2eb\">\n<p><strong>Hallgat\u00f3 biztos\u00edtja mag\u00e1nak<\/strong><\/p>\n<p><strong>\u00a0<\/strong><\/p>\n<\/td>\n<td>\n<p>internetk\u00e1bel<br \/>\n\u00e1gynem\u0171 \u00e9s \u00e1gynem\u0171huzat<br \/>\nhigi\u00e9niai felszerel\u00e9sek (WC pap\u00edr, foly\u00e9konyszappan, stb.)<br \/>\nkonyhai felszerel\u00e9s (t\u00e1ny\u00e9rok, ev\u0151eszk\u00f6z\u00f6k, tepsi, l\u00e1bas, stb.)<br \/>\ntakar\u00edt\u00e1shoz sz\u00fcks\u00e9ges eszk\u00f6z\u00f6k, vegyszerek<br \/>\nhajsz\u00e1r\u00edt\u00f3, ruhafogas, t\u00f6r\u00fclk\u00f6z\u0151, asztali l\u00e1mpa, mos\u00f3szer, \u00f6bl\u00edt\u0151<\/p>\n<\/td>\n<\/tr>\n<tr>\n<td style=\"background-color: #bee2eb\"><strong>TILOS behozni<\/strong><\/td>\n<td>\u00e9l\u0151 \u00e1llat<br \/>\nh\u0151sug\u00e1rz\u00f3, kl\u00edmaberendez\u00e9s<br \/>\nmikrohull\u00e1m\u00fa s\u00fct\u0151, indukci\u00f3slap<\/td>\n<\/tr>\n<tr>\n<td style=\"background-color: #bee2eb\"><strong>Megk\u00f6zel\u00edthet\u0151s\u00e9g<\/strong><\/td>\n<td>M3-as metr\u00f3 (BKK menetrend)<\/td>\n<\/tr>\n<tr>\n<td style=\"background-color: #bee2eb\"><strong>T\u00e1vols\u00e1g az Egyetem \u00e9p\u00fcleteit\u0151l<\/strong><\/td>\n<td>kb. 20 perc<\/td>\n<\/tr>\n<tr>\n<td style=\"background-color: #bee2eb\"><strong>Egy\u00e9b megjegyz\u00e9s<\/strong><\/td>\n<td>a doh\u00e1nyz\u00e1s csak az \u00e9p\u00fcleten k\u00edv\u00fcl, az arra kijel\u00f6lt helyen enged\u00e9lyezett<\/td>\n<\/tr>\n<\/tbody>\n<\/table>\n<p>*A k\u00f6lts\u00e9gt\u00e9r\u00edt\u00e9ses\/\u00f6nk\u00f6lts\u00e9ges k\u00e9pz\u00e9sben r\u00e9szt vev\u0151 hallgat\u00f3k koll\u00e9giumi d\u00edja a mindenkori koll\u00e9giumi t\u00e9r\u00edt\u00e9si d\u00edj 11.650,- Ft-tal megemelt \u00f6sszege.<\/p>\n\n<\/div><h2 class=\"tabtitle\">id. B\u00f3kay J\u00e1nos Koll\u00e9gium<\/h2>\n<div class=\"tabcontent\">\n\n<table style=\"border-color: #c7bfbf;width: 100%\" border=\"1\" cellspacing=\"6\" cellpadding=\"6\">\n<tbody>\n<tr>\n<td style=\"width: 45%;background-color: #bee2eb\"><strong>Koll\u00e9giumi f\u00e9r\u0151hely sz\u00e1ma<\/strong><\/td>\n<td>56 f\u0151<\/td>\n<\/tr>\n<tr>\n<td style=\"background-color: #bee2eb\"><strong>Szoba t\u00edpusok<\/strong><\/td>\n<td>\n<p>17 db 2 \u00e1gyas<br \/>\n6 db 3 \u00e1gyas<br \/>\n1 db 4 \u00e1gyas<\/p>\n<\/td>\n<\/tr>\n<tr>\n<td style=\"background-color: #bee2eb\"><strong>Szoba felszerelts\u00e9ge<\/strong><\/td>\n<td>\u00e1gy<br \/>\nszekr\u00e9ny<br \/>\nsz\u00e9k<br \/>\n\u00edr\u00f3asztal<br \/>\nh\u0171t\u0151szekr\u00e9ny<br \/>\npolcok<br \/>\n\u00e9jjeliszekr\u00e9ny<br \/>\nasztali l\u00e1mpa<br \/>\nszemeteskuka<br \/>\nf\u00fcgg\u00f6ny (f\u00e9ny\u00e1tereszt\u0151, s\u00f6t\u00e9t\u00edt\u0151)<\/td>\n<\/tr>\n<tr>\n<td style=\"background-color: #bee2eb\"><strong>Koll\u00e9giumi d\u00edj*<\/strong><\/td>\n<td>11.650,- Ft<\/td>\n<\/tr>\n<tr>\n<td style=\"background-color: #bee2eb\"><strong>F\u00fcrd\u0151 (zuhanyz\u00f3, wc)<\/strong><\/td>\n<td>folyos\u00f3n\u00a0<\/td>\n<\/tr>\n<tr>\n<td style=\"background-color: #bee2eb\"><strong>Tanul\u00f3szoba<\/strong><\/td>\n<td>1 db, \u00f6sszesen 5 f\u0151<\/td>\n<\/tr>\n<tr>\n<td style=\"background-color: #bee2eb\"><strong>Szolg\u00e1ltat\u00e1sok<\/strong><\/td>\n<td>internet (Wifi, a k\u00f6z\u00f6ss\u00e9gi terekben is)<br \/>\nmos\u00f3konyha: 1 db mos\u00f3g\u00e9p, 1 db sz\u00e1r\u00edt\u00f3g\u00e9p<br \/>\nvasal\u00f3szoba: vasal\u00f3 \u00e9s vasal\u00f3deszka<br \/>\nporsz\u00edv\u00f3<br \/>\ntakar\u00edt\u00e1shoz sz\u00fcks\u00e9ges eszk\u00f6z\u00f6k (felmos\u00f3 szett, patrvis)<br \/>\n24 \u00f3r\u00e1s portaszolg\u00e1lat<\/td>\n<\/tr>\n<tr>\n<td style=\"background-color: #bee2eb\"><strong>K\u00f6z\u00f6ss\u00e9gi terek<\/strong><\/td>\n<td>TV<br \/>\negy k\u00f6z\u00f6s konyha (villanyt\u0171zhely mikrohull\u00e1m\u00fa s\u00fct\u0151, v\u00edzforral\u00f3)<br \/>\npark (padokkal)<\/td>\n<\/tr>\n<tr>\n<td style=\"background-color: #bee2eb\">\n<p><strong>Hallgat\u00f3 biztos\u00edtja mag\u00e1nak<\/strong><\/p>\n<p><strong>\u00a0<\/strong><\/p>\n<\/td>\n<td>\n<p>\u00e1gynem\u0171 \u00e9s \u00e1gynem\u0171huzat <br \/>\nhigi\u00e9niai felszerel\u00e9sek (WC papa\u00edr, foly\u00e9konyszappan, stb.)<br \/>\nkonyhai felszerel\u00e9s (t\u00e1ny\u00e9rok, ev\u0151eszk\u00f6z\u00f6k, tepsi, l\u00e1bas, stb.)<br \/>\ntakar\u00edt\u00e1shoz sz\u00fcks\u00e9ges eszk\u00f6z\u00f6k, vegyszerek<br \/>\nhajsz\u00e1r\u00edt\u00f3, ruhafogas, t\u00f6r\u00fclk\u00f6z\u0151, mos\u00f3szer, \u00f6bl\u00edt\u0151<\/p>\n<\/td>\n<\/tr>\n<tr>\n<td style=\"background-color: #bee2eb\"><strong>TILOS behozni<\/strong><\/td>\n<td>\u00e9l\u0151 \u00e1llat<br \/>\nh\u0151sug\u00e1rz\u00f3, kl\u00edmaberendez\u00e9s<br \/>\nmikrohull\u00e1m\u00fa s\u00fct\u0151<\/td>\n<\/tr>\n<tr>\n<td style=\"background-color: #bee2eb\"><strong>Megk\u00f6zel\u00edthet\u0151s\u00e9g<\/strong><\/td>\n<td>M3-as metr\u00f3, 12-es, 14-es villamos (BKK menetrend)<\/td>\n<\/tr>\n<tr>\n<td style=\"background-color: #bee2eb\"><strong>T\u00e1vols\u00e1g az Egyetem \u00e9p\u00fcleteit\u0151l<\/strong><\/td>\n<td>kb. 50 perc<\/td>\n<\/tr>\n<tr>\n<td style=\"background-color: #bee2eb\"><strong>Egy\u00e9b megjegyz\u00e9s<\/strong><\/td>\n<td>a doh\u00e1nyz\u00e1s csak az \u00e9p\u00fcleten k\u00edv\u00fcl, az arra kijel\u00f6lt helyen enged\u00e9lyezett<\/td>\n<\/tr>\n<\/tbody>\n<\/table>\n<p>*A k\u00f6lts\u00e9gt\u00e9r\u00edt\u00e9ses\/\u00f6nk\u00f6lts\u00e9ges k\u00e9pz\u00e9sben r\u00e9szt vev\u0151 hallgat\u00f3k koll\u00e9giumi d\u00edja a mindenkori koll\u00e9giumi t\u00e9r\u00edt\u00e9si d\u00edj 11.650,- Ft-tal megemelt \u00f6sszege.<\/p>\n\n<\/div><h2 class=\"tabtitle\">K\u00e1tai G\u00e1bor Koll\u00e9gium<\/h2>\n<div class=\"tabcontent\">\n\n<table style=\"border-color: #c7bfbf;width: 100%\" border=\"1\" cellspacing=\"6\" cellpadding=\"6\">\n<tbody>\n<tr>\n<td style=\"width: 45%;background-color: #bee2eb\"><strong>Koll\u00e9giumi f\u00e9r\u0151hely sz\u00e1ma<\/strong><\/td>\n<td>154 f\u0151<\/td>\n<\/tr>\n<tr>\n<td style=\"background-color: #bee2eb\"><strong>Szoba t\u00edpusok<\/strong><\/td>\n<td>77 db 2 \u00e1gyas<\/td>\n<\/tr>\n<tr>\n<td style=\"background-color: #bee2eb\"><strong>Szoba felszerelts\u00e9ge<\/strong><\/td>\n<td>\u00e1gy<br \/>\nszekr\u00e9ny<br \/>\nsz\u00e9k<br \/>\n\u00edr\u00f3asztal<br \/>\nh\u0171t\u0151szekr\u00e9ny<br \/>\npolcok<br \/>\n\u00e9jjeliszekr\u00e9ny<br \/>\nasztali l\u00e1mpa<br \/>\nszemeteskuka<br \/>\nf\u00fcgg\u00f6ny (f\u00e9ny\u00e1tereszt\u0151, s\u00f6t\u00e9t\u00edt\u0151)<\/td>\n<\/tr>\n<tr>\n<td style=\"background-color: #bee2eb\"><strong>Koll\u00e9giumi d\u00edj*<\/strong><\/td>\n<td>17.475,- Ft<\/td>\n<\/tr>\n<tr>\n<td style=\"background-color: #bee2eb\"><strong>F\u00fcrd\u0151 (zuhanyz\u00f3, wc)<\/strong><\/td>\n<td>zuhanyz\u00f3 a szob\u00e1kban<br \/>\nwc a folyos\u00f3n (koeduk\u00e1lt)<\/td>\n<\/tr>\n<tr>\n<td style=\"background-color: #bee2eb\"><strong>Tanul\u00f3szoba<\/strong><\/td>\n<td>1 db, \u00f6sszesen 10 f\u0151<\/td>\n<\/tr>\n<tr>\n<td style=\"background-color: #bee2eb\"><strong>Szolg\u00e1ltat\u00e1sok<\/strong><\/td>\n<td>\n<p>internet (Wifi, a k\u00f6z\u00f6ss\u00e9gi terekben is)<br \/>\nmos\u00f3konyha: 2 db mos\u00f3g\u00e9p, 1 db sz\u00e1r\u00edt\u00f3g\u00e9p<br \/>\nporsz\u00edv\u00f3<br \/>\ntakar\u00edt\u00e1shoz sz\u00fcks\u00e9ges eszk\u00f6z\u00f6k (felmos\u00f3 szett, patrvis)<br \/>\n24 \u00f3r\u00e1s portaszolg\u00e1lat<br \/>\nk\u00e1rty\u00e1s bel\u00e9ptet\u0151 rendszer<br \/>\n\u00e9dess\u00e9gautomata<\/p>\n<\/td>\n<\/tr>\n<tr>\n<td style=\"background-color: #bee2eb\"><strong>K\u00f6z\u00f6ss\u00e9gi terek<\/strong><\/td>\n<td>\n<p>szintenk\u00e9nt k\u00f6z\u00f6s konyha (villanyt\u0171zhely mikrohull\u00e1m\u00fa s\u00fct\u0151, v\u00edzforral\u00f3, keny\u00e9rpir\u00edt\u00f3)<br \/>\nTV<br \/>\ntanul\u00f3szoba<br \/>\nklubterem (zongora, projektor)<br \/>\nkonditerem (fut\u00f3pad, k\u00e9zis\u00falyz\u00f3k, szobabicikli, h\u00e1ter\u0151s\u00edt\u0151, stb.)<br \/>\naula (fotelek, kanap\u00e9k, asztalok)<br \/>\nping-pong asztal<br \/>\nh\u00e1ts\u00f3 udvar (kos\u00e1rlabdap\u00e1lya)<\/p>\n<\/td>\n<\/tr>\n<tr>\n<td style=\"background-color: #bee2eb\">\n<p><strong>Hallgat\u00f3 biztos\u00edtja mag\u00e1nak<\/strong><\/p>\n<p><strong>\u00a0<\/strong><\/p>\n<\/td>\n<td>\n<p>\u00e1gynem\u0171 \u00e9s \u00e1gynem\u0171huzat\u00a0<br \/>\nhigi\u00e9niai felszerel\u00e9sek (WC pap\u00edr, foly\u00e9konyszappan, stb.)<br \/>\nkonyhai felszerel\u00e9s (t\u00e1ny\u00e9rok, ev\u0151eszk\u00f6z\u00f6k, tepsi, l\u00e1bas, stb.)<br \/>\ntakar\u00edt\u00e1shoz sz\u00fcks\u00e9ges eszk\u00f6z\u00f6k, vegyszerek<br \/>\nhajsz\u00e1r\u00edt\u00f3, ruhafogas, t\u00f6r\u00fclk\u00f6z\u0151, mos\u00f3szer, \u00f6bl\u00edt\u0151<\/p>\n<\/td>\n<\/tr>\n<tr>\n<td style=\"background-color: #bee2eb\"><strong>TILOS behozni<\/strong><\/td>\n<td>\u00e9l\u0151 \u00e1llat<br \/>\nh\u0151sug\u00e1rz\u00f3, kl\u00edmaberendez\u00e9s<br \/>\nmikrohull\u00e1m\u00fa s\u00fct\u0151<\/td>\n<\/tr>\n<tr>\n<td style=\"background-color: #bee2eb\"><strong>Megk\u00f6zel\u00edthet\u0151s\u00e9g<\/strong><\/td>\n<td>M3-as metr\u00f3, 14-es villamos (BKK menetrend)<\/td>\n<\/tr>\n<tr>\n<td style=\"background-color: #bee2eb\"><strong>T\u00e1vols\u00e1g az Egyetem \u00e9p\u00fcleteit\u0151l<\/strong><\/td>\n<td>kb. 50 perc<\/td>\n<\/tr>\n<tr>\n<td style=\"background-color: #bee2eb\"><strong>Egy\u00e9b megjegyz\u00e9s<\/strong><\/td>\n<td>a doh\u00e1nyz\u00e1s csak az \u00e9p\u00fcleten k\u00edv\u00fcl, az arra kijel\u00f6lt helyen enged\u00e9lyezett<\/td>\n<\/tr>\n<\/tbody>\n<\/table>\n<p>*A k\u00f6lts\u00e9gt\u00e9r\u00edt\u00e9ses\/\u00f6nk\u00f6lts\u00e9ges k\u00e9pz\u00e9sben r\u00e9szt vev\u0151 hallgat\u00f3k koll\u00e9giumi d\u00edja a mindenkori koll\u00e9giumi t\u00e9r\u00edt\u00e9si d\u00edj 11.650,- Ft-tal megemelt \u00f6sszege.<\/p>\n<p>&nbsp;<\/p>\n\n<\/div><h2 class=\"tabtitle\">Kor\u00e1nyi Frigyes Szakkoll\u00e9gium<\/h2>\n<div class=\"tabcontent\">\n\n<table style=\"border-color: #c7bfbf;width: 100%\" border=\"1\" cellspacing=\"6\" cellpadding=\"6\">\n<tbody>\n<tr>\n<td style=\"width: 45%;background-color: #bee2eb\"><strong>Koll\u00e9giumi f\u00e9r\u0151hely sz\u00e1ma<\/strong><\/td>\n<td>56 f\u0151<\/td>\n<\/tr>\n<tr>\n<td style=\"background-color: #bee2eb\"><strong>Szoba t\u00edpusok<\/strong><\/td>\n<td>28 db 2 \u00e1gyas<\/td>\n<\/tr>\n<tr>\n<td style=\"background-color: #bee2eb\"><strong>Szoba felszerelts\u00e9ge<\/strong><\/td>\n<td>\n<p>\u00e1gy<br \/>\nszekr\u00e9ny<br \/>\nsz\u00e9k<br \/>\n\u00edr\u00f3asztal<br \/>\npolcok<br \/>\nf\u00fcgg\u00f6ny (f\u00e9ny\u00e1tereszt\u0151, s\u00f6t\u00e9t\u00edt\u0151)\u00a0<br \/>\nporsz\u00edv\u00f3<\/p>\n<\/td>\n<\/tr>\n<tr>\n<td style=\"background-color: #bee2eb\"><strong>Koll\u00e9giumi d\u00edj*<\/strong><\/td>\n<td>17.475,- Ft<\/td>\n<\/tr>\n<tr>\n<td style=\"background-color: #bee2eb\"><strong>F\u00fcrd\u0151 (zuhanyz\u00f3, wc)<\/strong><\/td>\n<td>blokkonk\u00e9nt<\/td>\n<\/tr>\n<tr>\n<td style=\"background-color: #bee2eb\"><strong>Tanul\u00f3szoba<\/strong><\/td>\n<td>2 db, \u00f6sszesen 14 f\u0151<\/td>\n<\/tr>\n<tr>\n<td style=\"background-color: #bee2eb\"><strong>Szolg\u00e1ltat\u00e1sok<\/strong><\/td>\n<td>internet (Wifi, a k\u00f6z\u00f6ss\u00e9gi terekben is)<br \/>\nmos\u00f3konyha: 1 db mos\u00f3g\u00e9p, 1 db sz\u00e1r\u00edt\u00f3g\u00e9p<br \/>\nblokkokk\u00e9nt k\u00f6z\u00f6s konyha (h\u0171t\u0151szekr\u00e9ny, f\u0151z\u0151lap, mikrohull\u00e1m\u00fa s\u00fct\u0151)<br \/>\n24 \u00f3r\u00e1s portaszolg\u00e1lat<br \/>\nk\u00e1rty\u00e1s bel\u00e9ptet\u0151rendszer<\/td>\n<\/tr>\n<tr>\n<td style=\"background-color: #bee2eb\"><strong>K\u00f6z\u00f6ss\u00e9gi terek<\/strong><\/td>\n<td>konferencia terem (asztalok, sz\u00e9kek)<br \/>\nrelax terem (babzs\u00e1kfotel, kisasztal)<br \/>\nst\u00fadi\u00f3 (hifi, sz\u00e1m\u00edt\u00f3g\u00e9p, TV)<br \/>\nt\u00e1rsalg\u00f3 (fotelek, kanap\u00e9k, TV)<br \/>\nkonditerem (fut\u00f3pad, k\u00e9zis\u00falyz\u00f3k, szobabicikli, stb.)<br \/>\nbili\u00e1rdasztal, ping-pong, csocs\u00f3<\/td>\n<\/tr>\n<tr>\n<td style=\"background-color: #bee2eb\">\n<p><strong>Hallgat\u00f3 biztos\u00edtja mag\u00e1nak<\/strong><\/p>\n<p><strong>\u00a0<\/strong><\/p>\n<\/td>\n<td>internetk\u00e1bel<br \/>\n\u00e1gynem\u0171 \u00e9s \u00e1gynem\u0171huzat<br \/>\nhigi\u00e9niai felszerel\u00e9sek (WC pap\u00edr, foly\u00e9konyszappan, stb.)<br \/>\nkonyhai felszerel\u00e9s (t\u00e1ny\u00e9rok, ev\u0151eszk\u00f6z\u00f6k, tepsi, l\u00e1bas, stb.)\u00a0<br \/>\ntakar\u00edt\u00e1shoz sz\u00fcks\u00e9ges eszk\u00f6z\u00f6s, vegyszerek<br \/>\nhajsz\u00e1r\u00edt\u00f3, ruhafogas, t\u00f6r\u00fclk\u00f6z\u0151, mos\u00f3szer, \u00f6bl\u00edt\u0151<\/td>\n<\/tr>\n<tr>\n<td style=\"background-color: #bee2eb\"><strong>TILOS behozni<\/strong><\/td>\n<td>\u00e9l\u0151 \u00e1llat<br \/>\nh\u0151sug\u00e1rz\u00f3, kl\u00edmaberendez\u00e9s<br \/>\nmikrohull\u00e1m\u00fa s\u00fct\u0151<\/td>\n<\/tr>\n<tr>\n<td style=\"background-color: #bee2eb\"><strong>Megk\u00f6zel\u00edthet\u0151s\u00e9g<\/strong><\/td>\n<td>4-es, 6-os villamos (BKK menetrend)<\/td>\n<\/tr>\n<tr>\n<td style=\"background-color: #bee2eb\"><strong>T\u00e1vols\u00e1g az Egyetem \u00e9p\u00fcleteit\u0151l<\/strong><\/td>\n<td>kb. 30 perc<\/td>\n<\/tr>\n<tr>\n<td style=\"background-color: #bee2eb\"><strong>Egy\u00e9b megjegyz\u00e9s<\/strong><\/td>\n<td>a doh\u00e1nyz\u00e1s csak az \u00e9p\u00fcleten k\u00edv\u00fcl<\/td>\n<\/tr>\n<\/tbody>\n<\/table>\n<p>*A k\u00f6lts\u00e9gt\u00e9r\u00edt\u00e9ses\/\u00f6nk\u00f6lts\u00e9ges k\u00e9pz\u00e9sben r\u00e9szt vev\u0151 hallgat\u00f3k koll\u00e9giumi d\u00edja a mindenkori koll\u00e9giumi t\u00e9r\u00edt\u00e9si d\u00edj 11.650,- Ft-tal megemelt \u00f6sszege.<\/p>\n<p>&nbsp;<\/p>\n\n<\/div><h2 class=\"tabtitle\">Markusovszky Lajos Koll\u00e9gium<\/h2>\n<div class=\"tabcontent\">\n\n<table style=\"border-color: #c7bfbf;width: 100%\" border=\"1\" cellspacing=\"6\" cellpadding=\"6\">\n<tbody>\n<tr>\n<td style=\"width: 45%;background-color: #bee2eb\"><strong>Koll\u00e9giumi f\u00e9r\u0151hely sz\u00e1ma<\/strong><\/td>\n<td>312 f\u0151<\/td>\n<\/tr>\n<tr>\n<td style=\"background-color: #bee2eb\"><strong>Szoba t\u00edpusok<\/strong><\/td>\n<td>6 db 2 \u00e1gyas<br \/>\n100 db 3 \u00e1gyas<\/td>\n<\/tr>\n<tr>\n<td style=\"background-color: #bee2eb\"><strong>Szoba felszerelts\u00e9ge<\/strong><\/td>\n<td>\u00e1gy<br \/>\nbe\u00e9p\u00edtett szekr\u00e9ny, konyhaszekr\u00e9ny<br \/>\nsz\u00e9k<br \/>\n\u00edr\u00f3asztal<br \/>\nh\u0171t\u0151szekr\u00e9ny<br \/>\npolcok<br \/>\nf\u00fcgg\u00f6ny (f\u00e9ny\u00e1tereszt\u0151, s\u00f6t\u00e9t\u00edt\u0151)<\/td>\n<\/tr>\n<tr>\n<td style=\"background-color: #bee2eb\"><strong>Koll\u00e9giumi d\u00edj*<\/strong><\/td>\n<td>2 \u00e1gyas: 11.650,- Ft<br \/>\n2 \u00e1gyas: 13.980,- Ft (f\u00fcrd\u0151szob\u00e1val)<br \/>\n3 \u00e1gyas: 9.320,- Ft<\/td>\n<\/tr>\n<tr>\n<td style=\"background-color: #bee2eb\"><strong>F\u00fcrd\u0151 (zuhanyz\u00f3, wc)<\/strong><\/td>\n<td>folyos\u00f3n (koeduk\u00e1lt)<\/td>\n<\/tr>\n<tr>\n<td style=\"background-color: #bee2eb\"><strong>Tanul\u00f3szoba<\/strong><\/td>\n<td>6 db, \u00f6sszesen 60 f\u0151<\/td>\n<\/tr>\n<tr>\n<td style=\"background-color: #bee2eb\"><strong>Szolg\u00e1ltat\u00e1sok<\/strong><\/td>\n<td>internet (switch a szob\u00e1kban)<br \/>\nmos\u00f3konyha: 6 db mos\u00f3g\u00e9p, 1 db sz\u00e1r\u00edt\u00f3g\u00e9p\u00a0<br \/>\nporsz\u00edv\u00f3<br \/>\n24 \u00f3r\u00e1s portaszolg\u00e1lat<br \/>\nk\u00e1rty\u00e1s bel\u00e9ptet\u0151 rendszer<br \/>\nmelegital- \u00e9s \u00e9dess\u00e9gautomata<\/td>\n<\/tr>\n<tr>\n<td style=\"background-color: #bee2eb\"><strong>K\u00f6z\u00f6ss\u00e9gi terek<\/strong><\/td>\n<td>\n<p>szintenk\u00e9nt egy k\u00f6z\u00f6s konyha (villanyt\u0171zhely, mikrohull\u00e1m\u00fa s\u00fct\u0151, v\u00edzforral\u00f3)<br \/>\nTV szoba\u00a0<br \/>\nnagyterem (kanap\u00e9kkal, asztalokkal)<br \/>\nkonditerem (fut\u00f3padok, k\u00e9zi s\u00falyz\u00f3k, szobabicikli, stb.) <br \/>\nbili\u00e1rdasztal, csocs\u00f3, ping-pong<\/p>\n<\/td>\n<\/tr>\n<tr>\n<td style=\"background-color: #bee2eb\">\n<p><strong>Hallgat\u00f3 biztos\u00edtja mag\u00e1nak<\/strong><\/p>\n<p><strong>\u00a0<\/strong><\/p>\n<\/td>\n<td>\n<p>internetk\u00e1bel<br \/>\n\u00e1gynem\u0171 \u00e9s \u00e1gynem\u0171huzat <br \/>\nhigi\u00e9niai felszerel\u00e9sek (WC pap\u00edr, foly\u00e9konyszappan, stb.)<br \/>\nkonyhai felszerel\u00e9s (t\u00e1ny\u00e9rok, ev\u0151eszk\u00f6z\u00f6k, tepsi, l\u00e1bas, stb.)<br \/>\ntakar\u00edt\u00e1shoz sz\u00fcks\u00e9ges eszk\u00f6z\u00f6k, vegyszerek<br \/>\nhajsz\u00e1r\u00edt\u00f3, ruhafogas, t\u00f6r\u00fclk\u00f6z\u0151, asztali l\u00e1mpa, mos\u00f3szer, \u00f6bl\u00edt\u0151<\/p>\n<\/td>\n<\/tr>\n<tr>\n<td style=\"background-color: #bee2eb\"><strong>TILOS behozni<\/strong><\/td>\n<td>\u00e9l\u0151 \u00e1llat<br \/>\nh\u0151sug\u00e1rz\u00f3, kl\u00edmaberendez\u00e9s<br \/>\nmikrohull\u00e1m\u00fa s\u00fct\u0151, indukci\u00f3slap<\/td>\n<\/tr>\n<tr>\n<td style=\"background-color: #bee2eb\"><strong>Megk\u00f6zel\u00edthet\u0151s\u00e9g<\/strong><\/td>\n<td>M3-as metr\u00f3, 83-as trolibusz (BKK menetrend)<\/td>\n<\/tr>\n<tr>\n<td style=\"background-color: #bee2eb\"><strong>T\u00e1vols\u00e1g az Egyetem \u00e9p\u00fcleteit\u0151l<\/strong><\/td>\n<td>kb. 20 perc<\/td>\n<\/tr>\n<tr>\n<td style=\"background-color: #bee2eb\"><strong>Egy\u00e9b megjegyz\u00e9s<\/strong><\/td>\n<td>a doh\u00e1nyz\u00e1s csak az \u00e9p\u00fcleten k\u00edv\u00fcl, az arra kijel\u00f6lt helyen enged\u00e9lyezett<\/td>\n<\/tr>\n<\/tbody>\n<\/table>\n<p>*A k\u00f6lts\u00e9gt\u00e9r\u00edt\u00e9ses\/\u00f6nk\u00f6lts\u00e9ges k\u00e9pz\u00e9sben r\u00e9szt vev\u0151 hallgat\u00f3k koll\u00e9giumi d\u00edja a mindenkori koll\u00e9giumi t\u00e9r\u00edt\u00e9si d\u00edj 11.650,- Ft-tal megemelt \u00f6sszege.<\/p>\n<p>&nbsp;<\/p>\n\n<\/div><h2 class=\"tabtitle\">Semmelweis Ign\u00e1c Szakkoll\u00e9gium<\/h2>\n<div class=\"tabcontent\">\n\n<table style=\"border-color: #c7bfbf;width: 100%\" border=\"1\" cellspacing=\"6\" cellpadding=\"6\">\n<tbody>\n<tr>\n<td style=\"width: 45%;background-color: #bee2eb\"><strong>Koll\u00e9giumi f\u00e9r\u0151hely sz\u00e1ma<\/strong><\/td>\n<td>27 f\u0151<\/td>\n<\/tr>\n<tr>\n<td style=\"background-color: #bee2eb\"><strong>Szoba t\u00edpusok<\/strong><\/td>\n<td>6 db 2 \u00e1gyas<br \/>\n5 db 3 \u00e1gyas<\/td>\n<\/tr>\n<tr>\n<td style=\"background-color: #bee2eb\"><strong>Szoba felszerelts\u00e9ge<\/strong><\/td>\n<td>\u00e1gy<br \/>\nszekr\u00e9ny<br \/>\nsz\u00e9k<br \/>\n\u00edr\u00f3asztal<br \/>\nh\u0171t\u0151szekr\u00e9ny<br \/>\npolcok<br \/>\nf\u00fcgg\u00f6ny (f\u00e9ny\u00e1tereszt\u0151, s\u00f6t\u00e9t\u00edt\u0151)<\/td>\n<\/tr>\n<tr>\n<td style=\"background-color: #bee2eb\"><strong>Koll\u00e9giumi d\u00edj*<\/strong><\/td>\n<td>9.320,- Ft<\/td>\n<\/tr>\n<tr>\n<td style=\"background-color: #bee2eb\"><strong>F\u00fcrd\u0151 (zuhanyz\u00f3, wc)<\/strong><\/td>\n<td>folyos\u00f3n (koeduk\u00e1lt)<\/td>\n<\/tr>\n<tr>\n<td style=\"background-color: #bee2eb\"><strong>Tanul\u00f3szoba<\/strong><\/td>\n<td>1 db, \u00f6sszesen 20 f\u0151<\/td>\n<\/tr>\n<tr>\n<td style=\"background-color: #bee2eb\"><strong>Szolg\u00e1ltat\u00e1sok<\/strong><\/td>\n<td>\n<p>internet (switch a szob\u00e1kban)<br \/>\nmos\u00f3konyha: 1 db mos\u00f3g\u00e9p, sz\u00e1r\u00edt\u00f3helyis\u00e9g<br \/>\nporsz\u00edv\u00f3<br \/>\n24 \u00f3r\u00e1s portaszolg\u00e1lat<br \/>\nk\u00e1rty\u00e1s bel\u00e9ptet\u0151 rendszer<\/p>\n<\/td>\n<\/tr>\n<tr>\n<td style=\"background-color: #bee2eb\"><strong>K\u00f6z\u00f6ss\u00e9gi terek<\/strong><\/td>\n<td>szintenk\u00e9nt egy k\u00f6z\u00f6s konyha (villanyt\u0171zhely, mikrohull\u00e1m\u00fa s\u00fct\u0151, v\u00edzforral\u00f3)<br \/>\nTV szoba<br \/>\nklubhelyis\u00e9g (fotelek)<br \/>\nsz\u00e1m\u00edt\u00f3g\u00e9p terem v\u00e9gponttal, g\u00e9pek nincsenek<br \/>\nkonditerem (fut\u00f3pad, k\u00e9zi s\u00falyz\u00f3k, szobabicikli, stb.)<br \/>\nbili\u00e1rdasztal, ping-pong<\/td>\n<\/tr>\n<tr>\n<td style=\"background-color: #bee2eb\">\n<p><strong>Hallgat\u00f3 biztos\u00edtja mag\u00e1nak<\/strong><\/p>\n<p><strong>\u00a0<\/strong><\/p>\n<\/td>\n<td>\n<p>internetk\u00e1bel<br \/>\n\u00e1gynem\u0171 \u00e9s \u00e1gynem\u0171huzat<br \/>\nhigi\u00e9niai felszerel\u00e9sek (WC pap\u00edr, foly\u00e9konyszappan, stb.)<br \/>\nkonyhai felszerel\u00e9s (t\u00e1ny\u00e9rok, ev\u0151eszk\u00f6z\u00f6k, tepsi, l\u00e1bas, stb.)<br \/>\ntakar\u00edt\u00e1shoz sz\u00fcks\u00e9ges eszk\u00f6z\u00f6k, vegyszerek<br \/>\nhajsz\u00e1r\u00edt\u00f3, ruhafogas, t\u00f6r\u00fclk\u00f6z\u0151, asztali l\u00e1mpa, mos\u00f3szer, \u00f6bl\u00edt\u0151<br \/>\nasztali l\u00e1mpa, f\u00fcgg\u00f6ny, szemeteskuka<\/p>\n<\/td>\n<\/tr>\n<tr>\n<td style=\"background-color: #bee2eb\"><strong>TILOS behozni<\/strong><\/td>\n<td>\u00e9l\u0151 \u00e1llat<br \/>\nh\u0151sug\u00e1rz\u00f3, kl\u00edmaberendez\u00e9s<br \/>\nmikrohull\u00e1m\u00fa s\u00fct\u0151<\/td>\n<\/tr>\n<tr>\n<td style=\"background-color: #bee2eb\"><strong>Megk\u00f6zel\u00edthet\u0151s\u00e9g<\/strong><\/td>\n<td>3-as metr\u00f3 (BKK menetrend)<\/td>\n<\/tr>\n<tr>\n<td style=\"background-color: #bee2eb\"><strong>T\u00e1vols\u00e1g az Egyetem \u00e9p\u00fcleteit\u0151l<\/strong><\/td>\n<td>kb. 20 perc<\/td>\n<\/tr>\n<tr>\n<td style=\"background-color: #bee2eb\"><strong>Egy\u00e9b megjegyz\u00e9s<\/strong><\/td>\n<td>a doh\u00e1nyz\u00e1s csak az \u00e9p\u00fcleten k\u00edv\u00fcl, az arra kijel\u00f6lt helyen enged\u00e9lyezett<\/td>\n<\/tr>\n<\/tbody>\n<\/table>\n<p>*A k\u00f6lts\u00e9gt\u00e9r\u00edt\u00e9ses\/\u00f6nk\u00f6lts\u00e9ges k\u00e9pz\u00e9sben r\u00e9szt vev\u0151 hallgat\u00f3k koll\u00e9giumi d\u00edja a mindenkori koll\u00e9giumi t\u00e9r\u00edt\u00e9si d\u00edj 11.650,- Ft-tal megemelt \u00f6sszege.<br \/>\n<\/div><\/div><\/p>\n","protected":false},"excerpt":{"rendered":"<p>Koll\u00e9giumi f\u00e9r\u0151hely sz\u00e1ma 366 f\u0151 Szoba t\u00edpusok 9 db 2 \u00e1gyas 116 db 3 \u00e1gyas Szoba felszerelts\u00e9ge \u00e1gy szekr\u00e9ny sz\u00e9k \u00edr\u00f3asztal h\u0171t\u0151szekr\u00e9ny polcok mosd\u00f3kagyl\u00f3 f\u00fcgg\u00f6ny (f\u00e9ny\u00e1tereszt\u0151, s\u00f6t\u00e9t\u00edt\u0151)\u00a0 Koll\u00e9giumi d\u00edj* 2 \u00e1gyas: 11.650,- Ft 3 \u00e1gyas: 9.320,- Ft F\u00fcrd\u0151 (zuhanyz\u00f3, wc) folyos\u00f3n (koeduk\u00e1lt) Tanul\u00f3szoba 8 db, \u00f6sszesen 80 f\u0151, + 1 db hangos Szolg\u00e1ltat\u00e1sok internet (Wifi &hellip;<\/p>\n","protected":false},"author":101141,"featured_media":0,"parent":1646,"menu_order":2,"comment_status":"closed","ping_status":"closed","template":"","meta":{"_acf_changed":false,"footnotes":""},"categories":[],"tags":[],"class_list":["post-1653","page","type-page","status-publish","hentry"],"acf":[],"_links":{"self":[{"href":"https:\/\/semmelweis.hu\/kollegiumok\/wp-json\/wp\/v2\/pages\/1653","targetHints":{"allow":["GET"]}}],"collection":[{"href":"https:\/\/semmelweis.hu\/kollegiumok\/wp-json\/wp\/v2\/pages"}],"about":[{"href":"https:\/\/semmelweis.hu\/kollegiumok\/wp-json\/wp\/v2\/types\/page"}],"author":[{"embeddable":true,"href":"https:\/\/semmelweis.hu\/kollegiumok\/wp-json\/wp\/v2\/users\/101141"}],"replies":[{"embeddable":true,"href":"https:\/\/semmelweis.hu\/kollegiumok\/wp-json\/wp\/v2\/comments?post=1653"}],"version-history":[{"count":12,"href":"https:\/\/semmelweis.hu\/kollegiumok\/wp-json\/wp\/v2\/pages\/1653\/revisions"}],"predecessor-version":[{"id":3464,"href":"https:\/\/semmelweis.hu\/kollegiumok\/wp-json\/wp\/v2\/pages\/1653\/revisions\/3464"}],"up":[{"embeddable":true,"href":"https:\/\/semmelweis.hu\/kollegiumok\/wp-json\/wp\/v2\/pages\/1646"}],"wp:attachment":[{"href":"https:\/\/semmelweis.hu\/kollegiumok\/wp-json\/wp\/v2\/media?parent=1653"}],"wp:term":[{"taxonomy":"category","embeddable":true,"href":"https:\/\/semmelweis.hu\/kollegiumok\/wp-json\/wp\/v2\/categories?post=1653"},{"taxonomy":"post_tag","embeddable":true,"href":"https:\/\/semmelweis.hu\/kollegiumok\/wp-json\/wp\/v2\/tags?post=1653"}],"curies":[{"name":"wp","href":"https:\/\/api.w.org\/{rel}","templated":true}]}}