{"id":1635,"date":"2017-02-21T13:21:34","date_gmt":"2017-02-21T12:21:34","guid":{"rendered":"http:\/\/semmelweis.hu\/kollegiumok\/?page_id=1635"},"modified":"2025-09-22T11:08:09","modified_gmt":"2025-09-22T09:08:09","slug":"hibabejelento","status":"publish","type":"page","link":"https:\/\/semmelweis.hu\/kollegiumok\/hibabejelento\/","title":{"rendered":"Karbantart\u00e1si hibabejelent\u0151"},"content":{"rendered":"<p>K\u00e9rj\u00fck, ha koll\u00e9giumainkban valamilyen hib\u00e1t, probl\u00e9m\u00e1t \u00e9szlel, az al\u00e1bbi \u0171rlapon jelentse azt be sz\u00e1munkra. K\u00f6sz\u00f6nj\u00fck.<br \/>\n<em>(Ha nem jelenik meg al\u00e1bb az \u0171rlap, kattintson ide: <a title=\"Koll\u00e9giumi hibabejelent\u0151\" href=\"https:\/\/semmelweis.hu\/wp-content\/machform\/view.php?id=40824\">Koll\u00e9giumi hibabejelent\u0151<\/a>)<\/em><br \/>\n\n<!-- iframe plugin v.4.9 wordpress.org\/plugins\/iframe\/ -->\n<iframe loading=\"lazy\" style=\"width: 100%; border: none;\" title=\"Koll\u00e9giumi hibabejelent\u0151\" src=\"https:\/\/semmelweis.hu\/wp-content\/machform\/embed.php?id=40824\" height=\"900\" frameborder=\"0\" scrolling=\"no\" width=\"100%\" class=\"iframe-class\"><\/iframe>\n<\/p>\n<p>&nbsp;<\/p>\n","protected":false},"excerpt":{"rendered":"<p>K\u00e9rj\u00fck, ha koll\u00e9giumainkban valamilyen hib\u00e1t, probl\u00e9m\u00e1t \u00e9szlel, az al\u00e1bbi \u0171rlapon jelentse azt be sz\u00e1munkra. K\u00f6sz\u00f6nj\u00fck.<br \/>\n(Ha nem jelenik meg al\u00e1bb az \u0171rlap, kattintson ide: <a title=\"Koll\u00e9giumi hibabejelent\u0151\" href=\"https:\/\/semmelweis.hu\/wp-content\/machform\/view.php?id=40824\">Koll\u00e9giumi hibabejelent\u0151<\/a>)<\/p>\n<p>&nbsp;<\/p>\n","protected":false},"author":101141,"featured_media":0,"parent":0,"menu_order":4,"comment_status":"closed","ping_status":"closed","template":"","meta":{"_acf_changed":false,"footnotes":""},"categories":[],"tags":[],"class_list":["post-1635","page","type-page","status-publish","hentry"],"acf":[],"_links":{"self":[{"href":"https:\/\/semmelweis.hu\/kollegiumok\/wp-json\/wp\/v2\/pages\/1635","targetHints":{"allow":["GET"]}}],"collection":[{"href":"https:\/\/semmelweis.hu\/kollegiumok\/wp-json\/wp\/v2\/pages"}],"about":[{"href":"https:\/\/semmelweis.hu\/kollegiumok\/wp-json\/wp\/v2\/types\/page"}],"author":[{"embeddable":true,"href":"https:\/\/semmelweis.hu\/kollegiumok\/wp-json\/wp\/v2\/users\/101141"}],"replies":[{"embeddable":true,"href":"https:\/\/semmelweis.hu\/kollegiumok\/wp-json\/wp\/v2\/comments?post=1635"}],"version-history":[{"count":12,"href":"https:\/\/semmelweis.hu\/kollegiumok\/wp-json\/wp\/v2\/pages\/1635\/revisions"}],"predecessor-version":[{"id":3272,"href":"https:\/\/semmelweis.hu\/kollegiumok\/wp-json\/wp\/v2\/pages\/1635\/revisions\/3272"}],"wp:attachment":[{"href":"https:\/\/semmelweis.hu\/kollegiumok\/wp-json\/wp\/v2\/media?parent=1635"}],"wp:term":[{"taxonomy":"category","embeddable":true,"href":"https:\/\/semmelweis.hu\/kollegiumok\/wp-json\/wp\/v2\/categories?post=1635"},{"taxonomy":"post_tag","embeddable":true,"href":"https:\/\/semmelweis.hu\/kollegiumok\/wp-json\/wp\/v2\/tags?post=1635"}],"curies":[{"name":"wp","href":"https:\/\/api.w.org\/{rel}","templated":true}]}}