{"id":16,"date":"2012-07-05T13:58:36","date_gmt":"2012-07-05T11:58:36","guid":{"rendered":"http:\/\/semmelweis-egyetem.hu\/kollegiumok\/?page_id=16"},"modified":"2026-02-09T10:41:12","modified_gmt":"2026-02-09T09:41:12","slug":"szabalyzatok","status":"publish","type":"page","link":"https:\/\/semmelweis.hu\/kollegiumok\/rolunk\/szabalyzatok\/","title":{"rendered":"Szab\u00e1lyzatok"},"content":{"rendered":"<p><span style=\"color: #313b40;font-family: Montserrat, sans-serif;font-size: 24px;font-weight: 600\">Hat\u00e1rozatok<\/span><\/p>\n<p style=\"text-align: justify\">2025.<\/p>\n<ul style=\"text-align: justify\">\n<li>\n<p><a href=\"https:\/\/semmelweis.hu\/kollegiumok\/files\/2025\/04\/01-2025.pdf\">1\/2025. sz. hat\u00e1rozata a Koll\u00e9giumok Igazgat\u00f3s\u00e1ga egys\u00e9geiben rendezv\u00e9nyek szervez\u00e9s\u00e9r\u0151l, enged\u00e9lyez\u00e9s\u00e9r\u0151l \u00e9s biztos\u00edt\u00e1s\u00e1r\u00f3l<\/a><\/p>\n<\/li>\n<li>\n<p><a href=\"https:\/\/semmelweis.hu\/kollegiumok\/files\/2025\/04\/02-2025.pdf\">2\/2025. sz. hat\u00e1rozata a <u>koll\u00e9giumi f\u00e9r\u0151helyen<\/u> t\u00f6rt\u00e9n\u0151 vend\u00e9gelhelyez\u00e9s d\u00edjt\u00e9teleir\u0151l 2025. j\u00falius 01-t\u0151l 2026. j\u00fanius 30-ig terjed\u0151 id\u0151szakra<\/a><\/p>\n<\/li>\n<li>\n<p><a href=\"https:\/\/semmelweis.hu\/kollegiumok\/files\/2025\/04\/03-2025.pdf\">3\/2025. sz. hat\u00e1rozata a tanrendben meghat\u00e1rozott szakmai\/famulusi gyakorlat idej\u00e9re sz\u00f3l\u00f3 koll\u00e9giumi elhelyez\u00e9sr\u0151l (2025. j\u00falius 01-t\u0151l 2025. augusztus 31-ig)<\/a><\/p>\n<\/li>\n<li>\n<p><a href=\"https:\/\/semmelweis.hu\/kollegiumok\/files\/2025\/04\/04-2025.pdf\">4\/2025. sz. hat\u00e1rozata <u>vend\u00e9gszob\u00e1ban<\/u> t\u00f6rt\u00e9n\u0151 vend\u00e9gelhelyez\u00e9s d\u00edjt\u00e9teleir\u0151l 2025. j\u00falius 01-t\u0151l 2026. j\u00fanius 30-ig terjed\u0151 id\u0151szakra<\/a><\/p>\n<\/li>\n<li>\n<p><a href=\"https:\/\/semmelweis.hu\/kollegiumok\/files\/2025\/04\/05-2025.pdf\">5\/2025. sz. hat\u00e1rozata a hallgat\u00f3i vend\u00e9gfogad\u00e1s rendj\u00e9r\u0151l<\/a><\/p>\n<\/li>\n<li>\n<p><a href=\"https:\/\/semmelweis.hu\/kollegiumok\/files\/2025\/04\/06-2025.pdf\">6\/2025. sz. hat\u00e1rozata a szakmai gyakorlatukat megkezd\u0151 v\u00e9gz\u0151s \u00c1OK \u00e9s GYTK hallgat\u00f3k jog\u00e1ll\u00e1s\u00e1r\u00f3l \u00e9s koll\u00e9giumi elhelyez\u00e9s\u00fckr\u0151l<\/a><\/p>\n<\/li>\n<li>\n<p><a href=\"https:\/\/semmelweis.hu\/kollegiumok\/files\/2025\/04\/07-2025.pdf\">7\/2025. sz. hat\u00e1rozata a koll\u00e9giumi bel\u00e9p\u0151k\u00e1rtya haszn\u00e1lat\u00e1r\u00f3l \u00e9s az azzal \u00f6sszef\u00fcgg\u0151 felel\u0151ss\u00e9gr\u0151l<\/a><\/p>\n<\/li>\n<li>\n<p style=\"text-align: justify\"><a href=\"https:\/\/semmelweis.hu\/kollegiumok\/files\/2025\/04\/08-2025.pdf\">8\/2025. sz. hat\u00e1rozata a Selye J\u00e1nos Doktorandusz Szakkoll\u00e9giumban a szakkoll\u00e9gist\u00e1k vend\u00e9g f\u00e9r\u0151helyen t\u00f6rt\u00e9n\u0151 elhelyez\u00e9s\u00e9nek t\u00e9r\u00edt\u00e9si d\u00edj\u00e1r\u00f3l a 2025. szeptember 01-t\u0151l 2026. augusztus 31-ig terjed\u0151 id\u0151szakra<\/a><\/p>\n<\/li>\n<li>\n<p><a href=\"https:\/\/semmelweis.hu\/kollegiumok\/files\/2025\/04\/10-2025.pdf\">10\/2025. sz. hat\u00e1rozata a Koll\u00e9giumok Igazgat\u00f3s\u00e1ga al\u00e1 tartoz\u00f3 <strong>Koll\u00e9giumok \u00c1ltal\u00e1nos M\u0171k\u00f6d\u00e9si Rendj\u00e9r\u0151l (H\u00e1zirend)<\/strong><\/a><\/p>\n<\/li>\n<li style=\"text-align: justify\"><a href=\"https:\/\/semmelweis.hu\/kollegiumok\/files\/2025\/07\/12-2025.pdf\">12\/2025. sz. hat\u00e1rozata a koll\u00e9giumi f\u00e9r\u0151helyhi\u00e1ny miatt elutas\u00edtott \u00e9s v\u00e1r\u00f3list\u00e1kon elhelyezett hallgat\u00f3k vend\u00e9g f\u00e9r\u0151helyen t\u00f6rt\u00e9n\u0151 elhelyez\u00e9s\u00e9nek t\u00e9r\u00edt\u00e9si d\u00edj\u00e1r\u00f3l a 2025. szeptember 01-t\u0151l 2026. j\u00falius 11-ig terjed\u0151 id\u0151szakra az Igazgat\u00f3s\u00e1g \u00dcll\u0151i \u00fat 22-es sz\u00e1m\u00fa \u00e9p\u00fclet\u00e9ben<\/a><\/li>\n<\/ul>\n<p style=\"text-align: justify\">2024.<\/p>\n<ul style=\"list-style-type: disc;text-align: justify\">\n<li><a href=\"https:\/\/semmelweis.hu\/kollegiumok\/files\/2024\/04\/1-2024.pdf\">A koll\u00e9giumi f\u00e9r\u0151helyen t\u00f6rt\u00e9n\u0151 vend\u00e9gelhelyez\u00e9s d\u00edjt\u00e9tleir\u0151l 2024. j\u00falius 01-t\u0151l 2025. j\u00fanius 30-ig terjed\u0151 id\u0151szakra<\/a><\/li>\n<li><a href=\"https:\/\/semmelweis.hu\/kollegiumok\/files\/2024\/04\/2-2024.pdf\">A Selye J\u00e1nos Doktorandusz szakkoll\u00e9gist\u00e1k vend\u00e9g f\u00e9r\u0151helyen t\u00f6rt\u00e9n\u0151 elhelyez\u00e9s\u00e9nek t\u00e9r\u00edt\u00e9si d\u00edj\u00e1r\u00f3l a 2024. szeptember 01-t\u0151l 2025.augusztus 31-ig terjed\u0151 id\u0151szakra<\/a><\/li>\n<li><a href=\"https:\/\/semmelweis.hu\/kollegiumok\/files\/2024\/04\/3-2024.pdf\">Vend\u00e9gszob\u00e1ban t\u00f6rt\u00e9n\u0151 vend\u00e9gelhelyez\u00e9s d\u00edjt\u00e9teleir\u0151l a 2024. j\u00falius 01-t\u0151l 2025. j\u00fanius 30-ig terjed\u0151 id\u0151szakra<\/a><\/li>\n<li><a href=\"https:\/\/semmelweis.hu\/kollegiumok\/files\/2024\/04\/4-2024.pdf\">Tanrendben meghat\u00e1rozott szakmai\/famulusi gyakorlat idej\u00e9re sz\u00f3l\u00f3 koll\u00e9giumi elhelyez\u00e9sr\u0151l (2024. j\u00falius 01-t\u0151l 2024. augusztus 31-ig)<\/a><\/li>\n<li><a href=\"https:\/\/semmelweis.hu\/kollegiumok\/files\/2024\/04\/5-2024.pdf\">A szakmai gyakorlatukat megkezd\u0151 v\u00e9gz\u0151s \u00c1OK \u00e9s GYTK hallgat\u00f3k jog\u00e1ll\u00e1s\u00e1r\u00f3l \u00e9s koll\u00e9giumi elhelyez\u00e9s\u00fckr\u0151l<\/a><\/li>\n<li><a href=\"https:\/\/semmelweis.hu\/kollegiumok\/files\/2024\/04\/6-2024.pdf\">A 2023\/2024-es tan\u00e9vben v\u00e9gzett hallgat\u00f3k jog\u00e1ll\u00e1s\u00e1r\u00f3l \u00e9s koll\u00e9giumi elhelyez\u00e9s\u00fckr\u0151l\u00a0<\/a><\/li>\n<li>\n<p><a href=\"https:\/\/semmelweis.hu\/kollegiumok\/files\/2024\/04\/7-2024.pdf\">A hallgat\u00f3i vend\u00e9gfogad\u00e1s rendj\u00e9r\u0151l<\/a><\/p>\n<\/li>\n<li>\n<p><a href=\"https:\/\/semmelweis.hu\/kollegiumok\/files\/2024\/08\/8-2024.pdf\"><span style=\"font-size: 1rem\">A N\u0151v\u00e9rsz\u00e1ll\u00f3kon t\u00f6rt\u00e9n\u0151 vend\u00e9gelhelyez\u00e9s d\u00edjt\u00e9teleir\u0151l 2024. augusztus 01-t\u0151l 2025. j\u00falius 31-ig terjed\u0151 id\u0151szakra\u00a0<\/span><\/a><\/p>\n<\/li>\n<li>\n<p><a href=\"https:\/\/semmelweis.hu\/kollegiumok\/files\/2024\/08\/09-2024.pdf\">Koll\u00e9giumi bel\u00e9p\u0151k\u00e1rtya haszn\u00e1lat\u00e1r\u00f3l \u00e9s az azzal \u00f6sszef\u00fcgg\u0151 felel\u0151ss\u00e9gr\u0151l\u00a0<\/a><\/p>\n<p>&nbsp;<\/p>\n<\/li>\n<\/ul>\n<p style=\"text-align: justify\">2023.<\/p>\n<ul style=\"text-align: justify\">\n<li><a href=\"https:\/\/semmelweis.hu\/kollegiumok\/files\/2023\/05\/01_elhelyezes_szakmai_gyakorlat_idejere_vers1.docx\">1\/2023. sz. hat\u00e1rozat a tanrendben meghat\u00e1rozott szakmai\/famulusi gyakorlat idej\u00e9re sz\u00f3l\u00f3 koll\u00e9giumi elhelyez\u00e9sr\u0151l<\/a>\n<p>(2023. j\u00falius 04-t\u0151l 2023. augusztus 31-ig)<\/p>\n<\/li>\n<li><a href=\"https:\/\/semmelweis.hu\/kollegiumok\/files\/2023\/05\/02_vendegdijak_kollegiumi_ferohelyen.docx\">2\/2023. sz. hat\u00e1rozat a <u style=\"font-size: 1rem\">koll\u00e9giumi f\u00e9r\u0151helyen<\/u><span style=\"font-size: 1rem\"> t\u00f6rt\u00e9n\u0151 vend\u00e9gelhelyez\u00e9s d\u00edjt\u00e9teleir\u0151l 2023. j\u00falius 01-t\u0151l 2024. j\u00fanius 30-ig terjed\u0151 id\u0151szakra<\/span><\/a><\/li>\n<li><a href=\"https:\/\/semmelweis.hu\/kollegiumok\/files\/2023\/05\/03_doktorandusz_vendegdijak_selye_szakkollegium.docx\">3\/2023. sz. hat\u00e1rozat a Selye J\u00e1nos Doktorandusz szakkoll\u00e9gist\u00e1k vend\u00e9g f\u00e9r\u0151helyen t\u00f6rt\u00e9n\u0151 elhelyez\u00e9s\u00e9nek t\u00e9r\u00edt\u00e9si d\u00edj\u00e1r\u00f3l a 2023. szeptember 1-t\u0151l 2024. augusztus 31-ig terjed\u0151 id\u0151szakra\u00a0<\/a><\/li>\n<li><a href=\"https:\/\/semmelweis.hu\/kollegiumok\/files\/2023\/05\/04_vendegdijak_vendegszobaban.docx\">4\/2023. sz. hat\u00e1rozat <u>vend\u00e9gszob\u00e1ban<\/u> t\u00f6rt\u00e9n\u0151 vend\u00e9gelhelyez\u00e9s d\u00edjt\u00e9teleir\u0151l 2023. j\u00falius 01-t\u0151l 2024. j\u00fanius 30-ig terjed\u0151 id\u0151szakra<\/a><\/li>\n<li><a href=\"https:\/\/semmelweis.hu\/kollegiumok\/files\/2023\/05\/05_Kollegiumok-Altalanos-Rendje_Hazirend.docx\">5\/2023. sz. hat\u00e1rozat <strong>a Koll\u00e9giumok Igazgat\u00f3s\u00e1ga al\u00e1 tartoz\u00f3 Koll\u00e9giumok \u00c1ltal\u00e1nos M\u0171k\u00f6d\u00e9si Rendj\u00e9r\u0151l (H\u00e1zirend)<\/strong><\/a><\/li>\n<li><a href=\"https:\/\/semmelweis.hu\/kollegiumok\/files\/2023\/05\/06_vegzos_hallgatok_elhelyezese.docx\">6\/2023. sz. hat\u00e1rozat a szakmai gyakorlatukat megkezd\u0151 v\u00e9gz\u0151s \u00c1OK \u00e9s GYTK hallgat\u00f3k jog\u00e1ll\u00e1s\u00e1r\u00f3l \u00e9s koll\u00e9giumi elhelyez\u00e9s\u00fckr\u0151l<\/a><\/li>\n<li><a href=\"https:\/\/semmelweis.hu\/kollegiumok\/files\/2023\/05\/07_vegzett_hallgatok_elhelyezese.docx\">7\/2023. sz. hat\u00e1rozat a v\u00e9gzett hallgat\u00f3k jog\u00e1ll\u00e1s\u00e1r\u00f3l \u00e9s koll\u00e9giumi elhelyez\u00e9s\u00fckr\u0151l<\/a><\/li>\n<li><a href=\"https:\/\/semmelweis.hu\/kollegiumok\/files\/2023\/05\/08_mosogepek-hasznalati-dijanak-valtozasa.docx\">8\/2023. sz. hat\u00e1rozata a Semmelweis Egyetem Koll\u00e9giumok Igazgat\u00f3s\u00e1ga al\u00e1 tartoz\u00f3 szervezeti egys\u00e9gekben haszn\u00e1lt k\u00f6z\u00f6ss\u00e9gi automata mos\u00f3 \u00e9s sz\u00e1r\u00edt\u00f3 g\u00e9pek haszn\u00e1lati d\u00edj\u00e1nak v\u00e1ltoz\u00e1s\u00e1r\u00f3l<\/a><\/li>\n<li><a href=\"https:\/\/semmelweis.hu\/kollegiumok\/files\/2023\/09\/09_rendezvenyszervezes.docx\">9\/2023. sz. hat\u00e1rozat a Koll\u00e9giumok Igazgat\u00f3s\u00e1ga egys\u00e9geiben rendezv\u00e9nyek szervez\u00e9s\u00e9r\u0151l, enged\u00e9lyez\u00e9s\u00e9r\u0151l \u00e9s biztos\u00edt\u00e1s\u00e1r\u00f3l<\/a><\/li>\n<li><a href=\"https:\/\/semmelweis.hu\/kollegiumok\/files\/2023\/11\/11_2023.pdf\">11\/2023. sz. hat\u00e1rozat a Koll\u00e9giumok Igazgat\u00f3s\u00e1ga egys\u00e9geiben elhelyezett vagy ott ideiglenesen tart\u00f3zkod\u00f3k t\u0171zv\u00e9delmi k\u00f6telezetts\u00e9geir\u0151l<\/a><\/li>\n<\/ul>\n<p style=\"text-align: justify\">\u00a0<\/p>\n<p style=\"text-align: justify\"><span style=\"color: #313b40;font-family: Montserrat, sans-serif;font-size: 24px;font-weight: 600\">K\u00f6rlevelek\u00a0<\/span><\/p>\n<p>2026.<\/p>\n<ul style=\"list-style-type: disc\">\n<li><a href=\"https:\/\/semmelweis.hu\/kollegiumok\/files\/2026\/02\/02_2026.pdf\">02\/2026. sz. k\u00f6rlev\u00e9l &#8211; \u00c1gyipoloska fert\u0151z\u00e9s<\/a><\/li>\n<li><a href=\"https:\/\/semmelweis.hu\/kollegiumok\/files\/2026\/02\/03_22186.pdf\">03\/2026. sz. k\u00f6rlev\u00e9l &#8211; Sz\u0151nyegbog\u00e1r fert\u0151z\u00e9s<\/a><\/li>\n<li><a href=\"https:\/\/semmelweis.hu\/kollegiumok\/files\/2026\/02\/04_22210.pdf\">04\/2026. sz. k\u00f6rlev\u00e9l &#8211; Higi\u00e9niai ir\u00e1nyelvek<\/a><\/li>\n<\/ul>\n<p style=\"text-align: justify\">2025.<\/p>\n<ul style=\"list-style-type: disc;text-align: justify\">\n<li><a href=\"https:\/\/semmelweis.hu\/kollegiumok\/files\/2025\/10\/05-125970.pdf\">05\/2025. sz. k\u00f6rlev\u00e9l &#8211; Koll\u00e9giumok bez\u00e1r\u00e1sa az oktat\u00e1si\/t\u00e9li sz\u00fcnet idej\u00e9re<\/a><\/li>\n<\/ul>\n<p style=\"text-align: justify\">2024.<\/p>\n<ul style=\"list-style-type: disc;text-align: justify\">\n<li><a href=\"https:\/\/semmelweis.hu\/kollegiumok\/files\/2024\/10\/Korl.-07-2024.pdf\">07\/2024. sz. k\u00f6rlev\u00e9l &#8211; Koll\u00e9giumok \u00e9p\u00fclet\u00e9ben biztos\u00edtand\u00f3 h\u0151m\u00e9rs\u00e9kletek<\/a><\/li>\n<li><a href=\"https:\/\/semmelweis.hu\/kollegiumok\/files\/2024\/10\/Korl.-08-2024.pdf\">08\/2024. sz. k\u00f6rlev\u00e9l &#8211; Koll\u00e9giumok bez\u00e1r\u00e1sa az oktat\u00e1si sz\u00fcnet idej\u00e9re<\/a><\/li>\n<li><a href=\"https:\/\/semmelweis.hu\/kollegiumok\/files\/2024\/11\/11-2024.pdf\">11\/2024. sz. k\u00f6rlev\u00e9l &#8211; Rendezv\u00e9nyek szervez\u00e9s\u00e9nek tilt\u00e1sa<\/a><\/li>\n<\/ul>\n<p style=\"text-align: justify\">2023.<\/p>\n<ul style=\"text-align: justify\">\n<li><a href=\"https:\/\/semmelweis.hu\/kollegiumok\/files\/2023\/11\/04_2023_korlevel.pdf\">04\/2023. sz. k\u00f6rlev\u00e9l &#8211; Koll\u00e9giumok bez\u00e1r\u00e1sa az oktat\u00e1si sz\u00fcnet idej\u00e9re<\/a><\/li>\n<li><a href=\"https:\/\/semmelweis.hu\/kollegiumok\/files\/2023\/11\/06_2023_korlevel.pdf\">06\/2023. sz. k\u00f6rlev\u00e9l &#8211; Rendezv\u00e9nyek szervez\u00e9s\u00e9nek tilt\u00e1sa<\/a><\/li>\n<li><a href=\"https:\/\/semmelweis.hu\/kollegiumok\/files\/2023\/11\/08_2023_korlevel.pdf\">08\/2023. sz. k\u00f6rlev\u00e9l &#8211; Koll\u00e9giumok \u00e9p\u00fclet\u00e9ben biztos\u00edtand\u00f3 h\u0151m\u00e9rs\u00e9kletek<\/a><\/li>\n<\/ul>\n<p style=\"text-align: justify\">\u00a0<\/p>\n<div dir=\"ltr\">\u00a0<\/div>\n<div>\u00a0<\/div>\n<div>\u00a0<\/div>\n<div>\u00a0<\/div>\n<div dir=\"ltr\">\u00a0<\/div>\n<h2>\u00a0<\/h2>\n<p>&nbsp;<\/p>\n","protected":false},"excerpt":{"rendered":"<p>Hat\u00e1rozatok 2025. <a href=\"https:\/\/semmelweis.hu\/kollegiumok\/files\/2025\/04\/01-2025.pdf\">1\/2025. sz. hat\u00e1rozata a Koll\u00e9giumok Igazgat\u00f3s\u00e1ga egys\u00e9geiben rendezv\u00e9nyek szervez\u00e9s\u00e9r\u0151l, enged\u00e9lyez\u00e9s\u00e9r\u0151l \u00e9s biztos\u00edt\u00e1s\u00e1r\u00f3l<\/a> <a href=\"https:\/\/semmelweis.hu\/kollegiumok\/files\/2025\/04\/02-2025.pdf\">2\/2025. sz. hat\u00e1rozata a koll\u00e9giumi f\u00e9r\u0151helyen t\u00f6rt\u00e9n\u0151 vend\u00e9gelhelyez\u00e9s d\u00edjt\u00e9teleir\u0151l 2025. j\u00falius 01-t\u0151l 2026. j\u00fanius 30-ig terjed\u0151 id\u0151szakra<\/a> <a href=\"https:\/\/semmelweis.hu\/kollegiumok\/files\/2025\/04\/03-2025.pdf\">3\/2025. sz. hat\u00e1rozata a tanrendben meghat\u00e1rozott szakmai\/famulusi gyakorlat idej\u00e9re sz\u00f3l\u00f3 koll\u00e9giumi elhelyez\u00e9sr\u0151l (2025. j\u00falius 01-t\u0151l 2025. augusztus 31-ig)<\/a> <a href=\"https:\/\/semmelweis.hu\/kollegiumok\/files\/2025\/04\/04-2025.pdf\">4\/2025. sz. hat\u00e1rozata vend\u00e9gszob\u00e1ban t\u00f6rt\u00e9n\u0151 vend\u00e9gelhelyez\u00e9s d\u00edjt\u00e9teleir\u0151l 2025. j\u00falius 01-t\u0151l 2026. j\u00fanius 30-ig terjed\u0151 id\u0151szakra<\/a> <a href=\"https:\/\/semmelweis.hu\/kollegiumok\/files\/2025\/04\/05-2025.pdf\">5\/2025. sz. hat\u00e1rozata a hallgat\u00f3i vend\u00e9gfogad\u00e1s rendj\u00e9r\u0151l<\/a> <a href=\"https:\/\/semmelweis.hu\/kollegiumok\/files\/2025\/04\/06-2025.pdf\">6\/2025. sz. hat\u00e1rozata a szakmai gyakorlatukat megkezd\u0151 v\u00e9gz\u0151s \u00c1OK \u00e9s GYTK hallgat\u00f3k jog\u00e1ll\u00e1s\u00e1r\u00f3l \u00e9s koll\u00e9giumi elhelyez\u00e9s\u00fckr\u0151l<\/a> <a href=\"https:\/\/semmelweis.hu\/kollegiumok\/files\/2025\/04\/07-2025.pdf\">7\/2025. sz. hat\u00e1rozata a koll\u00e9giumi bel\u00e9p\u0151k\u00e1rtya haszn\u00e1lat\u00e1r\u00f3l \u00e9s az azzal \u00f6sszef\u00fcgg\u0151 felel\u0151ss\u00e9gr\u0151l<\/a> <a href=\"https:\/\/semmelweis.hu\/kollegiumok\/files\/2025\/04\/08-2025.pdf\">8\/2025. sz. hat\u00e1rozata a Selye J\u00e1nos Doktorandusz Szakkoll\u00e9giumban a szakkoll\u00e9gist\u00e1k vend\u00e9g f\u00e9r\u0151helyen t\u00f6rt\u00e9n\u0151 elhelyez\u00e9s\u00e9nek t\u00e9r\u00edt\u00e9si d\u00edj\u00e1r\u00f3l a 2025. szeptember 01-t\u0151l 2026. augusztus 31-ig terjed\u0151 id\u0151szakra<\/a> <a href=\"https:\/\/semmelweis.hu\/kollegiumok\/files\/2025\/04\/10-2025.pdf\">10\/2025. sz. hat\u00e1rozata a Koll\u00e9giumok Igazgat\u00f3s\u00e1ga al\u00e1 tartoz\u00f3 Koll\u00e9giumok \u00c1ltal\u00e1nos M\u0171k\u00f6d\u00e9si Rendj\u00e9r\u0151l (H\u00e1zirend)<\/a> <a href=\"https:\/\/semmelweis.hu\/kollegiumok\/files\/2025\/07\/12-2025.pdf\">12\/2025. sz. hat\u00e1rozata a koll\u00e9giumi f\u00e9r\u0151helyhi\u00e1ny miatt elutas\u00edtott \u00e9s v\u00e1r\u00f3list\u00e1kon elhelyezett hallgat\u00f3k vend\u00e9g f\u00e9r\u0151helyen t\u00f6rt\u00e9n\u0151 elhelyez\u00e9s\u00e9nek t\u00e9r\u00edt\u00e9si d\u00edj\u00e1r\u00f3l a 2025. szeptember 01-t\u0151l 2026. j\u00falius 11-ig terjed\u0151 id\u0151szakra az Igazgat\u00f3s\u00e1g \u00dcll\u0151i \u00fat 22-es sz\u00e1m\u00fa \u00e9p\u00fclet\u00e9ben<\/a> 2024. <a href=\"https:\/\/semmelweis.hu\/kollegiumok\/files\/2024\/04\/1-2024.pdf\">A koll\u00e9giumi f\u00e9r\u0151helyen t\u00f6rt\u00e9n\u0151 vend\u00e9gelhelyez\u00e9s d\u00edjt\u00e9tleir\u0151l 2024. j\u00falius 01-t\u0151l 2025. j\u00fanius 30-ig terjed\u0151 id\u0151szakra<\/a> <a href=\"https:\/\/semmelweis.hu\/kollegiumok\/files\/2024\/04\/2-2024.pdf\">A Selye J\u00e1nos Doktorandusz szakkoll\u00e9gist\u00e1k vend\u00e9g f\u00e9r\u0151helyen t\u00f6rt\u00e9n\u0151 elhelyez\u00e9s\u00e9nek t\u00e9r\u00edt\u00e9si d\u00edj\u00e1r\u00f3l a 2024. szeptember 01-t\u0151l 2025.augusztus 31-ig terjed\u0151 id\u0151szakra<\/a> <a href=\"https:\/\/semmelweis.hu\/kollegiumok\/files\/2024\/04\/3-2024.pdf\">Vend\u00e9gszob\u00e1ban t\u00f6rt\u00e9n\u0151 vend\u00e9gelhelyez\u00e9s d\u00edjt\u00e9teleir\u0151l a 2024. j\u00falius 01-t\u0151l 2025. j\u00fanius 30-ig terjed\u0151 id\u0151szakra<\/a> <a href=\"https:\/\/semmelweis.hu\/kollegiumok\/files\/2024\/04\/4-2024.pdf\">Tanrendben meghat\u00e1rozott szakmai\/famulusi gyakorlat idej\u00e9re sz\u00f3l\u00f3 koll\u00e9giumi elhelyez\u00e9sr\u0151l (2024. j\u00falius 01-t\u0151l 2024. augusztus 31-ig)<\/a> <a href=\"https:\/\/semmelweis.hu\/kollegiumok\/files\/2024\/04\/5-2024.pdf\">A szakmai gyakorlatukat megkezd\u0151 v\u00e9gz\u0151s \u00c1OK \u00e9s GYTK hallgat\u00f3k jog\u00e1ll\u00e1s\u00e1r\u00f3l \u00e9s koll\u00e9giumi elhelyez\u00e9s\u00fckr\u0151l<\/a> <a href=\"https:\/\/semmelweis.hu\/kollegiumok\/files\/2024\/04\/6-2024.pdf\">A 2023\/2024-es tan\u00e9vben v\u00e9gzett hallgat\u00f3k jog\u00e1ll\u00e1s\u00e1r\u00f3l \u00e9s koll\u00e9giumi elhelyez\u00e9s\u00fckr\u0151l\u00a0<\/a> <a href=\"https:\/\/semmelweis.hu\/kollegiumok\/files\/2024\/04\/7-2024.pdf\">A hallgat\u00f3i vend\u00e9gfogad\u00e1s rendj\u00e9r\u0151l<\/a> <a href=\"https:\/\/semmelweis.hu\/kollegiumok\/files\/2024\/08\/8-2024.pdf\">A N\u0151v\u00e9rsz\u00e1ll\u00f3kon t\u00f6rt\u00e9n\u0151 vend\u00e9gelhelyez\u00e9s d\u00edjt\u00e9teleir\u0151l 2024. augusztus 01-t\u0151l 2025. j\u00falius 31-ig terjed\u0151 id\u0151szakra\u00a0<\/a> <a href=\"https:\/\/semmelweis.hu\/kollegiumok\/files\/2024\/08\/09-2024.pdf\">Koll\u00e9giumi bel\u00e9p\u0151k\u00e1rtya haszn\u00e1lat\u00e1r\u00f3l \u00e9s az azzal \u00f6sszef\u00fcgg\u0151 felel\u0151ss\u00e9gr\u0151l\u00a0<\/a> &nbsp; 2023. <a href=\"https:\/\/semmelweis.hu\/kollegiumok\/files\/2023\/05\/01_elhelyezes_szakmai_gyakorlat_idejere_vers1.docx\">1\/2023. sz. hat\u00e1rozat a tanrendben meghat\u00e1rozott szakmai\/famulusi gyakorlat idej\u00e9re sz\u00f3l\u00f3 koll\u00e9giumi elhelyez\u00e9sr\u0151l<\/a> (2023. j\u00falius 04-t\u0151l 2023. augusztus 31-ig) <a href=\"https:\/\/semmelweis.hu\/kollegiumok\/files\/2023\/05\/02_vendegdijak_kollegiumi_ferohelyen.docx\">2\/2023. sz. hat\u00e1rozat a koll\u00e9giumi f\u00e9r\u0151helyen t\u00f6rt\u00e9n\u0151 vend\u00e9gelhelyez\u00e9s d\u00edjt\u00e9teleir\u0151l 2023. j\u00falius 01-t\u0151l 2024. j\u00fanius 30-ig terjed\u0151 id\u0151szakra<\/a> <a href=\"https:\/\/semmelweis.hu\/kollegiumok\/files\/2023\/05\/03_doktorandusz_vendegdijak_selye_szakkollegium.docx\">3\/2023. sz. hat\u00e1rozat a Selye J\u00e1nos Doktorandusz szakkoll\u00e9gist\u00e1k vend\u00e9g f\u00e9r\u0151helyen t\u00f6rt\u00e9n\u0151 elhelyez\u00e9s\u00e9nek t\u00e9r\u00edt\u00e9si d\u00edj\u00e1r\u00f3l a 2023. szeptember 1-t\u0151l 2024. augusztus 31-ig terjed\u0151 id\u0151szakra\u00a0<\/a> <a href=\"https:\/\/semmelweis.hu\/kollegiumok\/files\/2023\/05\/04_vendegdijak_vendegszobaban.docx\">4\/2023. sz. hat\u00e1rozat vend\u00e9gszob\u00e1ban t\u00f6rt\u00e9n\u0151 vend\u00e9gelhelyez\u00e9s d\u00edjt\u00e9teleir\u0151l 2023. j\u00falius 01-t\u0151l 2024. j\u00fanius 30-ig terjed\u0151 id\u0151szakra<\/a> <a href=\"https:\/\/semmelweis.hu\/kollegiumok\/files\/2023\/05\/05_Kollegiumok-Altalanos-Rendje_Hazirend.docx\">5\/2023. sz. hat\u00e1rozat a Koll\u00e9giumok Igazgat\u00f3s\u00e1ga al\u00e1 tartoz\u00f3 Koll\u00e9giumok \u00c1ltal\u00e1nos M\u0171k\u00f6d\u00e9si Rendj\u00e9r\u0151l (H\u00e1zirend)<\/a> <a href=\"https:\/\/semmelweis.hu\/kollegiumok\/files\/2023\/05\/06_vegzos_hallgatok_elhelyezese.docx\">6\/2023. sz. hat\u00e1rozat a szakmai gyakorlatukat megkezd\u0151 v\u00e9gz\u0151s \u00c1OK \u00e9s GYTK hallgat\u00f3k jog\u00e1ll\u00e1s\u00e1r\u00f3l \u00e9s koll\u00e9giumi elhelyez\u00e9s\u00fckr\u0151l<\/a> <a href=\"https:\/\/semmelweis.hu\/kollegiumok\/files\/2023\/05\/07_vegzett_hallgatok_elhelyezese.docx\">7\/2023. sz. hat\u00e1rozat a v\u00e9gzett hallgat\u00f3k jog\u00e1ll\u00e1s\u00e1r\u00f3l \u00e9s koll\u00e9giumi elhelyez\u00e9s\u00fckr\u0151l<\/a> <a href=\"https:\/\/semmelweis.hu\/kollegiumok\/files\/2023\/05\/08_mosogepek-hasznalati-dijanak-valtozasa.docx\">8\/2023. sz. hat\u00e1rozata a Semmelweis Egyetem Koll\u00e9giumok Igazgat\u00f3s\u00e1ga al\u00e1 tartoz\u00f3 szervezeti egys\u00e9gekben haszn\u00e1lt k\u00f6z\u00f6ss\u00e9gi automata mos\u00f3 \u00e9s sz\u00e1r\u00edt\u00f3 g\u00e9pek haszn\u00e1lati d\u00edj\u00e1nak v\u00e1ltoz\u00e1s\u00e1r\u00f3l<\/a> <a href=\"https:\/\/semmelweis.hu\/kollegiumok\/files\/2023\/09\/09_rendezvenyszervezes.docx\">9\/2023. sz. hat\u00e1rozat a Koll\u00e9giumok Igazgat\u00f3s\u00e1ga egys\u00e9geiben rendezv\u00e9nyek szervez\u00e9s\u00e9r\u0151l, enged\u00e9lyez\u00e9s\u00e9r\u0151l \u00e9s biztos\u00edt\u00e1s\u00e1r\u00f3l<\/a> <a href=\"https:\/\/semmelweis.hu\/kollegiumok\/files\/2023\/11\/11_2023.pdf\">11\/2023. sz. hat\u00e1rozat a Koll\u00e9giumok Igazgat\u00f3s\u00e1ga egys\u00e9geiben elhelyezett vagy ott ideiglenesen tart\u00f3zkod\u00f3k t\u0171zv\u00e9delmi k\u00f6telezetts\u00e9geir\u0151l<\/a> \u00a0 K\u00f6rlevelek\u00a0 2026. <a href=\"https:\/\/semmelweis.hu\/kollegiumok\/files\/2026\/02\/02_2026.pdf\">02\/2026. sz. k\u00f6rlev\u00e9l &#8211; \u00c1gyipoloska fert\u0151z\u00e9s<\/a> <a href=\"https:\/\/semmelweis.hu\/kollegiumok\/files\/2026\/02\/03_22186.pdf\">03\/2026. sz. k\u00f6rlev\u00e9l &#8211; Sz\u0151nyegbog\u00e1r fert\u0151z\u00e9s<\/a> <a href=\"https:\/\/semmelweis.hu\/kollegiumok\/files\/2026\/02\/04_22210.pdf\">04\/2026. sz. k\u00f6rlev\u00e9l &#8211; Higi\u00e9niai ir\u00e1nyelvek<\/a> 2025. <a href=\"https:\/\/semmelweis.hu\/kollegiumok\/files\/2025\/10\/05-125970.pdf\">05\/2025. sz. k\u00f6rlev\u00e9l &#8211; Koll\u00e9giumok bez\u00e1r\u00e1sa az oktat\u00e1si\/t\u00e9li sz\u00fcnet idej\u00e9re<\/a> 2024. <a href=\"https:\/\/semmelweis.hu\/kollegiumok\/files\/2024\/10\/Korl.-07-2024.pdf\">07\/2024. sz. k\u00f6rlev\u00e9l &#8211; Koll\u00e9giumok \u00e9p\u00fclet\u00e9ben biztos\u00edtand\u00f3 h\u0151m\u00e9rs\u00e9kletek<\/a> <a href=\"https:\/\/semmelweis.hu\/kollegiumok\/files\/2024\/10\/Korl.-08-2024.pdf\">08\/2024. sz. k\u00f6rlev\u00e9l &#8211; Koll\u00e9giumok bez\u00e1r\u00e1sa az oktat\u00e1si sz\u00fcnet idej\u00e9re<\/a> <a href=\"https:\/\/semmelweis.hu\/kollegiumok\/files\/2024\/11\/11-2024.pdf\">11\/2024. sz. k\u00f6rlev\u00e9l &#8211; Rendezv\u00e9nyek szervez\u00e9s\u00e9nek tilt\u00e1sa<\/a> 2023. <a href=\"https:\/\/semmelweis.hu\/kollegiumok\/files\/2023\/11\/04_2023_korlevel.pdf\">04\/2023. sz. k\u00f6rlev\u00e9l &#8211; Koll\u00e9giumok bez\u00e1r\u00e1sa az oktat\u00e1si sz\u00fcnet idej\u00e9re<\/a> <a href=\"https:\/\/semmelweis.hu\/kollegiumok\/files\/2023\/11\/06_2023_korlevel.pdf\">06\/2023. sz. k\u00f6rlev\u00e9l &#8211; Rendezv\u00e9nyek szervez\u00e9s\u00e9nek tilt\u00e1sa<\/a> <a href=\"https:\/\/semmelweis.hu\/kollegiumok\/files\/2023\/11\/08_2023_korlevel.pdf\">08\/2023. sz. k\u00f6rlev\u00e9l &#8211; Koll\u00e9giumok \u00e9p\u00fclet\u00e9ben biztos\u00edtand\u00f3 h\u0151m\u00e9rs\u00e9kletek<\/a> \u00a0 \u00a0 \u00a0 \u00a0 \u00a0 \u00a0 \u00a0 &hellip;<\/p>\n","protected":false},"author":8,"featured_media":0,"parent":5,"menu_order":4,"comment_status":"closed","ping_status":"closed","template":"","meta":{"_acf_changed":false,"footnotes":""},"categories":[],"tags":[],"class_list":["post-16","page","type-page","status-publish","hentry"],"acf":[],"_links":{"self":[{"href":"https:\/\/semmelweis.hu\/kollegiumok\/wp-json\/wp\/v2\/pages\/16","targetHints":{"allow":["GET"]}}],"collection":[{"href":"https:\/\/semmelweis.hu\/kollegiumok\/wp-json\/wp\/v2\/pages"}],"about":[{"href":"https:\/\/semmelweis.hu\/kollegiumok\/wp-json\/wp\/v2\/types\/page"}],"author":[{"embeddable":true,"href":"https:\/\/semmelweis.hu\/kollegiumok\/wp-json\/wp\/v2\/users\/8"}],"replies":[{"embeddable":true,"href":"https:\/\/semmelweis.hu\/kollegiumok\/wp-json\/wp\/v2\/comments?post=16"}],"version-history":[{"count":14,"href":"https:\/\/semmelweis.hu\/kollegiumok\/wp-json\/wp\/v2\/pages\/16\/revisions"}],"predecessor-version":[{"id":3674,"href":"https:\/\/semmelweis.hu\/kollegiumok\/wp-json\/wp\/v2\/pages\/16\/revisions\/3674"}],"up":[{"embeddable":true,"href":"https:\/\/semmelweis.hu\/kollegiumok\/wp-json\/wp\/v2\/pages\/5"}],"wp:attachment":[{"href":"https:\/\/semmelweis.hu\/kollegiumok\/wp-json\/wp\/v2\/media?parent=16"}],"wp:term":[{"taxonomy":"category","embeddable":true,"href":"https:\/\/semmelweis.hu\/kollegiumok\/wp-json\/wp\/v2\/categories?post=16"},{"taxonomy":"post_tag","embeddable":true,"href":"https:\/\/semmelweis.hu\/kollegiumok\/wp-json\/wp\/v2\/tags?post=16"}],"curies":[{"name":"wp","href":"https:\/\/api.w.org\/{rel}","templated":true}]}}