{"id":14,"date":"2012-07-05T13:54:49","date_gmt":"2012-07-05T11:54:49","guid":{"rendered":"http:\/\/semmelweis-egyetem.hu\/kollegiumok\/?page_id=14"},"modified":"2026-04-30T08:32:07","modified_gmt":"2026-04-30T06:32:07","slug":"selye-janos-es-semmelweis-ignac-szakkollegium","status":"publish","type":"page","link":"https:\/\/semmelweis.hu\/kollegiumok\/kollegiumok\/selye-janos-es-semmelweis-ignac-szakkollegium\/","title":{"rendered":"Selye J\u00e1nos Doktorandusz Szakkoll\u00e9gium \u00e9s Semmelweis Ign\u00e1c Szakkoll\u00e9gium"},"content":{"rendered":"<p><strong>El\u00e9rhet\u0151s\u00e9gek:<\/strong><br \/>\nC\u00edm: 1085 Budapest, \u00dcll\u0151i \u00fat 22.<br \/>\nTelefon: 06-30\/016-4263<br \/>\n\u00dcgyint\u00e9z\u0151: Magyar Ajna\u00a0<br \/>\nEl\u00e9rhet\u0151s\u00e9ge: <a href=\"mailto:magyar.ajna@semmelweis.hu\">magyar.ajna@semmelweis.hu<\/a><\/p>\n<p><strong>Tov\u00e1bbi inform\u00e1ci\u00f3k\u00e9rt tekintse meg a\u00a0<a href=\"http:\/\/semmelweis.hu\/selye\">szakkoll\u00e9gium honlapj\u00e1t<\/a>.<\/strong><\/p>\n<p>A szakkoll\u00e9gium 26 f\u00e9r\u0151hely\u00e9vel rendelkezik.<\/p>\n<p>Az \u00e9p\u00fclet a K\u00e1lvin t\u00e9r \u00e9s a Corvin negyed k\u00f6z\u00f6tt f\u00e9l\u00faton, k\u00f6zel a belv\u00e1roshoz tal\u00e1lhat\u00f3 a Selye J\u00e1nos Doktorandusz Szakkoll\u00e9gium, amely egy hangulatos, sz\u00e1zad eleji gangos b\u00e9rh\u00e1zb\u00f3l lett kialak\u00edtva. Az Egyetem t\u00f6bb f\u0151 \u00e9p\u00fclete (EOK, NET) 15 perc alatt el\u00e9rhet\u0151.<\/p>\n\n<!-- iframe plugin v.4.9 wordpress.org\/plugins\/iframe\/ -->\n<iframe loading=\"lazy\" src=\"https:\/\/www.google.com\/maps\/embed?pb=!1m18!1m12!1m3!1d2696.099361825001!2d19.063439415548224!3d47.487977679176915!2m3!1f0!2f0!3f0!3m2!1i1024!2i768!4f13.1!3m3!1m2!1s0x4741dc5a2119bfe9%3A0xe2d16d0457326786!2zQnVkYXBlc3QsIMOcbGzFkWkgw7p0IDIyLCAxMDg1!5e0!3m2!1shu!2shu!4v1470146598176\" width=\"100%\" height=\"300\" scrolling=\"yes\" class=\"iframe-class\" frameborder=\"0\"><\/iframe>\n\n<p>&nbsp;<\/p>\n<div class=\"responsive-tabs\">\n<h2 class=\"tabtitle\">D\u00edjak<\/h2>\n<div class=\"tabcontent\">\n\n<p>A szakkoll\u00e9gista a koll\u00e9giumi elhelyez\u00e9s\u00e9rt, a lakhat\u00e1si felt\u00e9telek biztos\u00edt\u00e1s\u00e1\u00e9rt \u00e9s az alapszolg\u00e1ltat\u00e1sok ig\u00e9nybev\u00e9tel\u00e9\u00e9rt t\u00e9r\u00edt\u00e9si d\u00edjat (koll\u00e9giumi d\u00edj) k\u00f6teles fizetni.<\/p>\n<p>A koll\u00e9giumi d\u00edj a koll\u00e9giumi f\u00e9r\u0151helyek besorol\u00e1s\u00e1hoz igazodik. A szakkoll\u00e9giumi f\u00e9r\u0151helyek komfortfokozat szerinti oszt\u00e1lyba sorol\u00e1s\u00e1nak felt\u00e9teleit, tov\u00e1bb\u00e1 az alapszolg\u00e1ltat\u00e1sok k\u00f6r\u00e9t Korm\u00e1nyrendelet szab\u00e1lyozza.<\/p>\n<table style=\"width: 100%;border-collapse: collapse\" border=\"1\" cellspacing=\"5\" cellpadding=\"5\">\n<tbody>\n<tr>\n<td style=\"width: 33.3333%\"><strong>Szakkoll\u00e9gium<\/strong><\/td>\n<td style=\"width: 33.3333%\"><strong>Komfortfokozat<\/strong><\/td>\n<td style=\"width: 33.3333%\"><strong>D\u00edjszab\u00e1s<\/strong><\/td>\n<\/tr>\n<tr>\n<td style=\"width: 33.3333%\">3 \u00e1gyas<\/td>\n<td style=\"width: 33.3333%\">I.<\/td>\n<td style=\"width: 33.3333%\">9 320,-Forint<\/td>\n<\/tr>\n<tr>\n<td style=\"width: 33.3333%\">2 \u00e1gyas szob\u00e1ban, ha nem tartozik legal\u00e1bb k\u00e9tszob\u00e1nk\u00e9nt komplett vizesblokk a szob\u00e1hoz<\/td>\n<td style=\"width: 33.3333%\">II.<\/td>\n<td style=\"width: 33.3333%\">11 650,-Forint<\/td>\n<\/tr>\n<\/tbody>\n<\/table>\n<p>\nA t\u00e9r\u00edt\u00e9si d\u00edj m\u00e9rt\u00e9k\u00e9t a Szen\u00e1tus<em>\u00a0<\/em><em>a<\/em><em>\u00a0<\/em><a href=\"https:\/\/semmelweis.hu\/jogigfoig\/szervezeti-es-mukodesi-szabalyzat\/\" target=\"_blank\" rel=\"noopener noreferrer\"><strong><em>T\u00e9r\u00edt\u00e9si \u00e9s Juttat\u00e1si Szab\u00e1lyzat<\/em><\/strong><\/a><strong><em>\u00a013.\u00a7 (4a) pontja<\/em><\/strong>\u00a0alapj\u00e1n \u00e1llap\u00edtja meg. A t\u00e9r\u00edt\u00e9si d\u00edj fizet\u00e9se a t\u00e1rgyh\u00f3 15. napj\u00e1ig esed\u00e9kes. A befizet\u00e9st kiz\u00e1r\u00f3lag az Egys\u00e9ges Fels\u0151oktat\u00e1si Tanulm\u00e1nyi Rendszeren (Neptun) kereszt\u00fcl \u00e1tutal\u00e1ssal lehet teljes\u00edteni.<\/p>\n<p><strong>Azon hallgat\u00f3, aki \u00f6nk\u00f6lts\u00e9ges, illetve k\u00f6lts\u00e9gt\u00e9r\u00edt\u00e9ses k\u00e9pz\u00e9sben vesz r\u00e9szt \u00e9s koll\u00e9giumi elhelyez\u00e9sben r\u00e9szes\u00fcl \u2013 az 11.650,- Forinttal megemelt \u00f6sszeget fizeti havi t\u00e9r\u00edt\u00e9si d\u00edjk\u00e9nt.<\/strong><\/p>\n\n<\/div><h2 class=\"tabtitle\">Felszerelts\u00e9g<\/h2>\n<div class=\"tabcontent\">\n\n<table border=\"1\" cellspacing=\"6\" cellpadding=\"6\">\n<tbody>\n<tr>\n<td><strong>Koll\u00e9giumi f\u00e9r\u0151hely sz\u00e1ma<\/strong><\/td>\n<td>26 f\u0151<\/td>\n<\/tr>\n<tr>\n<td><strong>Szoba t\u00edpusok<\/strong><\/td>\n<td>7 db 2 \u00e1gyas<br \/>\n4 db 3 \u00e1gyas<\/td>\n<\/tr>\n<tr>\n<td><strong>Szoba felszerelts\u00e9ge<\/strong><\/td>\n<td>\u00e1gy<br \/>\nszekr\u00e9ny<br \/>\nsz\u00e9k<br \/>\n\u00edr\u00f3asztal<br \/>\nh\u0171t\u0151szekr\u00e9ny<br \/>\npolcok<br \/>\nf\u00fcgg\u00f6ny (f\u00e9ny\u00e1tereszt\u0151, s\u00f6t\u00e9t\u00edt\u0151)<\/td>\n<\/tr>\n<tr>\n<td><strong>Koll\u00e9giumi d\u00edj*<\/strong><\/td>\n<td>\n<p style=\"text-align: left\">3 \u00e1gyas: 9.320,- Ft<br \/>\n2 \u00e1gyas: 11 650,-Ft<\/p>\n<\/td>\n<\/tr>\n<tr>\n<td><strong>F\u00fcrd\u0151 (zuhanyz\u00f3, wc)<\/strong><\/td>\n<td>folyos\u00f3n (koeduk\u00e1lt)<\/td>\n<\/tr>\n<tr>\n<td><strong>Tanul\u00f3szoba<\/strong><\/td>\n<td>1 db, \u00f6sszesen 20 f\u0151<\/td>\n<\/tr>\n<tr>\n<td><strong>Szolg\u00e1ltat\u00e1sok<\/strong><\/td>\n<td>\n<p>internet (Wifi a k\u00f6z\u00f6ss\u00e9gi terekben, switch a szob\u00e1kban)<br \/>\nmos\u00f3konyha: mos\u00f3g\u00e9p<br \/>\nporsz\u00edv\u00f3<br \/>\n24 \u00f3r\u00e1s portaszolg\u00e1lat<br \/>\nk\u00e1rty\u00e1s bel\u00e9ptet\u0151 rendszer<\/p>\n<\/td>\n<\/tr>\n<tr>\n<td><strong>K\u00f6z\u00f6ss\u00e9gi terek<\/strong><\/td>\n<td>szintenk\u00e9nt egy k\u00f6z\u00f6s konyha (villanyt\u0171zhely, mikrohull\u00e1m\u00fa s\u00fct\u0151, v\u00edzforral\u00f3)<br \/>\nklubhelyis\u00e9g (TV, aszalok, sz\u00e9kek)<br \/>\nkonditerem (fut\u00f3pad, k\u00e9zi s\u00falyz\u00f3k, szobabicikli, stb.)<br \/>\ncsocs\u00f3, ping-pong<\/td>\n<\/tr>\n<tr>\n<td>\n<p><strong>Hallgat\u00f3 biztos\u00edtja mag\u00e1nak<\/strong><\/p>\n<p><strong>\u00a0<\/strong><\/p>\n<\/td>\n<td>\n<p>internetk\u00e1bel<br \/>\n\u00e1gynem\u0171 \u00e9s \u00e1gynem\u0171huzat<br \/>\nhigi\u00e9niai felszerel\u00e9sek (WC pap\u00edr, foly\u00e9konyszappan, stb.)<br \/>\nkonyhai felszerel\u00e9s (t\u00e1ny\u00e9rok, ev\u0151eszk\u00f6z\u00f6k, tepsi, l\u00e1bas, stb.)<br \/>\ntakar\u00edt\u00e1shoz sz\u00fcks\u00e9ges eszk\u00f6z\u00f6k, vegyszerek<br \/>\nhajsz\u00e1r\u00edt\u00f3, ruhafogas, t\u00f6r\u00fclk\u00f6z\u0151, asztali l\u00e1mpa, mos\u00f3szer, \u00f6bl\u00edt\u0151<\/p>\n<\/td>\n<\/tr>\n<tr>\n<td><strong>TILOS behozni<\/strong><\/td>\n<td>\u00e9l\u0151 \u00e1llat<br \/>\nh\u0151sug\u00e1rz\u00f3, kl\u00edmaberendez\u00e9s<br \/>\nmikrohull\u00e1m\u00fa s\u00fct\u0151, indukci\u00f3slap<\/td>\n<\/tr>\n<tr>\n<td><strong>Megk\u00f6zel\u00edthet\u0151s\u00e9g<\/strong><\/td>\n<td>M3-as \u00e9s M4-es metr\u00f3 (BKK menetrend)<\/td>\n<\/tr>\n<tr>\n<td><strong>T\u00e1vols\u00e1g az Egyetem \u00e9p\u00fcleteit\u0151l<\/strong><\/td>\n<td>kb. 15 perc<\/td>\n<\/tr>\n<tr>\n<td><strong>Egy\u00e9b megjegyz\u00e9s<\/strong><\/td>\n<td>a doh\u00e1nyz\u00e1s csak az \u00e9p\u00fcleten k\u00edv\u00fcl, az arra kijel\u00f6lt helyen enged\u00e9lyezett<\/td>\n<\/tr>\n<\/tbody>\n<\/table>\n<p>*A k\u00f6lts\u00e9gt\u00e9r\u00edt\u00e9ses\/\u00f6nk\u00f6lts\u00e9ges k\u00e9pz\u00e9sben r\u00e9szt vev\u0151 hallgat\u00f3k koll\u00e9giumi d\u00edja a mindenkori koll\u00e9giumi t\u00e9r\u00edt\u00e9si d\u00edj 11.650,- Ft-tal megemelt \u00f6sszege.<\/p>\n\n<\/div><h2 class=\"tabtitle\">Szabadid\u0151<\/h2>\n<div class=\"tabcontent\">\n\n<p>A -1. szinten tal\u00e1lhat\u00f3 konditeremben 0-24 \u00f3r\u00e1ig lehet\u0151s\u00e9g van akt\u00edv kikapcsol\u00f3d\u00e1sra.<\/p>\n<p>A Klub helyis\u00e9g, ahol \u00e9v k\u00f6zben t\u00f6bb programot is szerveznek a szakkoll\u00e9gist\u00e1k.\u00a0<\/p>\n<p><span style=\"font-size: 15.0pt;font-family: 'PT Serif',serif;color: #1e2326\">A f\u00f6ldszinten tal\u00e1lhat\u00f3 zongora, Tv \u00e9s egy sz\u00e9p udvar fedett be\u00fcl\u0151vel.<\/span><\/p>\n<p><span style=\"font-size: 15.0pt;font-family: 'PT Serif',serif;color: #1e2326\">Az 2. emeleten t\u00f6bb k\u00f6z\u00f6ss\u00e9gi helyis\u00e9g is megtal\u00e1lhat\u00f3. Tanul\u00f3 szoba \u00e9s <\/span><span style=\"font-size: 15.0pt;font-family: 'PT Serif',serif;color: #1e2326\">skill labor.<\/span><\/p>\n\n<\/div><h2 class=\"tabtitle\">Boltok<\/h2>\n<div class=\"tabcontent\">\n\n<p style=\"margin-top: 0cm;text-align: justify\"><span style=\"font-size: 15.0pt;font-family: 'PT Serif',serif;color: #1e2326;background: white\">P\u00e1r l\u00e9p\u00e9sre a szakkoll\u00e9giumt\u00f3l tal\u00e1lhat\u00f3 egy ALDI, valamint p\u00e1r perc s\u00e9t\u00e1val pedig el\u00e9rj\u00fck a CORVIN Pl\u00e1z\u00e1ban tal\u00e1lhat\u00f3 \u00e9ttermeket, k\u00e1v\u00e9z\u00f3kat.<\/span><\/p>\n\n<\/div><h2 class=\"tabtitle\">Fejleszt\u00e9si tervek<\/h2>\n<div class=\"tabcontent\">\n\n<p>Lak\u00f3szob\u00e1ink \u00e9s k\u00f6z\u00f6ss\u00e9gi terek teljes k\u00f6r\u0171 fel\u00faj\u00edt\u00e1sa folyamatosan zajlik.<\/p>\n<\/div><\/div>\n\r\n        [slb_exclude]\r\n        <div class=\"row galeria-wrapper mx-0 h-auto\">\r\n            <div class=\"col-9 pl-0 pr-2\">\r\n            <span class=\"gallery-item frame\">\r\n\t\t\t\t<div class=\"galeria-left-img\"><a href=\"https:\/\/semmelweis.hu\/kollegiumok\/files\/2026\/04\/RS193647__19A1713_scl.jpg\"><img src=https:\/\/semmelweis.hu\/kollegiumok\/files\/2026\/04\/RS193647__19A1713_scl.jpg  \r\n                            alt=\"\" \r\n                            class=\"attachment-sote-gallery-big size-sote-gallery-big\" \r\n                            srcset=\"https:\/\/semmelweis.hu\/kollegiumok\/files\/2026\/04\/RS193647__19A1713_scl-400x267.jpg 400w, https:\/\/semmelweis.hu\/kollegiumok\/files\/2026\/04\/RS193647__19A1713_scl-1024x683.jpg 1024w, https:\/\/semmelweis.hu\/kollegiumok\/files\/2026\/04\/RS193647__19A1713_scl-768x512.jpg 768w, https:\/\/semmelweis.hu\/kollegiumok\/files\/2026\/04\/RS193647__19A1713_scl-753x502.jpg 753w, https:\/\/semmelweis.hu\/kollegiumok\/files\/2026\/04\/RS193647__19A1713_scl-203x135.jpg 203w, https:\/\/semmelweis.hu\/kollegiumok\/files\/2026\/04\/RS193647__19A1713_scl.jpg 1200w\" ><\/a><\/div>\r\n            <\/span>\r\n\r\n            <\/div>\r\n\r\n\t\t\t<div class=\"col-3 pl-0 pr-0\">\r\n\t\t\t\t<div class=\"galeria-right-img d-flex justify-content-between flex-column h-100 w-100 px-0 mx-0 \">\r\n                <div class=\"galeria-box\">\r\n\t\t\t\t\t<h3 class=\"galeria-title\">Gal\u00e9ria<\/h3>\r\n\t\t\t\t\t<div class=\"galeria-subtitle\">\r\n\r\n\t\t\t\t\t\t<div class=\"galeria-page-counter\"><span>8<\/span>k\u00e9p<\/div>\r\n                    <\/div> <\/div>\r\n                    <span class=\"gallery-item frame d-none d-md-flex\">\r\n\t\t\t\t\t<div class=\"galeria-small-img mt-0\"><a href=\"https:\/\/semmelweis.hu\/kollegiumok\/files\/2026\/04\/RS225482_GV5A9200_scl.jpg\"><img src=https:\/\/semmelweis.hu\/kollegiumok\/files\/2026\/04\/RS225482_GV5A9200_scl.jpg \r\n                                alt=\"\"  \r\n                                class=\"attachment-sote-gallery-small size-sote-gallery-small\" \r\n                                srcset=\"https:\/\/semmelweis.hu\/kollegiumok\/files\/2026\/04\/RS225482_GV5A9200_scl-400x267.jpg 400w, https:\/\/semmelweis.hu\/kollegiumok\/files\/2026\/04\/RS225482_GV5A9200_scl-1024x683.jpg 1024w, https:\/\/semmelweis.hu\/kollegiumok\/files\/2026\/04\/RS225482_GV5A9200_scl-768x512.jpg 768w, https:\/\/semmelweis.hu\/kollegiumok\/files\/2026\/04\/RS225482_GV5A9200_scl-753x502.jpg 753w, https:\/\/semmelweis.hu\/kollegiumok\/files\/2026\/04\/RS225482_GV5A9200_scl-203x135.jpg 203w, https:\/\/semmelweis.hu\/kollegiumok\/files\/2026\/04\/RS225482_GV5A9200_scl.jpg 1200w\" ><\/a><\/div>\r\n                    <\/span>\r\n                    <span class=\"gallery-item frame d-none d-md-flex\">\r\n\t\t\t\t\t<div class=\"galeria-small-img mt-0\"><a href=\"https:\/\/semmelweis.hu\/kollegiumok\/files\/2026\/04\/RS225490_GV5A9224_scl.jpg\"><img src=https:\/\/semmelweis.hu\/kollegiumok\/files\/2026\/04\/RS225490_GV5A9224_scl.jpg \r\n                                alt=\"\" \r\n                                class=\"attachment-sote-gallery-small size-sote-gallery-small\" \r\n                                srcset=\"https:\/\/semmelweis.hu\/kollegiumok\/files\/2026\/04\/RS225490_GV5A9224_scl-400x267.jpg 400w, https:\/\/semmelweis.hu\/kollegiumok\/files\/2026\/04\/RS225490_GV5A9224_scl-1024x683.jpg 1024w, https:\/\/semmelweis.hu\/kollegiumok\/files\/2026\/04\/RS225490_GV5A9224_scl-768x512.jpg 768w, https:\/\/semmelweis.hu\/kollegiumok\/files\/2026\/04\/RS225490_GV5A9224_scl-753x502.jpg 753w, https:\/\/semmelweis.hu\/kollegiumok\/files\/2026\/04\/RS225490_GV5A9224_scl-203x135.jpg 203w, https:\/\/semmelweis.hu\/kollegiumok\/files\/2026\/04\/RS225490_GV5A9224_scl.jpg 1200w\" ><\/a><\/div>\r\n                    <\/span>\r\n\r\n                <\/div>\r\n\r\n            <\/div>\r\n\r\n            <span class=\"gallery-item\"><div class=\"hidden\"><a href=\"https:\/\/semmelweis.hu\/kollegiumok\/files\/2026\/04\/RS225492_GV5A9231_scl.jpg\">\r\n        <img src=https:\/\/semmelweis.hu\/kollegiumok\/files\/2026\/04\/RS225492_GV5A9231_scl.jpg alt=\"\" class=\"attachment-sote-gallery-big size-sote-gallery-big\" srcset=\"https:\/\/semmelweis.hu\/kollegiumok\/files\/2026\/04\/RS225492_GV5A9231_scl-400x267.jpg 400w, https:\/\/semmelweis.hu\/kollegiumok\/files\/2026\/04\/RS225492_GV5A9231_scl-1024x683.jpg 1024w, https:\/\/semmelweis.hu\/kollegiumok\/files\/2026\/04\/RS225492_GV5A9231_scl-768x512.jpg 768w, https:\/\/semmelweis.hu\/kollegiumok\/files\/2026\/04\/RS225492_GV5A9231_scl-753x502.jpg 753w, https:\/\/semmelweis.hu\/kollegiumok\/files\/2026\/04\/RS225492_GV5A9231_scl-203x135.jpg 203w, https:\/\/semmelweis.hu\/kollegiumok\/files\/2026\/04\/RS225492_GV5A9231_scl.jpg 1200w\" >\r\n        <\/a><\/div><\/span><span class=\"gallery-item\"><div class=\"hidden\"><a href=\"https:\/\/semmelweis.hu\/kollegiumok\/files\/2026\/04\/RS225484_GV5A9195_scl.jpg\">\r\n        <img src=https:\/\/semmelweis.hu\/kollegiumok\/files\/2026\/04\/RS225484_GV5A9195_scl.jpg alt=\"\" class=\"attachment-sote-gallery-big size-sote-gallery-big\" srcset=\"https:\/\/semmelweis.hu\/kollegiumok\/files\/2026\/04\/RS225484_GV5A9195_scl-400x267.jpg 400w, https:\/\/semmelweis.hu\/kollegiumok\/files\/2026\/04\/RS225484_GV5A9195_scl-1024x683.jpg 1024w, https:\/\/semmelweis.hu\/kollegiumok\/files\/2026\/04\/RS225484_GV5A9195_scl-768x512.jpg 768w, https:\/\/semmelweis.hu\/kollegiumok\/files\/2026\/04\/RS225484_GV5A9195_scl-753x502.jpg 753w, https:\/\/semmelweis.hu\/kollegiumok\/files\/2026\/04\/RS225484_GV5A9195_scl-203x135.jpg 203w, https:\/\/semmelweis.hu\/kollegiumok\/files\/2026\/04\/RS225484_GV5A9195_scl.jpg 1200w\" >\r\n        <\/a><\/div><\/span><span class=\"gallery-item\"><div class=\"hidden\"><a href=\"https:\/\/semmelweis.hu\/kollegiumok\/files\/2026\/04\/RS225491_GV5A9226_scl.jpg\">\r\n        <img src=https:\/\/semmelweis.hu\/kollegiumok\/files\/2026\/04\/RS225491_GV5A9226_scl.jpg alt=\"\" class=\"attachment-sote-gallery-big size-sote-gallery-big\" srcset=\"https:\/\/semmelweis.hu\/kollegiumok\/files\/2026\/04\/RS225491_GV5A9226_scl-400x267.jpg 400w, https:\/\/semmelweis.hu\/kollegiumok\/files\/2026\/04\/RS225491_GV5A9226_scl-1024x683.jpg 1024w, https:\/\/semmelweis.hu\/kollegiumok\/files\/2026\/04\/RS225491_GV5A9226_scl-768x512.jpg 768w, https:\/\/semmelweis.hu\/kollegiumok\/files\/2026\/04\/RS225491_GV5A9226_scl-753x502.jpg 753w, https:\/\/semmelweis.hu\/kollegiumok\/files\/2026\/04\/RS225491_GV5A9226_scl-203x135.jpg 203w, https:\/\/semmelweis.hu\/kollegiumok\/files\/2026\/04\/RS225491_GV5A9226_scl.jpg 1200w\" >\r\n        <\/a><\/div><\/span><span class=\"gallery-item\"><div class=\"hidden\"><a href=\"https:\/\/semmelweis.hu\/kollegiumok\/files\/2026\/04\/RS225481_GV5A9210_scl.jpg\">\r\n        <img src=https:\/\/semmelweis.hu\/kollegiumok\/files\/2026\/04\/RS225481_GV5A9210_scl.jpg alt=\"\" class=\"attachment-sote-gallery-big size-sote-gallery-big\" srcset=\"https:\/\/semmelweis.hu\/kollegiumok\/files\/2026\/04\/RS225481_GV5A9210_scl-400x267.jpg 400w, https:\/\/semmelweis.hu\/kollegiumok\/files\/2026\/04\/RS225481_GV5A9210_scl-1024x683.jpg 1024w, https:\/\/semmelweis.hu\/kollegiumok\/files\/2026\/04\/RS225481_GV5A9210_scl-768x512.jpg 768w, https:\/\/semmelweis.hu\/kollegiumok\/files\/2026\/04\/RS225481_GV5A9210_scl-753x502.jpg 753w, https:\/\/semmelweis.hu\/kollegiumok\/files\/2026\/04\/RS225481_GV5A9210_scl-203x135.jpg 203w, https:\/\/semmelweis.hu\/kollegiumok\/files\/2026\/04\/RS225481_GV5A9210_scl.jpg 1200w\" >\r\n        <\/a><\/div><\/span><span class=\"gallery-item\"><div class=\"hidden\"><a href=\"https:\/\/semmelweis.hu\/kollegiumok\/files\/2026\/04\/RS225487_GV5A9213_scl.jpg\">\r\n        <img src=https:\/\/semmelweis.hu\/kollegiumok\/files\/2026\/04\/RS225487_GV5A9213_scl.jpg alt=\"\" class=\"attachment-sote-gallery-big size-sote-gallery-big\" srcset=\"https:\/\/semmelweis.hu\/kollegiumok\/files\/2026\/04\/RS225487_GV5A9213_scl-400x267.jpg 400w, https:\/\/semmelweis.hu\/kollegiumok\/files\/2026\/04\/RS225487_GV5A9213_scl-1024x683.jpg 1024w, https:\/\/semmelweis.hu\/kollegiumok\/files\/2026\/04\/RS225487_GV5A9213_scl-768x512.jpg 768w, https:\/\/semmelweis.hu\/kollegiumok\/files\/2026\/04\/RS225487_GV5A9213_scl-753x502.jpg 753w, https:\/\/semmelweis.hu\/kollegiumok\/files\/2026\/04\/RS225487_GV5A9213_scl-203x135.jpg 203w, https:\/\/semmelweis.hu\/kollegiumok\/files\/2026\/04\/RS225487_GV5A9213_scl.jpg 1200w\" >\r\n        <\/a><\/div><\/span>\r\n            <\/div>\r\n\r\n            [\/slb_exclude]\r\n\t\n","protected":false},"excerpt":{"rendered":"<p>El\u00e9rhet\u0151s\u00e9gek: C\u00edm: 1085 Budapest, \u00dcll\u0151i \u00fat 22. Telefon: 06-30\/016-4263 \u00dcgyint\u00e9z\u0151: Magyar Ajna\u00a0 El\u00e9rhet\u0151s\u00e9ge: <a href=\"mailto:magyar.ajna@semmelweis.hu\">magyar.ajna@semmelweis.hu<\/a> Tov\u00e1bbi inform\u00e1ci\u00f3k\u00e9rt tekintse meg a\u00a0 <a href=\"http:\/\/semmelweis.hu\/selye\">szakkoll\u00e9gium honlapj\u00e1t<\/a> . A szakkoll\u00e9gium 26 f\u00e9r\u0151hely\u00e9vel rendelkezik. Az \u00e9p\u00fclet a K\u00e1lvin t\u00e9r \u00e9s a Corvin negyed k\u00f6z\u00f6tt f\u00e9l\u00faton, k\u00f6zel a belv\u00e1roshoz tal\u00e1lhat\u00f3 a Selye J\u00e1nos Doktorandusz Szakkoll\u00e9gium, amely egy hangulatos, sz\u00e1zad eleji gangos b\u00e9rh\u00e1zb\u00f3l lett kialak\u00edtva. Az Egyetem &hellip;<\/p>\n","protected":false},"author":8,"featured_media":3564,"parent":10,"menu_order":7,"comment_status":"closed","ping_status":"closed","template":"","meta":{"_acf_changed":false,"footnotes":""},"categories":[10],"tags":[],"class_list":["post-14","page","type-page","status-publish","has-post-thumbnail","hentry","category-alegysegek"],"acf":[],"_links":{"self":[{"href":"https:\/\/semmelweis.hu\/kollegiumok\/wp-json\/wp\/v2\/pages\/14","targetHints":{"allow":["GET"]}}],"collection":[{"href":"https:\/\/semmelweis.hu\/kollegiumok\/wp-json\/wp\/v2\/pages"}],"about":[{"href":"https:\/\/semmelweis.hu\/kollegiumok\/wp-json\/wp\/v2\/types\/page"}],"author":[{"embeddable":true,"href":"https:\/\/semmelweis.hu\/kollegiumok\/wp-json\/wp\/v2\/users\/8"}],"replies":[{"embeddable":true,"href":"https:\/\/semmelweis.hu\/kollegiumok\/wp-json\/wp\/v2\/comments?post=14"}],"version-history":[{"count":14,"href":"https:\/\/semmelweis.hu\/kollegiumok\/wp-json\/wp\/v2\/pages\/14\/revisions"}],"predecessor-version":[{"id":3738,"href":"https:\/\/semmelweis.hu\/kollegiumok\/wp-json\/wp\/v2\/pages\/14\/revisions\/3738"}],"up":[{"embeddable":true,"href":"https:\/\/semmelweis.hu\/kollegiumok\/wp-json\/wp\/v2\/pages\/10"}],"wp:featuredmedia":[{"embeddable":true,"href":"https:\/\/semmelweis.hu\/kollegiumok\/wp-json\/wp\/v2\/media\/3564"}],"wp:attachment":[{"href":"https:\/\/semmelweis.hu\/kollegiumok\/wp-json\/wp\/v2\/media?parent=14"}],"wp:term":[{"taxonomy":"category","embeddable":true,"href":"https:\/\/semmelweis.hu\/kollegiumok\/wp-json\/wp\/v2\/categories?post=14"},{"taxonomy":"post_tag","embeddable":true,"href":"https:\/\/semmelweis.hu\/kollegiumok\/wp-json\/wp\/v2\/tags?post=14"}],"curies":[{"name":"wp","href":"https:\/\/api.w.org\/{rel}","templated":true}]}}