{"id":113,"date":"2013-07-03T13:41:24","date_gmt":"2013-07-03T11:41:24","guid":{"rendered":"http:\/\/semmelweis-egyetem.hu\/kollegiumok\/?page_id=113"},"modified":"2025-12-17T11:26:21","modified_gmt":"2025-12-17T10:26:21","slug":"celjaink","status":"publish","type":"page","link":"https:\/\/semmelweis.hu\/kollegiumok\/rolunk\/celjaink\/","title":{"rendered":"C\u00e9ljaink"},"content":{"rendered":"<h5>A koll\u00e9gium szerepe<\/h5>\n<p style=\"text-align: left\">A koll\u00e9gium a fels\u0151oktat\u00e1si int\u00e9zm\u00e9ny oktat\u00e1si-nevel\u00e9si c\u00e9ljainak megval\u00f3s\u00edt\u00e1s\u00e1ban speci\u00e1lis feladatot l\u00e1t el. Egyr\u00e9szr\u0151l szoci\u00e1lis szolg\u00e1ltat\u00f3 funkci\u00f3ja r\u00e9v\u00e9n lakhat\u00e1st biztos\u00edt, megteremtve az es\u00e9lyegyenl\u0151s\u00e9get a hallgat\u00f3k sz\u00e1m\u00e1ra, m\u00e1sfel\u0151l seg\u00edti az \u00e9rtelmis\u00e9giv\u00e9 v\u00e1l\u00e1s folyamat\u00e1t, az \u00e9rt\u00e9kteremt\u0151, alkot\u00f3 l\u00e9tforma kialakul\u00e1s\u00e1t, vagyis az egyetemen bel\u00fcli olyan szakmai \u00e9s kultur\u00e1lis egys\u00e9g, melynek feladata a koll\u00e9gist\u00e1k k\u00e9pz\u00e9s\u00e9nek, szem\u00e9lyis\u00e9gfejl\u0151d\u00e9s\u00e9nek el\u0151seg\u00edt\u00e9se. A koll\u00e9gium a demokratikus \u00f6nszervez\u0151d\u00e9s hagyom\u00e1nyainak integr\u00e1l\u00e1s\u00e1val az \u00e9rtelmis\u00e9gi szocializ\u00e1ci\u00f3 legfontosabb \u00e9s leghat\u00e9konyabb helye.<\/p>\n<h5>Alapvet\u0151 c\u00e9lok<\/h5>\n<p style=\"text-align: left\">A koll\u00e9giumok alapvet\u0151 c\u00e9lja, hogy t\u00e9r\u00edt\u00e9s ellen\u00e9ben elhelyez\u00e9st ny\u00fajtsanak \u00e9s megfelel\u0151 tanul\u00e1si felt\u00e9teleket teremtsenek a k\u00e9pz\u00e9si id\u0151 alatt, a fels\u0151oktat\u00e1si szakk\u00e9pz\u00e9sben, alapk\u00e9pz\u00e9sben, mesterk\u00e9pz\u00e9sben, illetve doktori k\u00e9pz\u00e9sben r\u00e9szt vev\u0151 hallgat\u00f3k r\u00e9sz\u00e9re, akiknek megfelel\u0151 bej\u00e1r\u00e1si lehet\u0151s\u00e9geik nincsenek, \u00e9s csal\u00e1di, szoci\u00e1lis k\u00f6r\u00fclm\u00e9nyeik miatt a tanul\u00e1shoz sz\u00fcks\u00e9ges felt\u00e9telek az otthoni k\u00f6rnyezetben nem biztos\u00edtottak, illetve szakmai, tanulm\u00e1nyi eredm\u00e9ny\u00fck \u00e9s k\u00f6z\u00f6ss\u00e9gi aktivit\u00e1suk alapj\u00e1n erre \u00e9rdemesek.<\/p>\n<h5>A hallgat\u00f3k t\u00e1mogat\u00e1sa<\/h5>\n<p style=\"text-align: left\">A koll\u00e9giumok az alapszolg\u00e1ltat\u00e1son t\u00fal lehet\u0151s\u00e9geikhez m\u00e9rten seg\u00edtik a hallgat\u00f3kat tanulm\u00e1nyaik v\u00e9gz\u00e9s\u00e9ben, hozz\u00e1j\u00e1rulnak tehets\u00e9g\u00fck kibontakoztat\u00e1s\u00e1hoz, \u00f6nk\u00e9pz\u00e9s\u00fckh\u00f6z, m\u0171vel\u0151d\u00e9s\u00fckh\u00f6z, testedz\u00e9s\u00fckh\u00f6z, es\u00e9lyer\u0151s\u00edt\u00e9s\u00fckh\u00f6z, valamint a szabadid\u0151 tartalmas elt\u00f6lt\u00e9s\u00e9hez.<\/p>\n<h5>Hagyom\u00e1nyok \u00e9s k\u00f6z\u00f6ss\u00e9g<\/h5>\n<p style=\"text-align: left\">A koll\u00e9giumok \u00e1polj\u00e1k \u00e9s fejlesztik a koll\u00e9giumi hagyom\u00e1nyokat. A hallgat\u00f3i k\u00f6z\u00f6ss\u00e9g \u00e9let\u00e9re kiterjed\u0151, \u00f6nkorm\u00e1nyzatra \u00e9p\u00fcl\u0151 ir\u00e1ny\u00edt\u00e1si rendj\u00e9vel, a hallgat\u00f3i \u00f6ntev\u00e9kenys\u00e9gre t\u00e1maszkodva, \u00f6n\u00e1ll\u00f3s\u00e1gra, konfliktus- \u00e9s probl\u00e9mamegold\u00e1sra, demokratikus magatart\u00e1sra nevelnek \u00e9s felk\u00e9sz\u00edtenek a k\u00f6z\u00e9leti szerepv\u00e1llal\u00e1sra, kialak\u00edtva az ehhez sz\u00fcks\u00e9ges ig\u00e9nyeket, k\u00e9szs\u00e9geket.<\/p>\n<h5>Szakkoll\u00e9giumi k\u00fcldet\u00e9s<\/h5>\n<p style=\"text-align: left\">A szakkoll\u00e9gium c\u00e9lja, hogy saj\u00e1t szakmai program kidolgoz\u00e1s\u00e1val magas szint\u0171, min\u0151s\u00e9gi szakmai k\u00e9pz\u00e9st ny\u00fajtson, seg\u00edtve a kiemelked\u0151 k\u00e9pess\u00e9g\u0171 hallgat\u00f3k tehets\u00e9ggondoz\u00e1s\u00e1t, k\u00f6z\u00e9leti szerepv\u00e1llal\u00e1s\u00e1t, az \u00e9rtelmis\u00e9gi feladatokra t\u00f6rt\u00e9n\u0151 felk\u00e9sz\u00fcl\u00e9s t\u00e1rgyi \u00e9s szem\u00e9lyi felt\u00e9teleinek megteremt\u00e9s\u00e9t, a t\u00e1rsadalmi probl\u00e9m\u00e1kra \u00e9rz\u00e9keny, szakmailag ig\u00e9nyes \u00e9rtelmis\u00e9g nevel\u00e9s\u00e9t.<\/p>\n","protected":false},"excerpt":{"rendered":"<p>A koll\u00e9gium szerepe A koll\u00e9gium a fels\u0151oktat\u00e1si int\u00e9zm\u00e9ny oktat\u00e1si-nevel\u00e9si c\u00e9ljainak megval\u00f3s\u00edt\u00e1s\u00e1ban speci\u00e1lis feladatot l\u00e1t el. Egyr\u00e9szr\u0151l szoci\u00e1lis szolg\u00e1ltat\u00f3 funkci\u00f3ja r\u00e9v\u00e9n lakhat\u00e1st biztos\u00edt, megteremtve az es\u00e9lyegyenl\u0151s\u00e9get a hallgat\u00f3k sz\u00e1m\u00e1ra, m\u00e1sfel\u0151l seg\u00edti az \u00e9rtelmis\u00e9giv\u00e9 v\u00e1l\u00e1s folyamat\u00e1t, az \u00e9rt\u00e9kteremt\u0151, alkot\u00f3 l\u00e9tforma kialakul\u00e1s\u00e1t, vagyis az egyetemen bel\u00fcli olyan szakmai \u00e9s kultur\u00e1lis egys\u00e9g, melynek feladata a koll\u00e9gist\u00e1k k\u00e9pz\u00e9s\u00e9nek, szem\u00e9lyis\u00e9gfejl\u0151d\u00e9s\u00e9nek el\u0151seg\u00edt\u00e9se. &hellip;<\/p>\n","protected":false},"author":12,"featured_media":0,"parent":5,"menu_order":1,"comment_status":"open","ping_status":"open","template":"","meta":{"_acf_changed":false,"footnotes":""},"categories":[],"tags":[],"class_list":["post-113","page","type-page","status-publish","hentry"],"acf":[],"_links":{"self":[{"href":"https:\/\/semmelweis.hu\/kollegiumok\/wp-json\/wp\/v2\/pages\/113","targetHints":{"allow":["GET"]}}],"collection":[{"href":"https:\/\/semmelweis.hu\/kollegiumok\/wp-json\/wp\/v2\/pages"}],"about":[{"href":"https:\/\/semmelweis.hu\/kollegiumok\/wp-json\/wp\/v2\/types\/page"}],"author":[{"embeddable":true,"href":"https:\/\/semmelweis.hu\/kollegiumok\/wp-json\/wp\/v2\/users\/12"}],"replies":[{"embeddable":true,"href":"https:\/\/semmelweis.hu\/kollegiumok\/wp-json\/wp\/v2\/comments?post=113"}],"version-history":[{"count":11,"href":"https:\/\/semmelweis.hu\/kollegiumok\/wp-json\/wp\/v2\/pages\/113\/revisions"}],"predecessor-version":[{"id":3590,"href":"https:\/\/semmelweis.hu\/kollegiumok\/wp-json\/wp\/v2\/pages\/113\/revisions\/3590"}],"up":[{"embeddable":true,"href":"https:\/\/semmelweis.hu\/kollegiumok\/wp-json\/wp\/v2\/pages\/5"}],"wp:attachment":[{"href":"https:\/\/semmelweis.hu\/kollegiumok\/wp-json\/wp\/v2\/media?parent=113"}],"wp:term":[{"taxonomy":"category","embeddable":true,"href":"https:\/\/semmelweis.hu\/kollegiumok\/wp-json\/wp\/v2\/categories?post=113"},{"taxonomy":"post_tag","embeddable":true,"href":"https:\/\/semmelweis.hu\/kollegiumok\/wp-json\/wp\/v2\/tags?post=113"}],"curies":[{"name":"wp","href":"https:\/\/api.w.org\/{rel}","templated":true}]}}