{"id":10,"date":"2012-07-05T13:49:35","date_gmt":"2012-07-05T11:49:35","guid":{"rendered":"http:\/\/semmelweis-egyetem.hu\/kollegiumok\/?page_id=10"},"modified":"2025-12-17T10:20:49","modified_gmt":"2025-12-17T09:20:49","slug":"kollegiumok","status":"publish","type":"page","link":"https:\/\/semmelweis.hu\/kollegiumok\/kollegiumok\/","title":{"rendered":"A Semmelweis Egyetem koll\u00e9giumai"},"content":{"rendered":"<h3>\u00a0<\/h3>\n<p><img loading=\"lazy\" decoding=\"async\" class=\"size-medium wp-image-3287 alignleft\" src=\"https:\/\/semmelweis.hu\/kollegiumok\/files\/2024\/03\/RS132721_C19A2333-scr-300x200.jpg\" alt=\"\" width=\"300\" height=\"200\" srcset=\"https:\/\/semmelweis.hu\/kollegiumok\/files\/2024\/03\/RS132721_C19A2333-scr-300x200.jpg 300w, https:\/\/semmelweis.hu\/kollegiumok\/files\/2024\/03\/RS132721_C19A2333-scr-1024x683.jpg 1024w, https:\/\/semmelweis.hu\/kollegiumok\/files\/2024\/03\/RS132721_C19A2333-scr-768x512.jpg 768w, https:\/\/semmelweis.hu\/kollegiumok\/files\/2024\/03\/RS132721_C19A2333-scr-753x502.jpg 753w, https:\/\/semmelweis.hu\/kollegiumok\/files\/2024\/03\/RS132721_C19A2333-scr-203x135.jpg 203w, https:\/\/semmelweis.hu\/kollegiumok\/files\/2024\/03\/RS132721_C19A2333-scr.jpg 1200w\" sizes=\"auto, (max-width: 300px) 100vw, 300px\" \/><strong>Balassa J\u00e1nos Koll\u00e9gium<\/strong><\/p>\n<p>(1083 Budapest, T\u00f6m\u0151 utca 35-37.)<\/p>\n<p><a class=\"btn\" href=\"https:\/\/semmelweis.hu\/kollegiumok\/kollegiumok\/balassa-janos-kollegium\/\">B\u0151vebben<\/a><\/p>\n<p>&nbsp;<\/p>\n<hr \/>\n<p><a href=\"https:\/\/semmelweis.hu\/kollegiumok\/kollegiumok\/id-bokay-janos-kollegium\"><img loading=\"lazy\" decoding=\"async\" class=\"alignleft wp-image-1316 size-medium\" src=\"https:\/\/semmelweis.hu\/kollegiumok\/files\/2016\/01\/bokai_kollegium_bejarat-300x200.png\" alt=\"bokai_kollegium_bejarat\" width=\"300\" height=\"200\" srcset=\"https:\/\/semmelweis.hu\/kollegiumok\/files\/2016\/01\/bokai_kollegium_bejarat-300x200.png 300w, https:\/\/semmelweis.hu\/kollegiumok\/files\/2016\/01\/bokai_kollegium_bejarat-768x512.png 768w, https:\/\/semmelweis.hu\/kollegiumok\/files\/2016\/01\/bokai_kollegium_bejarat-450x300.png 450w, https:\/\/semmelweis.hu\/kollegiumok\/files\/2016\/01\/bokai_kollegium_bejarat.png 840w\" sizes=\"auto, (max-width: 300px) 100vw, 300px\" \/><\/a><strong>id. B\u00f3kay J\u00e1nos Koll\u00e9gium<\/strong><\/p>\n<p>(1046 Budapest, Erkel Gyula utca 26.)<\/p>\n<p><a class=\"btn\" href=\"https:\/\/semmelweis.hu\/kollegiumok\/kollegiumok\/id-bokay-janos-kollegium\">B\u0151vebben<\/a><\/p>\n<hr \/>\n<p><a href=\"https:\/\/semmelweis.hu\/kollegiumok\/kollegiumok\/katai-gabor-kollegium\/\"><img loading=\"lazy\" decoding=\"async\" class=\"alignleft wp-image-954 size-medium\" src=\"https:\/\/semmelweis.hu\/kollegiumok\/files\/2016\/07\/K\u00c1T_nyit\u00f3-300x200.jpg\" alt=\"K\u00c1T_nyit\u00f3\" width=\"300\" height=\"200\" srcset=\"https:\/\/semmelweis.hu\/kollegiumok\/files\/2016\/07\/K\u00c1T_nyit\u00f3-300x200.jpg 300w, https:\/\/semmelweis.hu\/kollegiumok\/files\/2016\/07\/K\u00c1T_nyit\u00f3-768x512.jpg 768w, https:\/\/semmelweis.hu\/kollegiumok\/files\/2016\/07\/K\u00c1T_nyit\u00f3-1024x683.jpg 1024w, https:\/\/semmelweis.hu\/kollegiumok\/files\/2016\/07\/K\u00c1T_nyit\u00f3-450x300.jpg 450w\" sizes=\"auto, (max-width: 300px) 100vw, 300px\" \/><\/a><strong>K\u00e1tai G\u00e1bor Koll\u00e9gium<\/strong><\/p>\n<p>(1139 Budapest, Hajd\u00fa utca 48. A. 1. ajt\u00f3)<\/p>\n<p><a class=\"btn\" href=\"https:\/\/semmelweis.hu\/kollegiumok\/kollegiumok\/katai-gabor-kollegium\/\">B\u0151vebben<\/a><\/p>\n<hr \/>\n<p><strong><a href=\"https:\/\/semmelweis.hu\/szakkollegium\/\"><img loading=\"lazy\" decoding=\"async\" class=\"alignleft wp-image-953 size-medium\" src=\"https:\/\/semmelweis.hu\/kollegiumok\/files\/2016\/07\/KOR_nyit\u00f3-300x199.jpg\" alt=\"KOR_nyit\u00f3\" width=\"300\" height=\"199\" srcset=\"https:\/\/semmelweis.hu\/kollegiumok\/files\/2016\/07\/KOR_nyit\u00f3-300x199.jpg 300w, https:\/\/semmelweis.hu\/kollegiumok\/files\/2016\/07\/KOR_nyit\u00f3-453x300.jpg 453w, https:\/\/semmelweis.hu\/kollegiumok\/files\/2016\/07\/KOR_nyit\u00f3.jpg 706w\" sizes=\"auto, (max-width: 300px) 100vw, 300px\" \/><\/a><\/strong><strong>Kor\u00e1nyi Frigyes Szakkoll\u00e9gium<br \/>\n<\/strong><span style=\"font-size: 1rem\">(1074 Budapest, H\u00e1rsfa utca 59\/b.)<\/span><\/p>\n<p><a class=\"btn\" href=\"https:\/\/semmelweis.hu\/szakkollegium\/\">B\u0151vebben<\/a><\/p>\n<hr \/>\n<p><img loading=\"lazy\" decoding=\"async\" class=\"size-medium wp-image-3290 alignleft\" src=\"https:\/\/semmelweis.hu\/kollegiumok\/files\/2024\/03\/RS188693_BB__2199-scr-300x200.jpg\" alt=\"\" width=\"300\" height=\"200\" srcset=\"https:\/\/semmelweis.hu\/kollegiumok\/files\/2024\/03\/RS188693_BB__2199-scr-300x200.jpg 300w, https:\/\/semmelweis.hu\/kollegiumok\/files\/2024\/03\/RS188693_BB__2199-scr-1024x683.jpg 1024w, https:\/\/semmelweis.hu\/kollegiumok\/files\/2024\/03\/RS188693_BB__2199-scr-768x512.jpg 768w, https:\/\/semmelweis.hu\/kollegiumok\/files\/2024\/03\/RS188693_BB__2199-scr-753x502.jpg 753w, https:\/\/semmelweis.hu\/kollegiumok\/files\/2024\/03\/RS188693_BB__2199-scr-203x135.jpg 203w, https:\/\/semmelweis.hu\/kollegiumok\/files\/2024\/03\/RS188693_BB__2199-scr.jpg 1200w\" sizes=\"auto, (max-width: 300px) 100vw, 300px\" \/><strong>Markusovszky Lajos Koll\u00e9gium<\/strong><\/p>\n<p>(1089 Budapest, Szenes Iv\u00e1n t\u00e9r 7.)<\/p>\n<p><a class=\"btn\" href=\"https:\/\/semmelweis.hu\/kollegiumok\/kollegiumok\/markusovszky-lajos-kollegium\/\">B\u0151vebben<\/a><\/p>\n<p>&nbsp;<\/p>\n<hr \/>\n<p><strong><img loading=\"lazy\" decoding=\"async\" class=\"wp-image-3579 alignleft\" src=\"https:\/\/semmelweis.hu\/kollegiumok\/files\/2025\/12\/RS225496_GV5A9242_scr-400x267.jpg\" alt=\"\" width=\"300\" height=\"200\" srcset=\"https:\/\/semmelweis.hu\/kollegiumok\/files\/2025\/12\/RS225496_GV5A9242_scr-400x267.jpg 400w, https:\/\/semmelweis.hu\/kollegiumok\/files\/2025\/12\/RS225496_GV5A9242_scr-1024x683.jpg 1024w, https:\/\/semmelweis.hu\/kollegiumok\/files\/2025\/12\/RS225496_GV5A9242_scr-768x512.jpg 768w, https:\/\/semmelweis.hu\/kollegiumok\/files\/2025\/12\/RS225496_GV5A9242_scr-753x502.jpg 753w, https:\/\/semmelweis.hu\/kollegiumok\/files\/2025\/12\/RS225496_GV5A9242_scr-203x135.jpg 203w, https:\/\/semmelweis.hu\/kollegiumok\/files\/2025\/12\/RS225496_GV5A9242_scr.jpg 1200w\" sizes=\"auto, (max-width: 300px) 100vw, 300px\" \/>Selye J\u00e1nos Doktorandusz Szakkoll\u00e9gium<\/p>\n<p><\/strong>(1085 Budapest, \u00dcll\u0151i \u00fat 22.)<\/p>\n<p><a class=\"btn\" href=\"https:\/\/semmelweis.hu\/selye\">B\u0151vebben<\/a><\/p>\n<hr \/>\n<p><strong><img loading=\"lazy\" decoding=\"async\" class=\" wp-image-3579 alignleft\" src=\"https:\/\/semmelweis.hu\/kollegiumok\/files\/2025\/12\/RS225496_GV5A9242_scr-400x267.jpg\" alt=\"\" width=\"303\" height=\"202\" srcset=\"https:\/\/semmelweis.hu\/kollegiumok\/files\/2025\/12\/RS225496_GV5A9242_scr-400x267.jpg 400w, https:\/\/semmelweis.hu\/kollegiumok\/files\/2025\/12\/RS225496_GV5A9242_scr-1024x683.jpg 1024w, https:\/\/semmelweis.hu\/kollegiumok\/files\/2025\/12\/RS225496_GV5A9242_scr-768x512.jpg 768w, https:\/\/semmelweis.hu\/kollegiumok\/files\/2025\/12\/RS225496_GV5A9242_scr-753x502.jpg 753w, https:\/\/semmelweis.hu\/kollegiumok\/files\/2025\/12\/RS225496_GV5A9242_scr-203x135.jpg 203w, https:\/\/semmelweis.hu\/kollegiumok\/files\/2025\/12\/RS225496_GV5A9242_scr.jpg 1200w\" sizes=\"auto, (max-width: 303px) 100vw, 303px\" \/>Semmelweis Ign\u00e1c Szakkoll\u00e9gium<\/strong><\/p>\n<p>(1085 Budapest, \u00dcll\u0151i \u00fat 22.)<\/p>\n<p><a class=\"btn\" href=\"https:\/\/semmelweis.hu\/siszk\">B\u0151vebben<\/a><\/p>\n","protected":false},"excerpt":{"rendered":"<p>\u00a0 Balassa J\u00e1nos Koll\u00e9gium (1083 Budapest, T\u00f6m\u0151 utca 35-37.) <a class=\"btn\" href=\"https:\/\/semmelweis.hu\/kollegiumok\/kollegiumok\/balassa-janos-kollegium\/\">B\u0151vebben<\/a> &nbsp; <a href=\"https:\/\/semmelweis.hu\/kollegiumok\/kollegiumok\/id-bokay-janos-kollegium\"><\/a> id. B\u00f3kay J\u00e1nos Koll\u00e9gium (1046 Budapest, Erkel Gyula utca 26.) <a class=\"btn\" href=\"https:\/\/semmelweis.hu\/kollegiumok\/kollegiumok\/id-bokay-janos-kollegium\">B\u0151vebben<\/a> <a href=\"https:\/\/semmelweis.hu\/kollegiumok\/kollegiumok\/katai-gabor-kollegium\/\"><\/a> K\u00e1tai G\u00e1bor Koll\u00e9gium (1139 Budapest, Hajd\u00fa utca 48. A. 1. ajt\u00f3) <a class=\"btn\" href=\"https:\/\/semmelweis.hu\/kollegiumok\/kollegiumok\/katai-gabor-kollegium\/\">B\u0151vebben<\/a> <a href=\"https:\/\/semmelweis.hu\/szakkollegium\/\"><\/a> Kor\u00e1nyi Frigyes Szakkoll\u00e9gium (1074 Budapest, H\u00e1rsfa utca 59\/b.) <a class=\"btn\" href=\"https:\/\/semmelweis.hu\/szakkollegium\/\">B\u0151vebben<\/a> Markusovszky Lajos Koll\u00e9gium (1089 Budapest, Szenes Iv\u00e1n t\u00e9r 7.) <a class=\"btn\" href=\"https:\/\/semmelweis.hu\/kollegiumok\/kollegiumok\/markusovszky-lajos-kollegium\/\">B\u0151vebben<\/a> &nbsp; Selye J\u00e1nos Doktorandusz Szakkoll\u00e9gium (1085 Budapest, &hellip;<\/p>\n","protected":false},"author":8,"featured_media":0,"parent":0,"menu_order":0,"comment_status":"open","ping_status":"open","template":"","meta":{"_acf_changed":false,"footnotes":""},"categories":[],"tags":[],"class_list":["post-10","page","type-page","status-publish","hentry"],"acf":[],"_links":{"self":[{"href":"https:\/\/semmelweis.hu\/kollegiumok\/wp-json\/wp\/v2\/pages\/10","targetHints":{"allow":["GET"]}}],"collection":[{"href":"https:\/\/semmelweis.hu\/kollegiumok\/wp-json\/wp\/v2\/pages"}],"about":[{"href":"https:\/\/semmelweis.hu\/kollegiumok\/wp-json\/wp\/v2\/types\/page"}],"author":[{"embeddable":true,"href":"https:\/\/semmelweis.hu\/kollegiumok\/wp-json\/wp\/v2\/users\/8"}],"replies":[{"embeddable":true,"href":"https:\/\/semmelweis.hu\/kollegiumok\/wp-json\/wp\/v2\/comments?post=10"}],"version-history":[{"count":13,"href":"https:\/\/semmelweis.hu\/kollegiumok\/wp-json\/wp\/v2\/pages\/10\/revisions"}],"predecessor-version":[{"id":3580,"href":"https:\/\/semmelweis.hu\/kollegiumok\/wp-json\/wp\/v2\/pages\/10\/revisions\/3580"}],"wp:attachment":[{"href":"https:\/\/semmelweis.hu\/kollegiumok\/wp-json\/wp\/v2\/media?parent=10"}],"wp:term":[{"taxonomy":"category","embeddable":true,"href":"https:\/\/semmelweis.hu\/kollegiumok\/wp-json\/wp\/v2\/categories?post=10"},{"taxonomy":"post_tag","embeddable":true,"href":"https:\/\/semmelweis.hu\/kollegiumok\/wp-json\/wp\/v2\/tags?post=10"}],"curies":[{"name":"wp","href":"https:\/\/api.w.org\/{rel}","templated":true}]}}