{"id":96,"date":"2023-06-08T19:01:31","date_gmt":"2023-06-08T17:01:31","guid":{"rendered":"https:\/\/semmelweis.hu\/kmmcs\/?page_id=96"},"modified":"2025-06-20T10:42:10","modified_gmt":"2025-06-20T08:42:10","slug":"kertesz-agnes-rozsa","status":"publish","type":"page","link":"https:\/\/semmelweis.hu\/kmmcs\/munkatarsaink\/kertesz-agnes-rozsa\/","title":{"rendered":"Kert\u00e9sz \u00c1gnes R\u00f3zsa"},"content":{"rendered":"<h4><img loading=\"lazy\" decoding=\"async\" class=\"alignright wp-image-813\" src=\"https:\/\/semmelweis.hu\/kmmcs\/files\/2025\/06\/Kertesz-Agnes-Rozsa.jpg\" alt=\"\" width=\"229\" height=\"232\" srcset=\"https:\/\/semmelweis.hu\/kmmcs\/files\/2025\/06\/Kertesz-Agnes-Rozsa.jpg 786w, https:\/\/semmelweis.hu\/kmmcs\/files\/2025\/06\/Kertesz-Agnes-Rozsa-395x400.jpg 395w, https:\/\/semmelweis.hu\/kmmcs\/files\/2025\/06\/Kertesz-Agnes-Rozsa-768x777.jpg 768w, https:\/\/semmelweis.hu\/kmmcs\/files\/2025\/06\/Kertesz-Agnes-Rozsa-753x762.jpg 753w\" sizes=\"auto, (max-width: 229px) 100vw, 229px\" \/><\/h4>\n<h4><strong>AMiben seg\u00edthetek:<\/strong><\/h4>\n<ul>\n<li>Levelez\u00e9s, telefonos kapcsolattart\u00e1s, adminisztr\u00e1ci\u00f3<\/li>\n<li>Id\u0151pont egyeztet\u00e9s:\n<ul>\n<li>egy\u00e9ni konzult\u00e1ci\u00f3ra<\/li>\n<li>coachingra<\/li>\n<li>medi\u00e1ci\u00f3ra<\/li>\n<\/ul>\n<\/li>\n<li>Kapcsolattart\u00e1s a Doktori Titk\u00e1rs\u00e1ggal, Doktori Iskola Gazdas\u00e1gi Hivatal\u00e1val, egy\u00e9b egyetemi szervezeti egys\u00e9gekkel<\/li>\n<li>Rendezv\u00e9nyszervez\u00e9s<\/li>\n<\/ul>\n<p><strong>E-mail:<\/strong> <a href=\"mailto:kertesz.agnes@semmelweis.hu\">kertesz.agnes@semmelweis.hu<\/a><\/p>\n","protected":false},"excerpt":{"rendered":"<p>AMiben seg\u00edthetek:<\/p>\n<p>Levelez\u00e9s, telefonos kapcsolattart\u00e1s, adminisztr\u00e1ci\u00f3<br \/>\nId\u0151pont egyeztet\u00e9s:<\/p>\n<p>egy\u00e9ni konzult\u00e1ci\u00f3ra<br \/>\ncoachingra<br \/>\nmedi\u00e1ci\u00f3ra<\/p>\n<p>Kapcsolattart\u00e1s a Doktori Titk\u00e1rs\u00e1ggal, Doktori Iskola Gazdas\u00e1gi Hivatal\u00e1val, egy\u00e9b egyetemi szervezeti egys\u00e9gekkel<br \/>\nRendezv\u00e9nyszervez\u00e9s<\/p>\n<p>E-mail: <a href=\"mailto:kertesz.agnes@semmelweis.hu\">kertesz.agnes@semmelweis.hu<\/a><\/p>\n","protected":false},"author":102197,"featured_media":127,"parent":152,"menu_order":4,"comment_status":"closed","ping_status":"closed","template":"template-szervezet.php","meta":{"_acf_changed":false,"footnotes":""},"categories":[3],"tags":[],"class_list":["post-96","page","type-page","status-publish","has-post-thumbnail","hentry","category-munkatarsaink"],"acf":[],"_links":{"self":[{"href":"https:\/\/semmelweis.hu\/kmmcs\/wp-json\/wp\/v2\/pages\/96","targetHints":{"allow":["GET"]}}],"collection":[{"href":"https:\/\/semmelweis.hu\/kmmcs\/wp-json\/wp\/v2\/pages"}],"about":[{"href":"https:\/\/semmelweis.hu\/kmmcs\/wp-json\/wp\/v2\/types\/page"}],"author":[{"embeddable":true,"href":"https:\/\/semmelweis.hu\/kmmcs\/wp-json\/wp\/v2\/users\/102197"}],"replies":[{"embeddable":true,"href":"https:\/\/semmelweis.hu\/kmmcs\/wp-json\/wp\/v2\/comments?post=96"}],"version-history":[{"count":10,"href":"https:\/\/semmelweis.hu\/kmmcs\/wp-json\/wp\/v2\/pages\/96\/revisions"}],"predecessor-version":[{"id":817,"href":"https:\/\/semmelweis.hu\/kmmcs\/wp-json\/wp\/v2\/pages\/96\/revisions\/817"}],"up":[{"embeddable":true,"href":"https:\/\/semmelweis.hu\/kmmcs\/wp-json\/wp\/v2\/pages\/152"}],"wp:featuredmedia":[{"embeddable":true,"href":"https:\/\/semmelweis.hu\/kmmcs\/wp-json\/wp\/v2\/media\/127"}],"wp:attachment":[{"href":"https:\/\/semmelweis.hu\/kmmcs\/wp-json\/wp\/v2\/media?parent=96"}],"wp:term":[{"taxonomy":"category","embeddable":true,"href":"https:\/\/semmelweis.hu\/kmmcs\/wp-json\/wp\/v2\/categories?post=96"},{"taxonomy":"post_tag","embeddable":true,"href":"https:\/\/semmelweis.hu\/kmmcs\/wp-json\/wp\/v2\/tags?post=96"}],"curies":[{"name":"wp","href":"https:\/\/api.w.org\/{rel}","templated":true}]}}