{"id":821,"date":"2024-06-10T11:05:39","date_gmt":"2024-06-10T09:05:39","guid":{"rendered":"https:\/\/semmelweis.hu\/kmmcs\/?page_id=821"},"modified":"2025-06-27T08:24:06","modified_gmt":"2025-06-27T06:24:06","slug":"mediacio","status":"publish","type":"page","link":"https:\/\/semmelweis.hu\/kmmcs\/szolgaltatasaink\/mediacio\/","title":{"rendered":"Medi\u00e1ci\u00f3s tan\u00e1csad\u00e1s"},"content":{"rendered":"<h4><img loading=\"lazy\" decoding=\"async\" class=\"wp-image-826  alignright\" src=\"https:\/\/semmelweis.hu\/kmmcs\/files\/2025\/06\/Mediacio-scaled.jpg\" alt=\"\" width=\"404\" height=\"269\" srcset=\"https:\/\/semmelweis.hu\/kmmcs\/files\/2025\/06\/Mediacio-scaled.jpg 2560w, https:\/\/semmelweis.hu\/kmmcs\/files\/2025\/06\/Mediacio-400x267.jpg 400w, https:\/\/semmelweis.hu\/kmmcs\/files\/2025\/06\/Mediacio-1024x683.jpg 1024w, https:\/\/semmelweis.hu\/kmmcs\/files\/2025\/06\/Mediacio-768x512.jpg 768w, https:\/\/semmelweis.hu\/kmmcs\/files\/2025\/06\/Mediacio-1536x1024.jpg 1536w, https:\/\/semmelweis.hu\/kmmcs\/files\/2025\/06\/Mediacio-2048x1365.jpg 2048w, https:\/\/semmelweis.hu\/kmmcs\/files\/2025\/06\/Mediacio-753x502.jpg 753w, https:\/\/semmelweis.hu\/kmmcs\/files\/2025\/06\/Mediacio-203x135.jpg 203w\" sizes=\"auto, (max-width: 404px) 100vw, 404px\" \/><\/h4>\n<p>Az egyetemi \u00e9let sor\u00e1n el\u0151fordul, hogy id\u0151nk\u00e9nt f\u00e9lre\u00e9rt\u00e9sek, kommunik\u00e1ci\u00f3s neh\u00e9zs\u00e9gek vagy \u00f6sszef\u00e9rhetetlennek t\u0171n\u0151 elv\u00e1r\u00e1sok alakulnak ki \u2013 ak\u00e1r hallgat\u00f3k \u00e9s t\u00e9mavezet\u0151k k\u00f6z\u00f6tt is. Ezek kezel\u00e9se sokszor \u00e9rz\u00e9keny, id\u0151ig\u00e9nyes feladat, amelyben j\u00f3l j\u00f6het egy p\u00e1rtatlan, t\u00e1mogat\u00f3 k\u00f6zeg.<\/p>\n<p>A <strong>medi\u00e1ci\u00f3s tan\u00e1csad\u00e1s<\/strong> egy alternat\u00edv vitarendez\u00e9si m\u00f3dszer, ahol a felek k\u00f6z\u00f6tti megegyez\u00e9st egy harmadik, f\u00fcggetlen \u00e9s semleges szem\u00e9ly (k\u00f6zvet\u00edt\u0151, b\u00e9k\u00e9ltet\u0151) t\u00e1mogatja egy k\u00f6lcs\u00f6n\u00f6s meghallgat\u00e1son \u00e9s meg\u00e9rt\u00e9sen alapul\u00f3 tal\u00e1lkoz\u00e1s megteremt\u00e9s\u00e9vel.<\/p>\n<p>Macher Petra medi\u00e1ci\u00f3s tan\u00e1csad\u00f3, munka-\u00e9s szervezetpszichol\u00f3gus. Egy amerikai egyetem ombuds irod\u00e1j\u00e1ban \u00e9s megyei b\u00edr\u00f3s\u00e1gokon szerzett medi\u00e1ci\u00f3s tapasztalataira \u00e9p\u00edtve a k\u00f6vetkez\u0151kben tud seg\u00edteni:<\/p>\n<ul>\n<li>egy\u00fcttm\u0171k\u00f6d\u00e9si neh\u00e9zs\u00e9gek felold\u00e1s\u00e1ban<\/li>\n<li>meghallgatni \u00e9s meghallani a m\u00e1sik felet<\/li>\n<li>konfliktushelyzetek meg\u00e9rt\u00e9s\u00e9ben<\/li>\n<li>k\u00f6z\u00f6s \u00e9s k\u00f6lcs\u00f6n\u00f6sen el\u0151ny\u00f6s megold\u00e1s l\u00e9trej\u00f6tt\u00e9ben<\/li>\n<\/ul>\n<p><strong>Tov\u00e1bbi inform\u00e1ci\u00f3, id\u0151pontfoglal\u00e1s:<\/strong><br \/>\nE-mail: <a href=\"mailto:machpes@gmail.com\">machpes@gmail.com<\/a><br \/>\nvagy Kert\u00e9sz \u00c1gnes, KMMCS titk\u00e1rs\u00e1gvezet\u0151<br \/>\ntel.: +36-30-016-4358 (munkaid\u0151ben)<br \/>\nE-mail: <a href=\"mailto:kertesz.agnes@semmelweis.hu\">kertesz.agnes@semmelweis.hu<\/a><\/p>\n<p>&nbsp;<\/p>\n","protected":false},"excerpt":{"rendered":"<p>Az egyetemi \u00e9let sor\u00e1n el\u0151fordul, hogy id\u0151nk\u00e9nt f\u00e9lre\u00e9rt\u00e9sek, kommunik\u00e1ci\u00f3s neh\u00e9zs\u00e9gek vagy \u00f6sszef\u00e9rhetetlennek t\u0171n\u0151 elv\u00e1r\u00e1sok alakulnak ki \u2013 ak\u00e1r hallgat\u00f3k \u00e9s t\u00e9mavezet\u0151k k\u00f6z\u00f6tt is. Ezek kezel\u00e9se sokszor \u00e9rz\u00e9keny, id\u0151ig\u00e9nyes feladat, amelyben j\u00f3l j\u00f6het egy p\u00e1rtatlan, t\u00e1mogat\u00f3 k\u00f6zeg. A medi\u00e1ci\u00f3s tan\u00e1csad\u00e1s egy alternat\u00edv vitarendez\u00e9si m\u00f3dszer, ahol a felek k\u00f6z\u00f6tti megegyez\u00e9st egy harmadik, f\u00fcggetlen \u00e9s semleges szem\u00e9ly (k\u00f6zvet\u00edt\u0151, &hellip;<\/p>\n","protected":false},"author":102199,"featured_media":826,"parent":161,"menu_order":0,"comment_status":"closed","ping_status":"closed","template":"template-fullwidth.php","meta":{"_acf_changed":false,"footnotes":""},"categories":[6],"tags":[],"class_list":["post-821","page","type-page","status-publish","has-post-thumbnail","hentry","category-szolgaltatasaink"],"acf":[],"_links":{"self":[{"href":"https:\/\/semmelweis.hu\/kmmcs\/wp-json\/wp\/v2\/pages\/821","targetHints":{"allow":["GET"]}}],"collection":[{"href":"https:\/\/semmelweis.hu\/kmmcs\/wp-json\/wp\/v2\/pages"}],"about":[{"href":"https:\/\/semmelweis.hu\/kmmcs\/wp-json\/wp\/v2\/types\/page"}],"author":[{"embeddable":true,"href":"https:\/\/semmelweis.hu\/kmmcs\/wp-json\/wp\/v2\/users\/102199"}],"replies":[{"embeddable":true,"href":"https:\/\/semmelweis.hu\/kmmcs\/wp-json\/wp\/v2\/comments?post=821"}],"version-history":[{"count":11,"href":"https:\/\/semmelweis.hu\/kmmcs\/wp-json\/wp\/v2\/pages\/821\/revisions"}],"predecessor-version":[{"id":851,"href":"https:\/\/semmelweis.hu\/kmmcs\/wp-json\/wp\/v2\/pages\/821\/revisions\/851"}],"up":[{"embeddable":true,"href":"https:\/\/semmelweis.hu\/kmmcs\/wp-json\/wp\/v2\/pages\/161"}],"wp:featuredmedia":[{"embeddable":true,"href":"https:\/\/semmelweis.hu\/kmmcs\/wp-json\/wp\/v2\/media\/826"}],"wp:attachment":[{"href":"https:\/\/semmelweis.hu\/kmmcs\/wp-json\/wp\/v2\/media?parent=821"}],"wp:term":[{"taxonomy":"category","embeddable":true,"href":"https:\/\/semmelweis.hu\/kmmcs\/wp-json\/wp\/v2\/categories?post=821"},{"taxonomy":"post_tag","embeddable":true,"href":"https:\/\/semmelweis.hu\/kmmcs\/wp-json\/wp\/v2\/tags?post=821"}],"curies":[{"name":"wp","href":"https:\/\/api.w.org\/{rel}","templated":true}]}}