{"id":807,"date":"2023-02-20T10:22:01","date_gmt":"2023-02-20T09:22:01","guid":{"rendered":"https:\/\/semmelweis.hu\/kmmcs\/?page_id=807"},"modified":"2025-06-24T12:56:59","modified_gmt":"2025-06-24T10:56:59","slug":"macher-petra","status":"publish","type":"page","link":"https:\/\/semmelweis.hu\/kmmcs\/munkatarsaink\/macher-petra\/","title":{"rendered":"Macher Petra"},"content":{"rendered":"<h4><img loading=\"lazy\" decoding=\"async\" class=\"wp-image-847  alignright\" src=\"https:\/\/semmelweis.hu\/kmmcs\/files\/2025\/06\/Macher-Petra-Sara-1.jpg\" alt=\"\" width=\"324\" height=\"330\" srcset=\"https:\/\/semmelweis.hu\/kmmcs\/files\/2025\/06\/Macher-Petra-Sara-1.jpg 1850w, https:\/\/semmelweis.hu\/kmmcs\/files\/2025\/06\/Macher-Petra-Sara-1-392x400.jpg 392w, https:\/\/semmelweis.hu\/kmmcs\/files\/2025\/06\/Macher-Petra-Sara-1-1004x1024.jpg 1004w, https:\/\/semmelweis.hu\/kmmcs\/files\/2025\/06\/Macher-Petra-Sara-1-768x783.jpg 768w, https:\/\/semmelweis.hu\/kmmcs\/files\/2025\/06\/Macher-Petra-Sara-1-1507x1536.jpg 1507w, https:\/\/semmelweis.hu\/kmmcs\/files\/2025\/06\/Macher-Petra-Sara-1-753x768.jpg 753w\" sizes=\"auto, (max-width: 324px) 100vw, 324px\" \/><\/h4>\n<p>Macher Petra vagyok, medi\u00e1tor, munka-\u00e9s szervezetpszichol\u00f3gus, amerikai egyetem ombuds irod\u00e1j\u00e1ban \u00e9s megyei b\u00edr\u00f3s\u00e1gokon szerzett medi\u00e1ci\u00f3s tapasztalatokkal.<\/p>\n<h4><strong>AMiben seg\u00edthetek:<\/strong><\/h4>\n<ul>\n<li>Egy\u00fcttm\u0171k\u00f6d\u00e9si neh\u00e9zs\u00e9gek felold\u00e1s\u00e1ban<\/li>\n<li>Meghallgatni \u00e9s meghallani a m\u00e1sik felet<\/li>\n<li>Konfliktushelyzetek meg\u00e9rt\u00e9s\u00e9ben<\/li>\n<li>K\u00f6z\u00f6s \u00e9s k\u00f6lcs\u00f6n\u00f6sen el\u0151ny\u00f6s megold\u00e1s l\u00e9trej\u00f6tt\u00e9ben<\/li>\n<\/ul>\n<p><strong>Tov\u00e1bbi inform\u00e1ci\u00f3, id\u0151pontfoglal\u00e1s:<\/strong><br \/>\nE-mail: <a href=\"mailto:machpes@gmail.com\">machpes@gmail.com<\/a><br \/>\nvagy Kert\u00e9sz \u00c1gnes, KMMCS titk\u00e1rs\u00e1gvezet\u0151<br \/>\ntel.: +36-30-016-4358 (munkaid\u0151ben)<br \/>\nE-mail: <a href=\"mailto:kertesz.agnes@semmelweis.hu\">kertesz.agnes@semmelweis.hu<\/a><\/p>\n<p>&nbsp;<\/p>\n","protected":false},"excerpt":{"rendered":"<p>Macher Petra vagyok, medi\u00e1tor, munka-\u00e9s szervezetpszichol\u00f3gus, amerikai egyetem ombuds irod\u00e1j\u00e1ban \u00e9s megyei b\u00edr\u00f3s\u00e1gokon szerzett medi\u00e1ci\u00f3s tapasztalatokkal.<br \/>\nAMiben seg\u00edthetek:<\/p>\n<p>Egy\u00fcttm\u0171k\u00f6d\u00e9si neh\u00e9zs\u00e9gek felold\u00e1s\u00e1ban<br \/>\nMeghallgatni \u00e9s meghallani a m\u00e1sik felet<br \/>\nKonfliktushelyzetek meg\u00e9rt\u00e9s\u00e9ben<br \/>\nK\u00f6z\u00f6s \u00e9s k\u00f6lcs\u00f6n\u00f6sen el\u0151ny\u00f6s megold\u00e1s l\u00e9trej\u00f6tt\u00e9ben<\/p>\n<p>Tov\u00e1bbi inform\u00e1ci\u00f3, id\u0151pontfoglal\u00e1s:<br \/>\nE-mail: <a href=\"mailto:machpes@gmail.com\">machpes@gmail.com<\/a><br \/>\nvagy Kert\u00e9sz \u00c1gnes, KMMCS titk\u00e1rs\u00e1gvezet\u0151<br \/>\ntel.: +36-30-016-4358 (munkaid\u0151ben)<br \/>\nE-mail: <a href=\"mailto:kertesz.agnes@semmelweis.hu\">kertesz.agnes@semmelweis.hu<\/a><br \/>\n&nbsp;<\/p>\n","protected":false},"author":102199,"featured_media":849,"parent":152,"menu_order":0,"comment_status":"closed","ping_status":"closed","template":"template-fullwidth.php","meta":{"_acf_changed":false,"footnotes":""},"categories":[3],"tags":[],"class_list":["post-807","page","type-page","status-publish","has-post-thumbnail","hentry","category-munkatarsaink"],"acf":[],"_links":{"self":[{"href":"https:\/\/semmelweis.hu\/kmmcs\/wp-json\/wp\/v2\/pages\/807","targetHints":{"allow":["GET"]}}],"collection":[{"href":"https:\/\/semmelweis.hu\/kmmcs\/wp-json\/wp\/v2\/pages"}],"about":[{"href":"https:\/\/semmelweis.hu\/kmmcs\/wp-json\/wp\/v2\/types\/page"}],"author":[{"embeddable":true,"href":"https:\/\/semmelweis.hu\/kmmcs\/wp-json\/wp\/v2\/users\/102199"}],"replies":[{"embeddable":true,"href":"https:\/\/semmelweis.hu\/kmmcs\/wp-json\/wp\/v2\/comments?post=807"}],"version-history":[{"count":6,"href":"https:\/\/semmelweis.hu\/kmmcs\/wp-json\/wp\/v2\/pages\/807\/revisions"}],"predecessor-version":[{"id":848,"href":"https:\/\/semmelweis.hu\/kmmcs\/wp-json\/wp\/v2\/pages\/807\/revisions\/848"}],"up":[{"embeddable":true,"href":"https:\/\/semmelweis.hu\/kmmcs\/wp-json\/wp\/v2\/pages\/152"}],"wp:featuredmedia":[{"embeddable":true,"href":"https:\/\/semmelweis.hu\/kmmcs\/wp-json\/wp\/v2\/media\/849"}],"wp:attachment":[{"href":"https:\/\/semmelweis.hu\/kmmcs\/wp-json\/wp\/v2\/media?parent=807"}],"wp:term":[{"taxonomy":"category","embeddable":true,"href":"https:\/\/semmelweis.hu\/kmmcs\/wp-json\/wp\/v2\/categories?post=807"},{"taxonomy":"post_tag","embeddable":true,"href":"https:\/\/semmelweis.hu\/kmmcs\/wp-json\/wp\/v2\/tags?post=807"}],"curies":[{"name":"wp","href":"https:\/\/api.w.org\/{rel}","templated":true}]}}