{"id":7,"date":"2023-03-13T16:26:32","date_gmt":"2023-03-13T15:26:32","guid":{"rendered":"https:\/\/semmelweis.hu\/kmmcs\/?page_id=7"},"modified":"2025-04-09T10:54:32","modified_gmt":"2025-04-09T08:54:32","slug":"rolunk","status":"publish","type":"page","link":"https:\/\/semmelweis.hu\/kmmcs\/rolunk\/","title":{"rendered":"R\u00f3lunk"},"content":{"rendered":"<p><img loading=\"lazy\" decoding=\"async\" class=\"alignright wp-image-169\" src=\"https:\/\/semmelweis.hu\/kmmcs\/files\/2023\/06\/Puzzle-400x400.jpg\" alt=\"\" width=\"200\" height=\"200\" srcset=\"https:\/\/semmelweis.hu\/kmmcs\/files\/2023\/06\/Puzzle-400x400.jpg 400w, https:\/\/semmelweis.hu\/kmmcs\/files\/2023\/06\/Puzzle-1024x1024.jpg 1024w, https:\/\/semmelweis.hu\/kmmcs\/files\/2023\/06\/Puzzle-150x150.jpg 150w, https:\/\/semmelweis.hu\/kmmcs\/files\/2023\/06\/Puzzle-768x768.jpg 768w, https:\/\/semmelweis.hu\/kmmcs\/files\/2023\/06\/Puzzle-753x753.jpg 753w, https:\/\/semmelweis.hu\/kmmcs\/files\/2023\/06\/Puzzle.jpg 1280w\" sizes=\"auto, (max-width: 200px) 100vw, 200px\" \/><\/p>\n<p>A Doktori Iskola Kutat\u00e1smenedzsment Munkacsoportja (KMMCs) 2021 j\u00falius\u00e1ban alakult a Semmelweis Egyetemen, h\u00e1rom f\u0151 c\u00e9llal:<\/p>\n<ol>\n<li>\n<p>Az egyik, hogy a fokozatszerz\u00e9s folyamata sor\u00e1n <strong>elakadt PhD hallgat\u00f3kat c\u00e9lba juttassuk<\/strong>, melyhez mind adminisztrat\u00edv, mind szakmai seg\u00edts\u00e9get biztos\u00edtunk (cikk\u00edr\u00e1s, disszert\u00e1ci\u00f3\u00edr\u00e1s, scientific editing, statisztika, pl\u00e1giumkeres\u00e9s) egy\u00e9ni konzult\u00e1ci\u00f3 keret\u00e9ben. A k\u00f6z\u00f6s munka sor\u00e1n az egy\u00e9ni k\u00e9pess\u00e9gek, a hallgat\u00f3k \u00e9lethelyzete \u00e9s szabadideje alapj\u00e1n hat\u00e1rozzuk meg a munkafolyamatokat, \u00e9s \u00e1ll\u00edtjuk fel az egy\u00e9ni munkatervet.<\/p>\n<\/li>\n<li>\n<p>A m\u00e1sik, hogy azokon seg\u00edts\u00fcnk, akikben m\u00e1r megfogalmaz\u00f3dott, hogy belev\u00e1gn\u00e1nak a PhD-fokozatszerz\u00e9sbe, de m\u00e9g nem tudj\u00e1k, hogyan kezdjenek hozz\u00e1: <a href=\"https:\/\/semmelweis.hu\/kmmcs\/szolgaltatasaink\/egyeni-konzultacio\/\"><strong>szem\u00e9lyes konzult\u00e1ci\u00f3<\/strong><\/a> keret\u00e9ben egy hozz\u00e1\u00e9rt\u0151vel megbesz\u00e9lhetik a bizonytalans\u00e1gaikat, b\u00e1tor\u00edt\u00e1st, kezd\u0151 lend\u00fcletet kapnak.<\/p>\n<p>K\u00fcl\u00f6nf\u00e9le szolg\u00e1ltat\u00e1sainkkal igyekezt\u00fcnk egy <strong>komplex rendszer<\/strong>t fel\u00e9p\u00edteni, amely nem csak t\u00fckr\u00f6zi az egyetemen el\u00e9rhet\u0151 tud\u00e1st, de minden felmer\u00fcl\u0151 probl\u00e9m\u00e1t kezelni tud (<a href=\"https:\/\/semmelweis.hu\/kmmcs\/szolgaltatasaink\/coaching\/\" target=\"_blank\" rel=\"noopener\">coaching<\/a>: \u00e9let\u00fat-vezet\u00e9ssel kapcsolatos tan\u00e1csad\u00e1s, projekt\/id\u0151menedzsment: szakmai, munkaszervez\u00e9si tan\u00e1csad\u00e1s).<\/p>\n<\/li>\n<li>\n<p>A harmadik c\u00e9l, hogy a kiv\u00e1l\u00f3 PhD hallgat\u00f3kb\u00f3l <strong>kiv\u00e1l\u00f3 t\u00e9mavezet\u0151ket k\u00e9pezz\u00fcnk<\/strong>, seg\u00edts\u00fck a PhD fokozatot szerzett kor\u00e1bbi hallgat\u00f3k t\u00e9mavezet\u0151i akkredit\u00e1ci\u00f3j\u00e1t, \u00edgy az \u00faj t\u00e9mavezet\u0151k k\u00e9pz\u00e9s\u00e9vel hozz\u00e1j\u00e1ruljunk a doktori k\u00e9pz\u00e9s min\u0151s\u00e9gbiztos\u00edt\u00e1s\u00e1hoz \u00e9s a t\u00e9mavezet\u0151i ut\u00e1np\u00f3tl\u00e1shoz. M\u00edg egy\u00e9ni konzult\u00e1ci\u00f3t csak egy-egy hallgat\u00f3val tudunk tartani, a t\u00e9mavezet\u0151k k\u00e9pz\u00e9s\u00e9vel rengeteg j\u00f6v\u0151beli PhD-dolgozat elk\u00e9sz\u00edt\u00e9s\u00e9hez j\u00e1rulhatunk hozz\u00e1. E c\u00e9l el\u00e9r\u00e9s\u00e9hez k\u00e9t egym\u00e1st k\u00f6vet\u0151 \u00e9vben megszervezt\u00fck az <a href=\"https:\/\/semmelweis.hu\/kmmcs\/sikereink\/temavezeto-kepzes\/\">alapszint\u0171 t\u00e9mavezet\u0151k\u00e9pz\u0151 kurzusunkat<\/a>.<\/p>\n<\/li>\n<\/ol>\n","protected":false},"excerpt":{"rendered":"<p>A Doktori Iskola Kutat\u00e1smenedzsment Munkacsoport (KMMCs) h\u00e1rom f\u0151 c\u00e9lja:<\/p>\n<ol>\n<li>Szem\u00e9lyes szak\u00e9rt\u0151i konzult\u00e1ci\u00f3val seg\u00edteni az elindul\u00e1st a PhD fokozat megszerz\u00e9se fel\u00e9. <\/li>\n<li>C\u00e9lba juttatni a fokozatszerz\u00e9s folyamata sor\u00e1n elakadt PhD hallgat\u00f3kat. <\/li>\n<li>Kiv\u00e1l\u00f3 t\u00e9mavezet\u0151ket k\u00e9pezni.<\/li>\n<\/ol>\n<p>C\u00e9ljaink el\u00e9r\u00e9se \u00e9rdek\u00e9ben k\u00fcl\u00f6nf\u00e9le szolg\u00e1ltat\u00e1sainkkal igyeksz\u00fcnk egy komplex rendszert fel\u00e9p\u00edteni.<\/p>\n","protected":false},"author":12,"featured_media":306,"parent":0,"menu_order":1,"comment_status":"closed","ping_status":"closed","template":"","meta":{"_acf_changed":false,"footnotes":""},"categories":[],"tags":[],"class_list":["post-7","page","type-page","status-publish","has-post-thumbnail","hentry"],"acf":[],"_links":{"self":[{"href":"https:\/\/semmelweis.hu\/kmmcs\/wp-json\/wp\/v2\/pages\/7","targetHints":{"allow":["GET"]}}],"collection":[{"href":"https:\/\/semmelweis.hu\/kmmcs\/wp-json\/wp\/v2\/pages"}],"about":[{"href":"https:\/\/semmelweis.hu\/kmmcs\/wp-json\/wp\/v2\/types\/page"}],"author":[{"embeddable":true,"href":"https:\/\/semmelweis.hu\/kmmcs\/wp-json\/wp\/v2\/users\/12"}],"replies":[{"embeddable":true,"href":"https:\/\/semmelweis.hu\/kmmcs\/wp-json\/wp\/v2\/comments?post=7"}],"version-history":[{"count":12,"href":"https:\/\/semmelweis.hu\/kmmcs\/wp-json\/wp\/v2\/pages\/7\/revisions"}],"predecessor-version":[{"id":726,"href":"https:\/\/semmelweis.hu\/kmmcs\/wp-json\/wp\/v2\/pages\/7\/revisions\/726"}],"wp:featuredmedia":[{"embeddable":true,"href":"https:\/\/semmelweis.hu\/kmmcs\/wp-json\/wp\/v2\/media\/306"}],"wp:attachment":[{"href":"https:\/\/semmelweis.hu\/kmmcs\/wp-json\/wp\/v2\/media?parent=7"}],"wp:term":[{"taxonomy":"category","embeddable":true,"href":"https:\/\/semmelweis.hu\/kmmcs\/wp-json\/wp\/v2\/categories?post=7"},{"taxonomy":"post_tag","embeddable":true,"href":"https:\/\/semmelweis.hu\/kmmcs\/wp-json\/wp\/v2\/tags?post=7"}],"curies":[{"name":"wp","href":"https:\/\/api.w.org\/{rel}","templated":true}]}}