{"id":691,"date":"2023-03-28T12:10:19","date_gmt":"2023-03-28T10:10:19","guid":{"rendered":"https:\/\/semmelweis.hu\/kmmcs\/?page_id=691"},"modified":"2025-05-28T10:02:03","modified_gmt":"2025-05-28T08:02:03","slug":"dr-bozo-tamas","status":"publish","type":"page","link":"https:\/\/semmelweis.hu\/kmmcs\/munkatarsaink\/dr-bozo-tamas\/","title":{"rendered":"Dr. Boz\u00f3 Tam\u00e1s PhD"},"content":{"rendered":"<h4><a href=\"https:\/\/semmelweis.hu\/kmmcs\/files\/2023\/06\/Bozo_Tamas.jpg\"><img loading=\"lazy\" decoding=\"async\" class=\"alignright wp-image-67 \" src=\"https:\/\/semmelweis.hu\/kmmcs\/files\/2023\/06\/Bozo_Tamas.jpg\" alt=\"\" width=\"323\" height=\"323\" \/><\/a><\/h4>\n<p>Bizalmas, <a href=\"https:\/\/semmelweis.hu\/kmmcs\/szolgaltatasaink\/coaching\/\">t\u00e1mogat\u00f3 egy\u00e9ni besz\u00e9lget\u00e9sek<\/a>\u00a0egy tapasztalt coach-csal, aki kutat\u00f3k\u00e9nt, oktat\u00f3k\u00e9nt, egykori PhD-hallgat\u00f3k\u00e9nt maga is j\u00f3l ismeri a k\u00fcl\u00f6nleges helyzetedet.\u00a0<\/p>\n<h4><strong>AMiben seg\u00edthetek:<\/strong><\/h4>\n<ul>\n<li>Szem\u00e9lyes \u00e9s szakmai fejl\u0151d\u00e9s egy\u00e9nre szabott t\u00e1mogat\u00e1sa<\/li>\n<li>Egyens\u00faly megtal\u00e1l\u00e1sa a tanul\u00e1s, kutat\u00e1s, munka \u00e9s mag\u00e1n\u00e9let k\u00f6z\u00f6tt<\/li>\n<li>Tudatosan megv\u00e1lasztott, motiv\u00e1l\u00f3 \u00e9s megval\u00f3s\u00edthat\u00f3 szem\u00e9lyes c\u00e9lok kit\u0171z\u00e9se<\/li>\n<li>Elakad\u00e1sok felold\u00e1sa a kutat\u00f3i munk\u00e1ban \u00e9s szem\u00e9lyes \u00e9letben<\/li>\n<li>\u00d6nreflexi\u00f3, \u00f6nismeret \u00e9s \u00f6nbizalom fejleszt\u00e9se &#8211; a legjobb form\u00e1d megtal\u00e1l\u00e1sa<\/li>\n<li>Hat\u00e9kony id\u0151gazd\u00e1lkod\u00e1s \u00e9s priorit\u00e1sok kezel\u00e9se<\/li>\n<li>Kommunik\u00e1ci\u00f3s k\u00e9szs\u00e9gek fejleszt\u00e9se (pl. t\u00e9mavezet\u0151kkel, koll\u00e9g\u00e1kkal val\u00f3 hat\u00e9kony kapcsolattart\u00e1s)<\/li>\n<li>Konfliktuskezel\u00e9s \u00e9s szerepkonfliktusok megold\u00e1sa<\/li>\n<li>Megk\u00fczd\u00e9si strat\u00e9gi\u00e1k \u00e9s reziliencia er\u0151s\u00edt\u00e9se stresszes, neh\u00e9z helyzetekben<\/li>\n<li>Karriertervez\u00e9s, p\u00e1lyaorient\u00e1ci\u00f3 t\u00e1mogat\u00e1sa<\/li>\n<li>\u00daj n\u00e9z\u0151pontok \u00e9s megold\u00e1sok felt\u00e1r\u00e1sa a kutat\u00f3i \u00e9let kih\u00edv\u00e1saiban<\/li>\n<\/ul>\n<p><strong>E-mail:<\/strong> <a href=\"mailto:bozo.tamas@semmelweis.hu\">bozo.tamas@semmelweis.hu<\/a><\/p>\n<p><strong>Id\u0151pontfoglal\u00e1s:<br \/>\n<\/strong>Kert\u00e9sz \u00c1gnes, KMMCS titk\u00e1rs\u00e1gvezet\u0151<br \/>\ntel.: +36-30-016-4358 (munkaid\u0151ben)<br \/>\nE-mail: <a href=\"mailto:kertesz.agnes@semmelweis.hu\">kertesz.agnes@semmelweis.hu<\/a><\/p>\n","protected":false},"excerpt":{"rendered":"<p><a href=\"https:\/\/semmelweis.hu\/kmmcs\/files\/2023\/06\/Bozo_Tamas.jpg\"><\/a> Bizalmas, <a href=\"https:\/\/semmelweis.hu\/kmmcs\/szolgaltatasaink\/coaching\/\">t\u00e1mogat\u00f3 egy\u00e9ni besz\u00e9lget\u00e9sek<\/a> \u00a0egy tapasztalt coach-csal, aki kutat\u00f3k\u00e9nt, oktat\u00f3k\u00e9nt, egykori PhD-hallgat\u00f3k\u00e9nt maga is j\u00f3l ismeri a k\u00fcl\u00f6nleges helyzetedet.\u00a0 AMiben seg\u00edthetek: Szem\u00e9lyes \u00e9s szakmai fejl\u0151d\u00e9s egy\u00e9nre szabott t\u00e1mogat\u00e1sa Egyens\u00faly megtal\u00e1l\u00e1sa a tanul\u00e1s, kutat\u00e1s, munka \u00e9s mag\u00e1n\u00e9let k\u00f6z\u00f6tt Tudatosan megv\u00e1lasztott, motiv\u00e1l\u00f3 \u00e9s megval\u00f3s\u00edthat\u00f3 szem\u00e9lyes c\u00e9lok kit\u0171z\u00e9se Elakad\u00e1sok felold\u00e1sa a kutat\u00f3i munk\u00e1ban \u00e9s szem\u00e9lyes \u00e9letben \u00d6nreflexi\u00f3, \u00f6nismeret \u00e9s \u00f6nbizalom fejleszt\u00e9se &hellip;<\/p>\n","protected":false},"author":102199,"featured_media":701,"parent":152,"menu_order":8,"comment_status":"closed","ping_status":"closed","template":"template-szervezet.php","meta":{"_acf_changed":false,"footnotes":""},"categories":[3],"tags":[],"class_list":["post-691","page","type-page","status-publish","has-post-thumbnail","hentry","category-munkatarsaink"],"acf":[],"_links":{"self":[{"href":"https:\/\/semmelweis.hu\/kmmcs\/wp-json\/wp\/v2\/pages\/691","targetHints":{"allow":["GET"]}}],"collection":[{"href":"https:\/\/semmelweis.hu\/kmmcs\/wp-json\/wp\/v2\/pages"}],"about":[{"href":"https:\/\/semmelweis.hu\/kmmcs\/wp-json\/wp\/v2\/types\/page"}],"author":[{"embeddable":true,"href":"https:\/\/semmelweis.hu\/kmmcs\/wp-json\/wp\/v2\/users\/102199"}],"replies":[{"embeddable":true,"href":"https:\/\/semmelweis.hu\/kmmcs\/wp-json\/wp\/v2\/comments?post=691"}],"version-history":[{"count":10,"href":"https:\/\/semmelweis.hu\/kmmcs\/wp-json\/wp\/v2\/pages\/691\/revisions"}],"predecessor-version":[{"id":789,"href":"https:\/\/semmelweis.hu\/kmmcs\/wp-json\/wp\/v2\/pages\/691\/revisions\/789"}],"up":[{"embeddable":true,"href":"https:\/\/semmelweis.hu\/kmmcs\/wp-json\/wp\/v2\/pages\/152"}],"wp:featuredmedia":[{"embeddable":true,"href":"https:\/\/semmelweis.hu\/kmmcs\/wp-json\/wp\/v2\/media\/701"}],"wp:attachment":[{"href":"https:\/\/semmelweis.hu\/kmmcs\/wp-json\/wp\/v2\/media?parent=691"}],"wp:term":[{"taxonomy":"category","embeddable":true,"href":"https:\/\/semmelweis.hu\/kmmcs\/wp-json\/wp\/v2\/categories?post=691"},{"taxonomy":"post_tag","embeddable":true,"href":"https:\/\/semmelweis.hu\/kmmcs\/wp-json\/wp\/v2\/tags?post=691"}],"curies":[{"name":"wp","href":"https:\/\/api.w.org\/{rel}","templated":true}]}}