{"id":540,"date":"2023-04-01T18:15:36","date_gmt":"2023-04-01T16:15:36","guid":{"rendered":"https:\/\/semmelweis.hu\/kmmcs\/?page_id=540"},"modified":"2025-05-28T10:04:32","modified_gmt":"2025-05-28T08:04:32","slug":"kondorosi-peter","status":"publish","type":"page","link":"https:\/\/semmelweis.hu\/kmmcs\/munkatarsaink\/kondorosi-peter\/","title":{"rendered":"Kondorosi P\u00e9ter"},"content":{"rendered":"<h4><img loading=\"lazy\" decoding=\"async\" class=\"alignright wp-image-541\" src=\"https:\/\/semmelweis.hu\/kmmcs\/files\/2023\/10\/Foto_Kondorosi-Peter-382x400.jpg\" alt=\"\" width=\"240\" height=\"251\" srcset=\"https:\/\/semmelweis.hu\/kmmcs\/files\/2023\/10\/Foto_Kondorosi-Peter-382x400.jpg 382w, https:\/\/semmelweis.hu\/kmmcs\/files\/2023\/10\/Foto_Kondorosi-Peter-979x1024.jpg 979w, https:\/\/semmelweis.hu\/kmmcs\/files\/2023\/10\/Foto_Kondorosi-Peter-768x804.jpg 768w, https:\/\/semmelweis.hu\/kmmcs\/files\/2023\/10\/Foto_Kondorosi-Peter-1468x1536.jpg 1468w, https:\/\/semmelweis.hu\/kmmcs\/files\/2023\/10\/Foto_Kondorosi-Peter-1957x2048.jpg 1957w, https:\/\/semmelweis.hu\/kmmcs\/files\/2023\/10\/Foto_Kondorosi-Peter-753x788.jpg 753w\" sizes=\"auto, (max-width: 240px) 100vw, 240px\" \/><strong>AMIBEN SEG\u00cdTHETEK:<\/strong><\/h4>\n<ul>\n<li class=\"wp-image-541 alignright\">\u00a0<\/li>\n<li>Kapcsolattart\u00e1s PhD-hallgat\u00f3kkal<\/li>\n<li>Egy\u00e9b adminisztrat\u00edv feladatok<\/li>\n<li>Halaszt\u00e1s okainak felder\u00edt\u00e9se k\u00e9rd\u0151\u00edvek seg\u00edts\u00e9g\u00e9vel<\/li>\n<\/ul>\n<p><strong>E-mail:<\/strong> <a href=\"mailto:kondorosi.peter@semmelweis.hu\">kondorosi.peter@semmelweis.hu<\/a><\/p>\n","protected":false},"excerpt":{"rendered":"<p>AMIBEN SEG\u00cdTHETEK:<\/p>\n<p>\u00a0<br \/>\nKapcsolattart\u00e1s PhD-hallgat\u00f3kkal<br \/>\nEgy\u00e9b adminisztrat\u00edv feladatok<br \/>\nHalaszt\u00e1s okainak felder\u00edt\u00e9se k\u00e9rd\u0151\u00edvek seg\u00edts\u00e9g\u00e9vel<\/p>\n<p>E-mail: <a href=\"mailto:kondorosi.peter@semmelweis.hu\">kondorosi.peter@semmelweis.hu<\/a><\/p>\n","protected":false},"author":102197,"featured_media":543,"parent":152,"menu_order":7,"comment_status":"closed","ping_status":"closed","template":"template-szervezet.php","meta":{"_acf_changed":false,"footnotes":""},"categories":[3],"tags":[],"class_list":["post-540","page","type-page","status-publish","has-post-thumbnail","hentry","category-munkatarsaink"],"acf":[],"_links":{"self":[{"href":"https:\/\/semmelweis.hu\/kmmcs\/wp-json\/wp\/v2\/pages\/540","targetHints":{"allow":["GET"]}}],"collection":[{"href":"https:\/\/semmelweis.hu\/kmmcs\/wp-json\/wp\/v2\/pages"}],"about":[{"href":"https:\/\/semmelweis.hu\/kmmcs\/wp-json\/wp\/v2\/types\/page"}],"author":[{"embeddable":true,"href":"https:\/\/semmelweis.hu\/kmmcs\/wp-json\/wp\/v2\/users\/102197"}],"replies":[{"embeddable":true,"href":"https:\/\/semmelweis.hu\/kmmcs\/wp-json\/wp\/v2\/comments?post=540"}],"version-history":[{"count":7,"href":"https:\/\/semmelweis.hu\/kmmcs\/wp-json\/wp\/v2\/pages\/540\/revisions"}],"predecessor-version":[{"id":796,"href":"https:\/\/semmelweis.hu\/kmmcs\/wp-json\/wp\/v2\/pages\/540\/revisions\/796"}],"up":[{"embeddable":true,"href":"https:\/\/semmelweis.hu\/kmmcs\/wp-json\/wp\/v2\/pages\/152"}],"wp:featuredmedia":[{"embeddable":true,"href":"https:\/\/semmelweis.hu\/kmmcs\/wp-json\/wp\/v2\/media\/543"}],"wp:attachment":[{"href":"https:\/\/semmelweis.hu\/kmmcs\/wp-json\/wp\/v2\/media?parent=540"}],"wp:term":[{"taxonomy":"category","embeddable":true,"href":"https:\/\/semmelweis.hu\/kmmcs\/wp-json\/wp\/v2\/categories?post=540"},{"taxonomy":"post_tag","embeddable":true,"href":"https:\/\/semmelweis.hu\/kmmcs\/wp-json\/wp\/v2\/tags?post=540"}],"curies":[{"name":"wp","href":"https:\/\/api.w.org\/{rel}","templated":true}]}}