{"id":489,"date":"2023-08-20T10:13:03","date_gmt":"2023-08-20T08:13:03","guid":{"rendered":"https:\/\/semmelweis.hu\/kmmcs\/?page_id=489"},"modified":"2024-12-05T08:27:55","modified_gmt":"2024-12-05T07:27:55","slug":"prof-dr-szabolcs-varbiro-merit-award-2023","status":"publish","type":"page","link":"https:\/\/semmelweis.hu\/kmmcs\/en\/achievements\/prof-dr-szabolcs-varbiro-merit-award-2023\/","title":{"rendered":"Prof. Dr.  Szabolcs V\u00e1rb\u00edr\u00f3: Merit Award, 2023"},"content":{"rendered":"<p id=\"tw-target-text\" class=\"tw-data-text tw-text-large tw-ta\" dir=\"ltr\" data-placeholder=\"Ford\u00edt\u00e1s\"><span class=\"Y2IQFc\" lang=\"en\">The head of our workgroup, Prof. Dr. Szabolcs V\u00e1rb\u00edr\u00f3, was awarded the Faculty Excellence Merit Award in 2023 based on the recommendation of the Scientific Committee.<\/span><\/p>\n<p dir=\"ltr\" data-placeholder=\"Ford\u00edt\u00e1s\"><img loading=\"lazy\" decoding=\"async\" class=\"wp-image-268 size-full aligncenter\" src=\"https:\/\/semmelweis.hu\/kmmcs\/files\/2023\/06\/VSZ-Merit.jpg\" alt=\"\" width=\"794\" height=\"1122\" srcset=\"https:\/\/semmelweis.hu\/kmmcs\/files\/2023\/06\/VSZ-Merit.jpg 794w, https:\/\/semmelweis.hu\/kmmcs\/files\/2023\/06\/VSZ-Merit-283x400.jpg 283w, https:\/\/semmelweis.hu\/kmmcs\/files\/2023\/06\/VSZ-Merit-725x1024.jpg 725w, https:\/\/semmelweis.hu\/kmmcs\/files\/2023\/06\/VSZ-Merit-768x1085.jpg 768w, https:\/\/semmelweis.hu\/kmmcs\/files\/2023\/06\/VSZ-Merit-753x1064.jpg 753w\" sizes=\"auto, (max-width: 794px) 100vw, 794px\" \/><\/p>\n","protected":false},"excerpt":{"rendered":"<p>The head of our workgroup, Prof. Dr. Szabolcs V\u00e1rb\u00edr\u00f3, was awarded the Faculty Excellence Merit Award in 2023 based on the recommendation of the Scientific Committee.<\/p>\n","protected":false},"author":102197,"featured_media":0,"parent":483,"menu_order":3,"comment_status":"closed","ping_status":"closed","template":"template-fullwidth.php","meta":{"_acf_changed":false,"footnotes":""},"categories":[26],"tags":[],"class_list":["post-489","page","type-page","status-publish","hentry","category-news"],"acf":[],"_links":{"self":[{"href":"https:\/\/semmelweis.hu\/kmmcs\/wp-json\/wp\/v2\/pages\/489","targetHints":{"allow":["GET"]}}],"collection":[{"href":"https:\/\/semmelweis.hu\/kmmcs\/wp-json\/wp\/v2\/pages"}],"about":[{"href":"https:\/\/semmelweis.hu\/kmmcs\/wp-json\/wp\/v2\/types\/page"}],"author":[{"embeddable":true,"href":"https:\/\/semmelweis.hu\/kmmcs\/wp-json\/wp\/v2\/users\/102197"}],"replies":[{"embeddable":true,"href":"https:\/\/semmelweis.hu\/kmmcs\/wp-json\/wp\/v2\/comments?post=489"}],"version-history":[{"count":2,"href":"https:\/\/semmelweis.hu\/kmmcs\/wp-json\/wp\/v2\/pages\/489\/revisions"}],"predecessor-version":[{"id":656,"href":"https:\/\/semmelweis.hu\/kmmcs\/wp-json\/wp\/v2\/pages\/489\/revisions\/656"}],"up":[{"embeddable":true,"href":"https:\/\/semmelweis.hu\/kmmcs\/wp-json\/wp\/v2\/pages\/483"}],"wp:attachment":[{"href":"https:\/\/semmelweis.hu\/kmmcs\/wp-json\/wp\/v2\/media?parent=489"}],"wp:term":[{"taxonomy":"category","embeddable":true,"href":"https:\/\/semmelweis.hu\/kmmcs\/wp-json\/wp\/v2\/categories?post=489"},{"taxonomy":"post_tag","embeddable":true,"href":"https:\/\/semmelweis.hu\/kmmcs\/wp-json\/wp\/v2\/tags?post=489"}],"curies":[{"name":"wp","href":"https:\/\/api.w.org\/{rel}","templated":true}]}}