{"id":479,"date":"2023-07-28T18:36:56","date_gmt":"2023-07-28T16:36:56","guid":{"rendered":"https:\/\/semmelweis.hu\/kmmcs\/?page_id=479"},"modified":"2023-07-28T18:39:29","modified_gmt":"2023-07-28T16:39:29","slug":"contacts","status":"publish","type":"page","link":"https:\/\/semmelweis.hu\/kmmcs\/en\/contacts\/","title":{"rendered":"Contacts"},"content":{"rendered":"<div class=\"wrap container\" role=\"document\">\n<div class=\"content row\"><main class=\"main col-12 col-md-8 pt-0 pb-4 px-0\"><\/p>\n<div class=\"row mx-0\">\n<article class=\"entry-content col-12 px-normal\">\n<h1>Doctoral school &#8211; workgroup for science management<\/h1>\n<p><strong>Address:<\/strong> H-1085 Budapest, \u00dcll\u0151i street 22. (Selye J\u00e1nos College, 1st floor)<br \/>\n<strong>Postal address: <\/strong>1085 Budapest, \u00dcll\u0151i \u00fat 26.; 1428 Budapest, Pf. 2.<br \/>\n<strong>E-mail:<\/strong>\u00a0<a href=\"mailto:titkarsag.kmmcs@semmelweis.hu\">titkarsag.kmmcs@semmelweis.hu<\/a><br \/>\n<strong>Phone:<\/strong>\u00a0(+36-1) 459-1500 \/ 54887<\/p>\n<p><strong>Head of the office:<\/strong> \u00c1gnes Kert\u00e9sz\u00a0<br \/>\n<strong>Phone:<\/strong>\u00a0+36-30-016-4358<br \/>\n<strong>E-mail:<\/strong>\u00a0<a href=\"mailto:kertesz.agnes@semmelweis.hu\">kertesz.agnes@semmelweis.hu<\/a><\/p>\n<p><iframe loading=\"lazy\" src=\"https:\/\/www.google.com\/maps\/embed?pb=!1m18!1m12!1m3!1d2696.0987601859706!2d19.0655596!3d47.4879894!2m3!1f0!2f0!3f0!3m2!1i1024!2i768!4f13.1!3m3!1m2!1s0x4741dc5a2724b66f%3A0xd0954d9282b7f0c9!2zQnVkYXBlc3QsIMOcbGzFkWkgw7p0IDIyLCAxMDg1!5e0!3m2!1shu!2shu!4v1687768277577!5m2!1shu!2shu\" width=\"100%\" height=\"450\"><\/iframe><\/p>\n<section><\/section>\n<\/article>\n<\/div>\n<p><\/main><\/div>\n<\/div>\n<footer class=\"mt-4 mb-2 pattern-white\">\n<div class=\"container footer-widgets pb-4\">\u00a0<\/div>\n<\/footer>\n","protected":false},"excerpt":{"rendered":"<p>Doctoral school &#8211; workgroup for science management<br \/>\nAddress: H-1085 Budapest, \u00dcll\u0151i street 22. (Selye J\u00e1nos College, 1st floor)<br \/>\nPostal address: 1085 Budapest, \u00dcll\u0151i \u00fat 26.; 1428 Budapest, Pf. 2.<br \/>\nE-mail:\u00a0<a href=\"mailto:titkarsag.kmmcs@semmelweis.hu\">titkarsag.kmmcs@semmelweis.hu<\/a><br \/>\nPhone:\u00a0(+36-1) 459-1500 \/ 54887<br \/>\nHead of the office: \u00c1gnes Kert\u00e9sz\u00a0<br \/>\nPhone:\u00a0+36-30-016-4358<br \/>\nE-mail:\u00a0<a href=\"mailto:kertesz.agnes@semmelweis.hu\">kertesz.agnes@semmelweis.hu<\/a><\/p>\n<p>\u00a0<\/p>\n","protected":false},"author":102197,"featured_media":0,"parent":0,"menu_order":8,"comment_status":"closed","ping_status":"closed","template":"","meta":{"_acf_changed":false,"footnotes":""},"categories":[],"tags":[],"class_list":["post-479","page","type-page","status-publish","hentry"],"acf":[],"_links":{"self":[{"href":"https:\/\/semmelweis.hu\/kmmcs\/wp-json\/wp\/v2\/pages\/479","targetHints":{"allow":["GET"]}}],"collection":[{"href":"https:\/\/semmelweis.hu\/kmmcs\/wp-json\/wp\/v2\/pages"}],"about":[{"href":"https:\/\/semmelweis.hu\/kmmcs\/wp-json\/wp\/v2\/types\/page"}],"author":[{"embeddable":true,"href":"https:\/\/semmelweis.hu\/kmmcs\/wp-json\/wp\/v2\/users\/102197"}],"replies":[{"embeddable":true,"href":"https:\/\/semmelweis.hu\/kmmcs\/wp-json\/wp\/v2\/comments?post=479"}],"version-history":[{"count":1,"href":"https:\/\/semmelweis.hu\/kmmcs\/wp-json\/wp\/v2\/pages\/479\/revisions"}],"predecessor-version":[{"id":480,"href":"https:\/\/semmelweis.hu\/kmmcs\/wp-json\/wp\/v2\/pages\/479\/revisions\/480"}],"wp:attachment":[{"href":"https:\/\/semmelweis.hu\/kmmcs\/wp-json\/wp\/v2\/media?parent=479"}],"wp:term":[{"taxonomy":"category","embeddable":true,"href":"https:\/\/semmelweis.hu\/kmmcs\/wp-json\/wp\/v2\/categories?post=479"},{"taxonomy":"post_tag","embeddable":true,"href":"https:\/\/semmelweis.hu\/kmmcs\/wp-json\/wp\/v2\/tags?post=479"}],"curies":[{"name":"wp","href":"https:\/\/api.w.org\/{rel}","templated":true}]}}